{"id":8798,"date":"2021-04-20T11:35:33","date_gmt":"2021-04-20T09:35:33","guid":{"rendered":"https:\/\/tuchundstoff.de\/?post_type=product&#038;p=8798"},"modified":"2026-04-02T20:06:32","modified_gmt":"2026-04-02T18:06:32","slug":"tuch-330g-lfm-terracotta-rot-2","status":"publish","type":"product","link":"https:\/\/tuchundstoff.shop\/fr\/produkt\/tuch-330g-lfm-terracotta-rot-2\/","title":{"rendered":"Tuch 330g\/lfm Terracotta Rot"},"content":{"rendered":"<p>Leichtes Tuch, 100% Merinowolle, 330g\/lfm, Breite 150cm<br \/>\nAtmungsaktiv, Winddicht, schmutz- und Wasserabweisend<\/p>\n<p>Toll f\u00fcr Kleider, da weich fallend und nicht zu warm im Sommer<br \/>\nWarmes Unterkleid f\u00fcr den Winter<br \/>\nIdeal f\u00fcr Hosen, Tunika, D\u00fcnne Jacken<\/p>\n","protected":false},"excerpt":{"rendered":"<p>Preisvorteil ab 5 Laufmeter!<\/p>\n<p>LeichtesTuch, 100% Merinowolle, 330g\/lfm, Breite 150cm Terracotta Rot<\/p>\n","protected":false},"featured_media":8955,"comment_status":"open","ping_status":"closed","template":"","meta":{"ngg_post_thumbnail":0},"product_brand":[],"product_cat":[344,166,370],"product_tag":[219,436,447,220,437,542,222,438,567,224,439,440,441,442,443,367,444,445,207,446],"class_list":{"0":"post-8798","1":"product","2":"type-product","3":"status-publish","4":"has-post-thumbnail","6":"product_cat-tuch-loden","7":"product_cat-wolle","8":"product_cat-leicht","9":"product_tag-hose","10":"product_tag-cotehardie","11":"product_tag-thorsberg-hose","12":"product_tag-kleid","13":"product_tag-bliaut","14":"product_tag-um1504","15":"product_tag-tunika","16":"product_tag-surcot","17":"product_tag-leinwandbindung","18":"product_tag-loden","19":"product_tag-leichte-tunika","20":"product_tag-traegerkleid","21":"product_tag-rus-hose","22":"product_tag-peplos","23":"product_tag-hoellenfenster","24":"product_tag-jacke","25":"product_tag-houppelande","26":"product_tag-herjolfsnes","27":"product_tag-wolle","28":"product_tag-vilborg","29":"pa_gewicht-330g-lfm-220g-m","30":"resize-featured-image","31":"sales-flash-overlay","32":"woocommerce-text-align-center","33":"woocommerce-image-align-center","34":"do-quantity-buttons","35":"wc-has-gallery","37":"first","38":"instock","39":"taxable","40":"shipping-taxable","41":"purchasable","42":"product-type-simple"},"yoast_head":"<!-- This site is optimized with the Yoast SEO plugin v27.2 - https:\/\/yoast.com\/product\/yoast-seo-wordpress\/ -->\n<title>Tuch 330g\/lfm Terracotta Rot - TuchundStoff<\/title>\n<meta name=\"description\" content=\"Tuch 330g\/lfm Terracotta Rot - Preisvorteil ab 5 Laufmeter!  LeichtesTuch, 100% Merinowolle, 330g\/lfm, Breite 150cm Terracotta Rot\" \/>\n<meta name=\"robots\" content=\"index, follow, max-snippet:-1, max-image-preview:large, max-video-preview:-1\" \/>\n<link rel=\"canonical\" href=\"https:\/\/tuchundstoff.shop\/produkt\/tuch-330g-lfm-terracotta-rot-2\/\" \/>\n<meta property=\"og:locale\" content=\"fr_FR\" \/>\n<meta property=\"og:type\" content=\"article\" \/>\n<meta property=\"og:title\" content=\"Tuch 330g\/lfm Terracotta Rot - TuchundStoff\" \/>\n<meta property=\"og:description\" content=\"Tuch 330g\/lfm Terracotta Rot - Preisvorteil ab 5 Laufmeter!  LeichtesTuch, 100% Merinowolle, 330g\/lfm, Breite 150cm Terracotta Rot\" \/>\n<meta property=\"og:url\" content=\"https:\/\/tuchundstoff.shop\/produkt\/tuch-330g-lfm-terracotta-rot-2\/\" \/>\n<meta property=\"og:site_name\" content=\"TuchundStoff\" \/>\n<meta property=\"article:modified_time\" content=\"2026-04-02T18:06:32+00:00\" \/>\n<meta property=\"og:image\" content=\"https:\/\/tuchundstoff.shop\/wp-content\/uploads\/2021\/05\/DSC_1641_4156-064.jpg\" \/>\n\t<meta property=\"og:image:width\" content=\"1200\" \/>\n\t<meta property=\"og:image:height\" content=\"1200\" \/>\n\t<meta property=\"og:image:type\" content=\"image\/jpeg\" \/>\n<script type=\"application\/ld+json\" class=\"yoast-schema-graph\">{\"@context\":\"https:\/\/schema.org\",\"@graph\":[{\"@type\":\"WebPage\",\"@id\":\"https:\/\/tuchundstoff.shop\/produkt\/tuch-330g-lfm-terracotta-rot-2\/\",\"url\":\"https:\/\/tuchundstoff.shop\/produkt\/tuch-330g-lfm-terracotta-rot-2\/\",\"name\":\"Tuch 330g\/lfm Terracotta Rot - TuchundStoff\",\"isPartOf\":{\"@id\":\"https:\/\/tuchundstoff.shop\/#website\"},\"primaryImageOfPage\":{\"@id\":\"https:\/\/tuchundstoff.shop\/produkt\/tuch-330g-lfm-terracotta-rot-2\/#primaryimage\"},\"image\":{\"@id\":\"https:\/\/tuchundstoff.shop\/produkt\/tuch-330g-lfm-terracotta-rot-2\/#primaryimage\"},\"thumbnailUrl\":\"https:\/\/tuchundstoff.shop\/wp-content\/uploads\/2021\/05\/DSC_1641_4156-064.jpg\",\"datePublished\":\"2021-04-20T09:35:33+00:00\",\"dateModified\":\"2026-04-02T18:06:32+00:00\",\"description\":\"Tuch 330g\/lfm Terracotta Rot - Preisvorteil ab 5 Laufmeter! LeichtesTuch, 100% Merinowolle, 330g\/lfm, Breite 150cm Terracotta Rot\",\"breadcrumb\":{\"@id\":\"https:\/\/tuchundstoff.shop\/produkt\/tuch-330g-lfm-terracotta-rot-2\/#breadcrumb\"},\"inLanguage\":\"fr-FR\",\"potentialAction\":[{\"@type\":\"ReadAction\",\"target\":[\"https:\/\/tuchundstoff.shop\/produkt\/tuch-330g-lfm-terracotta-rot-2\/\"]}]},{\"@type\":\"ImageObject\",\"inLanguage\":\"fr-FR\",\"@id\":\"https:\/\/tuchundstoff.shop\/produkt\/tuch-330g-lfm-terracotta-rot-2\/#primaryimage\",\"url\":\"https:\/\/tuchundstoff.shop\/wp-content\/uploads\/2021\/05\/DSC_1641_4156-064.jpg\",\"contentUrl\":\"https:\/\/tuchundstoff.shop\/wp-content\/uploads\/2021\/05\/DSC_1641_4156-064.jpg\",\"width\":1200,\"height\":1200},{\"@type\":\"BreadcrumbList\",\"@id\":\"https:\/\/tuchundstoff.shop\/produkt\/tuch-330g-lfm-terracotta-rot-2\/#breadcrumb\",\"itemListElement\":[{\"@type\":\"ListItem\",\"position\":1,\"name\":\"Startseite\",\"item\":\"https:\/\/tuchundstoff.shop\/fr\/des-tissus-de-qualite-pour-une-mode-contemporaine-et-une-histoire-vecue-100-naturel\/\"},{\"@type\":\"ListItem\",\"position\":2,\"name\":\"Boutique\",\"item\":\"https:\/\/tuchundstoff.shop\/fr\/boutique\/\"},{\"@type\":\"ListItem\",\"position\":3,\"name\":\"Tuch 330g\/lfm Terracotta Rot\"}]},{\"@type\":\"WebSite\",\"@id\":\"https:\/\/tuchundstoff.shop\/#website\",\"url\":\"https:\/\/tuchundstoff.shop\/\",\"name\":\"TuchundStoff\",\"description\":\"Qualit\u00e4tsstoffe f\u00fcr zeitgen\u00f6ssische Mode und gelebte Geschichte \u2013 100% Natur\",\"publisher\":{\"@id\":\"https:\/\/tuchundstoff.shop\/#organization\"},\"potentialAction\":[{\"@type\":\"SearchAction\",\"target\":{\"@type\":\"EntryPoint\",\"urlTemplate\":\"https:\/\/tuchundstoff.shop\/?s={search_term_string}\"},\"query-input\":{\"@type\":\"PropertyValueSpecification\",\"valueRequired\":true,\"valueName\":\"search_term_string\"}}],\"inLanguage\":\"fr-FR\"},{\"@type\":\"Organization\",\"@id\":\"https:\/\/tuchundstoff.shop\/#organization\",\"name\":\"TuchundStoff\",\"url\":\"https:\/\/tuchundstoff.shop\/\",\"logo\":{\"@type\":\"ImageObject\",\"inLanguage\":\"fr-FR\",\"@id\":\"https:\/\/tuchundstoff.shop\/#\/schema\/logo\/image\/\",\"url\":\"https:\/\/tuchundstoff.shop\/wp-content\/uploads\/2021\/11\/Tus-Logo22-QfA-shop-V2-1.png\",\"contentUrl\":\"https:\/\/tuchundstoff.shop\/wp-content\/uploads\/2021\/11\/Tus-Logo22-QfA-shop-V2-1.png\",\"width\":485,\"height\":110,\"caption\":\"TuchundStoff\"},\"image\":{\"@id\":\"https:\/\/tuchundstoff.shop\/#\/schema\/logo\/image\/\"}}]}<\/script>\n<!-- \/ Yoast SEO plugin. -->","yoast_head_json":{"title":"Tuch 330g\/lfm Terracotta Rot - TuchundStoff","description":"Tuch 330g\/lfm Terracotta Rot - Preisvorteil ab 5 Laufmeter!  LeichtesTuch, 100% Merinowolle, 330g\/lfm, Breite 150cm Terracotta Rot","robots":{"index":"index","follow":"follow","max-snippet":"max-snippet:-1","max-image-preview":"max-image-preview:large","max-video-preview":"max-video-preview:-1"},"canonical":"https:\/\/tuchundstoff.shop\/produkt\/tuch-330g-lfm-terracotta-rot-2\/","og_locale":"fr_FR","og_type":"article","og_title":"Tuch 330g\/lfm Terracotta Rot - TuchundStoff","og_description":"Tuch 330g\/lfm Terracotta Rot - Preisvorteil ab 5 Laufmeter!  LeichtesTuch, 100% Merinowolle, 330g\/lfm, Breite 150cm Terracotta Rot","og_url":"https:\/\/tuchundstoff.shop\/produkt\/tuch-330g-lfm-terracotta-rot-2\/","og_site_name":"TuchundStoff","article_modified_time":"2026-04-02T18:06:32+00:00","og_image":[{"width":1200,"height":1200,"url":"https:\/\/tuchundstoff.shop\/wp-content\/uploads\/2021\/05\/DSC_1641_4156-064.jpg","type":"image\/jpeg"}],"schema":{"@context":"https:\/\/schema.org","@graph":[{"@type":"WebPage","@id":"https:\/\/tuchundstoff.shop\/produkt\/tuch-330g-lfm-terracotta-rot-2\/","url":"https:\/\/tuchundstoff.shop\/produkt\/tuch-330g-lfm-terracotta-rot-2\/","name":"Tuch 330g\/lfm Terracotta Rot - TuchundStoff","isPartOf":{"@id":"https:\/\/tuchundstoff.shop\/#website"},"primaryImageOfPage":{"@id":"https:\/\/tuchundstoff.shop\/produkt\/tuch-330g-lfm-terracotta-rot-2\/#primaryimage"},"image":{"@id":"https:\/\/tuchundstoff.shop\/produkt\/tuch-330g-lfm-terracotta-rot-2\/#primaryimage"},"thumbnailUrl":"https:\/\/tuchundstoff.shop\/wp-content\/uploads\/2021\/05\/DSC_1641_4156-064.jpg","datePublished":"2021-04-20T09:35:33+00:00","dateModified":"2026-04-02T18:06:32+00:00","description":"Tuch 330g\/lfm Terracotta Rot - Preisvorteil ab 5 Laufmeter! LeichtesTuch, 100% Merinowolle, 330g\/lfm, Breite 150cm Terracotta Rot","breadcrumb":{"@id":"https:\/\/tuchundstoff.shop\/produkt\/tuch-330g-lfm-terracotta-rot-2\/#breadcrumb"},"inLanguage":"fr-FR","potentialAction":[{"@type":"ReadAction","target":["https:\/\/tuchundstoff.shop\/produkt\/tuch-330g-lfm-terracotta-rot-2\/"]}]},{"@type":"ImageObject","inLanguage":"fr-FR","@id":"https:\/\/tuchundstoff.shop\/produkt\/tuch-330g-lfm-terracotta-rot-2\/#primaryimage","url":"https:\/\/tuchundstoff.shop\/wp-content\/uploads\/2021\/05\/DSC_1641_4156-064.jpg","contentUrl":"https:\/\/tuchundstoff.shop\/wp-content\/uploads\/2021\/05\/DSC_1641_4156-064.jpg","width":1200,"height":1200},{"@type":"BreadcrumbList","@id":"https:\/\/tuchundstoff.shop\/produkt\/tuch-330g-lfm-terracotta-rot-2\/#breadcrumb","itemListElement":[{"@type":"ListItem","position":1,"name":"Startseite","item":"https:\/\/tuchundstoff.shop\/fr\/des-tissus-de-qualite-pour-une-mode-contemporaine-et-une-histoire-vecue-100-naturel\/"},{"@type":"ListItem","position":2,"name":"Boutique","item":"https:\/\/tuchundstoff.shop\/fr\/boutique\/"},{"@type":"ListItem","position":3,"name":"Tuch 330g\/lfm Terracotta Rot"}]},{"@type":"WebSite","@id":"https:\/\/tuchundstoff.shop\/#website","url":"https:\/\/tuchundstoff.shop\/","name":"TuchundStoff","description":"Qualit\u00e4tsstoffe f\u00fcr zeitgen\u00f6ssische Mode und gelebte Geschichte \u2013 100% Natur","publisher":{"@id":"https:\/\/tuchundstoff.shop\/#organization"},"potentialAction":[{"@type":"SearchAction","target":{"@type":"EntryPoint","urlTemplate":"https:\/\/tuchundstoff.shop\/?s={search_term_string}"},"query-input":{"@type":"PropertyValueSpecification","valueRequired":true,"valueName":"search_term_string"}}],"inLanguage":"fr-FR"},{"@type":"Organization","@id":"https:\/\/tuchundstoff.shop\/#organization","name":"TuchundStoff","url":"https:\/\/tuchundstoff.shop\/","logo":{"@type":"ImageObject","inLanguage":"fr-FR","@id":"https:\/\/tuchundstoff.shop\/#\/schema\/logo\/image\/","url":"https:\/\/tuchundstoff.shop\/wp-content\/uploads\/2021\/11\/Tus-Logo22-QfA-shop-V2-1.png","contentUrl":"https:\/\/tuchundstoff.shop\/wp-content\/uploads\/2021\/11\/Tus-Logo22-QfA-shop-V2-1.png","width":485,"height":110,"caption":"TuchundStoff"},"image":{"@id":"https:\/\/tuchundstoff.shop\/#\/schema\/logo\/image\/"}}]}},"_links":{"self":[{"href":"https:\/\/tuchundstoff.shop\/fr\/wp-json\/wp\/v2\/product\/8798","targetHints":{"allow":["GET"]}}],"collection":[{"href":"https:\/\/tuchundstoff.shop\/fr\/wp-json\/wp\/v2\/product"}],"about":[{"href":"https:\/\/tuchundstoff.shop\/fr\/wp-json\/wp\/v2\/types\/product"}],"replies":[{"embeddable":true,"href":"https:\/\/tuchundstoff.shop\/fr\/wp-json\/wp\/v2\/comments?post=8798"}],"wp:featuredmedia":[{"embeddable":true,"href":"https:\/\/tuchundstoff.shop\/fr\/wp-json\/wp\/v2\/media\/8955"}],"wp:attachment":[{"href":"https:\/\/tuchundstoff.shop\/fr\/wp-json\/wp\/v2\/media?parent=8798"}],"wp:term":[{"taxonomy":"product_brand","embeddable":true,"href":"https:\/\/tuchundstoff.shop\/fr\/wp-json\/wp\/v2\/product_brand?post=8798"},{"taxonomy":"product_cat","embeddable":true,"href":"https:\/\/tuchundstoff.shop\/fr\/wp-json\/wp\/v2\/product_cat?post=8798"},{"taxonomy":"product_tag","embeddable":true,"href":"https:\/\/tuchundstoff.shop\/fr\/wp-json\/wp\/v2\/product_tag?post=8798"}],"curies":[{"name":"wp","href":"https:\/\/api.w.org\/{rel}","templated":true}]}}