{"id":8426,"date":"2020-03-30T18:20:32","date_gmt":"2020-03-30T16:20:32","guid":{"rendered":"https:\/\/tuchundstoff.de\/produkt\/laine-soie-bleu-pacifique-260g-rm\/"},"modified":"2021-02-28T15:34:13","modified_gmt":"2021-02-28T14:34:13","slug":"toile-lien-laine-soie-pacifique-bleu-260g-rm","status":"publish","type":"product","link":"https:\/\/tuchundstoff.shop\/fr\/produkt\/toile-lien-laine-soie-pacifique-bleu-260g-rm\/","title":{"rendered":"Laine\/soie bleu pacifique 260g\/rm"},"content":{"rendered":"<p>sous-v\u00eatement en laine\/soie \u00e0 armure toile, surv\u00eatement l\u00e9ger, tunique<\/p>\n","protected":false},"excerpt":{"rendered":"<p>60% laine \/ 40% soie l\u00e9g\u00e8rement drap\u00e9e, rafra\u00eechissant en \u00e9t\u00e9, r\u00e9chauffant en hiver<\/p>\n","protected":false},"featured_media":7592,"comment_status":"open","ping_status":"closed","template":"","meta":{"ngg_post_thumbnail":0},"product_brand":[],"product_cat":[1574],"product_tag":[847,1112,1114,1115,1256],"class_list":{"0":"post-8426","1":"product","2":"type-product","3":"status-publish","4":"has-post-thumbnail","6":"product_cat-melanges-de-fibres","7":"product_tag-underdress-fr","8":"product_tag-pantalons","9":"product_tag-tunique-legere","10":"product_tag-robe-a-bretelles","11":"product_tag-laine-soie","12":"pa_gewicht-260-g-lfm-173-g-m-fr","13":"resize-featured-image","14":"sales-flash-overlay","15":"woocommerce-text-align-center","16":"woocommerce-image-align-center","17":"do-quantity-buttons","19":"first","20":"outofstock","21":"taxable","22":"shipping-taxable","23":"purchasable","24":"product-type-simple"},"yoast_head":"<!-- This site is optimized with the Yoast SEO plugin v27.2 - https:\/\/yoast.com\/product\/yoast-seo-wordpress\/ -->\n<title>Laine\/soie bleu pacifique 260g\/rm - TuchundStoff<\/title>\n<meta name=\"description\" content=\"Laine\/soie bleu pacifique 260g\/rm - 60% laine \/ 40% soie l\u00e9g\u00e8rement drap\u00e9e, rafra\u00eechissant en \u00e9t\u00e9, r\u00e9chauffant en hiver\" \/>\n<meta name=\"robots\" content=\"index, follow, max-snippet:-1, max-image-preview:large, max-video-preview:-1\" \/>\n<link rel=\"canonical\" href=\"https:\/\/tuchundstoff.shop\/produkt\/wollmix-pazifikblau-260g-lfm\/\" \/>\n<meta property=\"og:locale\" content=\"fr_FR\" \/>\n<meta property=\"og:type\" content=\"article\" \/>\n<meta property=\"og:title\" content=\"Laine\/soie bleu pacifique 260g\/rm - TuchundStoff\" \/>\n<meta property=\"og:description\" content=\"Laine\/soie bleu pacifique 260g\/rm - 60% laine \/ 40% soie l\u00e9g\u00e8rement drap\u00e9e, rafra\u00eechissant en \u00e9t\u00e9, r\u00e9chauffant en hiver\" \/>\n<meta property=\"og:url\" content=\"https:\/\/tuchundstoff.shop\/produkt\/wollmix-pazifikblau-260g-lfm\/\" \/>\n<meta property=\"og:site_name\" content=\"TuchundStoff\" \/>\n<meta property=\"article:modified_time\" content=\"2021-02-28T14:34:13+00:00\" \/>\n<meta property=\"og:image\" content=\"https:\/\/tuchundstoff.shop\/wp-content\/uploads\/2020\/03\/DSC_0338_5043-02198.jpg\" \/>\n\t<meta property=\"og:image:width\" content=\"1200\" \/>\n\t<meta property=\"og:image:height\" content=\"1200\" \/>\n\t<meta property=\"og:image:type\" content=\"image\/jpeg\" \/>\n<script type=\"application\/ld+json\" class=\"yoast-schema-graph\">{\"@context\":\"https:\/\/schema.org\",\"@graph\":[{\"@type\":\"WebPage\",\"@id\":\"https:\/\/tuchundstoff.shop\/produkt\/wollmix-pazifikblau-260g-lfm\/\",\"url\":\"https:\/\/tuchundstoff.shop\/produkt\/wollmix-pazifikblau-260g-lfm\/\",\"name\":\"Laine\/soie bleu pacifique 260g\/rm - TuchundStoff\",\"isPartOf\":{\"@id\":\"https:\/\/tuchundstoff.shop\/#website\"},\"primaryImageOfPage\":{\"@id\":\"https:\/\/tuchundstoff.shop\/produkt\/wollmix-pazifikblau-260g-lfm\/#primaryimage\"},\"image\":{\"@id\":\"https:\/\/tuchundstoff.shop\/produkt\/wollmix-pazifikblau-260g-lfm\/#primaryimage\"},\"thumbnailUrl\":\"https:\/\/tuchundstoff.shop\/wp-content\/uploads\/2020\/03\/DSC_0338_5043-02198.jpg\",\"datePublished\":\"2020-03-30T16:20:32+00:00\",\"dateModified\":\"2021-02-28T14:34:13+00:00\",\"description\":\"Laine\/soie bleu pacifique 260g\/rm - 60% laine \/ 40% soie l\u00e9g\u00e8rement drap\u00e9e, rafra\u00eechissant en \u00e9t\u00e9, r\u00e9chauffant en hiver\",\"breadcrumb\":{\"@id\":\"https:\/\/tuchundstoff.shop\/produkt\/wollmix-pazifikblau-260g-lfm\/#breadcrumb\"},\"inLanguage\":\"fr-FR\",\"potentialAction\":[{\"@type\":\"ReadAction\",\"target\":[\"https:\/\/tuchundstoff.shop\/produkt\/wollmix-pazifikblau-260g-lfm\/\"]}]},{\"@type\":\"ImageObject\",\"inLanguage\":\"fr-FR\",\"@id\":\"https:\/\/tuchundstoff.shop\/produkt\/wollmix-pazifikblau-260g-lfm\/#primaryimage\",\"url\":\"https:\/\/tuchundstoff.shop\/wp-content\/uploads\/2020\/03\/DSC_0338_5043-02198.jpg\",\"contentUrl\":\"https:\/\/tuchundstoff.shop\/wp-content\/uploads\/2020\/03\/DSC_0338_5043-02198.jpg\",\"width\":1200,\"height\":1200},{\"@type\":\"BreadcrumbList\",\"@id\":\"https:\/\/tuchundstoff.shop\/produkt\/wollmix-pazifikblau-260g-lfm\/#breadcrumb\",\"itemListElement\":[{\"@type\":\"ListItem\",\"position\":1,\"name\":\"Startseite\",\"item\":\"https:\/\/tuchundstoff.shop\/fr\/des-tissus-de-qualite-pour-une-mode-contemporaine-et-une-histoire-vecue-100-naturel\/\"},{\"@type\":\"ListItem\",\"position\":2,\"name\":\"Boutique\",\"item\":\"https:\/\/tuchundstoff.shop\/fr\/boutique\/\"},{\"@type\":\"ListItem\",\"position\":3,\"name\":\"Laine\/soie bleu pacifique 260g\/rm\"}]},{\"@type\":\"WebSite\",\"@id\":\"https:\/\/tuchundstoff.shop\/#website\",\"url\":\"https:\/\/tuchundstoff.shop\/\",\"name\":\"TuchundStoff\",\"description\":\"Qualit\u00e4tsstoffe f\u00fcr zeitgen\u00f6ssische Mode und gelebte Geschichte \u2013 100% Natur\",\"publisher\":{\"@id\":\"https:\/\/tuchundstoff.shop\/#organization\"},\"potentialAction\":[{\"@type\":\"SearchAction\",\"target\":{\"@type\":\"EntryPoint\",\"urlTemplate\":\"https:\/\/tuchundstoff.shop\/?s={search_term_string}\"},\"query-input\":{\"@type\":\"PropertyValueSpecification\",\"valueRequired\":true,\"valueName\":\"search_term_string\"}}],\"inLanguage\":\"fr-FR\"},{\"@type\":\"Organization\",\"@id\":\"https:\/\/tuchundstoff.shop\/#organization\",\"name\":\"TuchundStoff\",\"url\":\"https:\/\/tuchundstoff.shop\/\",\"logo\":{\"@type\":\"ImageObject\",\"inLanguage\":\"fr-FR\",\"@id\":\"https:\/\/tuchundstoff.shop\/#\/schema\/logo\/image\/\",\"url\":\"https:\/\/tuchundstoff.shop\/wp-content\/uploads\/2021\/11\/Tus-Logo22-QfA-shop-V2-1.png\",\"contentUrl\":\"https:\/\/tuchundstoff.shop\/wp-content\/uploads\/2021\/11\/Tus-Logo22-QfA-shop-V2-1.png\",\"width\":485,\"height\":110,\"caption\":\"TuchundStoff\"},\"image\":{\"@id\":\"https:\/\/tuchundstoff.shop\/#\/schema\/logo\/image\/\"}}]}<\/script>\n<!-- \/ Yoast SEO plugin. -->","yoast_head_json":{"title":"Laine\/soie bleu pacifique 260g\/rm - TuchundStoff","description":"Laine\/soie bleu pacifique 260g\/rm - 60% laine \/ 40% soie l\u00e9g\u00e8rement drap\u00e9e, rafra\u00eechissant en \u00e9t\u00e9, r\u00e9chauffant en hiver","robots":{"index":"index","follow":"follow","max-snippet":"max-snippet:-1","max-image-preview":"max-image-preview:large","max-video-preview":"max-video-preview:-1"},"canonical":"https:\/\/tuchundstoff.shop\/produkt\/wollmix-pazifikblau-260g-lfm\/","og_locale":"fr_FR","og_type":"article","og_title":"Laine\/soie bleu pacifique 260g\/rm - TuchundStoff","og_description":"Laine\/soie bleu pacifique 260g\/rm - 60% laine \/ 40% soie l\u00e9g\u00e8rement drap\u00e9e, rafra\u00eechissant en \u00e9t\u00e9, r\u00e9chauffant en hiver","og_url":"https:\/\/tuchundstoff.shop\/produkt\/wollmix-pazifikblau-260g-lfm\/","og_site_name":"TuchundStoff","article_modified_time":"2021-02-28T14:34:13+00:00","og_image":[{"width":1200,"height":1200,"url":"https:\/\/tuchundstoff.shop\/wp-content\/uploads\/2020\/03\/DSC_0338_5043-02198.jpg","type":"image\/jpeg"}],"schema":{"@context":"https:\/\/schema.org","@graph":[{"@type":"WebPage","@id":"https:\/\/tuchundstoff.shop\/produkt\/wollmix-pazifikblau-260g-lfm\/","url":"https:\/\/tuchundstoff.shop\/produkt\/wollmix-pazifikblau-260g-lfm\/","name":"Laine\/soie bleu pacifique 260g\/rm - TuchundStoff","isPartOf":{"@id":"https:\/\/tuchundstoff.shop\/#website"},"primaryImageOfPage":{"@id":"https:\/\/tuchundstoff.shop\/produkt\/wollmix-pazifikblau-260g-lfm\/#primaryimage"},"image":{"@id":"https:\/\/tuchundstoff.shop\/produkt\/wollmix-pazifikblau-260g-lfm\/#primaryimage"},"thumbnailUrl":"https:\/\/tuchundstoff.shop\/wp-content\/uploads\/2020\/03\/DSC_0338_5043-02198.jpg","datePublished":"2020-03-30T16:20:32+00:00","dateModified":"2021-02-28T14:34:13+00:00","description":"Laine\/soie bleu pacifique 260g\/rm - 60% laine \/ 40% soie l\u00e9g\u00e8rement drap\u00e9e, rafra\u00eechissant en \u00e9t\u00e9, r\u00e9chauffant en hiver","breadcrumb":{"@id":"https:\/\/tuchundstoff.shop\/produkt\/wollmix-pazifikblau-260g-lfm\/#breadcrumb"},"inLanguage":"fr-FR","potentialAction":[{"@type":"ReadAction","target":["https:\/\/tuchundstoff.shop\/produkt\/wollmix-pazifikblau-260g-lfm\/"]}]},{"@type":"ImageObject","inLanguage":"fr-FR","@id":"https:\/\/tuchundstoff.shop\/produkt\/wollmix-pazifikblau-260g-lfm\/#primaryimage","url":"https:\/\/tuchundstoff.shop\/wp-content\/uploads\/2020\/03\/DSC_0338_5043-02198.jpg","contentUrl":"https:\/\/tuchundstoff.shop\/wp-content\/uploads\/2020\/03\/DSC_0338_5043-02198.jpg","width":1200,"height":1200},{"@type":"BreadcrumbList","@id":"https:\/\/tuchundstoff.shop\/produkt\/wollmix-pazifikblau-260g-lfm\/#breadcrumb","itemListElement":[{"@type":"ListItem","position":1,"name":"Startseite","item":"https:\/\/tuchundstoff.shop\/fr\/des-tissus-de-qualite-pour-une-mode-contemporaine-et-une-histoire-vecue-100-naturel\/"},{"@type":"ListItem","position":2,"name":"Boutique","item":"https:\/\/tuchundstoff.shop\/fr\/boutique\/"},{"@type":"ListItem","position":3,"name":"Laine\/soie bleu pacifique 260g\/rm"}]},{"@type":"WebSite","@id":"https:\/\/tuchundstoff.shop\/#website","url":"https:\/\/tuchundstoff.shop\/","name":"TuchundStoff","description":"Qualit\u00e4tsstoffe f\u00fcr zeitgen\u00f6ssische Mode und gelebte Geschichte \u2013 100% Natur","publisher":{"@id":"https:\/\/tuchundstoff.shop\/#organization"},"potentialAction":[{"@type":"SearchAction","target":{"@type":"EntryPoint","urlTemplate":"https:\/\/tuchundstoff.shop\/?s={search_term_string}"},"query-input":{"@type":"PropertyValueSpecification","valueRequired":true,"valueName":"search_term_string"}}],"inLanguage":"fr-FR"},{"@type":"Organization","@id":"https:\/\/tuchundstoff.shop\/#organization","name":"TuchundStoff","url":"https:\/\/tuchundstoff.shop\/","logo":{"@type":"ImageObject","inLanguage":"fr-FR","@id":"https:\/\/tuchundstoff.shop\/#\/schema\/logo\/image\/","url":"https:\/\/tuchundstoff.shop\/wp-content\/uploads\/2021\/11\/Tus-Logo22-QfA-shop-V2-1.png","contentUrl":"https:\/\/tuchundstoff.shop\/wp-content\/uploads\/2021\/11\/Tus-Logo22-QfA-shop-V2-1.png","width":485,"height":110,"caption":"TuchundStoff"},"image":{"@id":"https:\/\/tuchundstoff.shop\/#\/schema\/logo\/image\/"}}]}},"_links":{"self":[{"href":"https:\/\/tuchundstoff.shop\/fr\/wp-json\/wp\/v2\/product\/8426","targetHints":{"allow":["GET"]}}],"collection":[{"href":"https:\/\/tuchundstoff.shop\/fr\/wp-json\/wp\/v2\/product"}],"about":[{"href":"https:\/\/tuchundstoff.shop\/fr\/wp-json\/wp\/v2\/types\/product"}],"replies":[{"embeddable":true,"href":"https:\/\/tuchundstoff.shop\/fr\/wp-json\/wp\/v2\/comments?post=8426"}],"wp:featuredmedia":[{"embeddable":true,"href":"https:\/\/tuchundstoff.shop\/fr\/wp-json\/wp\/v2\/media\/7592"}],"wp:attachment":[{"href":"https:\/\/tuchundstoff.shop\/fr\/wp-json\/wp\/v2\/media?parent=8426"}],"wp:term":[{"taxonomy":"product_brand","embeddable":true,"href":"https:\/\/tuchundstoff.shop\/fr\/wp-json\/wp\/v2\/product_brand?post=8426"},{"taxonomy":"product_cat","embeddable":true,"href":"https:\/\/tuchundstoff.shop\/fr\/wp-json\/wp\/v2\/product_cat?post=8426"},{"taxonomy":"product_tag","embeddable":true,"href":"https:\/\/tuchundstoff.shop\/fr\/wp-json\/wp\/v2\/product_tag?post=8426"}],"curies":[{"name":"wp","href":"https:\/\/api.w.org\/{rel}","templated":true}]}}