{"id":8421,"date":"2020-04-04T18:36:55","date_gmt":"2020-04-04T16:36:55","guid":{"rendered":"https:\/\/tuchundstoff.de\/produkt\/laine-laine-de-soie-chevrons-blancs-260g-rm\/"},"modified":"2026-04-12T02:12:33","modified_gmt":"2026-04-12T00:12:33","slug":"arete-de-poisson-laine-de-soie-blanc-260g-rm","status":"publish","type":"product","link":"https:\/\/tuchundstoff.shop\/fr\/produkt\/arete-de-poisson-laine-de-soie-blanc-260g-rm\/","title":{"rendered":"M\u00e9lange de laine avec soie, blanc cass\u00e9, ar\u00eate de poisson 260g\/m"},"content":{"rendered":"<p>M\u00e9lange de laine avec soie, tissage en ar\u00eate de poisson, pour la robe nuisette, par-robe l\u00e9g\u00e8re, tunique, tissu de doublure<\/p>\n","protected":false},"excerpt":{"rendered":"<p>Prix avantageux \u00e0 partir de 5 m\u00e8tres lin\u00e9aires !<\/p>\n<p>Tr\u00e8s agr\u00e9able et facile \u00e0 tomber, agr\u00e9able pour la peau, rafra\u00eechissant en \u00e9t\u00e9, r\u00e9chauffant en hiver<\/p>\n","protected":false},"featured_media":7609,"comment_status":"open","ping_status":"closed","template":"","meta":{"_seopress_robots_primary_cat":"0","_seopress_titles_title":"","_seopress_titles_desc":"","_seopress_robots_index":"","ngg_post_thumbnail":0},"product_brand":[],"product_cat":[699,708,1574,715],"product_tag":[1256,847,1112,1114,1115],"class_list":{"0":"post-8421","1":"product","2":"type-product","3":"status-publish","4":"has-post-thumbnail","6":"product_cat-laine","7":"product_cat-herringbon-lacet","8":"product_cat-melanges-de-fibres","9":"product_cat-nature-blanc","10":"product_tag-laine-soie","11":"product_tag-underdress-fr","12":"product_tag-pantalons","13":"product_tag-tunique-legere","14":"product_tag-robe-a-bretelles","15":"pa_gewicht-260-g-lfm-173-g-m-fr","16":"resize-featured-image","17":"sales-flash-overlay","18":"woocommerce-text-align-center","19":"woocommerce-image-align-center","20":"do-quantity-buttons","22":"first","23":"instock","24":"taxable","25":"shipping-taxable","26":"purchasable","27":"product-type-simple"},"_links":{"self":[{"href":"https:\/\/tuchundstoff.shop\/fr\/wp-json\/wp\/v2\/product\/8421","targetHints":{"allow":["GET"]}}],"collection":[{"href":"https:\/\/tuchundstoff.shop\/fr\/wp-json\/wp\/v2\/product"}],"about":[{"href":"https:\/\/tuchundstoff.shop\/fr\/wp-json\/wp\/v2\/types\/product"}],"replies":[{"embeddable":true,"href":"https:\/\/tuchundstoff.shop\/fr\/wp-json\/wp\/v2\/comments?post=8421"}],"wp:featuredmedia":[{"embeddable":true,"href":"https:\/\/tuchundstoff.shop\/fr\/wp-json\/wp\/v2\/media\/7609"}],"wp:attachment":[{"href":"https:\/\/tuchundstoff.shop\/fr\/wp-json\/wp\/v2\/media?parent=8421"}],"wp:term":[{"taxonomy":"product_brand","embeddable":true,"href":"https:\/\/tuchundstoff.shop\/fr\/wp-json\/wp\/v2\/product_brand?post=8421"},{"taxonomy":"product_cat","embeddable":true,"href":"https:\/\/tuchundstoff.shop\/fr\/wp-json\/wp\/v2\/product_cat?post=8421"},{"taxonomy":"product_tag","embeddable":true,"href":"https:\/\/tuchundstoff.shop\/fr\/wp-json\/wp\/v2\/product_tag?post=8421"}],"curies":[{"name":"wp","href":"https:\/\/api.w.org\/{rel}","templated":true}]}}