{"id":8385,"date":"2020-03-29T13:28:14","date_gmt":"2020-03-29T11:28:14","guid":{"rendered":"https:\/\/tuchundstoff.de\/produkt\/tissu-loden-580g-rm-troll-vert-tachete\/"},"modified":"2026-04-12T02:07:44","modified_gmt":"2026-04-12T00:07:44","slug":"tissu-loden-580g-rm-vert-en-bouteille","status":"publish","type":"product","link":"https:\/\/tuchundstoff.shop\/fr\/produkt\/tissu-loden-580g-rm-vert-en-bouteille\/","title":{"rendered":"Tissu loden 580g\/rm troll vert tachet\u00e9"},"content":{"rendered":"<p>Tissu mi-lourd, respirant, coupe-vent, r\u00e9sistant \u00e0 la salet\u00e9 et \u00e0 l&rsquo;eau<br \/>\nPour manteau, cape ou tunique chaude d&rsquo;hiver<\/p>\n","protected":false},"excerpt":{"rendered":"<p>Prix avantageux \u00e0 partir de 5 m\u00e8tres lin\u00e9aires !<\/p>\n<p>100% laine vierge, poids moyen, largeur de bande 150cm<\/p>\n","protected":false},"featured_media":7574,"comment_status":"open","ping_status":"closed","template":"","meta":{"ngg_post_thumbnail":0},"product_brand":[],"product_cat":[699,717,720],"product_tag":[1249,1255,1459,1460,1190,1233],"class_list":{"0":"post-8385","1":"product","2":"type-product","3":"status-publish","4":"has-post-thumbnail","6":"product_cat-laine","7":"product_cat-tissu-loden","8":"product_cat-moyen-lourd","9":"product_tag-cap","10":"product_tag-tunique-dhiver","11":"product_tag-loden-fr-2","12":"product_tag-tissage-simple","13":"product_tag-laine","14":"product_tag-manteau","15":"pa_gewicht-580g-ml-386g-m-2","16":"resize-featured-image","17":"sales-flash-overlay","18":"woocommerce-text-align-center","19":"woocommerce-image-align-center","20":"do-quantity-buttons","22":"first","23":"instock","24":"taxable","25":"shipping-taxable","26":"purchasable","27":"product-type-simple"},"yoast_head":"<!-- This site is optimized with the Yoast SEO plugin v27.2 - https:\/\/yoast.com\/product\/yoast-seo-wordpress\/ -->\n<title>Tissu loden 580g\/rm troll vert tachet\u00e9 - TuchundStoff<\/title>\n<meta name=\"description\" content=\"Tissu loden 580g\/rm troll vert tachet\u00e9 - Prix avantageux \u00e0 partir de 5 m\u00e8tres lin\u00e9aires ! 100% laine vierge, poids moyen, largeur de bande 150cm\" \/>\n<meta name=\"robots\" content=\"index, follow, max-snippet:-1, max-image-preview:large, max-video-preview:-1\" \/>\n<link rel=\"canonical\" href=\"https:\/\/tuchundstoff.shop\/fr\/produkt\/tissu-loden-580g-rm-vert-en-bouteille\/\" \/>\n<meta property=\"og:locale\" content=\"fr_FR\" \/>\n<meta property=\"og:type\" content=\"article\" \/>\n<meta property=\"og:title\" content=\"Tissu loden 580g\/rm troll vert tachet\u00e9 - TuchundStoff\" \/>\n<meta property=\"og:description\" content=\"Tissu loden 580g\/rm troll vert tachet\u00e9 - Prix avantageux \u00e0 partir de 5 m\u00e8tres lin\u00e9aires ! 100% laine vierge, poids moyen, largeur de bande 150cm\" \/>\n<meta property=\"og:url\" content=\"https:\/\/tuchundstoff.shop\/fr\/produkt\/tissu-loden-580g-rm-vert-en-bouteille\/\" \/>\n<meta property=\"og:site_name\" content=\"TuchundStoff\" \/>\n<meta property=\"article:modified_time\" content=\"2026-04-12T00:07:44+00:00\" \/>\n<meta property=\"og:image\" content=\"https:\/\/tuchundstoff.shop\/wp-content\/uploads\/2020\/03\/DSC_0586_4360-52.jpg\" \/>\n\t<meta property=\"og:image:width\" content=\"1200\" \/>\n\t<meta property=\"og:image:height\" content=\"1200\" \/>\n\t<meta property=\"og:image:type\" content=\"image\/jpeg\" \/>\n<script type=\"application\/ld+json\" class=\"yoast-schema-graph\">{\"@context\":\"https:\/\/schema.org\",\"@graph\":[{\"@type\":\"WebPage\",\"@id\":\"https:\/\/tuchundstoff.shop\/fr\/produkt\/tissu-loden-580g-rm-vert-en-bouteille\/\",\"url\":\"https:\/\/tuchundstoff.shop\/fr\/produkt\/tissu-loden-580g-rm-vert-en-bouteille\/\",\"name\":\"Tissu loden 580g\/rm troll vert tachet\u00e9 - TuchundStoff\",\"isPartOf\":{\"@id\":\"https:\/\/tuchundstoff.shop\/#website\"},\"primaryImageOfPage\":{\"@id\":\"https:\/\/tuchundstoff.shop\/fr\/produkt\/tissu-loden-580g-rm-vert-en-bouteille\/#primaryimage\"},\"image\":{\"@id\":\"https:\/\/tuchundstoff.shop\/fr\/produkt\/tissu-loden-580g-rm-vert-en-bouteille\/#primaryimage\"},\"thumbnailUrl\":\"https:\/\/tuchundstoff.shop\/wp-content\/uploads\/2020\/03\/DSC_0586_4360-52.jpg\",\"datePublished\":\"2020-03-29T11:28:14+00:00\",\"dateModified\":\"2026-04-12T00:07:44+00:00\",\"description\":\"Tissu loden 580g\/rm troll vert tachet\u00e9 - Prix avantageux \u00e0 partir de 5 m\u00e8tres lin\u00e9aires ! 100% laine vierge, poids moyen, largeur de bande 150cm\",\"breadcrumb\":{\"@id\":\"https:\/\/tuchundstoff.shop\/fr\/produkt\/tissu-loden-580g-rm-vert-en-bouteille\/#breadcrumb\"},\"inLanguage\":\"fr-FR\",\"potentialAction\":[{\"@type\":\"ReadAction\",\"target\":[\"https:\/\/tuchundstoff.shop\/fr\/produkt\/tissu-loden-580g-rm-vert-en-bouteille\/\"]}]},{\"@type\":\"ImageObject\",\"inLanguage\":\"fr-FR\",\"@id\":\"https:\/\/tuchundstoff.shop\/fr\/produkt\/tissu-loden-580g-rm-vert-en-bouteille\/#primaryimage\",\"url\":\"https:\/\/tuchundstoff.shop\/wp-content\/uploads\/2020\/03\/DSC_0586_4360-52.jpg\",\"contentUrl\":\"https:\/\/tuchundstoff.shop\/wp-content\/uploads\/2020\/03\/DSC_0586_4360-52.jpg\",\"width\":1200,\"height\":1200,\"caption\":\"4360\/52\"},{\"@type\":\"BreadcrumbList\",\"@id\":\"https:\/\/tuchundstoff.shop\/fr\/produkt\/tissu-loden-580g-rm-vert-en-bouteille\/#breadcrumb\",\"itemListElement\":[{\"@type\":\"ListItem\",\"position\":1,\"name\":\"Startseite\",\"item\":\"https:\/\/tuchundstoff.shop\/fr\/des-tissus-de-qualite-pour-une-mode-contemporaine-et-une-histoire-vecue-100-naturel\/\"},{\"@type\":\"ListItem\",\"position\":2,\"name\":\"Boutique\",\"item\":\"https:\/\/tuchundstoff.shop\/fr\/boutique\/\"},{\"@type\":\"ListItem\",\"position\":3,\"name\":\"Tissu loden 580g\/rm troll vert tachet\u00e9\"}]},{\"@type\":\"WebSite\",\"@id\":\"https:\/\/tuchundstoff.shop\/#website\",\"url\":\"https:\/\/tuchundstoff.shop\/\",\"name\":\"TuchundStoff\",\"description\":\"Qualit\u00e4tsstoffe f\u00fcr zeitgen\u00f6ssische Mode und gelebte Geschichte \u2013 100% Natur\",\"publisher\":{\"@id\":\"https:\/\/tuchundstoff.shop\/#organization\"},\"potentialAction\":[{\"@type\":\"SearchAction\",\"target\":{\"@type\":\"EntryPoint\",\"urlTemplate\":\"https:\/\/tuchundstoff.shop\/?s={search_term_string}\"},\"query-input\":{\"@type\":\"PropertyValueSpecification\",\"valueRequired\":true,\"valueName\":\"search_term_string\"}}],\"inLanguage\":\"fr-FR\"},{\"@type\":\"Organization\",\"@id\":\"https:\/\/tuchundstoff.shop\/#organization\",\"name\":\"TuchundStoff\",\"url\":\"https:\/\/tuchundstoff.shop\/\",\"logo\":{\"@type\":\"ImageObject\",\"inLanguage\":\"fr-FR\",\"@id\":\"https:\/\/tuchundstoff.shop\/#\/schema\/logo\/image\/\",\"url\":\"https:\/\/tuchundstoff.shop\/wp-content\/uploads\/2021\/11\/Tus-Logo22-QfA-shop-V2-1.png\",\"contentUrl\":\"https:\/\/tuchundstoff.shop\/wp-content\/uploads\/2021\/11\/Tus-Logo22-QfA-shop-V2-1.png\",\"width\":485,\"height\":110,\"caption\":\"TuchundStoff\"},\"image\":{\"@id\":\"https:\/\/tuchundstoff.shop\/#\/schema\/logo\/image\/\"}}]}<\/script>\n<!-- \/ Yoast SEO plugin. -->","yoast_head_json":{"title":"Tissu loden 580g\/rm troll vert tachet\u00e9 - TuchundStoff","description":"Tissu loden 580g\/rm troll vert tachet\u00e9 - Prix avantageux \u00e0 partir de 5 m\u00e8tres lin\u00e9aires ! 100% laine vierge, poids moyen, largeur de bande 150cm","robots":{"index":"index","follow":"follow","max-snippet":"max-snippet:-1","max-image-preview":"max-image-preview:large","max-video-preview":"max-video-preview:-1"},"canonical":"https:\/\/tuchundstoff.shop\/fr\/produkt\/tissu-loden-580g-rm-vert-en-bouteille\/","og_locale":"fr_FR","og_type":"article","og_title":"Tissu loden 580g\/rm troll vert tachet\u00e9 - TuchundStoff","og_description":"Tissu loden 580g\/rm troll vert tachet\u00e9 - Prix avantageux \u00e0 partir de 5 m\u00e8tres lin\u00e9aires ! 100% laine vierge, poids moyen, largeur de bande 150cm","og_url":"https:\/\/tuchundstoff.shop\/fr\/produkt\/tissu-loden-580g-rm-vert-en-bouteille\/","og_site_name":"TuchundStoff","article_modified_time":"2026-04-12T00:07:44+00:00","og_image":[{"width":1200,"height":1200,"url":"https:\/\/tuchundstoff.shop\/wp-content\/uploads\/2020\/03\/DSC_0586_4360-52.jpg","type":"image\/jpeg"}],"schema":{"@context":"https:\/\/schema.org","@graph":[{"@type":"WebPage","@id":"https:\/\/tuchundstoff.shop\/fr\/produkt\/tissu-loden-580g-rm-vert-en-bouteille\/","url":"https:\/\/tuchundstoff.shop\/fr\/produkt\/tissu-loden-580g-rm-vert-en-bouteille\/","name":"Tissu loden 580g\/rm troll vert tachet\u00e9 - TuchundStoff","isPartOf":{"@id":"https:\/\/tuchundstoff.shop\/#website"},"primaryImageOfPage":{"@id":"https:\/\/tuchundstoff.shop\/fr\/produkt\/tissu-loden-580g-rm-vert-en-bouteille\/#primaryimage"},"image":{"@id":"https:\/\/tuchundstoff.shop\/fr\/produkt\/tissu-loden-580g-rm-vert-en-bouteille\/#primaryimage"},"thumbnailUrl":"https:\/\/tuchundstoff.shop\/wp-content\/uploads\/2020\/03\/DSC_0586_4360-52.jpg","datePublished":"2020-03-29T11:28:14+00:00","dateModified":"2026-04-12T00:07:44+00:00","description":"Tissu loden 580g\/rm troll vert tachet\u00e9 - Prix avantageux \u00e0 partir de 5 m\u00e8tres lin\u00e9aires ! 100% laine vierge, poids moyen, largeur de bande 150cm","breadcrumb":{"@id":"https:\/\/tuchundstoff.shop\/fr\/produkt\/tissu-loden-580g-rm-vert-en-bouteille\/#breadcrumb"},"inLanguage":"fr-FR","potentialAction":[{"@type":"ReadAction","target":["https:\/\/tuchundstoff.shop\/fr\/produkt\/tissu-loden-580g-rm-vert-en-bouteille\/"]}]},{"@type":"ImageObject","inLanguage":"fr-FR","@id":"https:\/\/tuchundstoff.shop\/fr\/produkt\/tissu-loden-580g-rm-vert-en-bouteille\/#primaryimage","url":"https:\/\/tuchundstoff.shop\/wp-content\/uploads\/2020\/03\/DSC_0586_4360-52.jpg","contentUrl":"https:\/\/tuchundstoff.shop\/wp-content\/uploads\/2020\/03\/DSC_0586_4360-52.jpg","width":1200,"height":1200,"caption":"4360\/52"},{"@type":"BreadcrumbList","@id":"https:\/\/tuchundstoff.shop\/fr\/produkt\/tissu-loden-580g-rm-vert-en-bouteille\/#breadcrumb","itemListElement":[{"@type":"ListItem","position":1,"name":"Startseite","item":"https:\/\/tuchundstoff.shop\/fr\/des-tissus-de-qualite-pour-une-mode-contemporaine-et-une-histoire-vecue-100-naturel\/"},{"@type":"ListItem","position":2,"name":"Boutique","item":"https:\/\/tuchundstoff.shop\/fr\/boutique\/"},{"@type":"ListItem","position":3,"name":"Tissu loden 580g\/rm troll vert tachet\u00e9"}]},{"@type":"WebSite","@id":"https:\/\/tuchundstoff.shop\/#website","url":"https:\/\/tuchundstoff.shop\/","name":"TuchundStoff","description":"Qualit\u00e4tsstoffe f\u00fcr zeitgen\u00f6ssische Mode und gelebte Geschichte \u2013 100% Natur","publisher":{"@id":"https:\/\/tuchundstoff.shop\/#organization"},"potentialAction":[{"@type":"SearchAction","target":{"@type":"EntryPoint","urlTemplate":"https:\/\/tuchundstoff.shop\/?s={search_term_string}"},"query-input":{"@type":"PropertyValueSpecification","valueRequired":true,"valueName":"search_term_string"}}],"inLanguage":"fr-FR"},{"@type":"Organization","@id":"https:\/\/tuchundstoff.shop\/#organization","name":"TuchundStoff","url":"https:\/\/tuchundstoff.shop\/","logo":{"@type":"ImageObject","inLanguage":"fr-FR","@id":"https:\/\/tuchundstoff.shop\/#\/schema\/logo\/image\/","url":"https:\/\/tuchundstoff.shop\/wp-content\/uploads\/2021\/11\/Tus-Logo22-QfA-shop-V2-1.png","contentUrl":"https:\/\/tuchundstoff.shop\/wp-content\/uploads\/2021\/11\/Tus-Logo22-QfA-shop-V2-1.png","width":485,"height":110,"caption":"TuchundStoff"},"image":{"@id":"https:\/\/tuchundstoff.shop\/#\/schema\/logo\/image\/"}}]}},"_links":{"self":[{"href":"https:\/\/tuchundstoff.shop\/fr\/wp-json\/wp\/v2\/product\/8385","targetHints":{"allow":["GET"]}}],"collection":[{"href":"https:\/\/tuchundstoff.shop\/fr\/wp-json\/wp\/v2\/product"}],"about":[{"href":"https:\/\/tuchundstoff.shop\/fr\/wp-json\/wp\/v2\/types\/product"}],"replies":[{"embeddable":true,"href":"https:\/\/tuchundstoff.shop\/fr\/wp-json\/wp\/v2\/comments?post=8385"}],"wp:featuredmedia":[{"embeddable":true,"href":"https:\/\/tuchundstoff.shop\/fr\/wp-json\/wp\/v2\/media\/7574"}],"wp:attachment":[{"href":"https:\/\/tuchundstoff.shop\/fr\/wp-json\/wp\/v2\/media?parent=8385"}],"wp:term":[{"taxonomy":"product_brand","embeddable":true,"href":"https:\/\/tuchundstoff.shop\/fr\/wp-json\/wp\/v2\/product_brand?post=8385"},{"taxonomy":"product_cat","embeddable":true,"href":"https:\/\/tuchundstoff.shop\/fr\/wp-json\/wp\/v2\/product_cat?post=8385"},{"taxonomy":"product_tag","embeddable":true,"href":"https:\/\/tuchundstoff.shop\/fr\/wp-json\/wp\/v2\/product_tag?post=8385"}],"curies":[{"name":"wp","href":"https:\/\/api.w.org\/{rel}","templated":true}]}}