{"id":8369,"date":"2020-10-23T09:03:15","date_gmt":"2020-10-23T07:03:15","guid":{"rendered":"https:\/\/tuchundstoff.de\/produkt\/mousseline-de-laine-110g-rm-noir\/"},"modified":"2026-04-12T02:05:50","modified_gmt":"2026-04-12T00:05:50","slug":"laine-mousseline-120g-rm-noir","status":"publish","type":"product","link":"https:\/\/tuchundstoff.shop\/fr\/produkt\/laine-mousseline-120g-rm-noir\/","title":{"rendered":"Mousseline de laine 180g\/lfm Noir"},"content":{"rendered":"<p>100% pure laine vierge en armure toile. Avec 180g\/ml, cette mousseline est merveilleuse pour les v\u00eatements d&rsquo;\u00e9t\u00e9 tr\u00e8s l\u00e9gers ou les sous-v\u00eatements. Il est \u00e9galement utilis\u00e9 comme bonnet, foulard ou turban. Rafra\u00eechissant en \u00e9t\u00e9, car la transpiration est absorb\u00e9e, et r\u00e9chauffant en hiver.<\/p>\n","protected":false},"excerpt":{"rendered":"<p>Prix avantageux \u00e0 partir de 5 m\u00e8tres lin\u00e9aires !<\/p>\n<p>100% pure laine vierge Mousseline 180 g\/lfm<\/p>\n","protected":false},"featured_media":7949,"comment_status":"open","ping_status":"closed","template":"","meta":{"ngg_post_thumbnail":0},"product_brand":[],"product_cat":[699,712],"product_tag":[1248,1476,1948,847,849,852,1234,1244],"class_list":{"0":"post-8369","1":"product","2":"type-product","3":"status-publish","4":"has-post-thumbnail","6":"product_cat-laine","7":"product_cat-mousseline","8":"product_tag-turban-fr","9":"product_tag-voile","10":"product_tag-toga-fr","11":"product_tag-underdress-fr","12":"product_tag-headscarf-fr","13":"product_tag-bonnet-fr","14":"product_tag-mousselin","15":"product_tag-laine-vierge","16":"pa_gewicht-180g-lfm-120g-m-fr","17":"resize-featured-image","18":"sales-flash-overlay","19":"woocommerce-text-align-center","20":"woocommerce-image-align-center","21":"do-quantity-buttons","22":"wc-has-gallery","24":"first","25":"instock","26":"taxable","27":"shipping-taxable","28":"purchasable","29":"product-type-simple"},"yoast_head":"<!-- This site is optimized with the Yoast SEO plugin v27.2 - https:\/\/yoast.com\/product\/yoast-seo-wordpress\/ -->\n<title>Mousseline de laine 180g\/lfm Noir - TuchundStoff<\/title>\n<meta name=\"description\" content=\"Mousseline de laine 180g\/lfm Noir - Prix avantageux \u00e0 partir de 5 m\u00e8tres lin\u00e9aires ! 100% pure laine vierge Mousseline 180 g\/lfm\" \/>\n<meta name=\"robots\" content=\"index, follow, max-snippet:-1, max-image-preview:large, max-video-preview:-1\" \/>\n<link rel=\"canonical\" href=\"https:\/\/tuchundstoff.shop\/fr\/produkt\/laine-mousseline-120g-rm-noir\/\" \/>\n<meta property=\"og:locale\" content=\"fr_FR\" \/>\n<meta property=\"og:type\" content=\"article\" \/>\n<meta property=\"og:title\" content=\"Mousseline de laine 180g\/lfm Noir - TuchundStoff\" \/>\n<meta property=\"og:description\" content=\"Mousseline de laine 180g\/lfm Noir - Prix avantageux \u00e0 partir de 5 m\u00e8tres lin\u00e9aires ! 100% pure laine vierge Mousseline 180 g\/lfm\" \/>\n<meta property=\"og:url\" content=\"https:\/\/tuchundstoff.shop\/fr\/produkt\/laine-mousseline-120g-rm-noir\/\" \/>\n<meta property=\"og:site_name\" content=\"TuchundStoff\" \/>\n<meta property=\"article:modified_time\" content=\"2026-04-12T00:05:50+00:00\" \/>\n<meta property=\"og:image\" content=\"https:\/\/tuchundstoff.shop\/wp-content\/uploads\/2021\/01\/DSC_1483_1230-10.jpg\" \/>\n\t<meta property=\"og:image:width\" content=\"1200\" \/>\n\t<meta property=\"og:image:height\" content=\"1200\" \/>\n\t<meta property=\"og:image:type\" content=\"image\/jpeg\" \/>\n<script type=\"application\/ld+json\" class=\"yoast-schema-graph\">{\"@context\":\"https:\/\/schema.org\",\"@graph\":[{\"@type\":\"WebPage\",\"@id\":\"https:\/\/tuchundstoff.shop\/fr\/produkt\/laine-mousseline-120g-rm-noir\/\",\"url\":\"https:\/\/tuchundstoff.shop\/fr\/produkt\/laine-mousseline-120g-rm-noir\/\",\"name\":\"Mousseline de laine 180g\/lfm Noir - TuchundStoff\",\"isPartOf\":{\"@id\":\"https:\/\/tuchundstoff.shop\/#website\"},\"primaryImageOfPage\":{\"@id\":\"https:\/\/tuchundstoff.shop\/fr\/produkt\/laine-mousseline-120g-rm-noir\/#primaryimage\"},\"image\":{\"@id\":\"https:\/\/tuchundstoff.shop\/fr\/produkt\/laine-mousseline-120g-rm-noir\/#primaryimage\"},\"thumbnailUrl\":\"https:\/\/tuchundstoff.shop\/wp-content\/uploads\/2021\/01\/DSC_1483_1230-10.jpg\",\"datePublished\":\"2020-10-23T07:03:15+00:00\",\"dateModified\":\"2026-04-12T00:05:50+00:00\",\"description\":\"Mousseline de laine 180g\/lfm Noir - Prix avantageux \u00e0 partir de 5 m\u00e8tres lin\u00e9aires ! 100% pure laine vierge Mousseline 180 g\/lfm\",\"breadcrumb\":{\"@id\":\"https:\/\/tuchundstoff.shop\/fr\/produkt\/laine-mousseline-120g-rm-noir\/#breadcrumb\"},\"inLanguage\":\"fr-FR\",\"potentialAction\":[{\"@type\":\"ReadAction\",\"target\":[\"https:\/\/tuchundstoff.shop\/fr\/produkt\/laine-mousseline-120g-rm-noir\/\"]}]},{\"@type\":\"ImageObject\",\"inLanguage\":\"fr-FR\",\"@id\":\"https:\/\/tuchundstoff.shop\/fr\/produkt\/laine-mousseline-120g-rm-noir\/#primaryimage\",\"url\":\"https:\/\/tuchundstoff.shop\/wp-content\/uploads\/2021\/01\/DSC_1483_1230-10.jpg\",\"contentUrl\":\"https:\/\/tuchundstoff.shop\/wp-content\/uploads\/2021\/01\/DSC_1483_1230-10.jpg\",\"width\":1200,\"height\":1200,\"caption\":\"1230\/10\"},{\"@type\":\"BreadcrumbList\",\"@id\":\"https:\/\/tuchundstoff.shop\/fr\/produkt\/laine-mousseline-120g-rm-noir\/#breadcrumb\",\"itemListElement\":[{\"@type\":\"ListItem\",\"position\":1,\"name\":\"Startseite\",\"item\":\"https:\/\/tuchundstoff.shop\/fr\/des-tissus-de-qualite-pour-une-mode-contemporaine-et-une-histoire-vecue-100-naturel\/\"},{\"@type\":\"ListItem\",\"position\":2,\"name\":\"Boutique\",\"item\":\"https:\/\/tuchundstoff.shop\/fr\/boutique\/\"},{\"@type\":\"ListItem\",\"position\":3,\"name\":\"Mousseline de laine 180g\/lfm Noir\"}]},{\"@type\":\"WebSite\",\"@id\":\"https:\/\/tuchundstoff.shop\/#website\",\"url\":\"https:\/\/tuchundstoff.shop\/\",\"name\":\"TuchundStoff\",\"description\":\"Qualit\u00e4tsstoffe f\u00fcr zeitgen\u00f6ssische Mode und gelebte Geschichte \u2013 100% Natur\",\"publisher\":{\"@id\":\"https:\/\/tuchundstoff.shop\/#organization\"},\"potentialAction\":[{\"@type\":\"SearchAction\",\"target\":{\"@type\":\"EntryPoint\",\"urlTemplate\":\"https:\/\/tuchundstoff.shop\/?s={search_term_string}\"},\"query-input\":{\"@type\":\"PropertyValueSpecification\",\"valueRequired\":true,\"valueName\":\"search_term_string\"}}],\"inLanguage\":\"fr-FR\"},{\"@type\":\"Organization\",\"@id\":\"https:\/\/tuchundstoff.shop\/#organization\",\"name\":\"TuchundStoff\",\"url\":\"https:\/\/tuchundstoff.shop\/\",\"logo\":{\"@type\":\"ImageObject\",\"inLanguage\":\"fr-FR\",\"@id\":\"https:\/\/tuchundstoff.shop\/#\/schema\/logo\/image\/\",\"url\":\"https:\/\/tuchundstoff.shop\/wp-content\/uploads\/2021\/11\/Tus-Logo22-QfA-shop-V2-1.png\",\"contentUrl\":\"https:\/\/tuchundstoff.shop\/wp-content\/uploads\/2021\/11\/Tus-Logo22-QfA-shop-V2-1.png\",\"width\":485,\"height\":110,\"caption\":\"TuchundStoff\"},\"image\":{\"@id\":\"https:\/\/tuchundstoff.shop\/#\/schema\/logo\/image\/\"}}]}<\/script>\n<!-- \/ Yoast SEO plugin. -->","yoast_head_json":{"title":"Mousseline de laine 180g\/lfm Noir - TuchundStoff","description":"Mousseline de laine 180g\/lfm Noir - Prix avantageux \u00e0 partir de 5 m\u00e8tres lin\u00e9aires ! 100% pure laine vierge Mousseline 180 g\/lfm","robots":{"index":"index","follow":"follow","max-snippet":"max-snippet:-1","max-image-preview":"max-image-preview:large","max-video-preview":"max-video-preview:-1"},"canonical":"https:\/\/tuchundstoff.shop\/fr\/produkt\/laine-mousseline-120g-rm-noir\/","og_locale":"fr_FR","og_type":"article","og_title":"Mousseline de laine 180g\/lfm Noir - TuchundStoff","og_description":"Mousseline de laine 180g\/lfm Noir - Prix avantageux \u00e0 partir de 5 m\u00e8tres lin\u00e9aires ! 100% pure laine vierge Mousseline 180 g\/lfm","og_url":"https:\/\/tuchundstoff.shop\/fr\/produkt\/laine-mousseline-120g-rm-noir\/","og_site_name":"TuchundStoff","article_modified_time":"2026-04-12T00:05:50+00:00","og_image":[{"width":1200,"height":1200,"url":"https:\/\/tuchundstoff.shop\/wp-content\/uploads\/2021\/01\/DSC_1483_1230-10.jpg","type":"image\/jpeg"}],"schema":{"@context":"https:\/\/schema.org","@graph":[{"@type":"WebPage","@id":"https:\/\/tuchundstoff.shop\/fr\/produkt\/laine-mousseline-120g-rm-noir\/","url":"https:\/\/tuchundstoff.shop\/fr\/produkt\/laine-mousseline-120g-rm-noir\/","name":"Mousseline de laine 180g\/lfm Noir - TuchundStoff","isPartOf":{"@id":"https:\/\/tuchundstoff.shop\/#website"},"primaryImageOfPage":{"@id":"https:\/\/tuchundstoff.shop\/fr\/produkt\/laine-mousseline-120g-rm-noir\/#primaryimage"},"image":{"@id":"https:\/\/tuchundstoff.shop\/fr\/produkt\/laine-mousseline-120g-rm-noir\/#primaryimage"},"thumbnailUrl":"https:\/\/tuchundstoff.shop\/wp-content\/uploads\/2021\/01\/DSC_1483_1230-10.jpg","datePublished":"2020-10-23T07:03:15+00:00","dateModified":"2026-04-12T00:05:50+00:00","description":"Mousseline de laine 180g\/lfm Noir - Prix avantageux \u00e0 partir de 5 m\u00e8tres lin\u00e9aires ! 100% pure laine vierge Mousseline 180 g\/lfm","breadcrumb":{"@id":"https:\/\/tuchundstoff.shop\/fr\/produkt\/laine-mousseline-120g-rm-noir\/#breadcrumb"},"inLanguage":"fr-FR","potentialAction":[{"@type":"ReadAction","target":["https:\/\/tuchundstoff.shop\/fr\/produkt\/laine-mousseline-120g-rm-noir\/"]}]},{"@type":"ImageObject","inLanguage":"fr-FR","@id":"https:\/\/tuchundstoff.shop\/fr\/produkt\/laine-mousseline-120g-rm-noir\/#primaryimage","url":"https:\/\/tuchundstoff.shop\/wp-content\/uploads\/2021\/01\/DSC_1483_1230-10.jpg","contentUrl":"https:\/\/tuchundstoff.shop\/wp-content\/uploads\/2021\/01\/DSC_1483_1230-10.jpg","width":1200,"height":1200,"caption":"1230\/10"},{"@type":"BreadcrumbList","@id":"https:\/\/tuchundstoff.shop\/fr\/produkt\/laine-mousseline-120g-rm-noir\/#breadcrumb","itemListElement":[{"@type":"ListItem","position":1,"name":"Startseite","item":"https:\/\/tuchundstoff.shop\/fr\/des-tissus-de-qualite-pour-une-mode-contemporaine-et-une-histoire-vecue-100-naturel\/"},{"@type":"ListItem","position":2,"name":"Boutique","item":"https:\/\/tuchundstoff.shop\/fr\/boutique\/"},{"@type":"ListItem","position":3,"name":"Mousseline de laine 180g\/lfm Noir"}]},{"@type":"WebSite","@id":"https:\/\/tuchundstoff.shop\/#website","url":"https:\/\/tuchundstoff.shop\/","name":"TuchundStoff","description":"Qualit\u00e4tsstoffe f\u00fcr zeitgen\u00f6ssische Mode und gelebte Geschichte \u2013 100% Natur","publisher":{"@id":"https:\/\/tuchundstoff.shop\/#organization"},"potentialAction":[{"@type":"SearchAction","target":{"@type":"EntryPoint","urlTemplate":"https:\/\/tuchundstoff.shop\/?s={search_term_string}"},"query-input":{"@type":"PropertyValueSpecification","valueRequired":true,"valueName":"search_term_string"}}],"inLanguage":"fr-FR"},{"@type":"Organization","@id":"https:\/\/tuchundstoff.shop\/#organization","name":"TuchundStoff","url":"https:\/\/tuchundstoff.shop\/","logo":{"@type":"ImageObject","inLanguage":"fr-FR","@id":"https:\/\/tuchundstoff.shop\/#\/schema\/logo\/image\/","url":"https:\/\/tuchundstoff.shop\/wp-content\/uploads\/2021\/11\/Tus-Logo22-QfA-shop-V2-1.png","contentUrl":"https:\/\/tuchundstoff.shop\/wp-content\/uploads\/2021\/11\/Tus-Logo22-QfA-shop-V2-1.png","width":485,"height":110,"caption":"TuchundStoff"},"image":{"@id":"https:\/\/tuchundstoff.shop\/#\/schema\/logo\/image\/"}}]}},"_links":{"self":[{"href":"https:\/\/tuchundstoff.shop\/fr\/wp-json\/wp\/v2\/product\/8369","targetHints":{"allow":["GET"]}}],"collection":[{"href":"https:\/\/tuchundstoff.shop\/fr\/wp-json\/wp\/v2\/product"}],"about":[{"href":"https:\/\/tuchundstoff.shop\/fr\/wp-json\/wp\/v2\/types\/product"}],"replies":[{"embeddable":true,"href":"https:\/\/tuchundstoff.shop\/fr\/wp-json\/wp\/v2\/comments?post=8369"}],"wp:featuredmedia":[{"embeddable":true,"href":"https:\/\/tuchundstoff.shop\/fr\/wp-json\/wp\/v2\/media\/7949"}],"wp:attachment":[{"href":"https:\/\/tuchundstoff.shop\/fr\/wp-json\/wp\/v2\/media?parent=8369"}],"wp:term":[{"taxonomy":"product_brand","embeddable":true,"href":"https:\/\/tuchundstoff.shop\/fr\/wp-json\/wp\/v2\/product_brand?post=8369"},{"taxonomy":"product_cat","embeddable":true,"href":"https:\/\/tuchundstoff.shop\/fr\/wp-json\/wp\/v2\/product_cat?post=8369"},{"taxonomy":"product_tag","embeddable":true,"href":"https:\/\/tuchundstoff.shop\/fr\/wp-json\/wp\/v2\/product_tag?post=8369"}],"curies":[{"name":"wp","href":"https:\/\/api.w.org\/{rel}","templated":true}]}}