{"id":8352,"date":"2020-03-19T16:14:58","date_gmt":"2020-03-19T15:14:58","guid":{"rendered":"https:\/\/tuchundstoff.de\/produkt\/tissu-loden-330g-rm-bleu-fonce-tachete\/"},"modified":"2026-04-12T02:11:37","modified_gmt":"2026-04-12T00:11:37","slug":"tissu-loden-330g-rm","status":"publish","type":"product","link":"https:\/\/tuchundstoff.shop\/fr\/produkt\/tissu-loden-330g-rm\/","title":{"rendered":"Tissu loden 330g\/rm bleu fonc\u00e9 tachet\u00e9"},"content":{"rendered":"<p>Loden en tissu l\u00e9ger, 100 % laine m\u00e9rinos, 330g\/m.m., largeur 150cm<br \/>\n. Respirant, coupe-froid, anti-salet\u00e9<br \/>\net hydrofuge. Id\u00e9al pour pantalons, tuniques, vestes.<\/p>\n","protected":false},"excerpt":{"rendered":"<p>Prix avantageux \u00e0 partir de 5 m\u00e8tres lin\u00e9aires !<br \/>\nLoden en tissu l\u00e9ger, 100 % laine m\u00e9rinos, 330g\/m.m., largeur 150cm<\/p>\n","protected":false},"featured_media":7462,"comment_status":"open","ping_status":"closed","template":"","meta":{"ngg_post_thumbnail":0},"product_brand":[],"product_cat":[699,717,718],"product_tag":[1115,1116,1190,1443,1210,1444,1213,1459,1227,1460,1236,1495,1242,1246,1112,1250,1114,1251],"class_list":{"0":"post-8352","1":"product","2":"type-product","3":"status-publish","4":"has-post-thumbnail","6":"product_cat-laine","7":"product_cat-tissu-loden","8":"product_cat-leger","9":"product_tag-robe-a-bretelles","10":"product_tag-tunique","11":"product_tag-laine","12":"product_tag-herjolfsnes-fr","13":"product_tag-bliaut-fr","14":"product_tag-houppelande-fr","15":"product_tag-cotehardie-fr","16":"product_tag-loden-fr-2","17":"product_tag-fenetre-de-lenfer","18":"product_tag-tissage-simple","19":"product_tag-peplos-fr","20":"product_tag-thorsberg-pantalons","21":"product_tag-pantalon-rus","22":"product_tag-surcot-fr","23":"product_tag-pantalons","24":"product_tag-uniforme","25":"product_tag-tunique-legere","26":"product_tag-vilborg-fr","27":"pa_gewicht-330g-ml-220g-m-fr","28":"resize-featured-image","29":"sales-flash-overlay","30":"woocommerce-text-align-center","31":"woocommerce-image-align-center","32":"do-quantity-buttons","34":"first","35":"instock","36":"taxable","37":"shipping-taxable","38":"purchasable","39":"product-type-simple"},"yoast_head":"<!-- This site is optimized with the Yoast SEO plugin v27.2 - https:\/\/yoast.com\/product\/yoast-seo-wordpress\/ -->\n<title>Tissu loden 330g\/rm bleu fonc\u00e9 tachet\u00e9 - TuchundStoff<\/title>\n<meta name=\"description\" content=\"Tissu loden 330g\/rm bleu fonc\u00e9 tachet\u00e9 - Prix avantageux \u00e0 partir de 5 m\u00e8tres lin\u00e9aires ! Loden en tissu l\u00e9ger, 100 % laine m\u00e9rinos, 330g\/m.m., largeur 150cm\" \/>\n<meta name=\"robots\" content=\"index, follow, max-snippet:-1, max-image-preview:large, max-video-preview:-1\" \/>\n<link rel=\"canonical\" href=\"https:\/\/tuchundstoff.shop\/fr\/produkt\/tissu-loden-330g-rm\/\" \/>\n<meta property=\"og:locale\" content=\"fr_FR\" \/>\n<meta property=\"og:type\" content=\"article\" \/>\n<meta property=\"og:title\" content=\"Tissu loden 330g\/rm bleu fonc\u00e9 tachet\u00e9 - TuchundStoff\" \/>\n<meta property=\"og:description\" content=\"Tissu loden 330g\/rm bleu fonc\u00e9 tachet\u00e9 - Prix avantageux \u00e0 partir de 5 m\u00e8tres lin\u00e9aires ! Loden en tissu l\u00e9ger, 100 % laine m\u00e9rinos, 330g\/m.m., largeur 150cm\" \/>\n<meta property=\"og:url\" content=\"https:\/\/tuchundstoff.shop\/fr\/produkt\/tissu-loden-330g-rm\/\" \/>\n<meta property=\"og:site_name\" content=\"TuchundStoff\" \/>\n<meta property=\"article:modified_time\" content=\"2026-04-12T00:11:37+00:00\" \/>\n<meta property=\"og:image\" content=\"https:\/\/tuchundstoff.shop\/wp-content\/uploads\/2020\/03\/DSC_0413_4155-I425.jpg\" \/>\n\t<meta property=\"og:image:width\" content=\"1200\" \/>\n\t<meta property=\"og:image:height\" content=\"1200\" \/>\n\t<meta property=\"og:image:type\" content=\"image\/jpeg\" \/>\n<script type=\"application\/ld+json\" class=\"yoast-schema-graph\">{\"@context\":\"https:\/\/schema.org\",\"@graph\":[{\"@type\":\"WebPage\",\"@id\":\"https:\/\/tuchundstoff.shop\/fr\/produkt\/tissu-loden-330g-rm\/\",\"url\":\"https:\/\/tuchundstoff.shop\/fr\/produkt\/tissu-loden-330g-rm\/\",\"name\":\"Tissu loden 330g\/rm bleu fonc\u00e9 tachet\u00e9 - TuchundStoff\",\"isPartOf\":{\"@id\":\"https:\/\/tuchundstoff.shop\/#website\"},\"primaryImageOfPage\":{\"@id\":\"https:\/\/tuchundstoff.shop\/fr\/produkt\/tissu-loden-330g-rm\/#primaryimage\"},\"image\":{\"@id\":\"https:\/\/tuchundstoff.shop\/fr\/produkt\/tissu-loden-330g-rm\/#primaryimage\"},\"thumbnailUrl\":\"https:\/\/tuchundstoff.shop\/wp-content\/uploads\/2020\/03\/DSC_0413_4155-I425.jpg\",\"datePublished\":\"2020-03-19T15:14:58+00:00\",\"dateModified\":\"2026-04-12T00:11:37+00:00\",\"description\":\"Tissu loden 330g\/rm bleu fonc\u00e9 tachet\u00e9 - Prix avantageux \u00e0 partir de 5 m\u00e8tres lin\u00e9aires ! Loden en tissu l\u00e9ger, 100 % laine m\u00e9rinos, 330g\/m.m., largeur 150cm\",\"breadcrumb\":{\"@id\":\"https:\/\/tuchundstoff.shop\/fr\/produkt\/tissu-loden-330g-rm\/#breadcrumb\"},\"inLanguage\":\"fr-FR\",\"potentialAction\":[{\"@type\":\"ReadAction\",\"target\":[\"https:\/\/tuchundstoff.shop\/fr\/produkt\/tissu-loden-330g-rm\/\"]}]},{\"@type\":\"ImageObject\",\"inLanguage\":\"fr-FR\",\"@id\":\"https:\/\/tuchundstoff.shop\/fr\/produkt\/tissu-loden-330g-rm\/#primaryimage\",\"url\":\"https:\/\/tuchundstoff.shop\/wp-content\/uploads\/2020\/03\/DSC_0413_4155-I425.jpg\",\"contentUrl\":\"https:\/\/tuchundstoff.shop\/wp-content\/uploads\/2020\/03\/DSC_0413_4155-I425.jpg\",\"width\":1200,\"height\":1200,\"caption\":\"4155-I425\"},{\"@type\":\"BreadcrumbList\",\"@id\":\"https:\/\/tuchundstoff.shop\/fr\/produkt\/tissu-loden-330g-rm\/#breadcrumb\",\"itemListElement\":[{\"@type\":\"ListItem\",\"position\":1,\"name\":\"Startseite\",\"item\":\"https:\/\/tuchundstoff.shop\/fr\/des-tissus-de-qualite-pour-une-mode-contemporaine-et-une-histoire-vecue-100-naturel\/\"},{\"@type\":\"ListItem\",\"position\":2,\"name\":\"Boutique\",\"item\":\"https:\/\/tuchundstoff.shop\/fr\/boutique\/\"},{\"@type\":\"ListItem\",\"position\":3,\"name\":\"Tissu loden 330g\/rm bleu fonc\u00e9 tachet\u00e9\"}]},{\"@type\":\"WebSite\",\"@id\":\"https:\/\/tuchundstoff.shop\/#website\",\"url\":\"https:\/\/tuchundstoff.shop\/\",\"name\":\"TuchundStoff\",\"description\":\"Qualit\u00e4tsstoffe f\u00fcr zeitgen\u00f6ssische Mode und gelebte Geschichte \u2013 100% Natur\",\"publisher\":{\"@id\":\"https:\/\/tuchundstoff.shop\/#organization\"},\"potentialAction\":[{\"@type\":\"SearchAction\",\"target\":{\"@type\":\"EntryPoint\",\"urlTemplate\":\"https:\/\/tuchundstoff.shop\/?s={search_term_string}\"},\"query-input\":{\"@type\":\"PropertyValueSpecification\",\"valueRequired\":true,\"valueName\":\"search_term_string\"}}],\"inLanguage\":\"fr-FR\"},{\"@type\":\"Organization\",\"@id\":\"https:\/\/tuchundstoff.shop\/#organization\",\"name\":\"TuchundStoff\",\"url\":\"https:\/\/tuchundstoff.shop\/\",\"logo\":{\"@type\":\"ImageObject\",\"inLanguage\":\"fr-FR\",\"@id\":\"https:\/\/tuchundstoff.shop\/#\/schema\/logo\/image\/\",\"url\":\"https:\/\/tuchundstoff.shop\/wp-content\/uploads\/2021\/11\/Tus-Logo22-QfA-shop-V2-1.png\",\"contentUrl\":\"https:\/\/tuchundstoff.shop\/wp-content\/uploads\/2021\/11\/Tus-Logo22-QfA-shop-V2-1.png\",\"width\":485,\"height\":110,\"caption\":\"TuchundStoff\"},\"image\":{\"@id\":\"https:\/\/tuchundstoff.shop\/#\/schema\/logo\/image\/\"}}]}<\/script>\n<!-- \/ Yoast SEO plugin. -->","yoast_head_json":{"title":"Tissu loden 330g\/rm bleu fonc\u00e9 tachet\u00e9 - TuchundStoff","description":"Tissu loden 330g\/rm bleu fonc\u00e9 tachet\u00e9 - Prix avantageux \u00e0 partir de 5 m\u00e8tres lin\u00e9aires ! Loden en tissu l\u00e9ger, 100 % laine m\u00e9rinos, 330g\/m.m., largeur 150cm","robots":{"index":"index","follow":"follow","max-snippet":"max-snippet:-1","max-image-preview":"max-image-preview:large","max-video-preview":"max-video-preview:-1"},"canonical":"https:\/\/tuchundstoff.shop\/fr\/produkt\/tissu-loden-330g-rm\/","og_locale":"fr_FR","og_type":"article","og_title":"Tissu loden 330g\/rm bleu fonc\u00e9 tachet\u00e9 - TuchundStoff","og_description":"Tissu loden 330g\/rm bleu fonc\u00e9 tachet\u00e9 - Prix avantageux \u00e0 partir de 5 m\u00e8tres lin\u00e9aires ! Loden en tissu l\u00e9ger, 100 % laine m\u00e9rinos, 330g\/m.m., largeur 150cm","og_url":"https:\/\/tuchundstoff.shop\/fr\/produkt\/tissu-loden-330g-rm\/","og_site_name":"TuchundStoff","article_modified_time":"2026-04-12T00:11:37+00:00","og_image":[{"width":1200,"height":1200,"url":"https:\/\/tuchundstoff.shop\/wp-content\/uploads\/2020\/03\/DSC_0413_4155-I425.jpg","type":"image\/jpeg"}],"schema":{"@context":"https:\/\/schema.org","@graph":[{"@type":"WebPage","@id":"https:\/\/tuchundstoff.shop\/fr\/produkt\/tissu-loden-330g-rm\/","url":"https:\/\/tuchundstoff.shop\/fr\/produkt\/tissu-loden-330g-rm\/","name":"Tissu loden 330g\/rm bleu fonc\u00e9 tachet\u00e9 - TuchundStoff","isPartOf":{"@id":"https:\/\/tuchundstoff.shop\/#website"},"primaryImageOfPage":{"@id":"https:\/\/tuchundstoff.shop\/fr\/produkt\/tissu-loden-330g-rm\/#primaryimage"},"image":{"@id":"https:\/\/tuchundstoff.shop\/fr\/produkt\/tissu-loden-330g-rm\/#primaryimage"},"thumbnailUrl":"https:\/\/tuchundstoff.shop\/wp-content\/uploads\/2020\/03\/DSC_0413_4155-I425.jpg","datePublished":"2020-03-19T15:14:58+00:00","dateModified":"2026-04-12T00:11:37+00:00","description":"Tissu loden 330g\/rm bleu fonc\u00e9 tachet\u00e9 - Prix avantageux \u00e0 partir de 5 m\u00e8tres lin\u00e9aires ! Loden en tissu l\u00e9ger, 100 % laine m\u00e9rinos, 330g\/m.m., largeur 150cm","breadcrumb":{"@id":"https:\/\/tuchundstoff.shop\/fr\/produkt\/tissu-loden-330g-rm\/#breadcrumb"},"inLanguage":"fr-FR","potentialAction":[{"@type":"ReadAction","target":["https:\/\/tuchundstoff.shop\/fr\/produkt\/tissu-loden-330g-rm\/"]}]},{"@type":"ImageObject","inLanguage":"fr-FR","@id":"https:\/\/tuchundstoff.shop\/fr\/produkt\/tissu-loden-330g-rm\/#primaryimage","url":"https:\/\/tuchundstoff.shop\/wp-content\/uploads\/2020\/03\/DSC_0413_4155-I425.jpg","contentUrl":"https:\/\/tuchundstoff.shop\/wp-content\/uploads\/2020\/03\/DSC_0413_4155-I425.jpg","width":1200,"height":1200,"caption":"4155-I425"},{"@type":"BreadcrumbList","@id":"https:\/\/tuchundstoff.shop\/fr\/produkt\/tissu-loden-330g-rm\/#breadcrumb","itemListElement":[{"@type":"ListItem","position":1,"name":"Startseite","item":"https:\/\/tuchundstoff.shop\/fr\/des-tissus-de-qualite-pour-une-mode-contemporaine-et-une-histoire-vecue-100-naturel\/"},{"@type":"ListItem","position":2,"name":"Boutique","item":"https:\/\/tuchundstoff.shop\/fr\/boutique\/"},{"@type":"ListItem","position":3,"name":"Tissu loden 330g\/rm bleu fonc\u00e9 tachet\u00e9"}]},{"@type":"WebSite","@id":"https:\/\/tuchundstoff.shop\/#website","url":"https:\/\/tuchundstoff.shop\/","name":"TuchundStoff","description":"Qualit\u00e4tsstoffe f\u00fcr zeitgen\u00f6ssische Mode und gelebte Geschichte \u2013 100% Natur","publisher":{"@id":"https:\/\/tuchundstoff.shop\/#organization"},"potentialAction":[{"@type":"SearchAction","target":{"@type":"EntryPoint","urlTemplate":"https:\/\/tuchundstoff.shop\/?s={search_term_string}"},"query-input":{"@type":"PropertyValueSpecification","valueRequired":true,"valueName":"search_term_string"}}],"inLanguage":"fr-FR"},{"@type":"Organization","@id":"https:\/\/tuchundstoff.shop\/#organization","name":"TuchundStoff","url":"https:\/\/tuchundstoff.shop\/","logo":{"@type":"ImageObject","inLanguage":"fr-FR","@id":"https:\/\/tuchundstoff.shop\/#\/schema\/logo\/image\/","url":"https:\/\/tuchundstoff.shop\/wp-content\/uploads\/2021\/11\/Tus-Logo22-QfA-shop-V2-1.png","contentUrl":"https:\/\/tuchundstoff.shop\/wp-content\/uploads\/2021\/11\/Tus-Logo22-QfA-shop-V2-1.png","width":485,"height":110,"caption":"TuchundStoff"},"image":{"@id":"https:\/\/tuchundstoff.shop\/#\/schema\/logo\/image\/"}}]}},"_links":{"self":[{"href":"https:\/\/tuchundstoff.shop\/fr\/wp-json\/wp\/v2\/product\/8352","targetHints":{"allow":["GET"]}}],"collection":[{"href":"https:\/\/tuchundstoff.shop\/fr\/wp-json\/wp\/v2\/product"}],"about":[{"href":"https:\/\/tuchundstoff.shop\/fr\/wp-json\/wp\/v2\/types\/product"}],"replies":[{"embeddable":true,"href":"https:\/\/tuchundstoff.shop\/fr\/wp-json\/wp\/v2\/comments?post=8352"}],"wp:featuredmedia":[{"embeddable":true,"href":"https:\/\/tuchundstoff.shop\/fr\/wp-json\/wp\/v2\/media\/7462"}],"wp:attachment":[{"href":"https:\/\/tuchundstoff.shop\/fr\/wp-json\/wp\/v2\/media?parent=8352"}],"wp:term":[{"taxonomy":"product_brand","embeddable":true,"href":"https:\/\/tuchundstoff.shop\/fr\/wp-json\/wp\/v2\/product_brand?post=8352"},{"taxonomy":"product_cat","embeddable":true,"href":"https:\/\/tuchundstoff.shop\/fr\/wp-json\/wp\/v2\/product_cat?post=8352"},{"taxonomy":"product_tag","embeddable":true,"href":"https:\/\/tuchundstoff.shop\/fr\/wp-json\/wp\/v2\/product_tag?post=8352"}],"curies":[{"name":"wp","href":"https:\/\/api.w.org\/{rel}","templated":true}]}}