{"id":8349,"date":"2020-03-19T17:37:03","date_gmt":"2020-03-19T16:37:03","guid":{"rendered":"https:\/\/tuchundstoff.de\/produkt\/tissu-330g-rm-vert-paprika\/"},"modified":"2026-04-12T02:11:41","modified_gmt":"2026-04-12T00:11:41","slug":"cloth-330g-rm-paprika-vert","status":"publish","type":"product","link":"https:\/\/tuchundstoff.shop\/fr\/produkt\/cloth-330g-rm-paprika-vert\/","title":{"rendered":"Tissu 330g\/rm vert paprika"},"content":{"rendered":"<p>Respirante, coupe-vent, anti-salet\u00e9 et am\u00e9tale<br \/>\n. Id\u00e9al pour les robes, car elle tombe doucement et ne fait pas trop chaud en \u00e9t\u00e9<br \/>\n. Robe nuisette chaude pour l\u2019hiver<br \/>\n. Id\u00e9ale pour pantalons, tuniques, vestes fines.<\/p>\n","protected":false},"excerpt":{"rendered":"<p>Prix avantageux \u00e0 partir de 5 m\u00e8tres lin\u00e9aires !<\/p>\n<p>Tissu l\u00e9ger, 100 % laine m\u00e9rinos, largeur de panneau 150 cm<\/p>\n","protected":false},"featured_media":7466,"comment_status":"open","ping_status":"closed","template":"","meta":{"ngg_post_thumbnail":0},"product_brand":[],"product_cat":[699,717,718],"product_tag":[1116,1443,1190,1444,1210,1459,1213,1460,1227,1495,1236,846,1242,1246,1112,1250,1114,1251,1115],"class_list":{"0":"post-8349","1":"product","2":"type-product","3":"status-publish","4":"has-post-thumbnail","6":"product_cat-laine","7":"product_cat-tissu-loden","8":"product_cat-leger","9":"product_tag-tunique","10":"product_tag-herjolfsnes-fr","11":"product_tag-laine","12":"product_tag-houppelande-fr","13":"product_tag-bliaut-fr","14":"product_tag-loden-fr-2","15":"product_tag-cotehardie-fr","16":"product_tag-tissage-simple","17":"product_tag-fenetre-de-lenfer","18":"product_tag-thorsberg-pantalons","19":"product_tag-peplos-fr","20":"product_tag-846","21":"product_tag-pantalon-rus","22":"product_tag-surcot-fr","23":"product_tag-pantalons","24":"product_tag-uniforme","25":"product_tag-tunique-legere","26":"product_tag-vilborg-fr","27":"product_tag-robe-a-bretelles","28":"pa_gewicht-330g-ml-220g-m-fr","29":"resize-featured-image","30":"sales-flash-overlay","31":"woocommerce-text-align-center","32":"woocommerce-image-align-center","33":"do-quantity-buttons","35":"first","36":"instock","37":"taxable","38":"shipping-taxable","39":"purchasable","40":"product-type-simple"},"yoast_head":"<!-- This site is optimized with the Yoast SEO plugin v27.2 - https:\/\/yoast.com\/product\/yoast-seo-wordpress\/ -->\n<title>Tissu 330g\/rm vert paprika - TuchundStoff<\/title>\n<meta name=\"description\" content=\"Tissu 330g\/rm vert paprika - Prix avantageux \u00e0 partir de 5 m\u00e8tres lin\u00e9aires ! Tissu l\u00e9ger, 100 % laine m\u00e9rinos, largeur de panneau 150 cm\" \/>\n<meta name=\"robots\" content=\"index, follow, max-snippet:-1, max-image-preview:large, max-video-preview:-1\" \/>\n<link rel=\"canonical\" href=\"https:\/\/tuchundstoff.shop\/fr\/produkt\/cloth-330g-rm-paprika-vert\/\" \/>\n<meta property=\"og:locale\" content=\"fr_FR\" \/>\n<meta property=\"og:type\" content=\"article\" \/>\n<meta property=\"og:title\" content=\"Tissu 330g\/rm vert paprika - TuchundStoff\" \/>\n<meta property=\"og:description\" content=\"Tissu 330g\/rm vert paprika - Prix avantageux \u00e0 partir de 5 m\u00e8tres lin\u00e9aires ! Tissu l\u00e9ger, 100 % laine m\u00e9rinos, largeur de panneau 150 cm\" \/>\n<meta property=\"og:url\" content=\"https:\/\/tuchundstoff.shop\/fr\/produkt\/cloth-330g-rm-paprika-vert\/\" \/>\n<meta property=\"og:site_name\" content=\"TuchundStoff\" \/>\n<meta property=\"article:modified_time\" content=\"2026-04-12T00:11:41+00:00\" \/>\n<meta property=\"og:image\" content=\"https:\/\/tuchundstoff.shop\/wp-content\/uploads\/2020\/03\/DSC_0538_4156-57170.jpg\" \/>\n\t<meta property=\"og:image:width\" content=\"1200\" \/>\n\t<meta property=\"og:image:height\" content=\"1200\" \/>\n\t<meta property=\"og:image:type\" content=\"image\/jpeg\" \/>\n<script type=\"application\/ld+json\" class=\"yoast-schema-graph\">{\"@context\":\"https:\/\/schema.org\",\"@graph\":[{\"@type\":\"WebPage\",\"@id\":\"https:\/\/tuchundstoff.shop\/fr\/produkt\/cloth-330g-rm-paprika-vert\/\",\"url\":\"https:\/\/tuchundstoff.shop\/fr\/produkt\/cloth-330g-rm-paprika-vert\/\",\"name\":\"Tissu 330g\/rm vert paprika - TuchundStoff\",\"isPartOf\":{\"@id\":\"https:\/\/tuchundstoff.shop\/#website\"},\"primaryImageOfPage\":{\"@id\":\"https:\/\/tuchundstoff.shop\/fr\/produkt\/cloth-330g-rm-paprika-vert\/#primaryimage\"},\"image\":{\"@id\":\"https:\/\/tuchundstoff.shop\/fr\/produkt\/cloth-330g-rm-paprika-vert\/#primaryimage\"},\"thumbnailUrl\":\"https:\/\/tuchundstoff.shop\/wp-content\/uploads\/2020\/03\/DSC_0538_4156-57170.jpg\",\"datePublished\":\"2020-03-19T16:37:03+00:00\",\"dateModified\":\"2026-04-12T00:11:41+00:00\",\"description\":\"Tissu 330g\/rm vert paprika - Prix avantageux \u00e0 partir de 5 m\u00e8tres lin\u00e9aires ! Tissu l\u00e9ger, 100 % laine m\u00e9rinos, largeur de panneau 150 cm\",\"breadcrumb\":{\"@id\":\"https:\/\/tuchundstoff.shop\/fr\/produkt\/cloth-330g-rm-paprika-vert\/#breadcrumb\"},\"inLanguage\":\"fr-FR\",\"potentialAction\":[{\"@type\":\"ReadAction\",\"target\":[\"https:\/\/tuchundstoff.shop\/fr\/produkt\/cloth-330g-rm-paprika-vert\/\"]}]},{\"@type\":\"ImageObject\",\"inLanguage\":\"fr-FR\",\"@id\":\"https:\/\/tuchundstoff.shop\/fr\/produkt\/cloth-330g-rm-paprika-vert\/#primaryimage\",\"url\":\"https:\/\/tuchundstoff.shop\/wp-content\/uploads\/2020\/03\/DSC_0538_4156-57170.jpg\",\"contentUrl\":\"https:\/\/tuchundstoff.shop\/wp-content\/uploads\/2020\/03\/DSC_0538_4156-57170.jpg\",\"width\":1200,\"height\":1200,\"caption\":\"4156\/57170\"},{\"@type\":\"BreadcrumbList\",\"@id\":\"https:\/\/tuchundstoff.shop\/fr\/produkt\/cloth-330g-rm-paprika-vert\/#breadcrumb\",\"itemListElement\":[{\"@type\":\"ListItem\",\"position\":1,\"name\":\"Startseite\",\"item\":\"https:\/\/tuchundstoff.shop\/fr\/des-tissus-de-qualite-pour-une-mode-contemporaine-et-une-histoire-vecue-100-naturel\/\"},{\"@type\":\"ListItem\",\"position\":2,\"name\":\"Boutique\",\"item\":\"https:\/\/tuchundstoff.shop\/fr\/boutique\/\"},{\"@type\":\"ListItem\",\"position\":3,\"name\":\"Tissu 330g\/rm vert paprika\"}]},{\"@type\":\"WebSite\",\"@id\":\"https:\/\/tuchundstoff.shop\/#website\",\"url\":\"https:\/\/tuchundstoff.shop\/\",\"name\":\"TuchundStoff\",\"description\":\"Qualit\u00e4tsstoffe f\u00fcr zeitgen\u00f6ssische Mode und gelebte Geschichte \u2013 100% Natur\",\"publisher\":{\"@id\":\"https:\/\/tuchundstoff.shop\/#organization\"},\"potentialAction\":[{\"@type\":\"SearchAction\",\"target\":{\"@type\":\"EntryPoint\",\"urlTemplate\":\"https:\/\/tuchundstoff.shop\/?s={search_term_string}\"},\"query-input\":{\"@type\":\"PropertyValueSpecification\",\"valueRequired\":true,\"valueName\":\"search_term_string\"}}],\"inLanguage\":\"fr-FR\"},{\"@type\":\"Organization\",\"@id\":\"https:\/\/tuchundstoff.shop\/#organization\",\"name\":\"TuchundStoff\",\"url\":\"https:\/\/tuchundstoff.shop\/\",\"logo\":{\"@type\":\"ImageObject\",\"inLanguage\":\"fr-FR\",\"@id\":\"https:\/\/tuchundstoff.shop\/#\/schema\/logo\/image\/\",\"url\":\"https:\/\/tuchundstoff.shop\/wp-content\/uploads\/2021\/11\/Tus-Logo22-QfA-shop-V2-1.png\",\"contentUrl\":\"https:\/\/tuchundstoff.shop\/wp-content\/uploads\/2021\/11\/Tus-Logo22-QfA-shop-V2-1.png\",\"width\":485,\"height\":110,\"caption\":\"TuchundStoff\"},\"image\":{\"@id\":\"https:\/\/tuchundstoff.shop\/#\/schema\/logo\/image\/\"}}]}<\/script>\n<!-- \/ Yoast SEO plugin. -->","yoast_head_json":{"title":"Tissu 330g\/rm vert paprika - TuchundStoff","description":"Tissu 330g\/rm vert paprika - Prix avantageux \u00e0 partir de 5 m\u00e8tres lin\u00e9aires ! Tissu l\u00e9ger, 100 % laine m\u00e9rinos, largeur de panneau 150 cm","robots":{"index":"index","follow":"follow","max-snippet":"max-snippet:-1","max-image-preview":"max-image-preview:large","max-video-preview":"max-video-preview:-1"},"canonical":"https:\/\/tuchundstoff.shop\/fr\/produkt\/cloth-330g-rm-paprika-vert\/","og_locale":"fr_FR","og_type":"article","og_title":"Tissu 330g\/rm vert paprika - TuchundStoff","og_description":"Tissu 330g\/rm vert paprika - Prix avantageux \u00e0 partir de 5 m\u00e8tres lin\u00e9aires ! Tissu l\u00e9ger, 100 % laine m\u00e9rinos, largeur de panneau 150 cm","og_url":"https:\/\/tuchundstoff.shop\/fr\/produkt\/cloth-330g-rm-paprika-vert\/","og_site_name":"TuchundStoff","article_modified_time":"2026-04-12T00:11:41+00:00","og_image":[{"width":1200,"height":1200,"url":"https:\/\/tuchundstoff.shop\/wp-content\/uploads\/2020\/03\/DSC_0538_4156-57170.jpg","type":"image\/jpeg"}],"schema":{"@context":"https:\/\/schema.org","@graph":[{"@type":"WebPage","@id":"https:\/\/tuchundstoff.shop\/fr\/produkt\/cloth-330g-rm-paprika-vert\/","url":"https:\/\/tuchundstoff.shop\/fr\/produkt\/cloth-330g-rm-paprika-vert\/","name":"Tissu 330g\/rm vert paprika - TuchundStoff","isPartOf":{"@id":"https:\/\/tuchundstoff.shop\/#website"},"primaryImageOfPage":{"@id":"https:\/\/tuchundstoff.shop\/fr\/produkt\/cloth-330g-rm-paprika-vert\/#primaryimage"},"image":{"@id":"https:\/\/tuchundstoff.shop\/fr\/produkt\/cloth-330g-rm-paprika-vert\/#primaryimage"},"thumbnailUrl":"https:\/\/tuchundstoff.shop\/wp-content\/uploads\/2020\/03\/DSC_0538_4156-57170.jpg","datePublished":"2020-03-19T16:37:03+00:00","dateModified":"2026-04-12T00:11:41+00:00","description":"Tissu 330g\/rm vert paprika - Prix avantageux \u00e0 partir de 5 m\u00e8tres lin\u00e9aires ! Tissu l\u00e9ger, 100 % laine m\u00e9rinos, largeur de panneau 150 cm","breadcrumb":{"@id":"https:\/\/tuchundstoff.shop\/fr\/produkt\/cloth-330g-rm-paprika-vert\/#breadcrumb"},"inLanguage":"fr-FR","potentialAction":[{"@type":"ReadAction","target":["https:\/\/tuchundstoff.shop\/fr\/produkt\/cloth-330g-rm-paprika-vert\/"]}]},{"@type":"ImageObject","inLanguage":"fr-FR","@id":"https:\/\/tuchundstoff.shop\/fr\/produkt\/cloth-330g-rm-paprika-vert\/#primaryimage","url":"https:\/\/tuchundstoff.shop\/wp-content\/uploads\/2020\/03\/DSC_0538_4156-57170.jpg","contentUrl":"https:\/\/tuchundstoff.shop\/wp-content\/uploads\/2020\/03\/DSC_0538_4156-57170.jpg","width":1200,"height":1200,"caption":"4156\/57170"},{"@type":"BreadcrumbList","@id":"https:\/\/tuchundstoff.shop\/fr\/produkt\/cloth-330g-rm-paprika-vert\/#breadcrumb","itemListElement":[{"@type":"ListItem","position":1,"name":"Startseite","item":"https:\/\/tuchundstoff.shop\/fr\/des-tissus-de-qualite-pour-une-mode-contemporaine-et-une-histoire-vecue-100-naturel\/"},{"@type":"ListItem","position":2,"name":"Boutique","item":"https:\/\/tuchundstoff.shop\/fr\/boutique\/"},{"@type":"ListItem","position":3,"name":"Tissu 330g\/rm vert paprika"}]},{"@type":"WebSite","@id":"https:\/\/tuchundstoff.shop\/#website","url":"https:\/\/tuchundstoff.shop\/","name":"TuchundStoff","description":"Qualit\u00e4tsstoffe f\u00fcr zeitgen\u00f6ssische Mode und gelebte Geschichte \u2013 100% Natur","publisher":{"@id":"https:\/\/tuchundstoff.shop\/#organization"},"potentialAction":[{"@type":"SearchAction","target":{"@type":"EntryPoint","urlTemplate":"https:\/\/tuchundstoff.shop\/?s={search_term_string}"},"query-input":{"@type":"PropertyValueSpecification","valueRequired":true,"valueName":"search_term_string"}}],"inLanguage":"fr-FR"},{"@type":"Organization","@id":"https:\/\/tuchundstoff.shop\/#organization","name":"TuchundStoff","url":"https:\/\/tuchundstoff.shop\/","logo":{"@type":"ImageObject","inLanguage":"fr-FR","@id":"https:\/\/tuchundstoff.shop\/#\/schema\/logo\/image\/","url":"https:\/\/tuchundstoff.shop\/wp-content\/uploads\/2021\/11\/Tus-Logo22-QfA-shop-V2-1.png","contentUrl":"https:\/\/tuchundstoff.shop\/wp-content\/uploads\/2021\/11\/Tus-Logo22-QfA-shop-V2-1.png","width":485,"height":110,"caption":"TuchundStoff"},"image":{"@id":"https:\/\/tuchundstoff.shop\/#\/schema\/logo\/image\/"}}]}},"_links":{"self":[{"href":"https:\/\/tuchundstoff.shop\/fr\/wp-json\/wp\/v2\/product\/8349","targetHints":{"allow":["GET"]}}],"collection":[{"href":"https:\/\/tuchundstoff.shop\/fr\/wp-json\/wp\/v2\/product"}],"about":[{"href":"https:\/\/tuchundstoff.shop\/fr\/wp-json\/wp\/v2\/types\/product"}],"replies":[{"embeddable":true,"href":"https:\/\/tuchundstoff.shop\/fr\/wp-json\/wp\/v2\/comments?post=8349"}],"wp:featuredmedia":[{"embeddable":true,"href":"https:\/\/tuchundstoff.shop\/fr\/wp-json\/wp\/v2\/media\/7466"}],"wp:attachment":[{"href":"https:\/\/tuchundstoff.shop\/fr\/wp-json\/wp\/v2\/media?parent=8349"}],"wp:term":[{"taxonomy":"product_brand","embeddable":true,"href":"https:\/\/tuchundstoff.shop\/fr\/wp-json\/wp\/v2\/product_brand?post=8349"},{"taxonomy":"product_cat","embeddable":true,"href":"https:\/\/tuchundstoff.shop\/fr\/wp-json\/wp\/v2\/product_cat?post=8349"},{"taxonomy":"product_tag","embeddable":true,"href":"https:\/\/tuchundstoff.shop\/fr\/wp-json\/wp\/v2\/product_tag?post=8349"}],"curies":[{"name":"wp","href":"https:\/\/api.w.org\/{rel}","templated":true}]}}