{"id":8345,"date":"2020-03-19T17:45:10","date_gmt":"2020-03-19T16:45:10","guid":{"rendered":"https:\/\/tuchundstoff.de\/produkt\/tissu-loden-330g-rm-bleu-baie-tachete\/"},"modified":"2026-04-12T02:09:21","modified_gmt":"2026-04-12T00:09:21","slug":"tissu-loden-330g-rm-bleu-fonce-en-bouteille","status":"publish","type":"product","link":"https:\/\/tuchundstoff.shop\/fr\/produkt\/tissu-loden-330g-rm-bleu-fonce-en-bouteille\/","title":{"rendered":"Tissu loden 330g\/rm bleu baie tachet\u00e9"},"content":{"rendered":"<p>Loden en tissu l\u00e9ger, 100 % laine m\u00e9rinos, 330g\/m.m., largeur 150cm<br \/>\nRespirant, coupe-vent, anti-salet\u00e9<\/p>\n<p>et r\u00e9sistant \u00e0 l\u2019eau Id\u00e9al pour les robes, car elle tombe doucement et n\u2019est pas trop chaude en \u00e9t\u00e9<br \/>\nRobe de dessous chaude pour l\u2019hiver<br \/>\nId\u00e9al pour pantalons, tuniques, vestes fines<\/p>\n","protected":false},"excerpt":{"rendered":"<p>Prix avantageux \u00e0 partir de 5 m\u00e8tres lin\u00e9aires !<\/p>\n<p>Loden en tissu l\u00e9ger, 100 % laine m\u00e9rinos, 330g\/m.m., largeur 150cm<\/p>\n","protected":false},"featured_media":7472,"comment_status":"open","ping_status":"closed","template":"","meta":{"_seopress_robots_primary_cat":"0","_seopress_titles_title":"","_seopress_titles_desc":"","_seopress_robots_index":"","ngg_post_thumbnail":0},"product_brand":[],"product_cat":[718,699,717],"product_tag":[1210,1459,1213,1460,1227,1495,848,1236,1242,1112,1246,1113,1251,1114,1115,1116,1443,1190,1444],"class_list":{"0":"post-8345","1":"product","2":"type-product","3":"status-publish","4":"has-post-thumbnail","6":"product_cat-leger","7":"product_cat-laine","8":"product_cat-tissu-loden","9":"product_tag-bliaut-fr","10":"product_tag-loden-fr-2","11":"product_tag-cotehardie-fr","12":"product_tag-tissage-simple","13":"product_tag-fenetre-de-lenfer","14":"product_tag-thorsberg-pantalons","15":"product_tag-dress-fr","16":"product_tag-peplos-fr","17":"product_tag-pantalon-rus","18":"product_tag-pantalons","19":"product_tag-surcot-fr","20":"product_tag-veste","21":"product_tag-vilborg-fr","22":"product_tag-tunique-legere","23":"product_tag-robe-a-bretelles","24":"product_tag-tunique","25":"product_tag-herjolfsnes-fr","26":"product_tag-laine","27":"product_tag-houppelande-fr","28":"pa_gewicht-330g-ml-220g-m-fr","29":"resize-featured-image","30":"sales-flash-overlay","31":"woocommerce-text-align-center","32":"woocommerce-image-align-center","33":"do-quantity-buttons","35":"first","36":"outofstock","37":"taxable","38":"shipping-taxable","39":"purchasable","40":"product-type-simple"},"_links":{"self":[{"href":"https:\/\/tuchundstoff.shop\/fr\/wp-json\/wp\/v2\/product\/8345","targetHints":{"allow":["GET"]}}],"collection":[{"href":"https:\/\/tuchundstoff.shop\/fr\/wp-json\/wp\/v2\/product"}],"about":[{"href":"https:\/\/tuchundstoff.shop\/fr\/wp-json\/wp\/v2\/types\/product"}],"replies":[{"embeddable":true,"href":"https:\/\/tuchundstoff.shop\/fr\/wp-json\/wp\/v2\/comments?post=8345"}],"wp:featuredmedia":[{"embeddable":true,"href":"https:\/\/tuchundstoff.shop\/fr\/wp-json\/wp\/v2\/media\/7472"}],"wp:attachment":[{"href":"https:\/\/tuchundstoff.shop\/fr\/wp-json\/wp\/v2\/media?parent=8345"}],"wp:term":[{"taxonomy":"product_brand","embeddable":true,"href":"https:\/\/tuchundstoff.shop\/fr\/wp-json\/wp\/v2\/product_brand?post=8345"},{"taxonomy":"product_cat","embeddable":true,"href":"https:\/\/tuchundstoff.shop\/fr\/wp-json\/wp\/v2\/product_cat?post=8345"},{"taxonomy":"product_tag","embeddable":true,"href":"https:\/\/tuchundstoff.shop\/fr\/wp-json\/wp\/v2\/product_tag?post=8345"}],"curies":[{"name":"wp","href":"https:\/\/api.w.org\/{rel}","templated":true}]}}