{"id":8195,"date":"2020-02-26T17:18:42","date_gmt":"2020-02-26T16:18:42","guid":{"rendered":"https:\/\/tuchundstoff.de\/produkt\/serge-diagonal-de-laine-vierge-legerement-tachete-dolive\/"},"modified":"2026-04-12T02:11:27","modified_gmt":"2026-04-12T00:11:27","slug":"diagonal-keeper-virgin-wool-light-olive","status":"publish","type":"product","link":"https:\/\/tuchundstoff.shop\/fr\/produkt\/diagonal-keeper-virgin-wool-light-olive\/","title":{"rendered":"Laine m\u00e9rinos en serg\u00e9 diagonale Olive p\u00e2le tachet\u00e9"},"content":{"rendered":"<p>Serg\u00e9 diagonal, 100% laine m\u00e9rinos, 360g\/lfm, largeur 150cm<br \/>\nPoids moyen, l&rsquo;armure serg\u00e9e assure une bonne extensibilit\u00e9.<br \/>\nId\u00e9al pour les pantalons, les tuniques l\u00e9g\u00e8res, etc.<\/p>\n","protected":false},"excerpt":{"rendered":"<p>Serg\u00e9 diagonal, laine<br \/>\nvierge 100 % Shetland 360g\/m.m., largeur 150cm<\/p>\n","protected":false},"featured_media":7682,"comment_status":"open","ping_status":"closed","template":"","meta":{"_seopress_robots_primary_cat":"0","_seopress_titles_title":"","_seopress_titles_desc":"","_seopress_robots_index":"","ngg_post_thumbnail":0},"product_brand":[],"product_cat":[699,703],"product_tag":[1112,1994,1116,1181,1182,1183,1186,1190],"class_list":{"0":"post-8195","1":"product","2":"type-product","3":"status-publish","4":"has-post-thumbnail","6":"product_cat-laine","7":"product_cat-serge-diagonal","8":"product_tag-pantalons","9":"product_tag-laine-merinos","10":"product_tag-tunique","11":"product_tag-2-2-fr","12":"product_tag-serge-diagonal","13":"product_tag-k2-2-fr","14":"product_tag-diagonal","15":"product_tag-laine","16":"pa_gewicht-360g-lfm-240g-m-fr","17":"resize-featured-image","18":"sales-flash-overlay","19":"woocommerce-text-align-center","20":"woocommerce-image-align-center","21":"do-quantity-buttons","23":"first","24":"outofstock","25":"taxable","26":"shipping-taxable","27":"purchasable","28":"product-type-simple"},"_links":{"self":[{"href":"https:\/\/tuchundstoff.shop\/fr\/wp-json\/wp\/v2\/product\/8195","targetHints":{"allow":["GET"]}}],"collection":[{"href":"https:\/\/tuchundstoff.shop\/fr\/wp-json\/wp\/v2\/product"}],"about":[{"href":"https:\/\/tuchundstoff.shop\/fr\/wp-json\/wp\/v2\/types\/product"}],"replies":[{"embeddable":true,"href":"https:\/\/tuchundstoff.shop\/fr\/wp-json\/wp\/v2\/comments?post=8195"}],"wp:featuredmedia":[{"embeddable":true,"href":"https:\/\/tuchundstoff.shop\/fr\/wp-json\/wp\/v2\/media\/7682"}],"wp:attachment":[{"href":"https:\/\/tuchundstoff.shop\/fr\/wp-json\/wp\/v2\/media?parent=8195"}],"wp:term":[{"taxonomy":"product_brand","embeddable":true,"href":"https:\/\/tuchundstoff.shop\/fr\/wp-json\/wp\/v2\/product_brand?post=8195"},{"taxonomy":"product_cat","embeddable":true,"href":"https:\/\/tuchundstoff.shop\/fr\/wp-json\/wp\/v2\/product_cat?post=8195"},{"taxonomy":"product_tag","embeddable":true,"href":"https:\/\/tuchundstoff.shop\/fr\/wp-json\/wp\/v2\/product_tag?post=8195"}],"curies":[{"name":"wp","href":"https:\/\/api.w.org\/{rel}","templated":true}]}}