{"id":8191,"date":"2020-04-20T08:05:57","date_gmt":"2020-04-20T06:05:57","guid":{"rendered":"https:\/\/tuchundstoff.de\/produkt\/serge-diagonal-de-laine-vierge-tachete-de-mures\/"},"modified":"2026-04-12T02:05:46","modified_gmt":"2026-04-12T00:05:46","slug":"diagonal-keeper-virgin-wool-black-berry-mottled","status":"publish","type":"product","link":"https:\/\/tuchundstoff.shop\/fr\/produkt\/diagonal-keeper-virgin-wool-black-berry-mottled\/","title":{"rendered":"Serg\u00e9 diagonal laine m\u00e9rinos m\u00fbre chin\u00e9e"},"content":{"rendered":"<p>Serg\u00e9 diagonal, 100% laine m\u00e9rinos, 360g\/lfm, largeur 150cm<br \/>\nPoids moyen, l&rsquo;armure serg\u00e9e assure une bonne extensibilit\u00e9.<br \/>\nId\u00e9al pour les pantalons, les tuniques l\u00e9g\u00e8res, etc.<\/p>\n","protected":false},"excerpt":{"rendered":"<p>Prix avantageux \u00e0 partir de 5 m\u00e8tres lin\u00e9aires !<\/p>\n<p>Twill diagonal, 100% laine m\u00e9rinos<br \/>\n360g\/lfm, largeur 150cm<\/p>\n","protected":false},"featured_media":7675,"comment_status":"open","ping_status":"closed","template":"","meta":{"ngg_post_thumbnail":0},"product_brand":[],"product_cat":[699,703],"product_tag":[1186,1190,1994,1112,1116,1181,1182,1183],"class_list":{"0":"post-8191","1":"product","2":"type-product","3":"status-publish","4":"has-post-thumbnail","6":"product_cat-laine","7":"product_cat-serge-diagonal","8":"product_tag-diagonal","9":"product_tag-laine","10":"product_tag-laine-merinos","11":"product_tag-pantalons","12":"product_tag-tunique","13":"product_tag-2-2-fr","14":"product_tag-serge-diagonal","15":"product_tag-k2-2-fr","16":"pa_gewicht-360g-lfm-240g-m-fr","17":"resize-featured-image","18":"sales-flash-overlay","19":"woocommerce-text-align-center","20":"woocommerce-image-align-center","21":"do-quantity-buttons","23":"first","24":"outofstock","25":"taxable","26":"shipping-taxable","27":"purchasable","28":"product-type-simple"},"yoast_head":"<!-- This site is optimized with the Yoast SEO plugin v27.2 - https:\/\/yoast.com\/product\/yoast-seo-wordpress\/ -->\n<title>Serg\u00e9 diagonal laine m\u00e9rinos m\u00fbre chin\u00e9e - TuchundStoff<\/title>\n<meta name=\"description\" content=\"Serg\u00e9 diagonal laine m\u00e9rinos m\u00fbre chin\u00e9e - Prix avantageux \u00e0 partir de 5 m\u00e8tres lin\u00e9aires ! Twill diagonal, 100% laine m\u00e9rinos 360g\/lfm, largeur 150cm\" \/>\n<meta name=\"robots\" content=\"index, follow, max-snippet:-1, max-image-preview:large, max-video-preview:-1\" \/>\n<link rel=\"canonical\" href=\"https:\/\/tuchundstoff.shop\/fr\/produkt\/diagonal-keeper-virgin-wool-black-berry-mottled\/\" \/>\n<meta property=\"og:locale\" content=\"fr_FR\" \/>\n<meta property=\"og:type\" content=\"article\" \/>\n<meta property=\"og:title\" content=\"Serg\u00e9 diagonal laine m\u00e9rinos m\u00fbre chin\u00e9e - TuchundStoff\" \/>\n<meta property=\"og:description\" content=\"Serg\u00e9 diagonal laine m\u00e9rinos m\u00fbre chin\u00e9e - Prix avantageux \u00e0 partir de 5 m\u00e8tres lin\u00e9aires ! Twill diagonal, 100% laine m\u00e9rinos 360g\/lfm, largeur 150cm\" \/>\n<meta property=\"og:url\" content=\"https:\/\/tuchundstoff.shop\/fr\/produkt\/diagonal-keeper-virgin-wool-black-berry-mottled\/\" \/>\n<meta property=\"og:site_name\" content=\"TuchundStoff\" \/>\n<meta property=\"article:modified_time\" content=\"2026-04-12T00:05:46+00:00\" \/>\n<meta property=\"og:image\" content=\"https:\/\/tuchundstoff.shop\/wp-content\/uploads\/2020\/04\/DSC_1042_2418-342.jpg\" \/>\n\t<meta property=\"og:image:width\" content=\"1200\" \/>\n\t<meta property=\"og:image:height\" content=\"1200\" \/>\n\t<meta property=\"og:image:type\" content=\"image\/jpeg\" \/>\n<script type=\"application\/ld+json\" class=\"yoast-schema-graph\">{\"@context\":\"https:\/\/schema.org\",\"@graph\":[{\"@type\":\"WebPage\",\"@id\":\"https:\/\/tuchundstoff.shop\/fr\/produkt\/diagonal-keeper-virgin-wool-black-berry-mottled\/\",\"url\":\"https:\/\/tuchundstoff.shop\/fr\/produkt\/diagonal-keeper-virgin-wool-black-berry-mottled\/\",\"name\":\"Serg\u00e9 diagonal laine m\u00e9rinos m\u00fbre chin\u00e9e - TuchundStoff\",\"isPartOf\":{\"@id\":\"https:\/\/tuchundstoff.shop\/#website\"},\"primaryImageOfPage\":{\"@id\":\"https:\/\/tuchundstoff.shop\/fr\/produkt\/diagonal-keeper-virgin-wool-black-berry-mottled\/#primaryimage\"},\"image\":{\"@id\":\"https:\/\/tuchundstoff.shop\/fr\/produkt\/diagonal-keeper-virgin-wool-black-berry-mottled\/#primaryimage\"},\"thumbnailUrl\":\"https:\/\/tuchundstoff.shop\/wp-content\/uploads\/2020\/04\/DSC_1042_2418-342.jpg\",\"datePublished\":\"2020-04-20T06:05:57+00:00\",\"dateModified\":\"2026-04-12T00:05:46+00:00\",\"description\":\"Serg\u00e9 diagonal laine m\u00e9rinos m\u00fbre chin\u00e9e - Prix avantageux \u00e0 partir de 5 m\u00e8tres lin\u00e9aires ! Twill diagonal, 100% laine m\u00e9rinos 360g\/lfm, largeur 150cm\",\"breadcrumb\":{\"@id\":\"https:\/\/tuchundstoff.shop\/fr\/produkt\/diagonal-keeper-virgin-wool-black-berry-mottled\/#breadcrumb\"},\"inLanguage\":\"fr-FR\",\"potentialAction\":[{\"@type\":\"ReadAction\",\"target\":[\"https:\/\/tuchundstoff.shop\/fr\/produkt\/diagonal-keeper-virgin-wool-black-berry-mottled\/\"]}]},{\"@type\":\"ImageObject\",\"inLanguage\":\"fr-FR\",\"@id\":\"https:\/\/tuchundstoff.shop\/fr\/produkt\/diagonal-keeper-virgin-wool-black-berry-mottled\/#primaryimage\",\"url\":\"https:\/\/tuchundstoff.shop\/wp-content\/uploads\/2020\/04\/DSC_1042_2418-342.jpg\",\"contentUrl\":\"https:\/\/tuchundstoff.shop\/wp-content\/uploads\/2020\/04\/DSC_1042_2418-342.jpg\",\"width\":1200,\"height\":1200},{\"@type\":\"BreadcrumbList\",\"@id\":\"https:\/\/tuchundstoff.shop\/fr\/produkt\/diagonal-keeper-virgin-wool-black-berry-mottled\/#breadcrumb\",\"itemListElement\":[{\"@type\":\"ListItem\",\"position\":1,\"name\":\"Startseite\",\"item\":\"https:\/\/tuchundstoff.shop\/fr\/des-tissus-de-qualite-pour-une-mode-contemporaine-et-une-histoire-vecue-100-naturel\/\"},{\"@type\":\"ListItem\",\"position\":2,\"name\":\"Boutique\",\"item\":\"https:\/\/tuchundstoff.shop\/fr\/boutique\/\"},{\"@type\":\"ListItem\",\"position\":3,\"name\":\"Serg\u00e9 diagonal laine m\u00e9rinos m\u00fbre chin\u00e9e\"}]},{\"@type\":\"WebSite\",\"@id\":\"https:\/\/tuchundstoff.shop\/#website\",\"url\":\"https:\/\/tuchundstoff.shop\/\",\"name\":\"TuchundStoff\",\"description\":\"Qualit\u00e4tsstoffe f\u00fcr zeitgen\u00f6ssische Mode und gelebte Geschichte \u2013 100% Natur\",\"publisher\":{\"@id\":\"https:\/\/tuchundstoff.shop\/#organization\"},\"potentialAction\":[{\"@type\":\"SearchAction\",\"target\":{\"@type\":\"EntryPoint\",\"urlTemplate\":\"https:\/\/tuchundstoff.shop\/?s={search_term_string}\"},\"query-input\":{\"@type\":\"PropertyValueSpecification\",\"valueRequired\":true,\"valueName\":\"search_term_string\"}}],\"inLanguage\":\"fr-FR\"},{\"@type\":\"Organization\",\"@id\":\"https:\/\/tuchundstoff.shop\/#organization\",\"name\":\"TuchundStoff\",\"url\":\"https:\/\/tuchundstoff.shop\/\",\"logo\":{\"@type\":\"ImageObject\",\"inLanguage\":\"fr-FR\",\"@id\":\"https:\/\/tuchundstoff.shop\/#\/schema\/logo\/image\/\",\"url\":\"https:\/\/tuchundstoff.shop\/wp-content\/uploads\/2021\/11\/Tus-Logo22-QfA-shop-V2-1.png\",\"contentUrl\":\"https:\/\/tuchundstoff.shop\/wp-content\/uploads\/2021\/11\/Tus-Logo22-QfA-shop-V2-1.png\",\"width\":485,\"height\":110,\"caption\":\"TuchundStoff\"},\"image\":{\"@id\":\"https:\/\/tuchundstoff.shop\/#\/schema\/logo\/image\/\"}}]}<\/script>\n<!-- \/ Yoast SEO plugin. -->","yoast_head_json":{"title":"Serg\u00e9 diagonal laine m\u00e9rinos m\u00fbre chin\u00e9e - TuchundStoff","description":"Serg\u00e9 diagonal laine m\u00e9rinos m\u00fbre chin\u00e9e - Prix avantageux \u00e0 partir de 5 m\u00e8tres lin\u00e9aires ! Twill diagonal, 100% laine m\u00e9rinos 360g\/lfm, largeur 150cm","robots":{"index":"index","follow":"follow","max-snippet":"max-snippet:-1","max-image-preview":"max-image-preview:large","max-video-preview":"max-video-preview:-1"},"canonical":"https:\/\/tuchundstoff.shop\/fr\/produkt\/diagonal-keeper-virgin-wool-black-berry-mottled\/","og_locale":"fr_FR","og_type":"article","og_title":"Serg\u00e9 diagonal laine m\u00e9rinos m\u00fbre chin\u00e9e - TuchundStoff","og_description":"Serg\u00e9 diagonal laine m\u00e9rinos m\u00fbre chin\u00e9e - Prix avantageux \u00e0 partir de 5 m\u00e8tres lin\u00e9aires ! Twill diagonal, 100% laine m\u00e9rinos 360g\/lfm, largeur 150cm","og_url":"https:\/\/tuchundstoff.shop\/fr\/produkt\/diagonal-keeper-virgin-wool-black-berry-mottled\/","og_site_name":"TuchundStoff","article_modified_time":"2026-04-12T00:05:46+00:00","og_image":[{"width":1200,"height":1200,"url":"https:\/\/tuchundstoff.shop\/wp-content\/uploads\/2020\/04\/DSC_1042_2418-342.jpg","type":"image\/jpeg"}],"schema":{"@context":"https:\/\/schema.org","@graph":[{"@type":"WebPage","@id":"https:\/\/tuchundstoff.shop\/fr\/produkt\/diagonal-keeper-virgin-wool-black-berry-mottled\/","url":"https:\/\/tuchundstoff.shop\/fr\/produkt\/diagonal-keeper-virgin-wool-black-berry-mottled\/","name":"Serg\u00e9 diagonal laine m\u00e9rinos m\u00fbre chin\u00e9e - TuchundStoff","isPartOf":{"@id":"https:\/\/tuchundstoff.shop\/#website"},"primaryImageOfPage":{"@id":"https:\/\/tuchundstoff.shop\/fr\/produkt\/diagonal-keeper-virgin-wool-black-berry-mottled\/#primaryimage"},"image":{"@id":"https:\/\/tuchundstoff.shop\/fr\/produkt\/diagonal-keeper-virgin-wool-black-berry-mottled\/#primaryimage"},"thumbnailUrl":"https:\/\/tuchundstoff.shop\/wp-content\/uploads\/2020\/04\/DSC_1042_2418-342.jpg","datePublished":"2020-04-20T06:05:57+00:00","dateModified":"2026-04-12T00:05:46+00:00","description":"Serg\u00e9 diagonal laine m\u00e9rinos m\u00fbre chin\u00e9e - Prix avantageux \u00e0 partir de 5 m\u00e8tres lin\u00e9aires ! Twill diagonal, 100% laine m\u00e9rinos 360g\/lfm, largeur 150cm","breadcrumb":{"@id":"https:\/\/tuchundstoff.shop\/fr\/produkt\/diagonal-keeper-virgin-wool-black-berry-mottled\/#breadcrumb"},"inLanguage":"fr-FR","potentialAction":[{"@type":"ReadAction","target":["https:\/\/tuchundstoff.shop\/fr\/produkt\/diagonal-keeper-virgin-wool-black-berry-mottled\/"]}]},{"@type":"ImageObject","inLanguage":"fr-FR","@id":"https:\/\/tuchundstoff.shop\/fr\/produkt\/diagonal-keeper-virgin-wool-black-berry-mottled\/#primaryimage","url":"https:\/\/tuchundstoff.shop\/wp-content\/uploads\/2020\/04\/DSC_1042_2418-342.jpg","contentUrl":"https:\/\/tuchundstoff.shop\/wp-content\/uploads\/2020\/04\/DSC_1042_2418-342.jpg","width":1200,"height":1200},{"@type":"BreadcrumbList","@id":"https:\/\/tuchundstoff.shop\/fr\/produkt\/diagonal-keeper-virgin-wool-black-berry-mottled\/#breadcrumb","itemListElement":[{"@type":"ListItem","position":1,"name":"Startseite","item":"https:\/\/tuchundstoff.shop\/fr\/des-tissus-de-qualite-pour-une-mode-contemporaine-et-une-histoire-vecue-100-naturel\/"},{"@type":"ListItem","position":2,"name":"Boutique","item":"https:\/\/tuchundstoff.shop\/fr\/boutique\/"},{"@type":"ListItem","position":3,"name":"Serg\u00e9 diagonal laine m\u00e9rinos m\u00fbre chin\u00e9e"}]},{"@type":"WebSite","@id":"https:\/\/tuchundstoff.shop\/#website","url":"https:\/\/tuchundstoff.shop\/","name":"TuchundStoff","description":"Qualit\u00e4tsstoffe f\u00fcr zeitgen\u00f6ssische Mode und gelebte Geschichte \u2013 100% Natur","publisher":{"@id":"https:\/\/tuchundstoff.shop\/#organization"},"potentialAction":[{"@type":"SearchAction","target":{"@type":"EntryPoint","urlTemplate":"https:\/\/tuchundstoff.shop\/?s={search_term_string}"},"query-input":{"@type":"PropertyValueSpecification","valueRequired":true,"valueName":"search_term_string"}}],"inLanguage":"fr-FR"},{"@type":"Organization","@id":"https:\/\/tuchundstoff.shop\/#organization","name":"TuchundStoff","url":"https:\/\/tuchundstoff.shop\/","logo":{"@type":"ImageObject","inLanguage":"fr-FR","@id":"https:\/\/tuchundstoff.shop\/#\/schema\/logo\/image\/","url":"https:\/\/tuchundstoff.shop\/wp-content\/uploads\/2021\/11\/Tus-Logo22-QfA-shop-V2-1.png","contentUrl":"https:\/\/tuchundstoff.shop\/wp-content\/uploads\/2021\/11\/Tus-Logo22-QfA-shop-V2-1.png","width":485,"height":110,"caption":"TuchundStoff"},"image":{"@id":"https:\/\/tuchundstoff.shop\/#\/schema\/logo\/image\/"}}]}},"_links":{"self":[{"href":"https:\/\/tuchundstoff.shop\/fr\/wp-json\/wp\/v2\/product\/8191","targetHints":{"allow":["GET"]}}],"collection":[{"href":"https:\/\/tuchundstoff.shop\/fr\/wp-json\/wp\/v2\/product"}],"about":[{"href":"https:\/\/tuchundstoff.shop\/fr\/wp-json\/wp\/v2\/types\/product"}],"replies":[{"embeddable":true,"href":"https:\/\/tuchundstoff.shop\/fr\/wp-json\/wp\/v2\/comments?post=8191"}],"wp:featuredmedia":[{"embeddable":true,"href":"https:\/\/tuchundstoff.shop\/fr\/wp-json\/wp\/v2\/media\/7675"}],"wp:attachment":[{"href":"https:\/\/tuchundstoff.shop\/fr\/wp-json\/wp\/v2\/media?parent=8191"}],"wp:term":[{"taxonomy":"product_brand","embeddable":true,"href":"https:\/\/tuchundstoff.shop\/fr\/wp-json\/wp\/v2\/product_brand?post=8191"},{"taxonomy":"product_cat","embeddable":true,"href":"https:\/\/tuchundstoff.shop\/fr\/wp-json\/wp\/v2\/product_cat?post=8191"},{"taxonomy":"product_tag","embeddable":true,"href":"https:\/\/tuchundstoff.shop\/fr\/wp-json\/wp\/v2\/product_tag?post=8191"}],"curies":[{"name":"wp","href":"https:\/\/api.w.org\/{rel}","templated":true}]}}