{"id":8145,"date":"2020-07-17T11:55:32","date_gmt":"2020-07-17T09:55:32","guid":{"rendered":"https:\/\/tuchundstoff.de\/produkt\/echantillons-gratuits-lire-la-description\/"},"modified":"2026-03-25T18:41:05","modified_gmt":"2026-03-25T17:41:05","slug":"echantillon-gratuit","status":"publish","type":"product","link":"https:\/\/tuchundstoff.shop\/fr\/produkt\/echantillon-gratuit\/","title":{"rendered":"Echantillons gratuits"},"content":{"rendered":"<p><strong>Conditions pour b\u00e9n\u00e9ficier de la livraison gratuite<\/strong><\/p>\n<p><strong>Pour votre projet<\/strong>, nous pouvons vous envoyer gratuitement des \u00e9chantillons de tissu de 6&#215;6 cm <strong>en quantit\u00e9 raisonnable<\/strong> (environ 8-10 \u00e9chantillons). Faites une pr\u00e9s\u00e9lection des couleurs \u00e0 l&rsquo;aide des photos dans la boutique, nous joindrons volontiers les \u00e9paisseurs appropri\u00e9es. <\/p>\n<p><strong>Voici comment faire :<\/strong><br \/>\nCliquez sur \u00ab\u00a0Ajouter au panier\u00a0\u00bb en haut de la page, puis allez \u00e0 la caisse et remplissez le formulaire. <em><strong>Important : \u00e9crivez dans le champ \u00ab\u00a0Remarques\u00a0\u00bb quels tissus et quelles couleurs vous int\u00e9ressent, la quantit\u00e9 n\u00e9cessaire et ce que vous comptez en faire.<\/strong><\/em> <span style=\"color: #993300;\"><strong>Sans ces informations, nous ne pouvons pas envoyer d&rsquo;\u00e9chantillons !<\/strong><\/span><\/p>\n<p><strong>Il n&rsquo;est pas possible d&rsquo;envoyer des \u00e9chantillons d&rsquo;Allen.  <\/strong>  Nous avons plusieurs centaines de tissus diff\u00e9rents en stock ! Pour les besoins professionnels, nous recommandons nos <a href=\"https:\/\/tuchundstoff.shop\/fr\/cat\u00e9gories-de-produits\/echantillons-bons-plus\/\">livres d&rsquo;\u00e9chantillons.<\/a> <\/p>\n","protected":false},"excerpt":{"rendered":"<p><strong>Conditions pr\u00e9alables voir description ci-dessous<br \/>\n<\/strong><\/p>\n","protected":false},"featured_media":10814,"comment_status":"open","ping_status":"closed","template":"","meta":{"ngg_post_thumbnail":0},"product_brand":[],"product_cat":[691,699,703,712,1574,715,717,1773,718,1778,719,720,721],"product_tag":[1235,1237,1473,2007,2008,2009],"class_list":{"0":"post-8145","1":"product","2":"type-product","3":"status-publish","4":"has-post-thumbnail","6":"product_cat-lin","7":"product_cat-laine","8":"product_cat-serge-diagonal","9":"product_cat-mousseline","10":"product_cat-melanges-de-fibres","11":"product_cat-nature-blanc","12":"product_cat-tissu-loden","13":"product_cat-echantillons-bons-plus","14":"product_cat-leger","15":"product_cat-encore-plus-de-textiles","16":"product_cat-moyen-leger","17":"product_cat-moyen-lourd","18":"product_cat-lourd","19":"product_tag-exemple","20":"product_tag-exemple-fr","21":"product_tag-sample-fr","22":"product_tag-swatches-fr","23":"product_tag-libre","24":"product_tag-gratuit","25":"product_shipping_class-envoi-dechantillons","26":"resize-featured-image","27":"sales-flash-overlay","28":"woocommerce-text-align-center","29":"woocommerce-image-align-center","30":"do-quantity-buttons","32":"first","33":"instock","34":"featured","35":"sold-individually","36":"purchasable","37":"product-type-simple"},"yoast_head":"<!-- This site is optimized with the Yoast SEO plugin v27.2 - https:\/\/yoast.com\/product\/yoast-seo-wordpress\/ -->\n<title>Echantillons gratuits - TuchundStoff<\/title>\n<meta name=\"description\" content=\"Echantillons gratuits - Conditions pr\u00e9alables voir description ci-dessous\" \/>\n<meta name=\"robots\" content=\"index, follow, max-snippet:-1, max-image-preview:large, max-video-preview:-1\" \/>\n<link rel=\"canonical\" href=\"https:\/\/tuchundstoff.shop\/fr\/produkt\/echantillon-gratuit\/\" \/>\n<meta property=\"og:locale\" content=\"fr_FR\" \/>\n<meta property=\"og:type\" content=\"article\" \/>\n<meta property=\"og:title\" content=\"Echantillons gratuits - TuchundStoff\" \/>\n<meta property=\"og:description\" content=\"Echantillons gratuits - Conditions pr\u00e9alables voir description ci-dessous\" \/>\n<meta property=\"og:url\" content=\"https:\/\/tuchundstoff.shop\/fr\/produkt\/echantillon-gratuit\/\" \/>\n<meta property=\"og:site_name\" content=\"TuchundStoff\" \/>\n<meta property=\"article:modified_time\" content=\"2026-03-25T17:41:05+00:00\" \/>\n<meta property=\"og:image\" content=\"https:\/\/tuchundstoff.shop\/wp-content\/uploads\/2020\/07\/DSC_0707_muster_quadrat-DE.jpg\" \/>\n\t<meta property=\"og:image:width\" content=\"1200\" \/>\n\t<meta property=\"og:image:height\" content=\"1200\" \/>\n\t<meta property=\"og:image:type\" content=\"image\/jpeg\" \/>\n<script type=\"application\/ld+json\" class=\"yoast-schema-graph\">{\"@context\":\"https:\/\/schema.org\",\"@graph\":[{\"@type\":\"WebPage\",\"@id\":\"https:\/\/tuchundstoff.shop\/fr\/produkt\/echantillon-gratuit\/\",\"url\":\"https:\/\/tuchundstoff.shop\/fr\/produkt\/echantillon-gratuit\/\",\"name\":\"Echantillons gratuits - TuchundStoff\",\"isPartOf\":{\"@id\":\"https:\/\/tuchundstoff.shop\/#website\"},\"primaryImageOfPage\":{\"@id\":\"https:\/\/tuchundstoff.shop\/fr\/produkt\/echantillon-gratuit\/#primaryimage\"},\"image\":{\"@id\":\"https:\/\/tuchundstoff.shop\/fr\/produkt\/echantillon-gratuit\/#primaryimage\"},\"thumbnailUrl\":\"https:\/\/tuchundstoff.shop\/wp-content\/uploads\/2020\/07\/DSC_0707_muster_quadrat-DE.jpg\",\"datePublished\":\"2020-07-17T09:55:32+00:00\",\"dateModified\":\"2026-03-25T17:41:05+00:00\",\"description\":\"Echantillons gratuits - Conditions pr\u00e9alables voir description ci-dessous\",\"breadcrumb\":{\"@id\":\"https:\/\/tuchundstoff.shop\/fr\/produkt\/echantillon-gratuit\/#breadcrumb\"},\"inLanguage\":\"fr-FR\",\"potentialAction\":[{\"@type\":\"ReadAction\",\"target\":[\"https:\/\/tuchundstoff.shop\/fr\/produkt\/echantillon-gratuit\/\"]}]},{\"@type\":\"ImageObject\",\"inLanguage\":\"fr-FR\",\"@id\":\"https:\/\/tuchundstoff.shop\/fr\/produkt\/echantillon-gratuit\/#primaryimage\",\"url\":\"https:\/\/tuchundstoff.shop\/wp-content\/uploads\/2020\/07\/DSC_0707_muster_quadrat-DE.jpg\",\"contentUrl\":\"https:\/\/tuchundstoff.shop\/wp-content\/uploads\/2020\/07\/DSC_0707_muster_quadrat-DE.jpg\",\"width\":1200,\"height\":1200,\"caption\":\"Kostenlose Muster\"},{\"@type\":\"BreadcrumbList\",\"@id\":\"https:\/\/tuchundstoff.shop\/fr\/produkt\/echantillon-gratuit\/#breadcrumb\",\"itemListElement\":[{\"@type\":\"ListItem\",\"position\":1,\"name\":\"Startseite\",\"item\":\"https:\/\/tuchundstoff.shop\/fr\/des-tissus-de-qualite-pour-une-mode-contemporaine-et-une-histoire-vecue-100-naturel\/\"},{\"@type\":\"ListItem\",\"position\":2,\"name\":\"Boutique\",\"item\":\"https:\/\/tuchundstoff.shop\/fr\/boutique\/\"},{\"@type\":\"ListItem\",\"position\":3,\"name\":\"Echantillons gratuits\"}]},{\"@type\":\"WebSite\",\"@id\":\"https:\/\/tuchundstoff.shop\/#website\",\"url\":\"https:\/\/tuchundstoff.shop\/\",\"name\":\"TuchundStoff\",\"description\":\"Qualit\u00e4tsstoffe f\u00fcr zeitgen\u00f6ssische Mode und gelebte Geschichte \u2013 100% Natur\",\"publisher\":{\"@id\":\"https:\/\/tuchundstoff.shop\/#organization\"},\"potentialAction\":[{\"@type\":\"SearchAction\",\"target\":{\"@type\":\"EntryPoint\",\"urlTemplate\":\"https:\/\/tuchundstoff.shop\/?s={search_term_string}\"},\"query-input\":{\"@type\":\"PropertyValueSpecification\",\"valueRequired\":true,\"valueName\":\"search_term_string\"}}],\"inLanguage\":\"fr-FR\"},{\"@type\":\"Organization\",\"@id\":\"https:\/\/tuchundstoff.shop\/#organization\",\"name\":\"TuchundStoff\",\"url\":\"https:\/\/tuchundstoff.shop\/\",\"logo\":{\"@type\":\"ImageObject\",\"inLanguage\":\"fr-FR\",\"@id\":\"https:\/\/tuchundstoff.shop\/#\/schema\/logo\/image\/\",\"url\":\"https:\/\/tuchundstoff.shop\/wp-content\/uploads\/2021\/11\/Tus-Logo22-QfA-shop-V2-1.png\",\"contentUrl\":\"https:\/\/tuchundstoff.shop\/wp-content\/uploads\/2021\/11\/Tus-Logo22-QfA-shop-V2-1.png\",\"width\":485,\"height\":110,\"caption\":\"TuchundStoff\"},\"image\":{\"@id\":\"https:\/\/tuchundstoff.shop\/#\/schema\/logo\/image\/\"}}]}<\/script>\n<!-- \/ Yoast SEO plugin. -->","yoast_head_json":{"title":"Echantillons gratuits - TuchundStoff","description":"Echantillons gratuits - Conditions pr\u00e9alables voir description ci-dessous","robots":{"index":"index","follow":"follow","max-snippet":"max-snippet:-1","max-image-preview":"max-image-preview:large","max-video-preview":"max-video-preview:-1"},"canonical":"https:\/\/tuchundstoff.shop\/fr\/produkt\/echantillon-gratuit\/","og_locale":"fr_FR","og_type":"article","og_title":"Echantillons gratuits - TuchundStoff","og_description":"Echantillons gratuits - Conditions pr\u00e9alables voir description ci-dessous","og_url":"https:\/\/tuchundstoff.shop\/fr\/produkt\/echantillon-gratuit\/","og_site_name":"TuchundStoff","article_modified_time":"2026-03-25T17:41:05+00:00","og_image":[{"width":1200,"height":1200,"url":"https:\/\/tuchundstoff.shop\/wp-content\/uploads\/2020\/07\/DSC_0707_muster_quadrat-DE.jpg","type":"image\/jpeg"}],"schema":{"@context":"https:\/\/schema.org","@graph":[{"@type":"WebPage","@id":"https:\/\/tuchundstoff.shop\/fr\/produkt\/echantillon-gratuit\/","url":"https:\/\/tuchundstoff.shop\/fr\/produkt\/echantillon-gratuit\/","name":"Echantillons gratuits - TuchundStoff","isPartOf":{"@id":"https:\/\/tuchundstoff.shop\/#website"},"primaryImageOfPage":{"@id":"https:\/\/tuchundstoff.shop\/fr\/produkt\/echantillon-gratuit\/#primaryimage"},"image":{"@id":"https:\/\/tuchundstoff.shop\/fr\/produkt\/echantillon-gratuit\/#primaryimage"},"thumbnailUrl":"https:\/\/tuchundstoff.shop\/wp-content\/uploads\/2020\/07\/DSC_0707_muster_quadrat-DE.jpg","datePublished":"2020-07-17T09:55:32+00:00","dateModified":"2026-03-25T17:41:05+00:00","description":"Echantillons gratuits - Conditions pr\u00e9alables voir description ci-dessous","breadcrumb":{"@id":"https:\/\/tuchundstoff.shop\/fr\/produkt\/echantillon-gratuit\/#breadcrumb"},"inLanguage":"fr-FR","potentialAction":[{"@type":"ReadAction","target":["https:\/\/tuchundstoff.shop\/fr\/produkt\/echantillon-gratuit\/"]}]},{"@type":"ImageObject","inLanguage":"fr-FR","@id":"https:\/\/tuchundstoff.shop\/fr\/produkt\/echantillon-gratuit\/#primaryimage","url":"https:\/\/tuchundstoff.shop\/wp-content\/uploads\/2020\/07\/DSC_0707_muster_quadrat-DE.jpg","contentUrl":"https:\/\/tuchundstoff.shop\/wp-content\/uploads\/2020\/07\/DSC_0707_muster_quadrat-DE.jpg","width":1200,"height":1200,"caption":"Kostenlose Muster"},{"@type":"BreadcrumbList","@id":"https:\/\/tuchundstoff.shop\/fr\/produkt\/echantillon-gratuit\/#breadcrumb","itemListElement":[{"@type":"ListItem","position":1,"name":"Startseite","item":"https:\/\/tuchundstoff.shop\/fr\/des-tissus-de-qualite-pour-une-mode-contemporaine-et-une-histoire-vecue-100-naturel\/"},{"@type":"ListItem","position":2,"name":"Boutique","item":"https:\/\/tuchundstoff.shop\/fr\/boutique\/"},{"@type":"ListItem","position":3,"name":"Echantillons gratuits"}]},{"@type":"WebSite","@id":"https:\/\/tuchundstoff.shop\/#website","url":"https:\/\/tuchundstoff.shop\/","name":"TuchundStoff","description":"Qualit\u00e4tsstoffe f\u00fcr zeitgen\u00f6ssische Mode und gelebte Geschichte \u2013 100% Natur","publisher":{"@id":"https:\/\/tuchundstoff.shop\/#organization"},"potentialAction":[{"@type":"SearchAction","target":{"@type":"EntryPoint","urlTemplate":"https:\/\/tuchundstoff.shop\/?s={search_term_string}"},"query-input":{"@type":"PropertyValueSpecification","valueRequired":true,"valueName":"search_term_string"}}],"inLanguage":"fr-FR"},{"@type":"Organization","@id":"https:\/\/tuchundstoff.shop\/#organization","name":"TuchundStoff","url":"https:\/\/tuchundstoff.shop\/","logo":{"@type":"ImageObject","inLanguage":"fr-FR","@id":"https:\/\/tuchundstoff.shop\/#\/schema\/logo\/image\/","url":"https:\/\/tuchundstoff.shop\/wp-content\/uploads\/2021\/11\/Tus-Logo22-QfA-shop-V2-1.png","contentUrl":"https:\/\/tuchundstoff.shop\/wp-content\/uploads\/2021\/11\/Tus-Logo22-QfA-shop-V2-1.png","width":485,"height":110,"caption":"TuchundStoff"},"image":{"@id":"https:\/\/tuchundstoff.shop\/#\/schema\/logo\/image\/"}}]}},"_links":{"self":[{"href":"https:\/\/tuchundstoff.shop\/fr\/wp-json\/wp\/v2\/product\/8145","targetHints":{"allow":["GET"]}}],"collection":[{"href":"https:\/\/tuchundstoff.shop\/fr\/wp-json\/wp\/v2\/product"}],"about":[{"href":"https:\/\/tuchundstoff.shop\/fr\/wp-json\/wp\/v2\/types\/product"}],"replies":[{"embeddable":true,"href":"https:\/\/tuchundstoff.shop\/fr\/wp-json\/wp\/v2\/comments?post=8145"}],"wp:featuredmedia":[{"embeddable":true,"href":"https:\/\/tuchundstoff.shop\/fr\/wp-json\/wp\/v2\/media\/10814"}],"wp:attachment":[{"href":"https:\/\/tuchundstoff.shop\/fr\/wp-json\/wp\/v2\/media?parent=8145"}],"wp:term":[{"taxonomy":"product_brand","embeddable":true,"href":"https:\/\/tuchundstoff.shop\/fr\/wp-json\/wp\/v2\/product_brand?post=8145"},{"taxonomy":"product_cat","embeddable":true,"href":"https:\/\/tuchundstoff.shop\/fr\/wp-json\/wp\/v2\/product_cat?post=8145"},{"taxonomy":"product_tag","embeddable":true,"href":"https:\/\/tuchundstoff.shop\/fr\/wp-json\/wp\/v2\/product_tag?post=8145"}],"curies":[{"name":"wp","href":"https:\/\/api.w.org\/{rel}","templated":true}]}}