{"id":8112,"date":"2020-10-17T18:20:25","date_gmt":"2020-10-17T16:20:25","guid":{"rendered":"https:\/\/tuchundstoff.de\/produkt\/vert-roseau-a-chevrons-vert-fjord-avec-jaune-safran-et-rouge-oiseau-510-g-rm\/"},"modified":"2025-02-04T20:59:48","modified_gmt":"2025-02-04T19:59:48","slug":"fishbone-checked-reed-green-fjord-green-with-saffron-yellow-and-bird-red-510-g-rm","status":"publish","type":"product","link":"https:\/\/tuchundstoff.shop\/fr\/produkt\/fishbone-checked-reed-green-fjord-green-with-saffron-yellow-and-bird-red-510-g-rm\/","title":{"rendered":"Vert roseau \u00e0 chevrons \/ vert fjord avec jaune safran et rouge oiseau 510 g\/rm"},"content":{"rendered":"<p>Convient parfaitement aux pantalons de toutes sortes, veste, robe, tunique l\u00e9g\u00e8re, peplos, pantalon Rus, surcot, pantalon Thorsberg, robe \u00e0 bretelles, tunique, Vilborg ect.<\/p>\n","protected":false},"excerpt":{"rendered":"<p>Harengbone \u00e0 carreaux vert roseau\/vert fjord avec jaune safran et rouge oiseau 510 g\/rm<\/p>\n","protected":false},"featured_media":7803,"comment_status":"open","ping_status":"closed","template":"","meta":{"ngg_post_thumbnail":0},"product_brand":[],"product_cat":[699,708,711,1778],"product_tag":[1184,1190,1443,1219,1495,1227,1236,1242,1244,1112,1251,1114,1115,1116],"class_list":{"0":"post-8112","1":"product","2":"type-product","3":"status-publish","4":"has-post-thumbnail","6":"product_cat-laine","7":"product_cat-herringbon-lacet","8":"product_cat-plaid","9":"product_cat-encore-plus-de-textiles","10":"product_tag-consultez-le-site","11":"product_tag-laine","12":"product_tag-herjolfsnes-fr","13":"product_tag-serge-drhombe","14":"product_tag-thorsberg-pantalons","15":"product_tag-fenetre-de-lenfer","16":"product_tag-peplos-fr","17":"product_tag-pantalon-rus","18":"product_tag-laine-vierge","19":"product_tag-pantalons","20":"product_tag-vilborg-fr","21":"product_tag-tunique-legere","22":"product_tag-robe-a-bretelles","23":"product_tag-tunique","24":"pa_gewicht-580g-ml-386g-m-2","25":"resize-featured-image","26":"sales-flash-overlay","27":"woocommerce-text-align-center","28":"woocommerce-image-align-center","29":"do-quantity-buttons","30":"wc-has-gallery","32":"first","33":"outofstock","34":"taxable","35":"shipping-taxable","36":"purchasable","37":"product-type-simple"},"yoast_head":"<!-- This site is optimized with the Yoast SEO plugin v27.2 - https:\/\/yoast.com\/product\/yoast-seo-wordpress\/ -->\n<title>Vert roseau \u00e0 chevrons \/ vert fjord avec jaune safran et rouge oiseau 510 g\/rm - TuchundStoff<\/title>\n<meta name=\"description\" content=\"Vert roseau \u00e0 chevrons \/ vert fjord avec jaune safran et rouge oiseau 510 g\/rm - Harengbone \u00e0 carreaux vert roseau\/vert fjord avec jaune safran et rouge oiseau 510 g\/rm\" \/>\n<meta name=\"robots\" content=\"index, follow, max-snippet:-1, max-image-preview:large, max-video-preview:-1\" \/>\n<link rel=\"canonical\" href=\"https:\/\/tuchundstoff.shop\/fr\/produkt\/fishbone-checked-reed-green-fjord-green-with-saffron-yellow-and-bird-red-510-g-rm\/\" \/>\n<meta property=\"og:locale\" content=\"fr_FR\" \/>\n<meta property=\"og:type\" content=\"article\" \/>\n<meta property=\"og:title\" content=\"Vert roseau \u00e0 chevrons \/ vert fjord avec jaune safran et rouge oiseau 510 g\/rm - TuchundStoff\" \/>\n<meta property=\"og:description\" content=\"Vert roseau \u00e0 chevrons \/ vert fjord avec jaune safran et rouge oiseau 510 g\/rm - Harengbone \u00e0 carreaux vert roseau\/vert fjord avec jaune safran et rouge oiseau 510 g\/rm\" \/>\n<meta property=\"og:url\" content=\"https:\/\/tuchundstoff.shop\/fr\/produkt\/fishbone-checked-reed-green-fjord-green-with-saffron-yellow-and-bird-red-510-g-rm\/\" \/>\n<meta property=\"og:site_name\" content=\"TuchundStoff\" \/>\n<meta property=\"article:modified_time\" content=\"2025-02-04T19:59:48+00:00\" \/>\n<meta property=\"og:image\" content=\"https:\/\/tuchundstoff.shop\/wp-content\/uploads\/2020\/10\/DSC_1304_SPM2444-K5-1.jpg\" \/>\n\t<meta property=\"og:image:width\" content=\"1200\" \/>\n\t<meta property=\"og:image:height\" content=\"1200\" \/>\n\t<meta property=\"og:image:type\" content=\"image\/jpeg\" \/>\n<script type=\"application\/ld+json\" class=\"yoast-schema-graph\">{\"@context\":\"https:\/\/schema.org\",\"@graph\":[{\"@type\":\"WebPage\",\"@id\":\"https:\/\/tuchundstoff.shop\/fr\/produkt\/fishbone-checked-reed-green-fjord-green-with-saffron-yellow-and-bird-red-510-g-rm\/\",\"url\":\"https:\/\/tuchundstoff.shop\/fr\/produkt\/fishbone-checked-reed-green-fjord-green-with-saffron-yellow-and-bird-red-510-g-rm\/\",\"name\":\"Vert roseau \u00e0 chevrons \/ vert fjord avec jaune safran et rouge oiseau 510 g\/rm - TuchundStoff\",\"isPartOf\":{\"@id\":\"https:\/\/tuchundstoff.shop\/#website\"},\"primaryImageOfPage\":{\"@id\":\"https:\/\/tuchundstoff.shop\/fr\/produkt\/fishbone-checked-reed-green-fjord-green-with-saffron-yellow-and-bird-red-510-g-rm\/#primaryimage\"},\"image\":{\"@id\":\"https:\/\/tuchundstoff.shop\/fr\/produkt\/fishbone-checked-reed-green-fjord-green-with-saffron-yellow-and-bird-red-510-g-rm\/#primaryimage\"},\"thumbnailUrl\":\"https:\/\/tuchundstoff.shop\/wp-content\/uploads\/2020\/10\/DSC_1304_SPM2444-K5-1.jpg\",\"datePublished\":\"2020-10-17T16:20:25+00:00\",\"dateModified\":\"2025-02-04T19:59:48+00:00\",\"description\":\"Vert roseau \u00e0 chevrons \/ vert fjord avec jaune safran et rouge oiseau 510 g\/rm - Harengbone \u00e0 carreaux vert roseau\/vert fjord avec jaune safran et rouge oiseau 510 g\/rm\",\"breadcrumb\":{\"@id\":\"https:\/\/tuchundstoff.shop\/fr\/produkt\/fishbone-checked-reed-green-fjord-green-with-saffron-yellow-and-bird-red-510-g-rm\/#breadcrumb\"},\"inLanguage\":\"fr-FR\",\"potentialAction\":[{\"@type\":\"ReadAction\",\"target\":[\"https:\/\/tuchundstoff.shop\/fr\/produkt\/fishbone-checked-reed-green-fjord-green-with-saffron-yellow-and-bird-red-510-g-rm\/\"]}]},{\"@type\":\"ImageObject\",\"inLanguage\":\"fr-FR\",\"@id\":\"https:\/\/tuchundstoff.shop\/fr\/produkt\/fishbone-checked-reed-green-fjord-green-with-saffron-yellow-and-bird-red-510-g-rm\/#primaryimage\",\"url\":\"https:\/\/tuchundstoff.shop\/wp-content\/uploads\/2020\/10\/DSC_1304_SPM2444-K5-1.jpg\",\"contentUrl\":\"https:\/\/tuchundstoff.shop\/wp-content\/uploads\/2020\/10\/DSC_1304_SPM2444-K5-1.jpg\",\"width\":1200,\"height\":1200},{\"@type\":\"BreadcrumbList\",\"@id\":\"https:\/\/tuchundstoff.shop\/fr\/produkt\/fishbone-checked-reed-green-fjord-green-with-saffron-yellow-and-bird-red-510-g-rm\/#breadcrumb\",\"itemListElement\":[{\"@type\":\"ListItem\",\"position\":1,\"name\":\"Startseite\",\"item\":\"https:\/\/tuchundstoff.shop\/fr\/des-tissus-de-qualite-pour-une-mode-contemporaine-et-une-histoire-vecue-100-naturel\/\"},{\"@type\":\"ListItem\",\"position\":2,\"name\":\"Boutique\",\"item\":\"https:\/\/tuchundstoff.shop\/fr\/boutique\/\"},{\"@type\":\"ListItem\",\"position\":3,\"name\":\"Vert roseau \u00e0 chevrons \/ vert fjord avec jaune safran et rouge oiseau 510 g\/rm\"}]},{\"@type\":\"WebSite\",\"@id\":\"https:\/\/tuchundstoff.shop\/#website\",\"url\":\"https:\/\/tuchundstoff.shop\/\",\"name\":\"TuchundStoff\",\"description\":\"Qualit\u00e4tsstoffe f\u00fcr zeitgen\u00f6ssische Mode und gelebte Geschichte \u2013 100% Natur\",\"publisher\":{\"@id\":\"https:\/\/tuchundstoff.shop\/#organization\"},\"potentialAction\":[{\"@type\":\"SearchAction\",\"target\":{\"@type\":\"EntryPoint\",\"urlTemplate\":\"https:\/\/tuchundstoff.shop\/?s={search_term_string}\"},\"query-input\":{\"@type\":\"PropertyValueSpecification\",\"valueRequired\":true,\"valueName\":\"search_term_string\"}}],\"inLanguage\":\"fr-FR\"},{\"@type\":\"Organization\",\"@id\":\"https:\/\/tuchundstoff.shop\/#organization\",\"name\":\"TuchundStoff\",\"url\":\"https:\/\/tuchundstoff.shop\/\",\"logo\":{\"@type\":\"ImageObject\",\"inLanguage\":\"fr-FR\",\"@id\":\"https:\/\/tuchundstoff.shop\/#\/schema\/logo\/image\/\",\"url\":\"https:\/\/tuchundstoff.shop\/wp-content\/uploads\/2021\/11\/Tus-Logo22-QfA-shop-V2-1.png\",\"contentUrl\":\"https:\/\/tuchundstoff.shop\/wp-content\/uploads\/2021\/11\/Tus-Logo22-QfA-shop-V2-1.png\",\"width\":485,\"height\":110,\"caption\":\"TuchundStoff\"},\"image\":{\"@id\":\"https:\/\/tuchundstoff.shop\/#\/schema\/logo\/image\/\"}}]}<\/script>\n<!-- \/ Yoast SEO plugin. -->","yoast_head_json":{"title":"Vert roseau \u00e0 chevrons \/ vert fjord avec jaune safran et rouge oiseau 510 g\/rm - TuchundStoff","description":"Vert roseau \u00e0 chevrons \/ vert fjord avec jaune safran et rouge oiseau 510 g\/rm - Harengbone \u00e0 carreaux vert roseau\/vert fjord avec jaune safran et rouge oiseau 510 g\/rm","robots":{"index":"index","follow":"follow","max-snippet":"max-snippet:-1","max-image-preview":"max-image-preview:large","max-video-preview":"max-video-preview:-1"},"canonical":"https:\/\/tuchundstoff.shop\/fr\/produkt\/fishbone-checked-reed-green-fjord-green-with-saffron-yellow-and-bird-red-510-g-rm\/","og_locale":"fr_FR","og_type":"article","og_title":"Vert roseau \u00e0 chevrons \/ vert fjord avec jaune safran et rouge oiseau 510 g\/rm - TuchundStoff","og_description":"Vert roseau \u00e0 chevrons \/ vert fjord avec jaune safran et rouge oiseau 510 g\/rm - Harengbone \u00e0 carreaux vert roseau\/vert fjord avec jaune safran et rouge oiseau 510 g\/rm","og_url":"https:\/\/tuchundstoff.shop\/fr\/produkt\/fishbone-checked-reed-green-fjord-green-with-saffron-yellow-and-bird-red-510-g-rm\/","og_site_name":"TuchundStoff","article_modified_time":"2025-02-04T19:59:48+00:00","og_image":[{"width":1200,"height":1200,"url":"https:\/\/tuchundstoff.shop\/wp-content\/uploads\/2020\/10\/DSC_1304_SPM2444-K5-1.jpg","type":"image\/jpeg"}],"schema":{"@context":"https:\/\/schema.org","@graph":[{"@type":"WebPage","@id":"https:\/\/tuchundstoff.shop\/fr\/produkt\/fishbone-checked-reed-green-fjord-green-with-saffron-yellow-and-bird-red-510-g-rm\/","url":"https:\/\/tuchundstoff.shop\/fr\/produkt\/fishbone-checked-reed-green-fjord-green-with-saffron-yellow-and-bird-red-510-g-rm\/","name":"Vert roseau \u00e0 chevrons \/ vert fjord avec jaune safran et rouge oiseau 510 g\/rm - TuchundStoff","isPartOf":{"@id":"https:\/\/tuchundstoff.shop\/#website"},"primaryImageOfPage":{"@id":"https:\/\/tuchundstoff.shop\/fr\/produkt\/fishbone-checked-reed-green-fjord-green-with-saffron-yellow-and-bird-red-510-g-rm\/#primaryimage"},"image":{"@id":"https:\/\/tuchundstoff.shop\/fr\/produkt\/fishbone-checked-reed-green-fjord-green-with-saffron-yellow-and-bird-red-510-g-rm\/#primaryimage"},"thumbnailUrl":"https:\/\/tuchundstoff.shop\/wp-content\/uploads\/2020\/10\/DSC_1304_SPM2444-K5-1.jpg","datePublished":"2020-10-17T16:20:25+00:00","dateModified":"2025-02-04T19:59:48+00:00","description":"Vert roseau \u00e0 chevrons \/ vert fjord avec jaune safran et rouge oiseau 510 g\/rm - Harengbone \u00e0 carreaux vert roseau\/vert fjord avec jaune safran et rouge oiseau 510 g\/rm","breadcrumb":{"@id":"https:\/\/tuchundstoff.shop\/fr\/produkt\/fishbone-checked-reed-green-fjord-green-with-saffron-yellow-and-bird-red-510-g-rm\/#breadcrumb"},"inLanguage":"fr-FR","potentialAction":[{"@type":"ReadAction","target":["https:\/\/tuchundstoff.shop\/fr\/produkt\/fishbone-checked-reed-green-fjord-green-with-saffron-yellow-and-bird-red-510-g-rm\/"]}]},{"@type":"ImageObject","inLanguage":"fr-FR","@id":"https:\/\/tuchundstoff.shop\/fr\/produkt\/fishbone-checked-reed-green-fjord-green-with-saffron-yellow-and-bird-red-510-g-rm\/#primaryimage","url":"https:\/\/tuchundstoff.shop\/wp-content\/uploads\/2020\/10\/DSC_1304_SPM2444-K5-1.jpg","contentUrl":"https:\/\/tuchundstoff.shop\/wp-content\/uploads\/2020\/10\/DSC_1304_SPM2444-K5-1.jpg","width":1200,"height":1200},{"@type":"BreadcrumbList","@id":"https:\/\/tuchundstoff.shop\/fr\/produkt\/fishbone-checked-reed-green-fjord-green-with-saffron-yellow-and-bird-red-510-g-rm\/#breadcrumb","itemListElement":[{"@type":"ListItem","position":1,"name":"Startseite","item":"https:\/\/tuchundstoff.shop\/fr\/des-tissus-de-qualite-pour-une-mode-contemporaine-et-une-histoire-vecue-100-naturel\/"},{"@type":"ListItem","position":2,"name":"Boutique","item":"https:\/\/tuchundstoff.shop\/fr\/boutique\/"},{"@type":"ListItem","position":3,"name":"Vert roseau \u00e0 chevrons \/ vert fjord avec jaune safran et rouge oiseau 510 g\/rm"}]},{"@type":"WebSite","@id":"https:\/\/tuchundstoff.shop\/#website","url":"https:\/\/tuchundstoff.shop\/","name":"TuchundStoff","description":"Qualit\u00e4tsstoffe f\u00fcr zeitgen\u00f6ssische Mode und gelebte Geschichte \u2013 100% Natur","publisher":{"@id":"https:\/\/tuchundstoff.shop\/#organization"},"potentialAction":[{"@type":"SearchAction","target":{"@type":"EntryPoint","urlTemplate":"https:\/\/tuchundstoff.shop\/?s={search_term_string}"},"query-input":{"@type":"PropertyValueSpecification","valueRequired":true,"valueName":"search_term_string"}}],"inLanguage":"fr-FR"},{"@type":"Organization","@id":"https:\/\/tuchundstoff.shop\/#organization","name":"TuchundStoff","url":"https:\/\/tuchundstoff.shop\/","logo":{"@type":"ImageObject","inLanguage":"fr-FR","@id":"https:\/\/tuchundstoff.shop\/#\/schema\/logo\/image\/","url":"https:\/\/tuchundstoff.shop\/wp-content\/uploads\/2021\/11\/Tus-Logo22-QfA-shop-V2-1.png","contentUrl":"https:\/\/tuchundstoff.shop\/wp-content\/uploads\/2021\/11\/Tus-Logo22-QfA-shop-V2-1.png","width":485,"height":110,"caption":"TuchundStoff"},"image":{"@id":"https:\/\/tuchundstoff.shop\/#\/schema\/logo\/image\/"}}]}},"_links":{"self":[{"href":"https:\/\/tuchundstoff.shop\/fr\/wp-json\/wp\/v2\/product\/8112","targetHints":{"allow":["GET"]}}],"collection":[{"href":"https:\/\/tuchundstoff.shop\/fr\/wp-json\/wp\/v2\/product"}],"about":[{"href":"https:\/\/tuchundstoff.shop\/fr\/wp-json\/wp\/v2\/types\/product"}],"replies":[{"embeddable":true,"href":"https:\/\/tuchundstoff.shop\/fr\/wp-json\/wp\/v2\/comments?post=8112"}],"wp:featuredmedia":[{"embeddable":true,"href":"https:\/\/tuchundstoff.shop\/fr\/wp-json\/wp\/v2\/media\/7803"}],"wp:attachment":[{"href":"https:\/\/tuchundstoff.shop\/fr\/wp-json\/wp\/v2\/media?parent=8112"}],"wp:term":[{"taxonomy":"product_brand","embeddable":true,"href":"https:\/\/tuchundstoff.shop\/fr\/wp-json\/wp\/v2\/product_brand?post=8112"},{"taxonomy":"product_cat","embeddable":true,"href":"https:\/\/tuchundstoff.shop\/fr\/wp-json\/wp\/v2\/product_cat?post=8112"},{"taxonomy":"product_tag","embeddable":true,"href":"https:\/\/tuchundstoff.shop\/fr\/wp-json\/wp\/v2\/product_tag?post=8112"}],"curies":[{"name":"wp","href":"https:\/\/api.w.org\/{rel}","templated":true}]}}