{"id":8025,"date":"2020-04-20T08:08:37","date_gmt":"2020-04-20T06:08:37","guid":{"rendered":"https:\/\/tuchundstoff.de\/produkt\/serge-diagonal-de-laine-vierge-rouge-cerise\/"},"modified":"2025-02-04T20:58:59","modified_gmt":"2025-02-04T19:58:59","slug":"diagonal-koepers-virgin-wool-cherry-red","status":"publish","type":"product","link":"https:\/\/tuchundstoff.shop\/fr\/produkt\/diagonal-koepers-virgin-wool-cherry-red\/","title":{"rendered":"Serg\u00e9 diagonal laine m\u00e9rinos rouge cerise"},"content":{"rendered":"<p>Serg\u00e9 diagonal, 100% laine m\u00e9rinos, 360g\/lfm, largeur 150cm<br \/>\nPoids moyen, l&rsquo;armure serg\u00e9e assure une bonne extensibilit\u00e9.<br \/>\nId\u00e9al pour les pantalons, les tuniques l\u00e9g\u00e8res, etc.<\/p>\n","protected":false},"excerpt":{"rendered":"<p>Avantage de prix \u00e0 partir de 5 m\u00e8tres courants !<\/p>\n<p>Twill diagonal, 100% laine m\u00e9rinos, 360g\/lfm,<br \/>\nlargeur 150cm<\/p>\n","protected":false},"featured_media":7674,"comment_status":"open","ping_status":"closed","template":"","meta":{"ngg_post_thumbnail":0},"product_brand":[],"product_cat":[699,703],"product_tag":[1183,1186,1190,1994,846,1112,1116,1181,1182],"class_list":{"0":"post-8025","1":"product","2":"type-product","3":"status-publish","4":"has-post-thumbnail","6":"product_cat-laine","7":"product_cat-serge-diagonal","8":"product_tag-k2-2-fr","9":"product_tag-diagonal","10":"product_tag-laine","11":"product_tag-laine-merinos","12":"product_tag-846","13":"product_tag-pantalons","14":"product_tag-tunique","15":"product_tag-2-2-fr","16":"product_tag-serge-diagonal","17":"resize-featured-image","18":"sales-flash-overlay","19":"woocommerce-text-align-center","20":"woocommerce-image-align-center","21":"do-quantity-buttons","23":"first","24":"outofstock","25":"taxable","26":"shipping-taxable","27":"purchasable","28":"product-type-simple"},"yoast_head":"<!-- This site is optimized with the Yoast SEO plugin v27.2 - https:\/\/yoast.com\/product\/yoast-seo-wordpress\/ -->\n<title>Serg\u00e9 diagonal laine m\u00e9rinos rouge cerise - TuchundStoff<\/title>\n<meta name=\"description\" content=\"Serg\u00e9 diagonal laine m\u00e9rinos rouge cerise - Avantage de prix \u00e0 partir de 5 m\u00e8tres courants ! Twill diagonal, 100% laine m\u00e9rinos, 360g\/lfm, largeur 150cm\" \/>\n<meta name=\"robots\" content=\"index, follow, max-snippet:-1, max-image-preview:large, max-video-preview:-1\" \/>\n<link rel=\"canonical\" href=\"https:\/\/tuchundstoff.shop\/fr\/produkt\/diagonal-koepers-virgin-wool-cherry-red\/\" \/>\n<meta property=\"og:locale\" content=\"fr_FR\" \/>\n<meta property=\"og:type\" content=\"article\" \/>\n<meta property=\"og:title\" content=\"Serg\u00e9 diagonal laine m\u00e9rinos rouge cerise - TuchundStoff\" \/>\n<meta property=\"og:description\" content=\"Serg\u00e9 diagonal laine m\u00e9rinos rouge cerise - Avantage de prix \u00e0 partir de 5 m\u00e8tres courants ! Twill diagonal, 100% laine m\u00e9rinos, 360g\/lfm, largeur 150cm\" \/>\n<meta property=\"og:url\" content=\"https:\/\/tuchundstoff.shop\/fr\/produkt\/diagonal-koepers-virgin-wool-cherry-red\/\" \/>\n<meta property=\"og:site_name\" content=\"TuchundStoff\" \/>\n<meta property=\"article:modified_time\" content=\"2025-02-04T19:58:59+00:00\" \/>\n<meta property=\"og:image\" content=\"https:\/\/tuchundstoff.shop\/wp-content\/uploads\/2020\/04\/DSC_1038_2418-rot.jpg\" \/>\n\t<meta property=\"og:image:width\" content=\"1200\" \/>\n\t<meta property=\"og:image:height\" content=\"1200\" \/>\n\t<meta property=\"og:image:type\" content=\"image\/jpeg\" \/>\n<script type=\"application\/ld+json\" class=\"yoast-schema-graph\">{\"@context\":\"https:\/\/schema.org\",\"@graph\":[{\"@type\":\"WebPage\",\"@id\":\"https:\/\/tuchundstoff.shop\/fr\/produkt\/diagonal-koepers-virgin-wool-cherry-red\/\",\"url\":\"https:\/\/tuchundstoff.shop\/fr\/produkt\/diagonal-koepers-virgin-wool-cherry-red\/\",\"name\":\"Serg\u00e9 diagonal laine m\u00e9rinos rouge cerise - TuchundStoff\",\"isPartOf\":{\"@id\":\"https:\/\/tuchundstoff.shop\/#website\"},\"primaryImageOfPage\":{\"@id\":\"https:\/\/tuchundstoff.shop\/fr\/produkt\/diagonal-koepers-virgin-wool-cherry-red\/#primaryimage\"},\"image\":{\"@id\":\"https:\/\/tuchundstoff.shop\/fr\/produkt\/diagonal-koepers-virgin-wool-cherry-red\/#primaryimage\"},\"thumbnailUrl\":\"https:\/\/tuchundstoff.shop\/wp-content\/uploads\/2020\/04\/DSC_1038_2418-rot.jpg\",\"datePublished\":\"2020-04-20T06:08:37+00:00\",\"dateModified\":\"2025-02-04T19:58:59+00:00\",\"description\":\"Serg\u00e9 diagonal laine m\u00e9rinos rouge cerise - Avantage de prix \u00e0 partir de 5 m\u00e8tres courants ! Twill diagonal, 100% laine m\u00e9rinos, 360g\/lfm, largeur 150cm\",\"breadcrumb\":{\"@id\":\"https:\/\/tuchundstoff.shop\/fr\/produkt\/diagonal-koepers-virgin-wool-cherry-red\/#breadcrumb\"},\"inLanguage\":\"fr-FR\",\"potentialAction\":[{\"@type\":\"ReadAction\",\"target\":[\"https:\/\/tuchundstoff.shop\/fr\/produkt\/diagonal-koepers-virgin-wool-cherry-red\/\"]}]},{\"@type\":\"ImageObject\",\"inLanguage\":\"fr-FR\",\"@id\":\"https:\/\/tuchundstoff.shop\/fr\/produkt\/diagonal-koepers-virgin-wool-cherry-red\/#primaryimage\",\"url\":\"https:\/\/tuchundstoff.shop\/wp-content\/uploads\/2020\/04\/DSC_1038_2418-rot.jpg\",\"contentUrl\":\"https:\/\/tuchundstoff.shop\/wp-content\/uploads\/2020\/04\/DSC_1038_2418-rot.jpg\",\"width\":1200,\"height\":1200},{\"@type\":\"BreadcrumbList\",\"@id\":\"https:\/\/tuchundstoff.shop\/fr\/produkt\/diagonal-koepers-virgin-wool-cherry-red\/#breadcrumb\",\"itemListElement\":[{\"@type\":\"ListItem\",\"position\":1,\"name\":\"Startseite\",\"item\":\"https:\/\/tuchundstoff.shop\/fr\/des-tissus-de-qualite-pour-une-mode-contemporaine-et-une-histoire-vecue-100-naturel\/\"},{\"@type\":\"ListItem\",\"position\":2,\"name\":\"Boutique\",\"item\":\"https:\/\/tuchundstoff.shop\/fr\/boutique\/\"},{\"@type\":\"ListItem\",\"position\":3,\"name\":\"Serg\u00e9 diagonal laine m\u00e9rinos rouge cerise\"}]},{\"@type\":\"WebSite\",\"@id\":\"https:\/\/tuchundstoff.shop\/#website\",\"url\":\"https:\/\/tuchundstoff.shop\/\",\"name\":\"TuchundStoff\",\"description\":\"Qualit\u00e4tsstoffe f\u00fcr zeitgen\u00f6ssische Mode und gelebte Geschichte \u2013 100% Natur\",\"publisher\":{\"@id\":\"https:\/\/tuchundstoff.shop\/#organization\"},\"potentialAction\":[{\"@type\":\"SearchAction\",\"target\":{\"@type\":\"EntryPoint\",\"urlTemplate\":\"https:\/\/tuchundstoff.shop\/?s={search_term_string}\"},\"query-input\":{\"@type\":\"PropertyValueSpecification\",\"valueRequired\":true,\"valueName\":\"search_term_string\"}}],\"inLanguage\":\"fr-FR\"},{\"@type\":\"Organization\",\"@id\":\"https:\/\/tuchundstoff.shop\/#organization\",\"name\":\"TuchundStoff\",\"url\":\"https:\/\/tuchundstoff.shop\/\",\"logo\":{\"@type\":\"ImageObject\",\"inLanguage\":\"fr-FR\",\"@id\":\"https:\/\/tuchundstoff.shop\/#\/schema\/logo\/image\/\",\"url\":\"https:\/\/tuchundstoff.shop\/wp-content\/uploads\/2021\/11\/Tus-Logo22-QfA-shop-V2-1.png\",\"contentUrl\":\"https:\/\/tuchundstoff.shop\/wp-content\/uploads\/2021\/11\/Tus-Logo22-QfA-shop-V2-1.png\",\"width\":485,\"height\":110,\"caption\":\"TuchundStoff\"},\"image\":{\"@id\":\"https:\/\/tuchundstoff.shop\/#\/schema\/logo\/image\/\"}}]}<\/script>\n<!-- \/ Yoast SEO plugin. -->","yoast_head_json":{"title":"Serg\u00e9 diagonal laine m\u00e9rinos rouge cerise - TuchundStoff","description":"Serg\u00e9 diagonal laine m\u00e9rinos rouge cerise - Avantage de prix \u00e0 partir de 5 m\u00e8tres courants ! Twill diagonal, 100% laine m\u00e9rinos, 360g\/lfm, largeur 150cm","robots":{"index":"index","follow":"follow","max-snippet":"max-snippet:-1","max-image-preview":"max-image-preview:large","max-video-preview":"max-video-preview:-1"},"canonical":"https:\/\/tuchundstoff.shop\/fr\/produkt\/diagonal-koepers-virgin-wool-cherry-red\/","og_locale":"fr_FR","og_type":"article","og_title":"Serg\u00e9 diagonal laine m\u00e9rinos rouge cerise - TuchundStoff","og_description":"Serg\u00e9 diagonal laine m\u00e9rinos rouge cerise - Avantage de prix \u00e0 partir de 5 m\u00e8tres courants ! Twill diagonal, 100% laine m\u00e9rinos, 360g\/lfm, largeur 150cm","og_url":"https:\/\/tuchundstoff.shop\/fr\/produkt\/diagonal-koepers-virgin-wool-cherry-red\/","og_site_name":"TuchundStoff","article_modified_time":"2025-02-04T19:58:59+00:00","og_image":[{"width":1200,"height":1200,"url":"https:\/\/tuchundstoff.shop\/wp-content\/uploads\/2020\/04\/DSC_1038_2418-rot.jpg","type":"image\/jpeg"}],"schema":{"@context":"https:\/\/schema.org","@graph":[{"@type":"WebPage","@id":"https:\/\/tuchundstoff.shop\/fr\/produkt\/diagonal-koepers-virgin-wool-cherry-red\/","url":"https:\/\/tuchundstoff.shop\/fr\/produkt\/diagonal-koepers-virgin-wool-cherry-red\/","name":"Serg\u00e9 diagonal laine m\u00e9rinos rouge cerise - TuchundStoff","isPartOf":{"@id":"https:\/\/tuchundstoff.shop\/#website"},"primaryImageOfPage":{"@id":"https:\/\/tuchundstoff.shop\/fr\/produkt\/diagonal-koepers-virgin-wool-cherry-red\/#primaryimage"},"image":{"@id":"https:\/\/tuchundstoff.shop\/fr\/produkt\/diagonal-koepers-virgin-wool-cherry-red\/#primaryimage"},"thumbnailUrl":"https:\/\/tuchundstoff.shop\/wp-content\/uploads\/2020\/04\/DSC_1038_2418-rot.jpg","datePublished":"2020-04-20T06:08:37+00:00","dateModified":"2025-02-04T19:58:59+00:00","description":"Serg\u00e9 diagonal laine m\u00e9rinos rouge cerise - Avantage de prix \u00e0 partir de 5 m\u00e8tres courants ! Twill diagonal, 100% laine m\u00e9rinos, 360g\/lfm, largeur 150cm","breadcrumb":{"@id":"https:\/\/tuchundstoff.shop\/fr\/produkt\/diagonal-koepers-virgin-wool-cherry-red\/#breadcrumb"},"inLanguage":"fr-FR","potentialAction":[{"@type":"ReadAction","target":["https:\/\/tuchundstoff.shop\/fr\/produkt\/diagonal-koepers-virgin-wool-cherry-red\/"]}]},{"@type":"ImageObject","inLanguage":"fr-FR","@id":"https:\/\/tuchundstoff.shop\/fr\/produkt\/diagonal-koepers-virgin-wool-cherry-red\/#primaryimage","url":"https:\/\/tuchundstoff.shop\/wp-content\/uploads\/2020\/04\/DSC_1038_2418-rot.jpg","contentUrl":"https:\/\/tuchundstoff.shop\/wp-content\/uploads\/2020\/04\/DSC_1038_2418-rot.jpg","width":1200,"height":1200},{"@type":"BreadcrumbList","@id":"https:\/\/tuchundstoff.shop\/fr\/produkt\/diagonal-koepers-virgin-wool-cherry-red\/#breadcrumb","itemListElement":[{"@type":"ListItem","position":1,"name":"Startseite","item":"https:\/\/tuchundstoff.shop\/fr\/des-tissus-de-qualite-pour-une-mode-contemporaine-et-une-histoire-vecue-100-naturel\/"},{"@type":"ListItem","position":2,"name":"Boutique","item":"https:\/\/tuchundstoff.shop\/fr\/boutique\/"},{"@type":"ListItem","position":3,"name":"Serg\u00e9 diagonal laine m\u00e9rinos rouge cerise"}]},{"@type":"WebSite","@id":"https:\/\/tuchundstoff.shop\/#website","url":"https:\/\/tuchundstoff.shop\/","name":"TuchundStoff","description":"Qualit\u00e4tsstoffe f\u00fcr zeitgen\u00f6ssische Mode und gelebte Geschichte \u2013 100% Natur","publisher":{"@id":"https:\/\/tuchundstoff.shop\/#organization"},"potentialAction":[{"@type":"SearchAction","target":{"@type":"EntryPoint","urlTemplate":"https:\/\/tuchundstoff.shop\/?s={search_term_string}"},"query-input":{"@type":"PropertyValueSpecification","valueRequired":true,"valueName":"search_term_string"}}],"inLanguage":"fr-FR"},{"@type":"Organization","@id":"https:\/\/tuchundstoff.shop\/#organization","name":"TuchundStoff","url":"https:\/\/tuchundstoff.shop\/","logo":{"@type":"ImageObject","inLanguage":"fr-FR","@id":"https:\/\/tuchundstoff.shop\/#\/schema\/logo\/image\/","url":"https:\/\/tuchundstoff.shop\/wp-content\/uploads\/2021\/11\/Tus-Logo22-QfA-shop-V2-1.png","contentUrl":"https:\/\/tuchundstoff.shop\/wp-content\/uploads\/2021\/11\/Tus-Logo22-QfA-shop-V2-1.png","width":485,"height":110,"caption":"TuchundStoff"},"image":{"@id":"https:\/\/tuchundstoff.shop\/#\/schema\/logo\/image\/"}}]}},"_links":{"self":[{"href":"https:\/\/tuchundstoff.shop\/fr\/wp-json\/wp\/v2\/product\/8025","targetHints":{"allow":["GET"]}}],"collection":[{"href":"https:\/\/tuchundstoff.shop\/fr\/wp-json\/wp\/v2\/product"}],"about":[{"href":"https:\/\/tuchundstoff.shop\/fr\/wp-json\/wp\/v2\/types\/product"}],"replies":[{"embeddable":true,"href":"https:\/\/tuchundstoff.shop\/fr\/wp-json\/wp\/v2\/comments?post=8025"}],"wp:featuredmedia":[{"embeddable":true,"href":"https:\/\/tuchundstoff.shop\/fr\/wp-json\/wp\/v2\/media\/7674"}],"wp:attachment":[{"href":"https:\/\/tuchundstoff.shop\/fr\/wp-json\/wp\/v2\/media?parent=8025"}],"wp:term":[{"taxonomy":"product_brand","embeddable":true,"href":"https:\/\/tuchundstoff.shop\/fr\/wp-json\/wp\/v2\/product_brand?post=8025"},{"taxonomy":"product_cat","embeddable":true,"href":"https:\/\/tuchundstoff.shop\/fr\/wp-json\/wp\/v2\/product_cat?post=8025"},{"taxonomy":"product_tag","embeddable":true,"href":"https:\/\/tuchundstoff.shop\/fr\/wp-json\/wp\/v2\/product_tag?post=8025"}],"curies":[{"name":"wp","href":"https:\/\/api.w.org\/{rel}","templated":true}]}}