{"id":6747,"date":"2020-05-26T09:56:22","date_gmt":"2020-05-26T07:56:22","guid":{"rendered":"https:\/\/tuchundstoff.de\/produkt\/lin-fin-blanc-creme-180g-rm\/"},"modified":"2026-04-12T02:13:39","modified_gmt":"2026-04-12T00:13:39","slug":"lin-fin-creme-blanc-180g-rm","status":"publish","type":"product","link":"https:\/\/tuchundstoff.shop\/fr\/produkt\/lin-fin-creme-blanc-180g-rm\/","title":{"rendered":"Lin fin blanc cr\u00e8me 180g\/rm"},"content":{"rendered":"<p>Le plus beau lin italien, blanc cr\u00e9meux, largeur d\u2019environ 150 cm<\/p>\n<p>. Id\u00e9al pour les chemises, les chemisiers, la robe nuisette l\u00e9g\u00e8re d\u2019\u00e9t\u00e9 et bien s\u00fbr pour la noble robe \u00e0 plis (fumer).<\/p>\n","protected":false},"excerpt":{"rendered":"<p>Le meilleur lin italien, blanc cr\u00e8me<\/p>\n","protected":false},"featured_media":6748,"comment_status":"open","ping_status":"closed","template":"","meta":{"ngg_post_thumbnail":0},"product_brand":[],"product_cat":[692],"product_tag":[851,852,853,854,844,845,846,847,848,849,850],"class_list":{"0":"post-6747","1":"product","2":"type-product","3":"status-publish","4":"has-post-thumbnail","6":"product_cat-linge-fin","7":"product_tag-chemise-fr","8":"product_tag-bonnet-fr","9":"product_tag-pleats-smoken","10":"product_tag-blouse-fr","11":"product_tag-linen-fr","12":"product_tag-smoken-fr","13":"product_tag-846","14":"product_tag-underdress-fr","15":"product_tag-dress-fr","16":"product_tag-headscarf-fr","17":"product_tag-hospi-fr","18":"pa_gewicht-180g-lfm-120g-m-fr","19":"resize-featured-image","20":"sales-flash-overlay","21":"woocommerce-text-align-center","22":"woocommerce-image-align-center","23":"do-quantity-buttons","25":"first","26":"instock","27":"taxable","28":"shipping-taxable","29":"purchasable","30":"product-type-simple"},"yoast_head":"<!-- This site is optimized with the Yoast SEO plugin v27.2 - https:\/\/yoast.com\/product\/yoast-seo-wordpress\/ -->\n<title>Lin fin blanc cr\u00e8me 180g\/rm - TuchundStoff<\/title>\n<meta name=\"description\" content=\"Lin fin blanc cr\u00e8me 180g\/rm - Le meilleur lin italien, blanc cr\u00e8me\" \/>\n<meta name=\"robots\" content=\"index, follow, max-snippet:-1, max-image-preview:large, max-video-preview:-1\" \/>\n<link rel=\"canonical\" href=\"https:\/\/tuchundstoff.shop\/fr\/produkt\/lin-fin-creme-blanc-180g-rm\/\" \/>\n<meta property=\"og:locale\" content=\"fr_FR\" \/>\n<meta property=\"og:type\" content=\"article\" \/>\n<meta property=\"og:title\" content=\"Lin fin blanc cr\u00e8me 180g\/rm - TuchundStoff\" \/>\n<meta property=\"og:description\" content=\"Lin fin blanc cr\u00e8me 180g\/rm - Le meilleur lin italien, blanc cr\u00e8me\" \/>\n<meta property=\"og:url\" content=\"https:\/\/tuchundstoff.shop\/fr\/produkt\/lin-fin-creme-blanc-180g-rm\/\" \/>\n<meta property=\"og:site_name\" content=\"TuchundStoff\" \/>\n<meta property=\"article:modified_time\" content=\"2026-04-12T00:13:39+00:00\" \/>\n<meta property=\"og:image\" content=\"https:\/\/tuchundstoff.shop\/wp-content\/uploads\/2020\/07\/DSC_1175_FL-creme.jpg\" \/>\n\t<meta property=\"og:image:width\" content=\"1200\" \/>\n\t<meta property=\"og:image:height\" content=\"1200\" \/>\n\t<meta property=\"og:image:type\" content=\"image\/jpeg\" \/>\n<script type=\"application\/ld+json\" class=\"yoast-schema-graph\">{\"@context\":\"https:\/\/schema.org\",\"@graph\":[{\"@type\":\"WebPage\",\"@id\":\"https:\/\/tuchundstoff.shop\/fr\/produkt\/lin-fin-creme-blanc-180g-rm\/\",\"url\":\"https:\/\/tuchundstoff.shop\/fr\/produkt\/lin-fin-creme-blanc-180g-rm\/\",\"name\":\"Lin fin blanc cr\u00e8me 180g\/rm - TuchundStoff\",\"isPartOf\":{\"@id\":\"https:\/\/tuchundstoff.shop\/#website\"},\"primaryImageOfPage\":{\"@id\":\"https:\/\/tuchundstoff.shop\/fr\/produkt\/lin-fin-creme-blanc-180g-rm\/#primaryimage\"},\"image\":{\"@id\":\"https:\/\/tuchundstoff.shop\/fr\/produkt\/lin-fin-creme-blanc-180g-rm\/#primaryimage\"},\"thumbnailUrl\":\"https:\/\/tuchundstoff.shop\/wp-content\/uploads\/2020\/07\/DSC_1175_FL-creme.jpg\",\"datePublished\":\"2020-05-26T07:56:22+00:00\",\"dateModified\":\"2026-04-12T00:13:39+00:00\",\"description\":\"Lin fin blanc cr\u00e8me 180g\/rm - Le meilleur lin italien, blanc cr\u00e8me\",\"breadcrumb\":{\"@id\":\"https:\/\/tuchundstoff.shop\/fr\/produkt\/lin-fin-creme-blanc-180g-rm\/#breadcrumb\"},\"inLanguage\":\"fr-FR\",\"potentialAction\":[{\"@type\":\"ReadAction\",\"target\":[\"https:\/\/tuchundstoff.shop\/fr\/produkt\/lin-fin-creme-blanc-180g-rm\/\"]}]},{\"@type\":\"ImageObject\",\"inLanguage\":\"fr-FR\",\"@id\":\"https:\/\/tuchundstoff.shop\/fr\/produkt\/lin-fin-creme-blanc-180g-rm\/#primaryimage\",\"url\":\"https:\/\/tuchundstoff.shop\/wp-content\/uploads\/2020\/07\/DSC_1175_FL-creme.jpg\",\"contentUrl\":\"https:\/\/tuchundstoff.shop\/wp-content\/uploads\/2020\/07\/DSC_1175_FL-creme.jpg\",\"width\":1200,\"height\":1200,\"caption\":\"FL-cream\"},{\"@type\":\"BreadcrumbList\",\"@id\":\"https:\/\/tuchundstoff.shop\/fr\/produkt\/lin-fin-creme-blanc-180g-rm\/#breadcrumb\",\"itemListElement\":[{\"@type\":\"ListItem\",\"position\":1,\"name\":\"Startseite\",\"item\":\"https:\/\/tuchundstoff.shop\/fr\/des-tissus-de-qualite-pour-une-mode-contemporaine-et-une-histoire-vecue-100-naturel\/\"},{\"@type\":\"ListItem\",\"position\":2,\"name\":\"Boutique\",\"item\":\"https:\/\/tuchundstoff.shop\/fr\/boutique\/\"},{\"@type\":\"ListItem\",\"position\":3,\"name\":\"Lin fin blanc cr\u00e8me 180g\/rm\"}]},{\"@type\":\"WebSite\",\"@id\":\"https:\/\/tuchundstoff.shop\/#website\",\"url\":\"https:\/\/tuchundstoff.shop\/\",\"name\":\"TuchundStoff\",\"description\":\"Qualit\u00e4tsstoffe f\u00fcr zeitgen\u00f6ssische Mode und gelebte Geschichte \u2013 100% Natur\",\"publisher\":{\"@id\":\"https:\/\/tuchundstoff.shop\/#organization\"},\"potentialAction\":[{\"@type\":\"SearchAction\",\"target\":{\"@type\":\"EntryPoint\",\"urlTemplate\":\"https:\/\/tuchundstoff.shop\/?s={search_term_string}\"},\"query-input\":{\"@type\":\"PropertyValueSpecification\",\"valueRequired\":true,\"valueName\":\"search_term_string\"}}],\"inLanguage\":\"fr-FR\"},{\"@type\":\"Organization\",\"@id\":\"https:\/\/tuchundstoff.shop\/#organization\",\"name\":\"TuchundStoff\",\"url\":\"https:\/\/tuchundstoff.shop\/\",\"logo\":{\"@type\":\"ImageObject\",\"inLanguage\":\"fr-FR\",\"@id\":\"https:\/\/tuchundstoff.shop\/#\/schema\/logo\/image\/\",\"url\":\"https:\/\/tuchundstoff.shop\/wp-content\/uploads\/2021\/11\/Tus-Logo22-QfA-shop-V2-1.png\",\"contentUrl\":\"https:\/\/tuchundstoff.shop\/wp-content\/uploads\/2021\/11\/Tus-Logo22-QfA-shop-V2-1.png\",\"width\":485,\"height\":110,\"caption\":\"TuchundStoff\"},\"image\":{\"@id\":\"https:\/\/tuchundstoff.shop\/#\/schema\/logo\/image\/\"}}]}<\/script>\n<!-- \/ Yoast SEO plugin. -->","yoast_head_json":{"title":"Lin fin blanc cr\u00e8me 180g\/rm - TuchundStoff","description":"Lin fin blanc cr\u00e8me 180g\/rm - Le meilleur lin italien, blanc cr\u00e8me","robots":{"index":"index","follow":"follow","max-snippet":"max-snippet:-1","max-image-preview":"max-image-preview:large","max-video-preview":"max-video-preview:-1"},"canonical":"https:\/\/tuchundstoff.shop\/fr\/produkt\/lin-fin-creme-blanc-180g-rm\/","og_locale":"fr_FR","og_type":"article","og_title":"Lin fin blanc cr\u00e8me 180g\/rm - TuchundStoff","og_description":"Lin fin blanc cr\u00e8me 180g\/rm - Le meilleur lin italien, blanc cr\u00e8me","og_url":"https:\/\/tuchundstoff.shop\/fr\/produkt\/lin-fin-creme-blanc-180g-rm\/","og_site_name":"TuchundStoff","article_modified_time":"2026-04-12T00:13:39+00:00","og_image":[{"width":1200,"height":1200,"url":"https:\/\/tuchundstoff.shop\/wp-content\/uploads\/2020\/07\/DSC_1175_FL-creme.jpg","type":"image\/jpeg"}],"schema":{"@context":"https:\/\/schema.org","@graph":[{"@type":"WebPage","@id":"https:\/\/tuchundstoff.shop\/fr\/produkt\/lin-fin-creme-blanc-180g-rm\/","url":"https:\/\/tuchundstoff.shop\/fr\/produkt\/lin-fin-creme-blanc-180g-rm\/","name":"Lin fin blanc cr\u00e8me 180g\/rm - TuchundStoff","isPartOf":{"@id":"https:\/\/tuchundstoff.shop\/#website"},"primaryImageOfPage":{"@id":"https:\/\/tuchundstoff.shop\/fr\/produkt\/lin-fin-creme-blanc-180g-rm\/#primaryimage"},"image":{"@id":"https:\/\/tuchundstoff.shop\/fr\/produkt\/lin-fin-creme-blanc-180g-rm\/#primaryimage"},"thumbnailUrl":"https:\/\/tuchundstoff.shop\/wp-content\/uploads\/2020\/07\/DSC_1175_FL-creme.jpg","datePublished":"2020-05-26T07:56:22+00:00","dateModified":"2026-04-12T00:13:39+00:00","description":"Lin fin blanc cr\u00e8me 180g\/rm - Le meilleur lin italien, blanc cr\u00e8me","breadcrumb":{"@id":"https:\/\/tuchundstoff.shop\/fr\/produkt\/lin-fin-creme-blanc-180g-rm\/#breadcrumb"},"inLanguage":"fr-FR","potentialAction":[{"@type":"ReadAction","target":["https:\/\/tuchundstoff.shop\/fr\/produkt\/lin-fin-creme-blanc-180g-rm\/"]}]},{"@type":"ImageObject","inLanguage":"fr-FR","@id":"https:\/\/tuchundstoff.shop\/fr\/produkt\/lin-fin-creme-blanc-180g-rm\/#primaryimage","url":"https:\/\/tuchundstoff.shop\/wp-content\/uploads\/2020\/07\/DSC_1175_FL-creme.jpg","contentUrl":"https:\/\/tuchundstoff.shop\/wp-content\/uploads\/2020\/07\/DSC_1175_FL-creme.jpg","width":1200,"height":1200,"caption":"FL-cream"},{"@type":"BreadcrumbList","@id":"https:\/\/tuchundstoff.shop\/fr\/produkt\/lin-fin-creme-blanc-180g-rm\/#breadcrumb","itemListElement":[{"@type":"ListItem","position":1,"name":"Startseite","item":"https:\/\/tuchundstoff.shop\/fr\/des-tissus-de-qualite-pour-une-mode-contemporaine-et-une-histoire-vecue-100-naturel\/"},{"@type":"ListItem","position":2,"name":"Boutique","item":"https:\/\/tuchundstoff.shop\/fr\/boutique\/"},{"@type":"ListItem","position":3,"name":"Lin fin blanc cr\u00e8me 180g\/rm"}]},{"@type":"WebSite","@id":"https:\/\/tuchundstoff.shop\/#website","url":"https:\/\/tuchundstoff.shop\/","name":"TuchundStoff","description":"Qualit\u00e4tsstoffe f\u00fcr zeitgen\u00f6ssische Mode und gelebte Geschichte \u2013 100% Natur","publisher":{"@id":"https:\/\/tuchundstoff.shop\/#organization"},"potentialAction":[{"@type":"SearchAction","target":{"@type":"EntryPoint","urlTemplate":"https:\/\/tuchundstoff.shop\/?s={search_term_string}"},"query-input":{"@type":"PropertyValueSpecification","valueRequired":true,"valueName":"search_term_string"}}],"inLanguage":"fr-FR"},{"@type":"Organization","@id":"https:\/\/tuchundstoff.shop\/#organization","name":"TuchundStoff","url":"https:\/\/tuchundstoff.shop\/","logo":{"@type":"ImageObject","inLanguage":"fr-FR","@id":"https:\/\/tuchundstoff.shop\/#\/schema\/logo\/image\/","url":"https:\/\/tuchundstoff.shop\/wp-content\/uploads\/2021\/11\/Tus-Logo22-QfA-shop-V2-1.png","contentUrl":"https:\/\/tuchundstoff.shop\/wp-content\/uploads\/2021\/11\/Tus-Logo22-QfA-shop-V2-1.png","width":485,"height":110,"caption":"TuchundStoff"},"image":{"@id":"https:\/\/tuchundstoff.shop\/#\/schema\/logo\/image\/"}}]}},"_links":{"self":[{"href":"https:\/\/tuchundstoff.shop\/fr\/wp-json\/wp\/v2\/product\/6747","targetHints":{"allow":["GET"]}}],"collection":[{"href":"https:\/\/tuchundstoff.shop\/fr\/wp-json\/wp\/v2\/product"}],"about":[{"href":"https:\/\/tuchundstoff.shop\/fr\/wp-json\/wp\/v2\/types\/product"}],"replies":[{"embeddable":true,"href":"https:\/\/tuchundstoff.shop\/fr\/wp-json\/wp\/v2\/comments?post=6747"}],"wp:featuredmedia":[{"embeddable":true,"href":"https:\/\/tuchundstoff.shop\/fr\/wp-json\/wp\/v2\/media\/6748"}],"wp:attachment":[{"href":"https:\/\/tuchundstoff.shop\/fr\/wp-json\/wp\/v2\/media?parent=6747"}],"wp:term":[{"taxonomy":"product_brand","embeddable":true,"href":"https:\/\/tuchundstoff.shop\/fr\/wp-json\/wp\/v2\/product_brand?post=6747"},{"taxonomy":"product_cat","embeddable":true,"href":"https:\/\/tuchundstoff.shop\/fr\/wp-json\/wp\/v2\/product_cat?post=6747"},{"taxonomy":"product_tag","embeddable":true,"href":"https:\/\/tuchundstoff.shop\/fr\/wp-json\/wp\/v2\/product_tag?post=6747"}],"curies":[{"name":"wp","href":"https:\/\/api.w.org\/{rel}","templated":true}]}}