{"id":6744,"date":"2020-05-26T10:02:35","date_gmt":"2020-05-26T08:02:35","guid":{"rendered":"https:\/\/tuchundstoff.de\/produkt\/linge-fin-naturel-180g-rm\/"},"modified":"2026-04-12T02:06:17","modified_gmt":"2026-04-12T00:06:17","slug":"lin-fin-nature-180g-rm","status":"publish","type":"product","link":"https:\/\/tuchundstoff.shop\/fr\/produkt\/lin-fin-nature-180g-rm\/","title":{"rendered":"Linge fin naturel 180g\/rm"},"content":{"rendered":"<p>Lin italien tr\u00e8s fin, naturel, largeur environ 150cm<\/p>\n<p>Id\u00e9al pour les chemises, les chemisiers et les sous-v\u00eatements d&rsquo;\u00e9t\u00e9 l\u00e9gers.<\/p>\n","protected":false},"excerpt":{"rendered":"<p>Lin italien le plus fin, naturel<\/p>\n<p>Avantage de prix \u00e0 partir de 5 m\u00e8tres courants !<\/p>\n","protected":false},"featured_media":6745,"comment_status":"open","ping_status":"closed","template":"","meta":{"ngg_post_thumbnail":0},"product_brand":[],"product_cat":[692],"product_tag":[844,846,847,848,849,851,852,854],"class_list":{"0":"post-6744","1":"product","2":"type-product","3":"status-publish","4":"has-post-thumbnail","6":"product_cat-linge-fin","7":"product_tag-linen-fr","8":"product_tag-846","9":"product_tag-underdress-fr","10":"product_tag-dress-fr","11":"product_tag-headscarf-fr","12":"product_tag-chemise-fr","13":"product_tag-bonnet-fr","14":"product_tag-blouse-fr","15":"pa_gewicht-180g-lfm-120g-m-fr","16":"resize-featured-image","17":"sales-flash-overlay","18":"woocommerce-text-align-center","19":"woocommerce-image-align-center","20":"do-quantity-buttons","22":"first","23":"instock","24":"taxable","25":"shipping-taxable","26":"purchasable","27":"product-type-simple"},"yoast_head":"<!-- This site is optimized with the Yoast SEO plugin v27.2 - https:\/\/yoast.com\/product\/yoast-seo-wordpress\/ -->\n<title>Linge fin naturel 180g\/rm - TuchundStoff<\/title>\n<meta name=\"description\" content=\"Linge fin naturel 180g\/rm - Lin italien le plus fin, naturel Avantage de prix \u00e0 partir de 5 m\u00e8tres courants !\" \/>\n<meta name=\"robots\" content=\"index, follow, max-snippet:-1, max-image-preview:large, max-video-preview:-1\" \/>\n<link rel=\"canonical\" href=\"https:\/\/tuchundstoff.shop\/fr\/produkt\/lin-fin-nature-180g-rm\/\" \/>\n<meta property=\"og:locale\" content=\"fr_FR\" \/>\n<meta property=\"og:type\" content=\"article\" \/>\n<meta property=\"og:title\" content=\"Linge fin naturel 180g\/rm - TuchundStoff\" \/>\n<meta property=\"og:description\" content=\"Linge fin naturel 180g\/rm - Lin italien le plus fin, naturel Avantage de prix \u00e0 partir de 5 m\u00e8tres courants !\" \/>\n<meta property=\"og:url\" content=\"https:\/\/tuchundstoff.shop\/fr\/produkt\/lin-fin-nature-180g-rm\/\" \/>\n<meta property=\"og:site_name\" content=\"TuchundStoff\" \/>\n<meta property=\"article:modified_time\" content=\"2026-04-12T00:06:17+00:00\" \/>\n<meta property=\"og:image\" content=\"https:\/\/tuchundstoff.shop\/wp-content\/uploads\/2020\/07\/DSC_1173_FL-natur.jpg\" \/>\n\t<meta property=\"og:image:width\" content=\"1200\" \/>\n\t<meta property=\"og:image:height\" content=\"1200\" \/>\n\t<meta property=\"og:image:type\" content=\"image\/jpeg\" \/>\n<script type=\"application\/ld+json\" class=\"yoast-schema-graph\">{\"@context\":\"https:\/\/schema.org\",\"@graph\":[{\"@type\":\"WebPage\",\"@id\":\"https:\/\/tuchundstoff.shop\/fr\/produkt\/lin-fin-nature-180g-rm\/\",\"url\":\"https:\/\/tuchundstoff.shop\/fr\/produkt\/lin-fin-nature-180g-rm\/\",\"name\":\"Linge fin naturel 180g\/rm - TuchundStoff\",\"isPartOf\":{\"@id\":\"https:\/\/tuchundstoff.shop\/#website\"},\"primaryImageOfPage\":{\"@id\":\"https:\/\/tuchundstoff.shop\/fr\/produkt\/lin-fin-nature-180g-rm\/#primaryimage\"},\"image\":{\"@id\":\"https:\/\/tuchundstoff.shop\/fr\/produkt\/lin-fin-nature-180g-rm\/#primaryimage\"},\"thumbnailUrl\":\"https:\/\/tuchundstoff.shop\/wp-content\/uploads\/2020\/07\/DSC_1173_FL-natur.jpg\",\"datePublished\":\"2020-05-26T08:02:35+00:00\",\"dateModified\":\"2026-04-12T00:06:17+00:00\",\"description\":\"Linge fin naturel 180g\/rm - Lin italien le plus fin, naturel Avantage de prix \u00e0 partir de 5 m\u00e8tres courants !\",\"breadcrumb\":{\"@id\":\"https:\/\/tuchundstoff.shop\/fr\/produkt\/lin-fin-nature-180g-rm\/#breadcrumb\"},\"inLanguage\":\"fr-FR\",\"potentialAction\":[{\"@type\":\"ReadAction\",\"target\":[\"https:\/\/tuchundstoff.shop\/fr\/produkt\/lin-fin-nature-180g-rm\/\"]}]},{\"@type\":\"ImageObject\",\"inLanguage\":\"fr-FR\",\"@id\":\"https:\/\/tuchundstoff.shop\/fr\/produkt\/lin-fin-nature-180g-rm\/#primaryimage\",\"url\":\"https:\/\/tuchundstoff.shop\/wp-content\/uploads\/2020\/07\/DSC_1173_FL-natur.jpg\",\"contentUrl\":\"https:\/\/tuchundstoff.shop\/wp-content\/uploads\/2020\/07\/DSC_1173_FL-natur.jpg\",\"width\":1200,\"height\":1200,\"caption\":\"Linge fin nature\"},{\"@type\":\"BreadcrumbList\",\"@id\":\"https:\/\/tuchundstoff.shop\/fr\/produkt\/lin-fin-nature-180g-rm\/#breadcrumb\",\"itemListElement\":[{\"@type\":\"ListItem\",\"position\":1,\"name\":\"Startseite\",\"item\":\"https:\/\/tuchundstoff.shop\/fr\/des-tissus-de-qualite-pour-une-mode-contemporaine-et-une-histoire-vecue-100-naturel\/\"},{\"@type\":\"ListItem\",\"position\":2,\"name\":\"Boutique\",\"item\":\"https:\/\/tuchundstoff.shop\/fr\/boutique\/\"},{\"@type\":\"ListItem\",\"position\":3,\"name\":\"Linge fin naturel 180g\/rm\"}]},{\"@type\":\"WebSite\",\"@id\":\"https:\/\/tuchundstoff.shop\/#website\",\"url\":\"https:\/\/tuchundstoff.shop\/\",\"name\":\"TuchundStoff\",\"description\":\"Qualit\u00e4tsstoffe f\u00fcr zeitgen\u00f6ssische Mode und gelebte Geschichte \u2013 100% Natur\",\"publisher\":{\"@id\":\"https:\/\/tuchundstoff.shop\/#organization\"},\"potentialAction\":[{\"@type\":\"SearchAction\",\"target\":{\"@type\":\"EntryPoint\",\"urlTemplate\":\"https:\/\/tuchundstoff.shop\/?s={search_term_string}\"},\"query-input\":{\"@type\":\"PropertyValueSpecification\",\"valueRequired\":true,\"valueName\":\"search_term_string\"}}],\"inLanguage\":\"fr-FR\"},{\"@type\":\"Organization\",\"@id\":\"https:\/\/tuchundstoff.shop\/#organization\",\"name\":\"TuchundStoff\",\"url\":\"https:\/\/tuchundstoff.shop\/\",\"logo\":{\"@type\":\"ImageObject\",\"inLanguage\":\"fr-FR\",\"@id\":\"https:\/\/tuchundstoff.shop\/#\/schema\/logo\/image\/\",\"url\":\"https:\/\/tuchundstoff.shop\/wp-content\/uploads\/2021\/11\/Tus-Logo22-QfA-shop-V2-1.png\",\"contentUrl\":\"https:\/\/tuchundstoff.shop\/wp-content\/uploads\/2021\/11\/Tus-Logo22-QfA-shop-V2-1.png\",\"width\":485,\"height\":110,\"caption\":\"TuchundStoff\"},\"image\":{\"@id\":\"https:\/\/tuchundstoff.shop\/#\/schema\/logo\/image\/\"}}]}<\/script>\n<!-- \/ Yoast SEO plugin. -->","yoast_head_json":{"title":"Linge fin naturel 180g\/rm - TuchundStoff","description":"Linge fin naturel 180g\/rm - Lin italien le plus fin, naturel Avantage de prix \u00e0 partir de 5 m\u00e8tres courants !","robots":{"index":"index","follow":"follow","max-snippet":"max-snippet:-1","max-image-preview":"max-image-preview:large","max-video-preview":"max-video-preview:-1"},"canonical":"https:\/\/tuchundstoff.shop\/fr\/produkt\/lin-fin-nature-180g-rm\/","og_locale":"fr_FR","og_type":"article","og_title":"Linge fin naturel 180g\/rm - TuchundStoff","og_description":"Linge fin naturel 180g\/rm - Lin italien le plus fin, naturel Avantage de prix \u00e0 partir de 5 m\u00e8tres courants !","og_url":"https:\/\/tuchundstoff.shop\/fr\/produkt\/lin-fin-nature-180g-rm\/","og_site_name":"TuchundStoff","article_modified_time":"2026-04-12T00:06:17+00:00","og_image":[{"width":1200,"height":1200,"url":"https:\/\/tuchundstoff.shop\/wp-content\/uploads\/2020\/07\/DSC_1173_FL-natur.jpg","type":"image\/jpeg"}],"schema":{"@context":"https:\/\/schema.org","@graph":[{"@type":"WebPage","@id":"https:\/\/tuchundstoff.shop\/fr\/produkt\/lin-fin-nature-180g-rm\/","url":"https:\/\/tuchundstoff.shop\/fr\/produkt\/lin-fin-nature-180g-rm\/","name":"Linge fin naturel 180g\/rm - TuchundStoff","isPartOf":{"@id":"https:\/\/tuchundstoff.shop\/#website"},"primaryImageOfPage":{"@id":"https:\/\/tuchundstoff.shop\/fr\/produkt\/lin-fin-nature-180g-rm\/#primaryimage"},"image":{"@id":"https:\/\/tuchundstoff.shop\/fr\/produkt\/lin-fin-nature-180g-rm\/#primaryimage"},"thumbnailUrl":"https:\/\/tuchundstoff.shop\/wp-content\/uploads\/2020\/07\/DSC_1173_FL-natur.jpg","datePublished":"2020-05-26T08:02:35+00:00","dateModified":"2026-04-12T00:06:17+00:00","description":"Linge fin naturel 180g\/rm - Lin italien le plus fin, naturel Avantage de prix \u00e0 partir de 5 m\u00e8tres courants !","breadcrumb":{"@id":"https:\/\/tuchundstoff.shop\/fr\/produkt\/lin-fin-nature-180g-rm\/#breadcrumb"},"inLanguage":"fr-FR","potentialAction":[{"@type":"ReadAction","target":["https:\/\/tuchundstoff.shop\/fr\/produkt\/lin-fin-nature-180g-rm\/"]}]},{"@type":"ImageObject","inLanguage":"fr-FR","@id":"https:\/\/tuchundstoff.shop\/fr\/produkt\/lin-fin-nature-180g-rm\/#primaryimage","url":"https:\/\/tuchundstoff.shop\/wp-content\/uploads\/2020\/07\/DSC_1173_FL-natur.jpg","contentUrl":"https:\/\/tuchundstoff.shop\/wp-content\/uploads\/2020\/07\/DSC_1173_FL-natur.jpg","width":1200,"height":1200,"caption":"Linge fin nature"},{"@type":"BreadcrumbList","@id":"https:\/\/tuchundstoff.shop\/fr\/produkt\/lin-fin-nature-180g-rm\/#breadcrumb","itemListElement":[{"@type":"ListItem","position":1,"name":"Startseite","item":"https:\/\/tuchundstoff.shop\/fr\/des-tissus-de-qualite-pour-une-mode-contemporaine-et-une-histoire-vecue-100-naturel\/"},{"@type":"ListItem","position":2,"name":"Boutique","item":"https:\/\/tuchundstoff.shop\/fr\/boutique\/"},{"@type":"ListItem","position":3,"name":"Linge fin naturel 180g\/rm"}]},{"@type":"WebSite","@id":"https:\/\/tuchundstoff.shop\/#website","url":"https:\/\/tuchundstoff.shop\/","name":"TuchundStoff","description":"Qualit\u00e4tsstoffe f\u00fcr zeitgen\u00f6ssische Mode und gelebte Geschichte \u2013 100% Natur","publisher":{"@id":"https:\/\/tuchundstoff.shop\/#organization"},"potentialAction":[{"@type":"SearchAction","target":{"@type":"EntryPoint","urlTemplate":"https:\/\/tuchundstoff.shop\/?s={search_term_string}"},"query-input":{"@type":"PropertyValueSpecification","valueRequired":true,"valueName":"search_term_string"}}],"inLanguage":"fr-FR"},{"@type":"Organization","@id":"https:\/\/tuchundstoff.shop\/#organization","name":"TuchundStoff","url":"https:\/\/tuchundstoff.shop\/","logo":{"@type":"ImageObject","inLanguage":"fr-FR","@id":"https:\/\/tuchundstoff.shop\/#\/schema\/logo\/image\/","url":"https:\/\/tuchundstoff.shop\/wp-content\/uploads\/2021\/11\/Tus-Logo22-QfA-shop-V2-1.png","contentUrl":"https:\/\/tuchundstoff.shop\/wp-content\/uploads\/2021\/11\/Tus-Logo22-QfA-shop-V2-1.png","width":485,"height":110,"caption":"TuchundStoff"},"image":{"@id":"https:\/\/tuchundstoff.shop\/#\/schema\/logo\/image\/"}}]}},"_links":{"self":[{"href":"https:\/\/tuchundstoff.shop\/fr\/wp-json\/wp\/v2\/product\/6744","targetHints":{"allow":["GET"]}}],"collection":[{"href":"https:\/\/tuchundstoff.shop\/fr\/wp-json\/wp\/v2\/product"}],"about":[{"href":"https:\/\/tuchundstoff.shop\/fr\/wp-json\/wp\/v2\/types\/product"}],"replies":[{"embeddable":true,"href":"https:\/\/tuchundstoff.shop\/fr\/wp-json\/wp\/v2\/comments?post=6744"}],"wp:featuredmedia":[{"embeddable":true,"href":"https:\/\/tuchundstoff.shop\/fr\/wp-json\/wp\/v2\/media\/6745"}],"wp:attachment":[{"href":"https:\/\/tuchundstoff.shop\/fr\/wp-json\/wp\/v2\/media?parent=6744"}],"wp:term":[{"taxonomy":"product_brand","embeddable":true,"href":"https:\/\/tuchundstoff.shop\/fr\/wp-json\/wp\/v2\/product_brand?post=6744"},{"taxonomy":"product_cat","embeddable":true,"href":"https:\/\/tuchundstoff.shop\/fr\/wp-json\/wp\/v2\/product_cat?post=6744"},{"taxonomy":"product_tag","embeddable":true,"href":"https:\/\/tuchundstoff.shop\/fr\/wp-json\/wp\/v2\/product_tag?post=6744"}],"curies":[{"name":"wp","href":"https:\/\/api.w.org\/{rel}","templated":true}]}}