{"id":6240,"date":"2021-01-08T16:54:20","date_gmt":"2021-01-08T15:54:20","guid":{"rendered":"https:\/\/tuchundstoff.de\/produkt\/fine-linen-caribbean-blue-180g-lfm\/"},"modified":"2021-02-27T18:03:53","modified_gmt":"2021-02-27T17:03:53","slug":"fine-linen-caribbean-blue-180g-rm","status":"publish","type":"product","link":"https:\/\/tuchundstoff.shop\/fr\/produkt\/fine-linen-caribbean-blue-180g-rm\/","title":{"rendered":"Fine linen caribbean blue 180g\/rm"},"content":{"rendered":"<p>Finest italian linen, caribbean blue, width ca 150cm<\/p>\n<p>Id\u00e9al pour les chemises, les chemisiers, la robe d&rsquo;\u00e9t\u00e9 l\u00e9g\u00e8re ou le sous-v\u00eatement et bien s\u00fbr pour le v\u00eatement noble \u00e0 plier<\/p>\n","protected":false},"excerpt":{"rendered":"<p>Feinstes italienisches Leinen, Karibikblau<\/p>\n","protected":false},"featured_media":6241,"comment_status":"open","ping_status":"closed","template":"","meta":{"ngg_post_thumbnail":0},"product_brand":[],"product_cat":[692],"product_tag":[849,851,852,854,844,847,848],"class_list":{"0":"post-6240","1":"product","2":"type-product","3":"status-publish","4":"has-post-thumbnail","6":"product_cat-linge-fin","7":"product_tag-headscarf-fr","8":"product_tag-chemise-fr","9":"product_tag-bonnet-fr","10":"product_tag-blouse-fr","11":"product_tag-linen-fr","12":"product_tag-underdress-fr","13":"product_tag-dress-fr","14":"pa_gewicht-180g-lfm-120g-m-fr","15":"resize-featured-image","16":"sales-flash-overlay","17":"woocommerce-text-align-center","18":"woocommerce-image-align-center","19":"do-quantity-buttons","20":"wc-has-gallery","22":"first","23":"outofstock","24":"taxable","25":"shipping-taxable","26":"purchasable","27":"product-type-simple"},"yoast_head":"<!-- This site is optimized with the Yoast SEO plugin v27.2 - https:\/\/yoast.com\/product\/yoast-seo-wordpress\/ -->\n<title>Fine linen caribbean blue 180g\/rm - TuchundStoff<\/title>\n<meta name=\"description\" content=\"Fine linen caribbean blue 180g\/rm - Feinstes italienisches Leinen, Karibikblau\" \/>\n<meta name=\"robots\" content=\"index, follow, max-snippet:-1, max-image-preview:large, max-video-preview:-1\" \/>\n<link rel=\"canonical\" href=\"https:\/\/tuchundstoff.shop\/produkt\/feinleinen-karibikblau-180g-lfm\/\" \/>\n<meta property=\"og:locale\" content=\"fr_FR\" \/>\n<meta property=\"og:type\" content=\"article\" \/>\n<meta property=\"og:title\" content=\"Fine linen caribbean blue 180g\/rm - TuchundStoff\" \/>\n<meta property=\"og:description\" content=\"Fine linen caribbean blue 180g\/rm - Feinstes italienisches Leinen, Karibikblau\" \/>\n<meta property=\"og:url\" content=\"https:\/\/tuchundstoff.shop\/produkt\/feinleinen-karibikblau-180g-lfm\/\" \/>\n<meta property=\"og:site_name\" content=\"TuchundStoff\" \/>\n<meta property=\"article:modified_time\" content=\"2021-02-27T17:03:53+00:00\" \/>\n<meta property=\"og:image\" content=\"https:\/\/tuchundstoff.shop\/wp-content\/uploads\/2021\/01\/DSC_1408_V18-111-1.jpg\" \/>\n\t<meta property=\"og:image:width\" content=\"1200\" \/>\n\t<meta property=\"og:image:height\" content=\"1200\" \/>\n\t<meta property=\"og:image:type\" content=\"image\/jpeg\" \/>\n<script type=\"application\/ld+json\" class=\"yoast-schema-graph\">{\"@context\":\"https:\/\/schema.org\",\"@graph\":[{\"@type\":\"WebPage\",\"@id\":\"https:\/\/tuchundstoff.shop\/produkt\/feinleinen-karibikblau-180g-lfm\/\",\"url\":\"https:\/\/tuchundstoff.shop\/produkt\/feinleinen-karibikblau-180g-lfm\/\",\"name\":\"Fine linen caribbean blue 180g\/rm - TuchundStoff\",\"isPartOf\":{\"@id\":\"https:\/\/tuchundstoff.shop\/#website\"},\"primaryImageOfPage\":{\"@id\":\"https:\/\/tuchundstoff.shop\/produkt\/feinleinen-karibikblau-180g-lfm\/#primaryimage\"},\"image\":{\"@id\":\"https:\/\/tuchundstoff.shop\/produkt\/feinleinen-karibikblau-180g-lfm\/#primaryimage\"},\"thumbnailUrl\":\"https:\/\/tuchundstoff.shop\/wp-content\/uploads\/2021\/01\/DSC_1408_V18-111-1.jpg\",\"datePublished\":\"2021-01-08T15:54:20+00:00\",\"dateModified\":\"2021-02-27T17:03:53+00:00\",\"description\":\"Fine linen caribbean blue 180g\/rm - Feinstes italienisches Leinen, Karibikblau\",\"breadcrumb\":{\"@id\":\"https:\/\/tuchundstoff.shop\/produkt\/feinleinen-karibikblau-180g-lfm\/#breadcrumb\"},\"inLanguage\":\"fr-FR\",\"potentialAction\":[{\"@type\":\"ReadAction\",\"target\":[\"https:\/\/tuchundstoff.shop\/produkt\/feinleinen-karibikblau-180g-lfm\/\"]}]},{\"@type\":\"ImageObject\",\"inLanguage\":\"fr-FR\",\"@id\":\"https:\/\/tuchundstoff.shop\/produkt\/feinleinen-karibikblau-180g-lfm\/#primaryimage\",\"url\":\"https:\/\/tuchundstoff.shop\/wp-content\/uploads\/2021\/01\/DSC_1408_V18-111-1.jpg\",\"contentUrl\":\"https:\/\/tuchundstoff.shop\/wp-content\/uploads\/2021\/01\/DSC_1408_V18-111-1.jpg\",\"width\":1200,\"height\":1200,\"caption\":\"Caribbean blue\"},{\"@type\":\"BreadcrumbList\",\"@id\":\"https:\/\/tuchundstoff.shop\/produkt\/feinleinen-karibikblau-180g-lfm\/#breadcrumb\",\"itemListElement\":[{\"@type\":\"ListItem\",\"position\":1,\"name\":\"Startseite\",\"item\":\"https:\/\/tuchundstoff.shop\/fr\/des-tissus-de-qualite-pour-une-mode-contemporaine-et-une-histoire-vecue-100-naturel\/\"},{\"@type\":\"ListItem\",\"position\":2,\"name\":\"Boutique\",\"item\":\"https:\/\/tuchundstoff.shop\/fr\/boutique\/\"},{\"@type\":\"ListItem\",\"position\":3,\"name\":\"Fine linen caribbean blue 180g\/rm\"}]},{\"@type\":\"WebSite\",\"@id\":\"https:\/\/tuchundstoff.shop\/#website\",\"url\":\"https:\/\/tuchundstoff.shop\/\",\"name\":\"TuchundStoff\",\"description\":\"Qualit\u00e4tsstoffe f\u00fcr zeitgen\u00f6ssische Mode und gelebte Geschichte \u2013 100% Natur\",\"publisher\":{\"@id\":\"https:\/\/tuchundstoff.shop\/#organization\"},\"potentialAction\":[{\"@type\":\"SearchAction\",\"target\":{\"@type\":\"EntryPoint\",\"urlTemplate\":\"https:\/\/tuchundstoff.shop\/?s={search_term_string}\"},\"query-input\":{\"@type\":\"PropertyValueSpecification\",\"valueRequired\":true,\"valueName\":\"search_term_string\"}}],\"inLanguage\":\"fr-FR\"},{\"@type\":\"Organization\",\"@id\":\"https:\/\/tuchundstoff.shop\/#organization\",\"name\":\"TuchundStoff\",\"url\":\"https:\/\/tuchundstoff.shop\/\",\"logo\":{\"@type\":\"ImageObject\",\"inLanguage\":\"fr-FR\",\"@id\":\"https:\/\/tuchundstoff.shop\/#\/schema\/logo\/image\/\",\"url\":\"https:\/\/tuchundstoff.shop\/wp-content\/uploads\/2021\/11\/Tus-Logo22-QfA-shop-V2-1.png\",\"contentUrl\":\"https:\/\/tuchundstoff.shop\/wp-content\/uploads\/2021\/11\/Tus-Logo22-QfA-shop-V2-1.png\",\"width\":485,\"height\":110,\"caption\":\"TuchundStoff\"},\"image\":{\"@id\":\"https:\/\/tuchundstoff.shop\/#\/schema\/logo\/image\/\"}}]}<\/script>\n<!-- \/ Yoast SEO plugin. -->","yoast_head_json":{"title":"Fine linen caribbean blue 180g\/rm - TuchundStoff","description":"Fine linen caribbean blue 180g\/rm - Feinstes italienisches Leinen, Karibikblau","robots":{"index":"index","follow":"follow","max-snippet":"max-snippet:-1","max-image-preview":"max-image-preview:large","max-video-preview":"max-video-preview:-1"},"canonical":"https:\/\/tuchundstoff.shop\/produkt\/feinleinen-karibikblau-180g-lfm\/","og_locale":"fr_FR","og_type":"article","og_title":"Fine linen caribbean blue 180g\/rm - TuchundStoff","og_description":"Fine linen caribbean blue 180g\/rm - Feinstes italienisches Leinen, Karibikblau","og_url":"https:\/\/tuchundstoff.shop\/produkt\/feinleinen-karibikblau-180g-lfm\/","og_site_name":"TuchundStoff","article_modified_time":"2021-02-27T17:03:53+00:00","og_image":[{"width":1200,"height":1200,"url":"https:\/\/tuchundstoff.shop\/wp-content\/uploads\/2021\/01\/DSC_1408_V18-111-1.jpg","type":"image\/jpeg"}],"schema":{"@context":"https:\/\/schema.org","@graph":[{"@type":"WebPage","@id":"https:\/\/tuchundstoff.shop\/produkt\/feinleinen-karibikblau-180g-lfm\/","url":"https:\/\/tuchundstoff.shop\/produkt\/feinleinen-karibikblau-180g-lfm\/","name":"Fine linen caribbean blue 180g\/rm - TuchundStoff","isPartOf":{"@id":"https:\/\/tuchundstoff.shop\/#website"},"primaryImageOfPage":{"@id":"https:\/\/tuchundstoff.shop\/produkt\/feinleinen-karibikblau-180g-lfm\/#primaryimage"},"image":{"@id":"https:\/\/tuchundstoff.shop\/produkt\/feinleinen-karibikblau-180g-lfm\/#primaryimage"},"thumbnailUrl":"https:\/\/tuchundstoff.shop\/wp-content\/uploads\/2021\/01\/DSC_1408_V18-111-1.jpg","datePublished":"2021-01-08T15:54:20+00:00","dateModified":"2021-02-27T17:03:53+00:00","description":"Fine linen caribbean blue 180g\/rm - Feinstes italienisches Leinen, Karibikblau","breadcrumb":{"@id":"https:\/\/tuchundstoff.shop\/produkt\/feinleinen-karibikblau-180g-lfm\/#breadcrumb"},"inLanguage":"fr-FR","potentialAction":[{"@type":"ReadAction","target":["https:\/\/tuchundstoff.shop\/produkt\/feinleinen-karibikblau-180g-lfm\/"]}]},{"@type":"ImageObject","inLanguage":"fr-FR","@id":"https:\/\/tuchundstoff.shop\/produkt\/feinleinen-karibikblau-180g-lfm\/#primaryimage","url":"https:\/\/tuchundstoff.shop\/wp-content\/uploads\/2021\/01\/DSC_1408_V18-111-1.jpg","contentUrl":"https:\/\/tuchundstoff.shop\/wp-content\/uploads\/2021\/01\/DSC_1408_V18-111-1.jpg","width":1200,"height":1200,"caption":"Caribbean blue"},{"@type":"BreadcrumbList","@id":"https:\/\/tuchundstoff.shop\/produkt\/feinleinen-karibikblau-180g-lfm\/#breadcrumb","itemListElement":[{"@type":"ListItem","position":1,"name":"Startseite","item":"https:\/\/tuchundstoff.shop\/fr\/des-tissus-de-qualite-pour-une-mode-contemporaine-et-une-histoire-vecue-100-naturel\/"},{"@type":"ListItem","position":2,"name":"Boutique","item":"https:\/\/tuchundstoff.shop\/fr\/boutique\/"},{"@type":"ListItem","position":3,"name":"Fine linen caribbean blue 180g\/rm"}]},{"@type":"WebSite","@id":"https:\/\/tuchundstoff.shop\/#website","url":"https:\/\/tuchundstoff.shop\/","name":"TuchundStoff","description":"Qualit\u00e4tsstoffe f\u00fcr zeitgen\u00f6ssische Mode und gelebte Geschichte \u2013 100% Natur","publisher":{"@id":"https:\/\/tuchundstoff.shop\/#organization"},"potentialAction":[{"@type":"SearchAction","target":{"@type":"EntryPoint","urlTemplate":"https:\/\/tuchundstoff.shop\/?s={search_term_string}"},"query-input":{"@type":"PropertyValueSpecification","valueRequired":true,"valueName":"search_term_string"}}],"inLanguage":"fr-FR"},{"@type":"Organization","@id":"https:\/\/tuchundstoff.shop\/#organization","name":"TuchundStoff","url":"https:\/\/tuchundstoff.shop\/","logo":{"@type":"ImageObject","inLanguage":"fr-FR","@id":"https:\/\/tuchundstoff.shop\/#\/schema\/logo\/image\/","url":"https:\/\/tuchundstoff.shop\/wp-content\/uploads\/2021\/11\/Tus-Logo22-QfA-shop-V2-1.png","contentUrl":"https:\/\/tuchundstoff.shop\/wp-content\/uploads\/2021\/11\/Tus-Logo22-QfA-shop-V2-1.png","width":485,"height":110,"caption":"TuchundStoff"},"image":{"@id":"https:\/\/tuchundstoff.shop\/#\/schema\/logo\/image\/"}}]}},"_links":{"self":[{"href":"https:\/\/tuchundstoff.shop\/fr\/wp-json\/wp\/v2\/product\/6240","targetHints":{"allow":["GET"]}}],"collection":[{"href":"https:\/\/tuchundstoff.shop\/fr\/wp-json\/wp\/v2\/product"}],"about":[{"href":"https:\/\/tuchundstoff.shop\/fr\/wp-json\/wp\/v2\/types\/product"}],"replies":[{"embeddable":true,"href":"https:\/\/tuchundstoff.shop\/fr\/wp-json\/wp\/v2\/comments?post=6240"}],"wp:featuredmedia":[{"embeddable":true,"href":"https:\/\/tuchundstoff.shop\/fr\/wp-json\/wp\/v2\/media\/6241"}],"wp:attachment":[{"href":"https:\/\/tuchundstoff.shop\/fr\/wp-json\/wp\/v2\/media?parent=6240"}],"wp:term":[{"taxonomy":"product_brand","embeddable":true,"href":"https:\/\/tuchundstoff.shop\/fr\/wp-json\/wp\/v2\/product_brand?post=6240"},{"taxonomy":"product_cat","embeddable":true,"href":"https:\/\/tuchundstoff.shop\/fr\/wp-json\/wp\/v2\/product_cat?post=6240"},{"taxonomy":"product_tag","embeddable":true,"href":"https:\/\/tuchundstoff.shop\/fr\/wp-json\/wp\/v2\/product_tag?post=6240"}],"curies":[{"name":"wp","href":"https:\/\/api.w.org\/{rel}","templated":true}]}}