{"id":19236,"date":"2021-11-01T07:26:55","date_gmt":"2021-11-01T06:26:55","guid":{"rendered":"https:\/\/tuchundstoff.shop\/produkt\/tuch-330g-lfm-mittelmeer-olivgruen-528\/"},"modified":"2026-04-12T03:06:11","modified_gmt":"2026-04-12T01:06:11","slug":"tuch-330g-lfm-mittelmeer-olivgruen-528","status":"publish","type":"product","link":"https:\/\/tuchundstoff.shop\/fr\/produkt\/tuch-330g-lfm-mittelmeer-olivgruen-528\/","title":{"rendered":"Tuch 330g\/lfm Mittelmeer Olivgr\u00fcn"},"content":{"rendered":"<p>Leichtes Tuch, 100% Merinowolle, 330g\/lfm, Breite 150cm<br \/>\nAtmungsaktiv, Winddicht, schmutz- und Wasserabweisend<\/p>\n<p>Toll f\u00fcr Kleider, da weich fallend und nicht zu warm im Sommer<br \/>\nWarmes Unterkleid f\u00fcr den Winter<br \/>\nIdeal f\u00fcr Hosen, Tunika, D\u00fcnne Jacken<\/p>\n","protected":false},"excerpt":{"rendered":"<p>Preisvorteil ab 5 Laufmeter!<\/p>\n<p>Leichtes Tuch, 100% Merinowolle, 330g\/lfm, Breite 150cm Mittelmeer Olivgr\u00fcn<\/p>\n","protected":false},"featured_media":7733,"comment_status":"open","ping_status":"closed","template":"","meta":{"ngg_post_thumbnail":0},"product_brand":[],"product_cat":[699,717,718],"product_tag":[848,1236,1242,1112,1246,1113,1251,1114,1115,1443,1116,1444,1190,1459,1210,1460,1213,1495,846,1227],"class_list":{"0":"post-19236","1":"product","2":"type-product","3":"status-publish","4":"has-post-thumbnail","6":"product_cat-laine","7":"product_cat-tissu-loden","8":"product_cat-leger","9":"product_tag-dress-fr","10":"product_tag-peplos-fr","11":"product_tag-pantalon-rus","12":"product_tag-pantalons","13":"product_tag-surcot-fr","14":"product_tag-veste","15":"product_tag-vilborg-fr","16":"product_tag-tunique-legere","17":"product_tag-robe-a-bretelles","18":"product_tag-herjolfsnes-fr","19":"product_tag-tunique","20":"product_tag-houppelande-fr","21":"product_tag-laine","22":"product_tag-loden-fr-2","23":"product_tag-bliaut-fr","24":"product_tag-tissage-simple","25":"product_tag-cotehardie-fr","26":"product_tag-thorsberg-pantalons","27":"product_tag-846","28":"product_tag-fenetre-de-lenfer","29":"pa_gewicht-330g-ml-220g-m-fr","30":"resize-featured-image","31":"sales-flash-overlay","32":"woocommerce-text-align-center","33":"woocommerce-image-align-center","34":"do-quantity-buttons","36":"first","37":"instock","38":"taxable","39":"shipping-taxable","40":"purchasable","41":"product-type-simple"},"yoast_head":"<!-- This site is optimized with the Yoast SEO plugin v27.2 - https:\/\/yoast.com\/product\/yoast-seo-wordpress\/ -->\n<title>Tuch 330g\/lfm Mittelmeer Olivgr\u00fcn - TuchundStoff<\/title>\n<meta name=\"description\" content=\"Tuch 330g\/lfm Mittelmeer Olivgr\u00fcn - Preisvorteil ab 5 Laufmeter!  Leichtes Tuch, 100% Merinowolle, 330g\/lfm, Breite 150cm Mittelmeer Olivgr\u00fcn\" \/>\n<meta name=\"robots\" content=\"index, follow, max-snippet:-1, max-image-preview:large, max-video-preview:-1\" \/>\n<link rel=\"canonical\" href=\"https:\/\/tuchundstoff.shop\/fr\/produkt\/tuch-330g-lfm-mittelmeer-olivgruen-528\/\" \/>\n<meta property=\"og:locale\" content=\"fr_FR\" \/>\n<meta property=\"og:type\" content=\"article\" \/>\n<meta property=\"og:title\" content=\"Tuch 330g\/lfm Mittelmeer Olivgr\u00fcn - TuchundStoff\" \/>\n<meta property=\"og:description\" content=\"Tuch 330g\/lfm Mittelmeer Olivgr\u00fcn - Preisvorteil ab 5 Laufmeter!  Leichtes Tuch, 100% Merinowolle, 330g\/lfm, Breite 150cm Mittelmeer Olivgr\u00fcn\" \/>\n<meta property=\"og:url\" content=\"https:\/\/tuchundstoff.shop\/fr\/produkt\/tuch-330g-lfm-mittelmeer-olivgruen-528\/\" \/>\n<meta property=\"og:site_name\" content=\"TuchundStoff\" \/>\n<meta property=\"article:modified_time\" content=\"2026-04-12T01:06:11+00:00\" \/>\n<script type=\"application\/ld+json\" class=\"yoast-schema-graph\">{\"@context\":\"https:\/\/schema.org\",\"@graph\":[{\"@type\":\"WebPage\",\"@id\":\"https:\/\/tuchundstoff.shop\/fr\/produkt\/tuch-330g-lfm-mittelmeer-olivgruen-528\/\",\"url\":\"https:\/\/tuchundstoff.shop\/fr\/produkt\/tuch-330g-lfm-mittelmeer-olivgruen-528\/\",\"name\":\"Tuch 330g\/lfm Mittelmeer Olivgr\u00fcn - TuchundStoff\",\"isPartOf\":{\"@id\":\"https:\/\/tuchundstoff.shop\/#website\"},\"primaryImageOfPage\":{\"@id\":\"https:\/\/tuchundstoff.shop\/fr\/produkt\/tuch-330g-lfm-mittelmeer-olivgruen-528\/#primaryimage\"},\"image\":{\"@id\":\"https:\/\/tuchundstoff.shop\/fr\/produkt\/tuch-330g-lfm-mittelmeer-olivgruen-528\/#primaryimage\"},\"thumbnailUrl\":\"https:\/\/tuchundstoff.shop\/wp-content\/uploads\/2020\/07\/DSC_1185_4142-528.jpg\",\"datePublished\":\"2021-11-01T06:26:55+00:00\",\"dateModified\":\"2026-04-12T01:06:11+00:00\",\"description\":\"Tuch 330g\/lfm Mittelmeer Olivgr\u00fcn - Preisvorteil ab 5 Laufmeter! Leichtes Tuch, 100% Merinowolle, 330g\/lfm, Breite 150cm Mittelmeer Olivgr\u00fcn\",\"breadcrumb\":{\"@id\":\"https:\/\/tuchundstoff.shop\/fr\/produkt\/tuch-330g-lfm-mittelmeer-olivgruen-528\/#breadcrumb\"},\"inLanguage\":\"fr-FR\",\"potentialAction\":[{\"@type\":\"ReadAction\",\"target\":[\"https:\/\/tuchundstoff.shop\/fr\/produkt\/tuch-330g-lfm-mittelmeer-olivgruen-528\/\"]}]},{\"@type\":\"ImageObject\",\"inLanguage\":\"fr-FR\",\"@id\":\"https:\/\/tuchundstoff.shop\/fr\/produkt\/tuch-330g-lfm-mittelmeer-olivgruen-528\/#primaryimage\",\"url\":\"https:\/\/tuchundstoff.shop\/wp-content\/uploads\/2020\/07\/DSC_1185_4142-528.jpg\",\"contentUrl\":\"https:\/\/tuchundstoff.shop\/wp-content\/uploads\/2020\/07\/DSC_1185_4142-528.jpg\",\"width\":1200,\"height\":1200,\"caption\":\"4142\/528\"},{\"@type\":\"BreadcrumbList\",\"@id\":\"https:\/\/tuchundstoff.shop\/fr\/produkt\/tuch-330g-lfm-mittelmeer-olivgruen-528\/#breadcrumb\",\"itemListElement\":[{\"@type\":\"ListItem\",\"position\":1,\"name\":\"Startseite\",\"item\":\"https:\/\/tuchundstoff.shop\/fr\/des-tissus-de-qualite-pour-une-mode-contemporaine-et-une-histoire-vecue-100-naturel\/\"},{\"@type\":\"ListItem\",\"position\":2,\"name\":\"Boutique\",\"item\":\"https:\/\/tuchundstoff.shop\/fr\/boutique\/\"},{\"@type\":\"ListItem\",\"position\":3,\"name\":\"Tuch 330g\/lfm Mittelmeer Olivgr\u00fcn\"}]},{\"@type\":\"WebSite\",\"@id\":\"https:\/\/tuchundstoff.shop\/#website\",\"url\":\"https:\/\/tuchundstoff.shop\/\",\"name\":\"TuchundStoff\",\"description\":\"Qualit\u00e4tsstoffe f\u00fcr zeitgen\u00f6ssische Mode und gelebte Geschichte \u2013 100% Natur\",\"publisher\":{\"@id\":\"https:\/\/tuchundstoff.shop\/#organization\"},\"potentialAction\":[{\"@type\":\"SearchAction\",\"target\":{\"@type\":\"EntryPoint\",\"urlTemplate\":\"https:\/\/tuchundstoff.shop\/?s={search_term_string}\"},\"query-input\":{\"@type\":\"PropertyValueSpecification\",\"valueRequired\":true,\"valueName\":\"search_term_string\"}}],\"inLanguage\":\"fr-FR\"},{\"@type\":\"Organization\",\"@id\":\"https:\/\/tuchundstoff.shop\/#organization\",\"name\":\"TuchundStoff\",\"url\":\"https:\/\/tuchundstoff.shop\/\",\"logo\":{\"@type\":\"ImageObject\",\"inLanguage\":\"fr-FR\",\"@id\":\"https:\/\/tuchundstoff.shop\/#\/schema\/logo\/image\/\",\"url\":\"https:\/\/tuchundstoff.shop\/wp-content\/uploads\/2021\/11\/Tus-Logo22-QfA-shop-V2-1.png\",\"contentUrl\":\"https:\/\/tuchundstoff.shop\/wp-content\/uploads\/2021\/11\/Tus-Logo22-QfA-shop-V2-1.png\",\"width\":485,\"height\":110,\"caption\":\"TuchundStoff\"},\"image\":{\"@id\":\"https:\/\/tuchundstoff.shop\/#\/schema\/logo\/image\/\"}}]}<\/script>\n<!-- \/ Yoast SEO plugin. -->","yoast_head_json":{"title":"Tuch 330g\/lfm Mittelmeer Olivgr\u00fcn - TuchundStoff","description":"Tuch 330g\/lfm Mittelmeer Olivgr\u00fcn - Preisvorteil ab 5 Laufmeter!  Leichtes Tuch, 100% Merinowolle, 330g\/lfm, Breite 150cm Mittelmeer Olivgr\u00fcn","robots":{"index":"index","follow":"follow","max-snippet":"max-snippet:-1","max-image-preview":"max-image-preview:large","max-video-preview":"max-video-preview:-1"},"canonical":"https:\/\/tuchundstoff.shop\/fr\/produkt\/tuch-330g-lfm-mittelmeer-olivgruen-528\/","og_locale":"fr_FR","og_type":"article","og_title":"Tuch 330g\/lfm Mittelmeer Olivgr\u00fcn - TuchundStoff","og_description":"Tuch 330g\/lfm Mittelmeer Olivgr\u00fcn - Preisvorteil ab 5 Laufmeter!  Leichtes Tuch, 100% Merinowolle, 330g\/lfm, Breite 150cm Mittelmeer Olivgr\u00fcn","og_url":"https:\/\/tuchundstoff.shop\/fr\/produkt\/tuch-330g-lfm-mittelmeer-olivgruen-528\/","og_site_name":"TuchundStoff","article_modified_time":"2026-04-12T01:06:11+00:00","schema":{"@context":"https:\/\/schema.org","@graph":[{"@type":"WebPage","@id":"https:\/\/tuchundstoff.shop\/fr\/produkt\/tuch-330g-lfm-mittelmeer-olivgruen-528\/","url":"https:\/\/tuchundstoff.shop\/fr\/produkt\/tuch-330g-lfm-mittelmeer-olivgruen-528\/","name":"Tuch 330g\/lfm Mittelmeer Olivgr\u00fcn - TuchundStoff","isPartOf":{"@id":"https:\/\/tuchundstoff.shop\/#website"},"primaryImageOfPage":{"@id":"https:\/\/tuchundstoff.shop\/fr\/produkt\/tuch-330g-lfm-mittelmeer-olivgruen-528\/#primaryimage"},"image":{"@id":"https:\/\/tuchundstoff.shop\/fr\/produkt\/tuch-330g-lfm-mittelmeer-olivgruen-528\/#primaryimage"},"thumbnailUrl":"https:\/\/tuchundstoff.shop\/wp-content\/uploads\/2020\/07\/DSC_1185_4142-528.jpg","datePublished":"2021-11-01T06:26:55+00:00","dateModified":"2026-04-12T01:06:11+00:00","description":"Tuch 330g\/lfm Mittelmeer Olivgr\u00fcn - Preisvorteil ab 5 Laufmeter! Leichtes Tuch, 100% Merinowolle, 330g\/lfm, Breite 150cm Mittelmeer Olivgr\u00fcn","breadcrumb":{"@id":"https:\/\/tuchundstoff.shop\/fr\/produkt\/tuch-330g-lfm-mittelmeer-olivgruen-528\/#breadcrumb"},"inLanguage":"fr-FR","potentialAction":[{"@type":"ReadAction","target":["https:\/\/tuchundstoff.shop\/fr\/produkt\/tuch-330g-lfm-mittelmeer-olivgruen-528\/"]}]},{"@type":"ImageObject","inLanguage":"fr-FR","@id":"https:\/\/tuchundstoff.shop\/fr\/produkt\/tuch-330g-lfm-mittelmeer-olivgruen-528\/#primaryimage","url":"https:\/\/tuchundstoff.shop\/wp-content\/uploads\/2020\/07\/DSC_1185_4142-528.jpg","contentUrl":"https:\/\/tuchundstoff.shop\/wp-content\/uploads\/2020\/07\/DSC_1185_4142-528.jpg","width":1200,"height":1200,"caption":"4142\/528"},{"@type":"BreadcrumbList","@id":"https:\/\/tuchundstoff.shop\/fr\/produkt\/tuch-330g-lfm-mittelmeer-olivgruen-528\/#breadcrumb","itemListElement":[{"@type":"ListItem","position":1,"name":"Startseite","item":"https:\/\/tuchundstoff.shop\/fr\/des-tissus-de-qualite-pour-une-mode-contemporaine-et-une-histoire-vecue-100-naturel\/"},{"@type":"ListItem","position":2,"name":"Boutique","item":"https:\/\/tuchundstoff.shop\/fr\/boutique\/"},{"@type":"ListItem","position":3,"name":"Tuch 330g\/lfm Mittelmeer Olivgr\u00fcn"}]},{"@type":"WebSite","@id":"https:\/\/tuchundstoff.shop\/#website","url":"https:\/\/tuchundstoff.shop\/","name":"TuchundStoff","description":"Qualit\u00e4tsstoffe f\u00fcr zeitgen\u00f6ssische Mode und gelebte Geschichte \u2013 100% Natur","publisher":{"@id":"https:\/\/tuchundstoff.shop\/#organization"},"potentialAction":[{"@type":"SearchAction","target":{"@type":"EntryPoint","urlTemplate":"https:\/\/tuchundstoff.shop\/?s={search_term_string}"},"query-input":{"@type":"PropertyValueSpecification","valueRequired":true,"valueName":"search_term_string"}}],"inLanguage":"fr-FR"},{"@type":"Organization","@id":"https:\/\/tuchundstoff.shop\/#organization","name":"TuchundStoff","url":"https:\/\/tuchundstoff.shop\/","logo":{"@type":"ImageObject","inLanguage":"fr-FR","@id":"https:\/\/tuchundstoff.shop\/#\/schema\/logo\/image\/","url":"https:\/\/tuchundstoff.shop\/wp-content\/uploads\/2021\/11\/Tus-Logo22-QfA-shop-V2-1.png","contentUrl":"https:\/\/tuchundstoff.shop\/wp-content\/uploads\/2021\/11\/Tus-Logo22-QfA-shop-V2-1.png","width":485,"height":110,"caption":"TuchundStoff"},"image":{"@id":"https:\/\/tuchundstoff.shop\/#\/schema\/logo\/image\/"}}]}},"_links":{"self":[{"href":"https:\/\/tuchundstoff.shop\/fr\/wp-json\/wp\/v2\/product\/19236","targetHints":{"allow":["GET"]}}],"collection":[{"href":"https:\/\/tuchundstoff.shop\/fr\/wp-json\/wp\/v2\/product"}],"about":[{"href":"https:\/\/tuchundstoff.shop\/fr\/wp-json\/wp\/v2\/types\/product"}],"replies":[{"embeddable":true,"href":"https:\/\/tuchundstoff.shop\/fr\/wp-json\/wp\/v2\/comments?post=19236"}],"wp:featuredmedia":[{"embeddable":true,"href":"https:\/\/tuchundstoff.shop\/fr\/wp-json\/wp\/v2\/media\/7733"}],"wp:attachment":[{"href":"https:\/\/tuchundstoff.shop\/fr\/wp-json\/wp\/v2\/media?parent=19236"}],"wp:term":[{"taxonomy":"product_brand","embeddable":true,"href":"https:\/\/tuchundstoff.shop\/fr\/wp-json\/wp\/v2\/product_brand?post=19236"},{"taxonomy":"product_cat","embeddable":true,"href":"https:\/\/tuchundstoff.shop\/fr\/wp-json\/wp\/v2\/product_cat?post=19236"},{"taxonomy":"product_tag","embeddable":true,"href":"https:\/\/tuchundstoff.shop\/fr\/wp-json\/wp\/v2\/product_tag?post=19236"}],"curies":[{"name":"wp","href":"https:\/\/api.w.org\/{rel}","templated":true}]}}