{"id":19229,"date":"2022-08-24T14:34:44","date_gmt":"2022-08-24T12:34:44","guid":{"rendered":"https:\/\/tuchundstoff.shop\/produkt\/laine-pour-tapis\/"},"modified":"2022-08-24T14:34:44","modified_gmt":"2022-08-24T12:34:44","slug":"laine-pour-tapis","status":"publish","type":"product","link":"https:\/\/tuchundstoff.shop\/fr\/produkt\/laine-pour-tapis\/","title":{"rendered":"Laine pour tapis"},"content":{"rendered":"<p>En r\u00e9alit\u00e9, de magnifiques tissus en laine, qui malheureusement ont beaucoup souffert lors de la production \u00e0 cause d\u2019une machine d\u00e9fectueuse. Les panneaux de tissu pr\u00e9sentent de la poussi\u00e8re, des taches de peinture et des d\u00e9chirures et trous isol\u00e9s. Ce n\u2019est pas pour les v\u00eatements, mais le tissu s\u2019est av\u00e9r\u00e9 efficace pour installer des tentes ou des vans. Les couleurs peuvent diff\u00e9rer de l\u2019image.   <\/p>\n<p>Livraison uniquement tant que les stocks sont \u00e9puis\u00e9s ! Les \u00e9changes et retours sont exclus. <\/p>\n","protected":false},"excerpt":{"rendered":"<p>Laine de tapis avec des d\u00e9fauts. Les \u00e9changes et retours sont exclus. <\/p>\n","protected":false},"featured_media":11724,"comment_status":"open","ping_status":"closed","template":"","meta":{"ngg_post_thumbnail":0},"product_brand":[],"product_cat":[1766],"product_tag":[2303],"class_list":{"0":"post-19229","1":"product","2":"type-product","3":"status-publish","4":"has-post-thumbnail","6":"product_cat-offres","7":"product_tag-laine-pour-tapis","8":"resize-featured-image","9":"sales-flash-overlay","10":"woocommerce-text-align-center","11":"woocommerce-image-align-center","12":"do-quantity-buttons","14":"first","15":"outofstock","16":"sale","17":"featured","18":"taxable","19":"shipping-taxable","20":"purchasable","21":"product-type-simple"},"yoast_head":"<!-- This site is optimized with the Yoast SEO plugin v27.2 - https:\/\/yoast.com\/product\/yoast-seo-wordpress\/ -->\n<title>Laine pour tapis - TuchundStoff<\/title>\n<meta name=\"description\" content=\"Laine pour tapis - Laine de tapis avec des d\u00e9fauts. Les \u00e9changes et retours sont exclus.\" \/>\n<meta name=\"robots\" content=\"index, follow, max-snippet:-1, max-image-preview:large, max-video-preview:-1\" \/>\n<link rel=\"canonical\" href=\"https:\/\/tuchundstoff.shop\/fr\/produkt\/laine-pour-tapis\/\" \/>\n<meta property=\"og:locale\" content=\"fr_FR\" \/>\n<meta property=\"og:type\" content=\"article\" \/>\n<meta property=\"og:title\" content=\"Laine pour tapis - TuchundStoff\" \/>\n<meta property=\"og:description\" content=\"Laine pour tapis - Laine de tapis avec des d\u00e9fauts. Les \u00e9changes et retours sont exclus.\" \/>\n<meta property=\"og:url\" content=\"https:\/\/tuchundstoff.shop\/fr\/produkt\/laine-pour-tapis\/\" \/>\n<meta property=\"og:site_name\" content=\"TuchundStoff\" \/>\n<meta property=\"og:image\" content=\"https:\/\/tuchundstoff.shop\/wp-content\/uploads\/2022\/08\/AuslegewollemitHolly2.jpg\" \/>\n\t<meta property=\"og:image:width\" content=\"1200\" \/>\n\t<meta property=\"og:image:height\" content=\"1200\" \/>\n\t<meta property=\"og:image:type\" content=\"image\/jpeg\" \/>\n<script type=\"application\/ld+json\" class=\"yoast-schema-graph\">{\"@context\":\"https:\/\/schema.org\",\"@graph\":[{\"@type\":\"WebPage\",\"@id\":\"https:\/\/tuchundstoff.shop\/fr\/produkt\/laine-pour-tapis\/\",\"url\":\"https:\/\/tuchundstoff.shop\/fr\/produkt\/laine-pour-tapis\/\",\"name\":\"Laine pour tapis - TuchundStoff\",\"isPartOf\":{\"@id\":\"https:\/\/tuchundstoff.shop\/#website\"},\"primaryImageOfPage\":{\"@id\":\"https:\/\/tuchundstoff.shop\/fr\/produkt\/laine-pour-tapis\/#primaryimage\"},\"image\":{\"@id\":\"https:\/\/tuchundstoff.shop\/fr\/produkt\/laine-pour-tapis\/#primaryimage\"},\"thumbnailUrl\":\"https:\/\/tuchundstoff.shop\/wp-content\/uploads\/2022\/08\/AuslegewollemitHolly2.jpg\",\"datePublished\":\"2022-08-24T12:34:44+00:00\",\"description\":\"Laine pour tapis - Laine de tapis avec des d\u00e9fauts. Les \u00e9changes et retours sont exclus.\",\"breadcrumb\":{\"@id\":\"https:\/\/tuchundstoff.shop\/fr\/produkt\/laine-pour-tapis\/#breadcrumb\"},\"inLanguage\":\"fr-FR\",\"potentialAction\":[{\"@type\":\"ReadAction\",\"target\":[\"https:\/\/tuchundstoff.shop\/fr\/produkt\/laine-pour-tapis\/\"]}]},{\"@type\":\"ImageObject\",\"inLanguage\":\"fr-FR\",\"@id\":\"https:\/\/tuchundstoff.shop\/fr\/produkt\/laine-pour-tapis\/#primaryimage\",\"url\":\"https:\/\/tuchundstoff.shop\/wp-content\/uploads\/2022\/08\/AuslegewollemitHolly2.jpg\",\"contentUrl\":\"https:\/\/tuchundstoff.shop\/wp-content\/uploads\/2022\/08\/AuslegewollemitHolly2.jpg\",\"width\":1200,\"height\":1200},{\"@type\":\"BreadcrumbList\",\"@id\":\"https:\/\/tuchundstoff.shop\/fr\/produkt\/laine-pour-tapis\/#breadcrumb\",\"itemListElement\":[{\"@type\":\"ListItem\",\"position\":1,\"name\":\"Startseite\",\"item\":\"https:\/\/tuchundstoff.shop\/fr\/des-tissus-de-qualite-pour-une-mode-contemporaine-et-une-histoire-vecue-100-naturel\/\"},{\"@type\":\"ListItem\",\"position\":2,\"name\":\"Boutique\",\"item\":\"https:\/\/tuchundstoff.shop\/fr\/boutique\/\"},{\"@type\":\"ListItem\",\"position\":3,\"name\":\"Laine pour tapis\"}]},{\"@type\":\"WebSite\",\"@id\":\"https:\/\/tuchundstoff.shop\/#website\",\"url\":\"https:\/\/tuchundstoff.shop\/\",\"name\":\"TuchundStoff\",\"description\":\"Qualit\u00e4tsstoffe f\u00fcr zeitgen\u00f6ssische Mode und gelebte Geschichte \u2013 100% Natur\",\"publisher\":{\"@id\":\"https:\/\/tuchundstoff.shop\/#organization\"},\"potentialAction\":[{\"@type\":\"SearchAction\",\"target\":{\"@type\":\"EntryPoint\",\"urlTemplate\":\"https:\/\/tuchundstoff.shop\/?s={search_term_string}\"},\"query-input\":{\"@type\":\"PropertyValueSpecification\",\"valueRequired\":true,\"valueName\":\"search_term_string\"}}],\"inLanguage\":\"fr-FR\"},{\"@type\":\"Organization\",\"@id\":\"https:\/\/tuchundstoff.shop\/#organization\",\"name\":\"TuchundStoff\",\"url\":\"https:\/\/tuchundstoff.shop\/\",\"logo\":{\"@type\":\"ImageObject\",\"inLanguage\":\"fr-FR\",\"@id\":\"https:\/\/tuchundstoff.shop\/#\/schema\/logo\/image\/\",\"url\":\"https:\/\/tuchundstoff.shop\/wp-content\/uploads\/2021\/11\/Tus-Logo22-QfA-shop-V2-1.png\",\"contentUrl\":\"https:\/\/tuchundstoff.shop\/wp-content\/uploads\/2021\/11\/Tus-Logo22-QfA-shop-V2-1.png\",\"width\":485,\"height\":110,\"caption\":\"TuchundStoff\"},\"image\":{\"@id\":\"https:\/\/tuchundstoff.shop\/#\/schema\/logo\/image\/\"}}]}<\/script>\n<!-- \/ Yoast SEO plugin. -->","yoast_head_json":{"title":"Laine pour tapis - TuchundStoff","description":"Laine pour tapis - Laine de tapis avec des d\u00e9fauts. Les \u00e9changes et retours sont exclus.","robots":{"index":"index","follow":"follow","max-snippet":"max-snippet:-1","max-image-preview":"max-image-preview:large","max-video-preview":"max-video-preview:-1"},"canonical":"https:\/\/tuchundstoff.shop\/fr\/produkt\/laine-pour-tapis\/","og_locale":"fr_FR","og_type":"article","og_title":"Laine pour tapis - TuchundStoff","og_description":"Laine pour tapis - Laine de tapis avec des d\u00e9fauts. Les \u00e9changes et retours sont exclus.","og_url":"https:\/\/tuchundstoff.shop\/fr\/produkt\/laine-pour-tapis\/","og_site_name":"TuchundStoff","og_image":[{"width":1200,"height":1200,"url":"https:\/\/tuchundstoff.shop\/wp-content\/uploads\/2022\/08\/AuslegewollemitHolly2.jpg","type":"image\/jpeg"}],"schema":{"@context":"https:\/\/schema.org","@graph":[{"@type":"WebPage","@id":"https:\/\/tuchundstoff.shop\/fr\/produkt\/laine-pour-tapis\/","url":"https:\/\/tuchundstoff.shop\/fr\/produkt\/laine-pour-tapis\/","name":"Laine pour tapis - TuchundStoff","isPartOf":{"@id":"https:\/\/tuchundstoff.shop\/#website"},"primaryImageOfPage":{"@id":"https:\/\/tuchundstoff.shop\/fr\/produkt\/laine-pour-tapis\/#primaryimage"},"image":{"@id":"https:\/\/tuchundstoff.shop\/fr\/produkt\/laine-pour-tapis\/#primaryimage"},"thumbnailUrl":"https:\/\/tuchundstoff.shop\/wp-content\/uploads\/2022\/08\/AuslegewollemitHolly2.jpg","datePublished":"2022-08-24T12:34:44+00:00","description":"Laine pour tapis - Laine de tapis avec des d\u00e9fauts. Les \u00e9changes et retours sont exclus.","breadcrumb":{"@id":"https:\/\/tuchundstoff.shop\/fr\/produkt\/laine-pour-tapis\/#breadcrumb"},"inLanguage":"fr-FR","potentialAction":[{"@type":"ReadAction","target":["https:\/\/tuchundstoff.shop\/fr\/produkt\/laine-pour-tapis\/"]}]},{"@type":"ImageObject","inLanguage":"fr-FR","@id":"https:\/\/tuchundstoff.shop\/fr\/produkt\/laine-pour-tapis\/#primaryimage","url":"https:\/\/tuchundstoff.shop\/wp-content\/uploads\/2022\/08\/AuslegewollemitHolly2.jpg","contentUrl":"https:\/\/tuchundstoff.shop\/wp-content\/uploads\/2022\/08\/AuslegewollemitHolly2.jpg","width":1200,"height":1200},{"@type":"BreadcrumbList","@id":"https:\/\/tuchundstoff.shop\/fr\/produkt\/laine-pour-tapis\/#breadcrumb","itemListElement":[{"@type":"ListItem","position":1,"name":"Startseite","item":"https:\/\/tuchundstoff.shop\/fr\/des-tissus-de-qualite-pour-une-mode-contemporaine-et-une-histoire-vecue-100-naturel\/"},{"@type":"ListItem","position":2,"name":"Boutique","item":"https:\/\/tuchundstoff.shop\/fr\/boutique\/"},{"@type":"ListItem","position":3,"name":"Laine pour tapis"}]},{"@type":"WebSite","@id":"https:\/\/tuchundstoff.shop\/#website","url":"https:\/\/tuchundstoff.shop\/","name":"TuchundStoff","description":"Qualit\u00e4tsstoffe f\u00fcr zeitgen\u00f6ssische Mode und gelebte Geschichte \u2013 100% Natur","publisher":{"@id":"https:\/\/tuchundstoff.shop\/#organization"},"potentialAction":[{"@type":"SearchAction","target":{"@type":"EntryPoint","urlTemplate":"https:\/\/tuchundstoff.shop\/?s={search_term_string}"},"query-input":{"@type":"PropertyValueSpecification","valueRequired":true,"valueName":"search_term_string"}}],"inLanguage":"fr-FR"},{"@type":"Organization","@id":"https:\/\/tuchundstoff.shop\/#organization","name":"TuchundStoff","url":"https:\/\/tuchundstoff.shop\/","logo":{"@type":"ImageObject","inLanguage":"fr-FR","@id":"https:\/\/tuchundstoff.shop\/#\/schema\/logo\/image\/","url":"https:\/\/tuchundstoff.shop\/wp-content\/uploads\/2021\/11\/Tus-Logo22-QfA-shop-V2-1.png","contentUrl":"https:\/\/tuchundstoff.shop\/wp-content\/uploads\/2021\/11\/Tus-Logo22-QfA-shop-V2-1.png","width":485,"height":110,"caption":"TuchundStoff"},"image":{"@id":"https:\/\/tuchundstoff.shop\/#\/schema\/logo\/image\/"}}]}},"_links":{"self":[{"href":"https:\/\/tuchundstoff.shop\/fr\/wp-json\/wp\/v2\/product\/19229","targetHints":{"allow":["GET"]}}],"collection":[{"href":"https:\/\/tuchundstoff.shop\/fr\/wp-json\/wp\/v2\/product"}],"about":[{"href":"https:\/\/tuchundstoff.shop\/fr\/wp-json\/wp\/v2\/types\/product"}],"replies":[{"embeddable":true,"href":"https:\/\/tuchundstoff.shop\/fr\/wp-json\/wp\/v2\/comments?post=19229"}],"wp:featuredmedia":[{"embeddable":true,"href":"https:\/\/tuchundstoff.shop\/fr\/wp-json\/wp\/v2\/media\/11724"}],"wp:attachment":[{"href":"https:\/\/tuchundstoff.shop\/fr\/wp-json\/wp\/v2\/media?parent=19229"}],"wp:term":[{"taxonomy":"product_brand","embeddable":true,"href":"https:\/\/tuchundstoff.shop\/fr\/wp-json\/wp\/v2\/product_brand?post=19229"},{"taxonomy":"product_cat","embeddable":true,"href":"https:\/\/tuchundstoff.shop\/fr\/wp-json\/wp\/v2\/product_cat?post=19229"},{"taxonomy":"product_tag","embeddable":true,"href":"https:\/\/tuchundstoff.shop\/fr\/wp-json\/wp\/v2\/product_tag?post=19229"}],"curies":[{"name":"wp","href":"https:\/\/api.w.org\/{rel}","templated":true}]}}