{"id":19228,"date":"2023-08-14T16:00:59","date_gmt":"2023-08-14T14:00:59","guid":{"rendered":"https:\/\/tuchundstoff.shop\/produkt\/serge-diagonal-450g-m-fjord-green\/"},"modified":"2023-08-14T16:00:59","modified_gmt":"2023-08-14T14:00:59","slug":"serge-diagonal-450g-m-fjord-green","status":"publish","type":"product","link":"https:\/\/tuchundstoff.shop\/fr\/produkt\/serge-diagonal-450g-m-fjord-green\/","title":{"rendered":"Serg\u00e9 diagonal 450g\/m Fjord Green"},"content":{"rendered":"<p>Serg\u00e9 diagonal robuste, env.450g\/lfm, largeur 150cm<br \/>\nPoids moyennement l\u00e9ger pour des tuniques chaudes et de nombreux uniformes.<br \/>\nId\u00e9al pour toutes les \u00e9poques du Moyen-\u00c2ge europ\u00e9en.<\/p>\n","protected":false},"excerpt":{"rendered":"<p>Avantage de prix \u00e0 partir de 5 m\u00e8tres courants !<\/p>\n<p>Lumi\u00e8re centrale, serg\u00e9 diagonal robuste, 100% laine vierge<br \/>\n450g\/lfm, largeur 150cm<\/p>\n","protected":false},"featured_media":13646,"comment_status":"open","ping_status":"closed","template":"","meta":{"ngg_post_thumbnail":0},"product_brand":[],"product_cat":[699,703],"product_tag":[1186,1190,2152,1112,1116,1181,1182,1183],"class_list":{"0":"post-19228","1":"product","2":"type-product","3":"status-publish","4":"has-post-thumbnail","6":"product_cat-laine","7":"product_cat-serge-diagonal","8":"product_tag-diagonal","9":"product_tag-laine","10":"product_tag-viking-fr","11":"product_tag-pantalons","12":"product_tag-tunique","13":"product_tag-2-2-fr","14":"product_tag-serge-diagonal","15":"product_tag-k2-2-fr","16":"resize-featured-image","17":"sales-flash-overlay","18":"woocommerce-text-align-center","19":"woocommerce-image-align-center","20":"do-quantity-buttons","22":"first","23":"instock","24":"sale","25":"taxable","26":"shipping-taxable","27":"purchasable","28":"product-type-simple"},"yoast_head":"<!-- This site is optimized with the Yoast SEO plugin v27.2 - https:\/\/yoast.com\/product\/yoast-seo-wordpress\/ -->\n<title>Serg\u00e9 diagonal 450g\/m Fjord Green - TuchundStoff<\/title>\n<meta name=\"description\" content=\"Serg\u00e9 diagonal 450g\/m Fjord Green - Avantage de prix \u00e0 partir de 5 m\u00e8tres courants ! Lumi\u00e8re centrale, serg\u00e9 diagonal robuste, 100% laine vierge 450g\/lfm, largeur 150cm\" \/>\n<meta name=\"robots\" content=\"index, follow, max-snippet:-1, max-image-preview:large, max-video-preview:-1\" \/>\n<link rel=\"canonical\" href=\"https:\/\/tuchundstoff.shop\/fr\/produkt\/serge-diagonal-450g-m-fjord-green\/\" \/>\n<meta property=\"og:locale\" content=\"fr_FR\" \/>\n<meta property=\"og:type\" content=\"article\" \/>\n<meta property=\"og:title\" content=\"Serg\u00e9 diagonal 450g\/m Fjord Green - TuchundStoff\" \/>\n<meta property=\"og:description\" content=\"Serg\u00e9 diagonal 450g\/m Fjord Green - Avantage de prix \u00e0 partir de 5 m\u00e8tres courants ! Lumi\u00e8re centrale, serg\u00e9 diagonal robuste, 100% laine vierge 450g\/lfm, largeur 150cm\" \/>\n<meta property=\"og:url\" content=\"https:\/\/tuchundstoff.shop\/fr\/produkt\/serge-diagonal-450g-m-fjord-green\/\" \/>\n<meta property=\"og:site_name\" content=\"TuchundStoff\" \/>\n<meta property=\"og:image\" content=\"https:\/\/tuchundstoff.shop\/wp-content\/uploads\/2023\/08\/U-Dgk-2308-Fjordgruen-1.jpg\" \/>\n\t<meta property=\"og:image:width\" content=\"1200\" \/>\n\t<meta property=\"og:image:height\" content=\"1200\" \/>\n\t<meta property=\"og:image:type\" content=\"image\/jpeg\" \/>\n<script type=\"application\/ld+json\" class=\"yoast-schema-graph\">{\"@context\":\"https:\/\/schema.org\",\"@graph\":[{\"@type\":\"WebPage\",\"@id\":\"https:\/\/tuchundstoff.shop\/fr\/produkt\/serge-diagonal-450g-m-fjord-green\/\",\"url\":\"https:\/\/tuchundstoff.shop\/fr\/produkt\/serge-diagonal-450g-m-fjord-green\/\",\"name\":\"Serg\u00e9 diagonal 450g\/m Fjord Green - TuchundStoff\",\"isPartOf\":{\"@id\":\"https:\/\/tuchundstoff.shop\/#website\"},\"primaryImageOfPage\":{\"@id\":\"https:\/\/tuchundstoff.shop\/fr\/produkt\/serge-diagonal-450g-m-fjord-green\/#primaryimage\"},\"image\":{\"@id\":\"https:\/\/tuchundstoff.shop\/fr\/produkt\/serge-diagonal-450g-m-fjord-green\/#primaryimage\"},\"thumbnailUrl\":\"https:\/\/tuchundstoff.shop\/wp-content\/uploads\/2023\/08\/U-Dgk-2308-Fjordgruen-1.jpg\",\"datePublished\":\"2023-08-14T14:00:59+00:00\",\"description\":\"Serg\u00e9 diagonal 450g\/m Fjord Green - Avantage de prix \u00e0 partir de 5 m\u00e8tres courants ! Lumi\u00e8re centrale, serg\u00e9 diagonal robuste, 100% laine vierge 450g\/lfm, largeur 150cm\",\"breadcrumb\":{\"@id\":\"https:\/\/tuchundstoff.shop\/fr\/produkt\/serge-diagonal-450g-m-fjord-green\/#breadcrumb\"},\"inLanguage\":\"fr-FR\",\"potentialAction\":[{\"@type\":\"ReadAction\",\"target\":[\"https:\/\/tuchundstoff.shop\/fr\/produkt\/serge-diagonal-450g-m-fjord-green\/\"]}]},{\"@type\":\"ImageObject\",\"inLanguage\":\"fr-FR\",\"@id\":\"https:\/\/tuchundstoff.shop\/fr\/produkt\/serge-diagonal-450g-m-fjord-green\/#primaryimage\",\"url\":\"https:\/\/tuchundstoff.shop\/wp-content\/uploads\/2023\/08\/U-Dgk-2308-Fjordgruen-1.jpg\",\"contentUrl\":\"https:\/\/tuchundstoff.shop\/wp-content\/uploads\/2023\/08\/U-Dgk-2308-Fjordgruen-1.jpg\",\"width\":1200,\"height\":1200},{\"@type\":\"BreadcrumbList\",\"@id\":\"https:\/\/tuchundstoff.shop\/fr\/produkt\/serge-diagonal-450g-m-fjord-green\/#breadcrumb\",\"itemListElement\":[{\"@type\":\"ListItem\",\"position\":1,\"name\":\"Startseite\",\"item\":\"https:\/\/tuchundstoff.shop\/fr\/des-tissus-de-qualite-pour-une-mode-contemporaine-et-une-histoire-vecue-100-naturel\/\"},{\"@type\":\"ListItem\",\"position\":2,\"name\":\"Boutique\",\"item\":\"https:\/\/tuchundstoff.shop\/fr\/boutique\/\"},{\"@type\":\"ListItem\",\"position\":3,\"name\":\"Serg\u00e9 diagonal 450g\/m Fjord Green\"}]},{\"@type\":\"WebSite\",\"@id\":\"https:\/\/tuchundstoff.shop\/#website\",\"url\":\"https:\/\/tuchundstoff.shop\/\",\"name\":\"TuchundStoff\",\"description\":\"Qualit\u00e4tsstoffe f\u00fcr zeitgen\u00f6ssische Mode und gelebte Geschichte \u2013 100% Natur\",\"publisher\":{\"@id\":\"https:\/\/tuchundstoff.shop\/#organization\"},\"potentialAction\":[{\"@type\":\"SearchAction\",\"target\":{\"@type\":\"EntryPoint\",\"urlTemplate\":\"https:\/\/tuchundstoff.shop\/?s={search_term_string}\"},\"query-input\":{\"@type\":\"PropertyValueSpecification\",\"valueRequired\":true,\"valueName\":\"search_term_string\"}}],\"inLanguage\":\"fr-FR\"},{\"@type\":\"Organization\",\"@id\":\"https:\/\/tuchundstoff.shop\/#organization\",\"name\":\"TuchundStoff\",\"url\":\"https:\/\/tuchundstoff.shop\/\",\"logo\":{\"@type\":\"ImageObject\",\"inLanguage\":\"fr-FR\",\"@id\":\"https:\/\/tuchundstoff.shop\/#\/schema\/logo\/image\/\",\"url\":\"https:\/\/tuchundstoff.shop\/wp-content\/uploads\/2021\/11\/Tus-Logo22-QfA-shop-V2-1.png\",\"contentUrl\":\"https:\/\/tuchundstoff.shop\/wp-content\/uploads\/2021\/11\/Tus-Logo22-QfA-shop-V2-1.png\",\"width\":485,\"height\":110,\"caption\":\"TuchundStoff\"},\"image\":{\"@id\":\"https:\/\/tuchundstoff.shop\/#\/schema\/logo\/image\/\"}}]}<\/script>\n<!-- \/ Yoast SEO plugin. -->","yoast_head_json":{"title":"Serg\u00e9 diagonal 450g\/m Fjord Green - TuchundStoff","description":"Serg\u00e9 diagonal 450g\/m Fjord Green - Avantage de prix \u00e0 partir de 5 m\u00e8tres courants ! Lumi\u00e8re centrale, serg\u00e9 diagonal robuste, 100% laine vierge 450g\/lfm, largeur 150cm","robots":{"index":"index","follow":"follow","max-snippet":"max-snippet:-1","max-image-preview":"max-image-preview:large","max-video-preview":"max-video-preview:-1"},"canonical":"https:\/\/tuchundstoff.shop\/fr\/produkt\/serge-diagonal-450g-m-fjord-green\/","og_locale":"fr_FR","og_type":"article","og_title":"Serg\u00e9 diagonal 450g\/m Fjord Green - TuchundStoff","og_description":"Serg\u00e9 diagonal 450g\/m Fjord Green - Avantage de prix \u00e0 partir de 5 m\u00e8tres courants ! Lumi\u00e8re centrale, serg\u00e9 diagonal robuste, 100% laine vierge 450g\/lfm, largeur 150cm","og_url":"https:\/\/tuchundstoff.shop\/fr\/produkt\/serge-diagonal-450g-m-fjord-green\/","og_site_name":"TuchundStoff","og_image":[{"width":1200,"height":1200,"url":"https:\/\/tuchundstoff.shop\/wp-content\/uploads\/2023\/08\/U-Dgk-2308-Fjordgruen-1.jpg","type":"image\/jpeg"}],"schema":{"@context":"https:\/\/schema.org","@graph":[{"@type":"WebPage","@id":"https:\/\/tuchundstoff.shop\/fr\/produkt\/serge-diagonal-450g-m-fjord-green\/","url":"https:\/\/tuchundstoff.shop\/fr\/produkt\/serge-diagonal-450g-m-fjord-green\/","name":"Serg\u00e9 diagonal 450g\/m Fjord Green - TuchundStoff","isPartOf":{"@id":"https:\/\/tuchundstoff.shop\/#website"},"primaryImageOfPage":{"@id":"https:\/\/tuchundstoff.shop\/fr\/produkt\/serge-diagonal-450g-m-fjord-green\/#primaryimage"},"image":{"@id":"https:\/\/tuchundstoff.shop\/fr\/produkt\/serge-diagonal-450g-m-fjord-green\/#primaryimage"},"thumbnailUrl":"https:\/\/tuchundstoff.shop\/wp-content\/uploads\/2023\/08\/U-Dgk-2308-Fjordgruen-1.jpg","datePublished":"2023-08-14T14:00:59+00:00","description":"Serg\u00e9 diagonal 450g\/m Fjord Green - Avantage de prix \u00e0 partir de 5 m\u00e8tres courants ! Lumi\u00e8re centrale, serg\u00e9 diagonal robuste, 100% laine vierge 450g\/lfm, largeur 150cm","breadcrumb":{"@id":"https:\/\/tuchundstoff.shop\/fr\/produkt\/serge-diagonal-450g-m-fjord-green\/#breadcrumb"},"inLanguage":"fr-FR","potentialAction":[{"@type":"ReadAction","target":["https:\/\/tuchundstoff.shop\/fr\/produkt\/serge-diagonal-450g-m-fjord-green\/"]}]},{"@type":"ImageObject","inLanguage":"fr-FR","@id":"https:\/\/tuchundstoff.shop\/fr\/produkt\/serge-diagonal-450g-m-fjord-green\/#primaryimage","url":"https:\/\/tuchundstoff.shop\/wp-content\/uploads\/2023\/08\/U-Dgk-2308-Fjordgruen-1.jpg","contentUrl":"https:\/\/tuchundstoff.shop\/wp-content\/uploads\/2023\/08\/U-Dgk-2308-Fjordgruen-1.jpg","width":1200,"height":1200},{"@type":"BreadcrumbList","@id":"https:\/\/tuchundstoff.shop\/fr\/produkt\/serge-diagonal-450g-m-fjord-green\/#breadcrumb","itemListElement":[{"@type":"ListItem","position":1,"name":"Startseite","item":"https:\/\/tuchundstoff.shop\/fr\/des-tissus-de-qualite-pour-une-mode-contemporaine-et-une-histoire-vecue-100-naturel\/"},{"@type":"ListItem","position":2,"name":"Boutique","item":"https:\/\/tuchundstoff.shop\/fr\/boutique\/"},{"@type":"ListItem","position":3,"name":"Serg\u00e9 diagonal 450g\/m Fjord Green"}]},{"@type":"WebSite","@id":"https:\/\/tuchundstoff.shop\/#website","url":"https:\/\/tuchundstoff.shop\/","name":"TuchundStoff","description":"Qualit\u00e4tsstoffe f\u00fcr zeitgen\u00f6ssische Mode und gelebte Geschichte \u2013 100% Natur","publisher":{"@id":"https:\/\/tuchundstoff.shop\/#organization"},"potentialAction":[{"@type":"SearchAction","target":{"@type":"EntryPoint","urlTemplate":"https:\/\/tuchundstoff.shop\/?s={search_term_string}"},"query-input":{"@type":"PropertyValueSpecification","valueRequired":true,"valueName":"search_term_string"}}],"inLanguage":"fr-FR"},{"@type":"Organization","@id":"https:\/\/tuchundstoff.shop\/#organization","name":"TuchundStoff","url":"https:\/\/tuchundstoff.shop\/","logo":{"@type":"ImageObject","inLanguage":"fr-FR","@id":"https:\/\/tuchundstoff.shop\/#\/schema\/logo\/image\/","url":"https:\/\/tuchundstoff.shop\/wp-content\/uploads\/2021\/11\/Tus-Logo22-QfA-shop-V2-1.png","contentUrl":"https:\/\/tuchundstoff.shop\/wp-content\/uploads\/2021\/11\/Tus-Logo22-QfA-shop-V2-1.png","width":485,"height":110,"caption":"TuchundStoff"},"image":{"@id":"https:\/\/tuchundstoff.shop\/#\/schema\/logo\/image\/"}}]}},"_links":{"self":[{"href":"https:\/\/tuchundstoff.shop\/fr\/wp-json\/wp\/v2\/product\/19228","targetHints":{"allow":["GET"]}}],"collection":[{"href":"https:\/\/tuchundstoff.shop\/fr\/wp-json\/wp\/v2\/product"}],"about":[{"href":"https:\/\/tuchundstoff.shop\/fr\/wp-json\/wp\/v2\/types\/product"}],"replies":[{"embeddable":true,"href":"https:\/\/tuchundstoff.shop\/fr\/wp-json\/wp\/v2\/comments?post=19228"}],"wp:featuredmedia":[{"embeddable":true,"href":"https:\/\/tuchundstoff.shop\/fr\/wp-json\/wp\/v2\/media\/13646"}],"wp:attachment":[{"href":"https:\/\/tuchundstoff.shop\/fr\/wp-json\/wp\/v2\/media?parent=19228"}],"wp:term":[{"taxonomy":"product_brand","embeddable":true,"href":"https:\/\/tuchundstoff.shop\/fr\/wp-json\/wp\/v2\/product_brand?post=19228"},{"taxonomy":"product_cat","embeddable":true,"href":"https:\/\/tuchundstoff.shop\/fr\/wp-json\/wp\/v2\/product_cat?post=19228"},{"taxonomy":"product_tag","embeddable":true,"href":"https:\/\/tuchundstoff.shop\/fr\/wp-json\/wp\/v2\/product_tag?post=19228"}],"curies":[{"name":"wp","href":"https:\/\/api.w.org\/{rel}","templated":true}]}}