{"id":19224,"date":"2021-12-10T16:49:00","date_gmt":"2021-12-10T15:49:00","guid":{"rendered":"https:\/\/tuchundstoff.shop\/produkt\/laine-diamant-serge-soleil-jaune-dore-fleur-damarante-rouge\/"},"modified":"2021-12-10T16:49:00","modified_gmt":"2021-12-10T15:49:00","slug":"laine-diamant-serge-soleil-jaune-dore-fleur-damarante-rouge","status":"publish","type":"product","link":"https:\/\/tuchundstoff.shop\/fr\/produkt\/laine-diamant-serge-soleil-jaune-dore-fleur-damarante-rouge\/","title":{"rendered":"Laine Diamant Serg\u00e9 Soleil Jaune Dor\u00e9\/Fleur d\u2019Amarante Rouge"},"content":{"rendered":"<p>Serg\u00e9 diamant\u00e9, laine card\u00e9e 100 % laine de mouton, environ 400 g\/m.m., largeur 150 cm, jaune dor\u00e9 soleil de cha\u00eene \/ fleur d\u2019amarante trame rouge<br \/>\n. Poids moyen pour tuniques et robes ou en finition.<\/p>\n","protected":false},"excerpt":{"rendered":"<p>Serg\u00e9 diamant\u00e9, fil card\u00e9 100 % laine de mouton, jaune dor\u00e9 solaire\/rouge<br \/>\nfleur d\u2019amarante Poids environ 400g\/mtrm, largeur 150cm<br \/>\nProportion de prix \u00e0 partir de 2,5 m\u00e8tres lin\u00e9aires !<\/p>\n","protected":false},"featured_media":9723,"comment_status":"open","ping_status":"closed","template":"","meta":{"ngg_post_thumbnail":0},"product_brand":[],"product_cat":[699,704],"product_tag":[1217,1238,1493,1112,1116,1190],"class_list":{"0":"post-19224","1":"product","2":"type-product","3":"status-publish","4":"has-post-thumbnail","6":"product_cat-laine","7":"product_cat-diamant-serge","8":"product_tag-serge-de-diamant","9":"product_tag-serge-drhombe-fr","10":"product_tag-garniture","11":"product_tag-pantalons","12":"product_tag-tunique","13":"product_tag-laine","14":"pa_gewicht-400g-lfm-266g-m-fr","15":"resize-featured-image","16":"sales-flash-overlay","17":"woocommerce-text-align-center","18":"woocommerce-image-align-center","19":"do-quantity-buttons","20":"wc-has-gallery","22":"first","23":"instock","24":"taxable","25":"shipping-taxable","26":"purchasable","27":"product-type-simple"},"yoast_head":"<!-- This site is optimized with the Yoast SEO plugin v27.2 - https:\/\/yoast.com\/product\/yoast-seo-wordpress\/ -->\n<title>Laine Diamant Serg\u00e9 Soleil Jaune Dor\u00e9\/Fleur d\u2019Amarante Rouge - TuchundStoff<\/title>\n<meta name=\"description\" content=\"Laine Diamant Serg\u00e9 Soleil Jaune Dor\u00e9\/Fleur d\u2019Amarante Rouge - Serg\u00e9 diamant\u00e9, fil card\u00e9 100 % laine de mouton, jaune dor\u00e9 solaire\/rouge fleur d\u2019amarante Poids environ 400g\/mtrm, largeur 150cm Proportion de prix \u00e0 partir de 2,5 m\u00e8tres lin\u00e9aires !\" \/>\n<meta name=\"robots\" content=\"index, follow, max-snippet:-1, max-image-preview:large, max-video-preview:-1\" \/>\n<link rel=\"canonical\" href=\"https:\/\/tuchundstoff.shop\/fr\/produkt\/laine-diamant-serge-soleil-jaune-dore-fleur-damarante-rouge\/\" \/>\n<meta property=\"og:locale\" content=\"fr_FR\" \/>\n<meta property=\"og:type\" content=\"article\" \/>\n<meta property=\"og:title\" content=\"Laine Diamant Serg\u00e9 Soleil Jaune Dor\u00e9\/Fleur d\u2019Amarante Rouge - TuchundStoff\" \/>\n<meta property=\"og:description\" content=\"Laine Diamant Serg\u00e9 Soleil Jaune Dor\u00e9\/Fleur d\u2019Amarante Rouge - Serg\u00e9 diamant\u00e9, fil card\u00e9 100 % laine de mouton, jaune dor\u00e9 solaire\/rouge fleur d\u2019amarante Poids environ 400g\/mtrm, largeur 150cm Proportion de prix \u00e0 partir de 2,5 m\u00e8tres lin\u00e9aires !\" \/>\n<meta property=\"og:url\" content=\"https:\/\/tuchundstoff.shop\/fr\/produkt\/laine-diamant-serge-soleil-jaune-dore-fleur-damarante-rouge\/\" \/>\n<meta property=\"og:site_name\" content=\"TuchundStoff\" \/>\n<meta property=\"og:image\" content=\"https:\/\/tuchundstoff.shop\/wp-content\/uploads\/2021\/09\/DSC_1796_4486K805-11339.jpg\" \/>\n\t<meta property=\"og:image:width\" content=\"1200\" \/>\n\t<meta property=\"og:image:height\" content=\"1200\" \/>\n\t<meta property=\"og:image:type\" content=\"image\/jpeg\" \/>\n<script type=\"application\/ld+json\" class=\"yoast-schema-graph\">{\"@context\":\"https:\/\/schema.org\",\"@graph\":[{\"@type\":\"WebPage\",\"@id\":\"https:\/\/tuchundstoff.shop\/fr\/produkt\/laine-diamant-serge-soleil-jaune-dore-fleur-damarante-rouge\/\",\"url\":\"https:\/\/tuchundstoff.shop\/fr\/produkt\/laine-diamant-serge-soleil-jaune-dore-fleur-damarante-rouge\/\",\"name\":\"Laine Diamant Serg\u00e9 Soleil Jaune Dor\u00e9\/Fleur d\u2019Amarante Rouge - TuchundStoff\",\"isPartOf\":{\"@id\":\"https:\/\/tuchundstoff.shop\/#website\"},\"primaryImageOfPage\":{\"@id\":\"https:\/\/tuchundstoff.shop\/fr\/produkt\/laine-diamant-serge-soleil-jaune-dore-fleur-damarante-rouge\/#primaryimage\"},\"image\":{\"@id\":\"https:\/\/tuchundstoff.shop\/fr\/produkt\/laine-diamant-serge-soleil-jaune-dore-fleur-damarante-rouge\/#primaryimage\"},\"thumbnailUrl\":\"https:\/\/tuchundstoff.shop\/wp-content\/uploads\/2021\/09\/DSC_1796_4486K805-11339.jpg\",\"datePublished\":\"2021-12-10T15:49:00+00:00\",\"description\":\"Laine Diamant Serg\u00e9 Soleil Jaune Dor\u00e9\/Fleur d\u2019Amarante Rouge - Serg\u00e9 diamant\u00e9, fil card\u00e9 100 % laine de mouton, jaune dor\u00e9 solaire\/rouge fleur d\u2019amarante Poids environ 400g\/mtrm, largeur 150cm Proportion de prix \u00e0 partir de 2,5 m\u00e8tres lin\u00e9aires !\",\"breadcrumb\":{\"@id\":\"https:\/\/tuchundstoff.shop\/fr\/produkt\/laine-diamant-serge-soleil-jaune-dore-fleur-damarante-rouge\/#breadcrumb\"},\"inLanguage\":\"fr-FR\",\"potentialAction\":[{\"@type\":\"ReadAction\",\"target\":[\"https:\/\/tuchundstoff.shop\/fr\/produkt\/laine-diamant-serge-soleil-jaune-dore-fleur-damarante-rouge\/\"]}]},{\"@type\":\"ImageObject\",\"inLanguage\":\"fr-FR\",\"@id\":\"https:\/\/tuchundstoff.shop\/fr\/produkt\/laine-diamant-serge-soleil-jaune-dore-fleur-damarante-rouge\/#primaryimage\",\"url\":\"https:\/\/tuchundstoff.shop\/wp-content\/uploads\/2021\/09\/DSC_1796_4486K805-11339.jpg\",\"contentUrl\":\"https:\/\/tuchundstoff.shop\/wp-content\/uploads\/2021\/09\/DSC_1796_4486K805-11339.jpg\",\"width\":1200,\"height\":1200,\"caption\":\"Soleil jaune dor\u00e9\/floraison d\u2019amarante rouge\"},{\"@type\":\"BreadcrumbList\",\"@id\":\"https:\/\/tuchundstoff.shop\/fr\/produkt\/laine-diamant-serge-soleil-jaune-dore-fleur-damarante-rouge\/#breadcrumb\",\"itemListElement\":[{\"@type\":\"ListItem\",\"position\":1,\"name\":\"Startseite\",\"item\":\"https:\/\/tuchundstoff.shop\/fr\/des-tissus-de-qualite-pour-une-mode-contemporaine-et-une-histoire-vecue-100-naturel\/\"},{\"@type\":\"ListItem\",\"position\":2,\"name\":\"Boutique\",\"item\":\"https:\/\/tuchundstoff.shop\/fr\/boutique\/\"},{\"@type\":\"ListItem\",\"position\":3,\"name\":\"Laine Diamant Serg\u00e9 Soleil Jaune Dor\u00e9\/Fleur d\u2019Amarante Rouge\"}]},{\"@type\":\"WebSite\",\"@id\":\"https:\/\/tuchundstoff.shop\/#website\",\"url\":\"https:\/\/tuchundstoff.shop\/\",\"name\":\"TuchundStoff\",\"description\":\"Qualit\u00e4tsstoffe f\u00fcr zeitgen\u00f6ssische Mode und gelebte Geschichte \u2013 100% Natur\",\"publisher\":{\"@id\":\"https:\/\/tuchundstoff.shop\/#organization\"},\"potentialAction\":[{\"@type\":\"SearchAction\",\"target\":{\"@type\":\"EntryPoint\",\"urlTemplate\":\"https:\/\/tuchundstoff.shop\/?s={search_term_string}\"},\"query-input\":{\"@type\":\"PropertyValueSpecification\",\"valueRequired\":true,\"valueName\":\"search_term_string\"}}],\"inLanguage\":\"fr-FR\"},{\"@type\":\"Organization\",\"@id\":\"https:\/\/tuchundstoff.shop\/#organization\",\"name\":\"TuchundStoff\",\"url\":\"https:\/\/tuchundstoff.shop\/\",\"logo\":{\"@type\":\"ImageObject\",\"inLanguage\":\"fr-FR\",\"@id\":\"https:\/\/tuchundstoff.shop\/#\/schema\/logo\/image\/\",\"url\":\"https:\/\/tuchundstoff.shop\/wp-content\/uploads\/2021\/11\/Tus-Logo22-QfA-shop-V2-1.png\",\"contentUrl\":\"https:\/\/tuchundstoff.shop\/wp-content\/uploads\/2021\/11\/Tus-Logo22-QfA-shop-V2-1.png\",\"width\":485,\"height\":110,\"caption\":\"TuchundStoff\"},\"image\":{\"@id\":\"https:\/\/tuchundstoff.shop\/#\/schema\/logo\/image\/\"}}]}<\/script>\n<!-- \/ Yoast SEO plugin. -->","yoast_head_json":{"title":"Laine Diamant Serg\u00e9 Soleil Jaune Dor\u00e9\/Fleur d\u2019Amarante Rouge - TuchundStoff","description":"Laine Diamant Serg\u00e9 Soleil Jaune Dor\u00e9\/Fleur d\u2019Amarante Rouge - Serg\u00e9 diamant\u00e9, fil card\u00e9 100 % laine de mouton, jaune dor\u00e9 solaire\/rouge fleur d\u2019amarante Poids environ 400g\/mtrm, largeur 150cm Proportion de prix \u00e0 partir de 2,5 m\u00e8tres lin\u00e9aires !","robots":{"index":"index","follow":"follow","max-snippet":"max-snippet:-1","max-image-preview":"max-image-preview:large","max-video-preview":"max-video-preview:-1"},"canonical":"https:\/\/tuchundstoff.shop\/fr\/produkt\/laine-diamant-serge-soleil-jaune-dore-fleur-damarante-rouge\/","og_locale":"fr_FR","og_type":"article","og_title":"Laine Diamant Serg\u00e9 Soleil Jaune Dor\u00e9\/Fleur d\u2019Amarante Rouge - TuchundStoff","og_description":"Laine Diamant Serg\u00e9 Soleil Jaune Dor\u00e9\/Fleur d\u2019Amarante Rouge - Serg\u00e9 diamant\u00e9, fil card\u00e9 100 % laine de mouton, jaune dor\u00e9 solaire\/rouge fleur d\u2019amarante Poids environ 400g\/mtrm, largeur 150cm Proportion de prix \u00e0 partir de 2,5 m\u00e8tres lin\u00e9aires !","og_url":"https:\/\/tuchundstoff.shop\/fr\/produkt\/laine-diamant-serge-soleil-jaune-dore-fleur-damarante-rouge\/","og_site_name":"TuchundStoff","og_image":[{"width":1200,"height":1200,"url":"https:\/\/tuchundstoff.shop\/wp-content\/uploads\/2021\/09\/DSC_1796_4486K805-11339.jpg","type":"image\/jpeg"}],"schema":{"@context":"https:\/\/schema.org","@graph":[{"@type":"WebPage","@id":"https:\/\/tuchundstoff.shop\/fr\/produkt\/laine-diamant-serge-soleil-jaune-dore-fleur-damarante-rouge\/","url":"https:\/\/tuchundstoff.shop\/fr\/produkt\/laine-diamant-serge-soleil-jaune-dore-fleur-damarante-rouge\/","name":"Laine Diamant Serg\u00e9 Soleil Jaune Dor\u00e9\/Fleur d\u2019Amarante Rouge - TuchundStoff","isPartOf":{"@id":"https:\/\/tuchundstoff.shop\/#website"},"primaryImageOfPage":{"@id":"https:\/\/tuchundstoff.shop\/fr\/produkt\/laine-diamant-serge-soleil-jaune-dore-fleur-damarante-rouge\/#primaryimage"},"image":{"@id":"https:\/\/tuchundstoff.shop\/fr\/produkt\/laine-diamant-serge-soleil-jaune-dore-fleur-damarante-rouge\/#primaryimage"},"thumbnailUrl":"https:\/\/tuchundstoff.shop\/wp-content\/uploads\/2021\/09\/DSC_1796_4486K805-11339.jpg","datePublished":"2021-12-10T15:49:00+00:00","description":"Laine Diamant Serg\u00e9 Soleil Jaune Dor\u00e9\/Fleur d\u2019Amarante Rouge - Serg\u00e9 diamant\u00e9, fil card\u00e9 100 % laine de mouton, jaune dor\u00e9 solaire\/rouge fleur d\u2019amarante Poids environ 400g\/mtrm, largeur 150cm Proportion de prix \u00e0 partir de 2,5 m\u00e8tres lin\u00e9aires !","breadcrumb":{"@id":"https:\/\/tuchundstoff.shop\/fr\/produkt\/laine-diamant-serge-soleil-jaune-dore-fleur-damarante-rouge\/#breadcrumb"},"inLanguage":"fr-FR","potentialAction":[{"@type":"ReadAction","target":["https:\/\/tuchundstoff.shop\/fr\/produkt\/laine-diamant-serge-soleil-jaune-dore-fleur-damarante-rouge\/"]}]},{"@type":"ImageObject","inLanguage":"fr-FR","@id":"https:\/\/tuchundstoff.shop\/fr\/produkt\/laine-diamant-serge-soleil-jaune-dore-fleur-damarante-rouge\/#primaryimage","url":"https:\/\/tuchundstoff.shop\/wp-content\/uploads\/2021\/09\/DSC_1796_4486K805-11339.jpg","contentUrl":"https:\/\/tuchundstoff.shop\/wp-content\/uploads\/2021\/09\/DSC_1796_4486K805-11339.jpg","width":1200,"height":1200,"caption":"Soleil jaune dor\u00e9\/floraison d\u2019amarante rouge"},{"@type":"BreadcrumbList","@id":"https:\/\/tuchundstoff.shop\/fr\/produkt\/laine-diamant-serge-soleil-jaune-dore-fleur-damarante-rouge\/#breadcrumb","itemListElement":[{"@type":"ListItem","position":1,"name":"Startseite","item":"https:\/\/tuchundstoff.shop\/fr\/des-tissus-de-qualite-pour-une-mode-contemporaine-et-une-histoire-vecue-100-naturel\/"},{"@type":"ListItem","position":2,"name":"Boutique","item":"https:\/\/tuchundstoff.shop\/fr\/boutique\/"},{"@type":"ListItem","position":3,"name":"Laine Diamant Serg\u00e9 Soleil Jaune Dor\u00e9\/Fleur d\u2019Amarante Rouge"}]},{"@type":"WebSite","@id":"https:\/\/tuchundstoff.shop\/#website","url":"https:\/\/tuchundstoff.shop\/","name":"TuchundStoff","description":"Qualit\u00e4tsstoffe f\u00fcr zeitgen\u00f6ssische Mode und gelebte Geschichte \u2013 100% Natur","publisher":{"@id":"https:\/\/tuchundstoff.shop\/#organization"},"potentialAction":[{"@type":"SearchAction","target":{"@type":"EntryPoint","urlTemplate":"https:\/\/tuchundstoff.shop\/?s={search_term_string}"},"query-input":{"@type":"PropertyValueSpecification","valueRequired":true,"valueName":"search_term_string"}}],"inLanguage":"fr-FR"},{"@type":"Organization","@id":"https:\/\/tuchundstoff.shop\/#organization","name":"TuchundStoff","url":"https:\/\/tuchundstoff.shop\/","logo":{"@type":"ImageObject","inLanguage":"fr-FR","@id":"https:\/\/tuchundstoff.shop\/#\/schema\/logo\/image\/","url":"https:\/\/tuchundstoff.shop\/wp-content\/uploads\/2021\/11\/Tus-Logo22-QfA-shop-V2-1.png","contentUrl":"https:\/\/tuchundstoff.shop\/wp-content\/uploads\/2021\/11\/Tus-Logo22-QfA-shop-V2-1.png","width":485,"height":110,"caption":"TuchundStoff"},"image":{"@id":"https:\/\/tuchundstoff.shop\/#\/schema\/logo\/image\/"}}]}},"_links":{"self":[{"href":"https:\/\/tuchundstoff.shop\/fr\/wp-json\/wp\/v2\/product\/19224","targetHints":{"allow":["GET"]}}],"collection":[{"href":"https:\/\/tuchundstoff.shop\/fr\/wp-json\/wp\/v2\/product"}],"about":[{"href":"https:\/\/tuchundstoff.shop\/fr\/wp-json\/wp\/v2\/types\/product"}],"replies":[{"embeddable":true,"href":"https:\/\/tuchundstoff.shop\/fr\/wp-json\/wp\/v2\/comments?post=19224"}],"wp:featuredmedia":[{"embeddable":true,"href":"https:\/\/tuchundstoff.shop\/fr\/wp-json\/wp\/v2\/media\/9723"}],"wp:attachment":[{"href":"https:\/\/tuchundstoff.shop\/fr\/wp-json\/wp\/v2\/media?parent=19224"}],"wp:term":[{"taxonomy":"product_brand","embeddable":true,"href":"https:\/\/tuchundstoff.shop\/fr\/wp-json\/wp\/v2\/product_brand?post=19224"},{"taxonomy":"product_cat","embeddable":true,"href":"https:\/\/tuchundstoff.shop\/fr\/wp-json\/wp\/v2\/product_cat?post=19224"},{"taxonomy":"product_tag","embeddable":true,"href":"https:\/\/tuchundstoff.shop\/fr\/wp-json\/wp\/v2\/product_tag?post=19224"}],"curies":[{"name":"wp","href":"https:\/\/api.w.org\/{rel}","templated":true}]}}