{"id":19222,"date":"2021-12-10T16:41:01","date_gmt":"2021-12-10T15:41:01","guid":{"rendered":"https:\/\/tuchundstoff.shop\/produkt\/laine-diamant-bleu-serge-bleu-profond\/"},"modified":"2021-12-10T16:41:01","modified_gmt":"2021-12-10T15:41:01","slug":"laine-diamant-bleu-serge-bleu-profond","status":"publish","type":"product","link":"https:\/\/tuchundstoff.shop\/fr\/produkt\/laine-diamant-bleu-serge-bleu-profond\/","title":{"rendered":"Laine Diamant Bleu Serg\u00e9 \/ Bleu Profond"},"content":{"rendered":"<p>Serg\u00e9 diamant\u00e9, fil card\u00e9 100 % laine de mouton, environ 260\/m.m., largeur 150 cm, bleu lagune de cha\u00eene \/ bleu<br \/>\ndeep sea trame. Poids moyen pour tuniques et robes ou en finition.<\/p>\n","protected":false},"excerpt":{"rendered":"<p>Serg\u00e9 diamant\u00e9, fil card\u00e9 100 % laine de mouton, bleu laguna\/bleu<br \/>\n profond, poids environ 260\/mtrm, largeur 150 cm<\/p>\n","protected":false},"featured_media":9756,"comment_status":"open","ping_status":"closed","template":"","meta":{"_seopress_robots_primary_cat":"0","_seopress_titles_title":"","_seopress_titles_desc":"","_seopress_robots_index":"","ngg_post_thumbnail":0},"product_brand":[],"product_cat":[699,704],"product_tag":[1116,1190,1217,1238,1493,1112],"class_list":{"0":"post-19222","1":"product","2":"type-product","3":"status-publish","4":"has-post-thumbnail","6":"product_cat-laine","7":"product_cat-diamant-serge","8":"product_tag-tunique","9":"product_tag-laine","10":"product_tag-serge-de-diamant","11":"product_tag-serge-drhombe-fr","12":"product_tag-garniture","13":"product_tag-pantalons","14":"pa_gewicht-260-g-lfm-173-g-m-fr","15":"resize-featured-image","16":"sales-flash-overlay","17":"woocommerce-text-align-center","18":"woocommerce-image-align-center","19":"do-quantity-buttons","21":"first","22":"outofstock","23":"taxable","24":"shipping-taxable","25":"purchasable","26":"product-type-simple"},"_links":{"self":[{"href":"https:\/\/tuchundstoff.shop\/fr\/wp-json\/wp\/v2\/product\/19222","targetHints":{"allow":["GET"]}}],"collection":[{"href":"https:\/\/tuchundstoff.shop\/fr\/wp-json\/wp\/v2\/product"}],"about":[{"href":"https:\/\/tuchundstoff.shop\/fr\/wp-json\/wp\/v2\/types\/product"}],"replies":[{"embeddable":true,"href":"https:\/\/tuchundstoff.shop\/fr\/wp-json\/wp\/v2\/comments?post=19222"}],"wp:featuredmedia":[{"embeddable":true,"href":"https:\/\/tuchundstoff.shop\/fr\/wp-json\/wp\/v2\/media\/9756"}],"wp:attachment":[{"href":"https:\/\/tuchundstoff.shop\/fr\/wp-json\/wp\/v2\/media?parent=19222"}],"wp:term":[{"taxonomy":"product_brand","embeddable":true,"href":"https:\/\/tuchundstoff.shop\/fr\/wp-json\/wp\/v2\/product_brand?post=19222"},{"taxonomy":"product_cat","embeddable":true,"href":"https:\/\/tuchundstoff.shop\/fr\/wp-json\/wp\/v2\/product_cat?post=19222"},{"taxonomy":"product_tag","embeddable":true,"href":"https:\/\/tuchundstoff.shop\/fr\/wp-json\/wp\/v2\/product_tag?post=19222"}],"curies":[{"name":"wp","href":"https:\/\/api.w.org\/{rel}","templated":true}]}}