{"id":19205,"date":"2020-04-10T11:53:22","date_gmt":"2020-04-10T09:53:22","guid":{"rendered":"https:\/\/tuchundstoff.shop\/produkt\/laine-diamant-serge-oiseau-rouge-cerise-jaune-indien-tachete\/"},"modified":"2020-04-10T11:53:22","modified_gmt":"2020-04-10T09:53:22","slug":"laine-diamant-serge-oiseau-rouge-cerise-jaune-indien-tachete","status":"publish","type":"product","link":"https:\/\/tuchundstoff.shop\/fr\/produkt\/laine-diamant-serge-oiseau-rouge-cerise-jaune-indien-tachete\/","title":{"rendered":"Laine diamant serg\u00e9 oiseau rouge cerise \/ jaune indien tachet\u00e9"},"content":{"rendered":"<p>Serg\u00e9 diamant\u00e9e, fil card\u00e9 100 % laine de mouton, environ 450 g\/rm, largeur 150 cm, cha\u00eene oiseau-cramoisi\/trame indienne-jaune tachet\u00e9e<br \/>\nPoids moyen pour tuniques et robes ou en finition.<\/p>\n","protected":false},"excerpt":{"rendered":"<p>Serg\u00e9 diamant\u00e9, laine card\u00e9e 100 % laine de mouton, rouge cerise d\u2019oiseau\/jaune indien tachet\u00e9<br \/>\npoids environ 330g\/rm, largeur 150cm <\/p>\n","protected":false},"featured_media":0,"comment_status":"open","ping_status":"closed","template":"","meta":{"_seopress_robots_primary_cat":"0","_seopress_titles_title":"","_seopress_titles_desc":"","_seopress_robots_index":"","ngg_post_thumbnail":0},"product_brand":[],"product_cat":[699,704],"product_tag":[],"class_list":{"0":"post-19205","1":"product","2":"type-product","3":"status-publish","5":"product_cat-laine","6":"product_cat-diamant-serge","7":"sales-flash-overlay","8":"woocommerce-text-align-center","9":"woocommerce-image-align-center","10":"do-quantity-buttons","12":"first","13":"outofstock","14":"taxable","15":"shipping-taxable","16":"purchasable","17":"product-type-simple"},"_links":{"self":[{"href":"https:\/\/tuchundstoff.shop\/fr\/wp-json\/wp\/v2\/product\/19205","targetHints":{"allow":["GET"]}}],"collection":[{"href":"https:\/\/tuchundstoff.shop\/fr\/wp-json\/wp\/v2\/product"}],"about":[{"href":"https:\/\/tuchundstoff.shop\/fr\/wp-json\/wp\/v2\/types\/product"}],"replies":[{"embeddable":true,"href":"https:\/\/tuchundstoff.shop\/fr\/wp-json\/wp\/v2\/comments?post=19205"}],"wp:attachment":[{"href":"https:\/\/tuchundstoff.shop\/fr\/wp-json\/wp\/v2\/media?parent=19205"}],"wp:term":[{"taxonomy":"product_brand","embeddable":true,"href":"https:\/\/tuchundstoff.shop\/fr\/wp-json\/wp\/v2\/product_brand?post=19205"},{"taxonomy":"product_cat","embeddable":true,"href":"https:\/\/tuchundstoff.shop\/fr\/wp-json\/wp\/v2\/product_cat?post=19205"},{"taxonomy":"product_tag","embeddable":true,"href":"https:\/\/tuchundstoff.shop\/fr\/wp-json\/wp\/v2\/product_tag?post=19205"}],"curies":[{"name":"wp","href":"https:\/\/api.w.org\/{rel}","templated":true}]}}