{"id":19203,"date":"2020-04-09T10:26:55","date_gmt":"2020-04-09T08:26:55","guid":{"rendered":"https:\/\/tuchundstoff.shop\/produkt\/laine-diamant-serge-blanc-brun-cendre-gris\/"},"modified":"2020-04-09T10:26:55","modified_gmt":"2020-04-09T08:26:55","slug":"laine-diamant-serge-blanc-brun-cendre-gris","status":"publish","type":"product","link":"https:\/\/tuchundstoff.shop\/fr\/produkt\/laine-diamant-serge-blanc-brun-cendre-gris\/","title":{"rendered":"Laine diamant serg\u00e9 blanc\/brun cendr\u00e9 gris"},"content":{"rendered":"<p>Serg\u00e9 diamant\u00e9, laine card\u00e9e 100 % laine de mouton, environ 450 g\/s.m., largeur 150 cm, blanc\/trame brun-gris<br \/>\ncendr\u00e9 de cha\u00eene Poids moyen pour les tuniques et robes ou comme finition.<\/p>\n","protected":false},"excerpt":{"rendered":"<p>Serg\u00e9 diamant\u00e9, fil card\u00e9 100 % laine de mouton, brun-cendr\u00e9<br \/>\n blanc\/cendr\u00e9, poids environ 330g\/m\/mtrm, largeur 150cm<br \/>\n, avantage de prix gr\u00e2ce \u00e0 5 m\u00e8tres lin\u00e9aires !<\/p>\n","protected":false},"featured_media":7628,"comment_status":"open","ping_status":"closed","template":"","meta":{"ngg_post_thumbnail":0},"product_brand":[],"product_cat":[699,704],"product_tag":[1116,1190,1217,1238,1493,1112],"class_list":{"0":"post-19203","1":"product","2":"type-product","3":"status-publish","4":"has-post-thumbnail","6":"product_cat-laine","7":"product_cat-diamant-serge","8":"product_tag-tunique","9":"product_tag-laine","10":"product_tag-serge-de-diamant","11":"product_tag-serge-drhombe-fr","12":"product_tag-garniture","13":"product_tag-pantalons","14":"pa_gewicht-330g-ml-220g-m-fr","15":"resize-featured-image","16":"sales-flash-overlay","17":"woocommerce-text-align-center","18":"woocommerce-image-align-center","19":"do-quantity-buttons","21":"first","22":"instock","23":"taxable","24":"shipping-taxable","25":"purchasable","26":"product-type-simple"},"yoast_head":"<!-- This site is optimized with the Yoast SEO plugin v27.2 - https:\/\/yoast.com\/product\/yoast-seo-wordpress\/ -->\n<title>Laine diamant serg\u00e9 blanc\/brun cendr\u00e9 gris - TuchundStoff<\/title>\n<meta name=\"description\" content=\"Laine diamant serg\u00e9 blanc\/brun cendr\u00e9 gris - Serg\u00e9 diamant\u00e9, fil card\u00e9 100 % laine de mouton, brun-cendr\u00e9 blanc\/cendr\u00e9, poids environ 330g\/m\/mtrm, largeur 150cm , avantage de prix gr\u00e2ce \u00e0 5 m\u00e8tres lin\u00e9aires !\" \/>\n<meta name=\"robots\" content=\"index, follow, max-snippet:-1, max-image-preview:large, max-video-preview:-1\" \/>\n<link rel=\"canonical\" href=\"https:\/\/tuchundstoff.shop\/fr\/produkt\/laine-diamant-serge-blanc-brun-cendre-gris\/\" \/>\n<meta property=\"og:locale\" content=\"fr_FR\" \/>\n<meta property=\"og:type\" content=\"article\" \/>\n<meta property=\"og:title\" content=\"Laine diamant serg\u00e9 blanc\/brun cendr\u00e9 gris - TuchundStoff\" \/>\n<meta property=\"og:description\" content=\"Laine diamant serg\u00e9 blanc\/brun cendr\u00e9 gris - Serg\u00e9 diamant\u00e9, fil card\u00e9 100 % laine de mouton, brun-cendr\u00e9 blanc\/cendr\u00e9, poids environ 330g\/m\/mtrm, largeur 150cm , avantage de prix gr\u00e2ce \u00e0 5 m\u00e8tres lin\u00e9aires !\" \/>\n<meta property=\"og:url\" content=\"https:\/\/tuchundstoff.shop\/fr\/produkt\/laine-diamant-serge-blanc-brun-cendre-gris\/\" \/>\n<meta property=\"og:site_name\" content=\"TuchundStoff\" \/>\n<meta property=\"og:image\" content=\"https:\/\/tuchundstoff.shop\/wp-content\/uploads\/2020\/04\/DSC_0846.jpg\" \/>\n\t<meta property=\"og:image:width\" content=\"1200\" \/>\n\t<meta property=\"og:image:height\" content=\"1200\" \/>\n\t<meta property=\"og:image:type\" content=\"image\/jpeg\" \/>\n<script type=\"application\/ld+json\" class=\"yoast-schema-graph\">{\"@context\":\"https:\/\/schema.org\",\"@graph\":[{\"@type\":\"WebPage\",\"@id\":\"https:\/\/tuchundstoff.shop\/fr\/produkt\/laine-diamant-serge-blanc-brun-cendre-gris\/\",\"url\":\"https:\/\/tuchundstoff.shop\/fr\/produkt\/laine-diamant-serge-blanc-brun-cendre-gris\/\",\"name\":\"Laine diamant serg\u00e9 blanc\/brun cendr\u00e9 gris - TuchundStoff\",\"isPartOf\":{\"@id\":\"https:\/\/tuchundstoff.shop\/#website\"},\"primaryImageOfPage\":{\"@id\":\"https:\/\/tuchundstoff.shop\/fr\/produkt\/laine-diamant-serge-blanc-brun-cendre-gris\/#primaryimage\"},\"image\":{\"@id\":\"https:\/\/tuchundstoff.shop\/fr\/produkt\/laine-diamant-serge-blanc-brun-cendre-gris\/#primaryimage\"},\"thumbnailUrl\":\"https:\/\/tuchundstoff.shop\/wp-content\/uploads\/2020\/04\/DSC_0846.jpg\",\"datePublished\":\"2020-04-09T08:26:55+00:00\",\"description\":\"Laine diamant serg\u00e9 blanc\/brun cendr\u00e9 gris - Serg\u00e9 diamant\u00e9, fil card\u00e9 100 % laine de mouton, brun-cendr\u00e9 blanc\/cendr\u00e9, poids environ 330g\/m\/mtrm, largeur 150cm , avantage de prix gr\u00e2ce \u00e0 5 m\u00e8tres lin\u00e9aires !\",\"breadcrumb\":{\"@id\":\"https:\/\/tuchundstoff.shop\/fr\/produkt\/laine-diamant-serge-blanc-brun-cendre-gris\/#breadcrumb\"},\"inLanguage\":\"fr-FR\",\"potentialAction\":[{\"@type\":\"ReadAction\",\"target\":[\"https:\/\/tuchundstoff.shop\/fr\/produkt\/laine-diamant-serge-blanc-brun-cendre-gris\/\"]}]},{\"@type\":\"ImageObject\",\"inLanguage\":\"fr-FR\",\"@id\":\"https:\/\/tuchundstoff.shop\/fr\/produkt\/laine-diamant-serge-blanc-brun-cendre-gris\/#primaryimage\",\"url\":\"https:\/\/tuchundstoff.shop\/wp-content\/uploads\/2020\/04\/DSC_0846.jpg\",\"contentUrl\":\"https:\/\/tuchundstoff.shop\/wp-content\/uploads\/2020\/04\/DSC_0846.jpg\",\"width\":1200,\"height\":1200},{\"@type\":\"BreadcrumbList\",\"@id\":\"https:\/\/tuchundstoff.shop\/fr\/produkt\/laine-diamant-serge-blanc-brun-cendre-gris\/#breadcrumb\",\"itemListElement\":[{\"@type\":\"ListItem\",\"position\":1,\"name\":\"Startseite\",\"item\":\"https:\/\/tuchundstoff.shop\/fr\/des-tissus-de-qualite-pour-une-mode-contemporaine-et-une-histoire-vecue-100-naturel\/\"},{\"@type\":\"ListItem\",\"position\":2,\"name\":\"Boutique\",\"item\":\"https:\/\/tuchundstoff.shop\/fr\/boutique\/\"},{\"@type\":\"ListItem\",\"position\":3,\"name\":\"Laine diamant serg\u00e9 blanc\/brun cendr\u00e9 gris\"}]},{\"@type\":\"WebSite\",\"@id\":\"https:\/\/tuchundstoff.shop\/#website\",\"url\":\"https:\/\/tuchundstoff.shop\/\",\"name\":\"TuchundStoff\",\"description\":\"Qualit\u00e4tsstoffe f\u00fcr zeitgen\u00f6ssische Mode und gelebte Geschichte \u2013 100% Natur\",\"publisher\":{\"@id\":\"https:\/\/tuchundstoff.shop\/#organization\"},\"potentialAction\":[{\"@type\":\"SearchAction\",\"target\":{\"@type\":\"EntryPoint\",\"urlTemplate\":\"https:\/\/tuchundstoff.shop\/?s={search_term_string}\"},\"query-input\":{\"@type\":\"PropertyValueSpecification\",\"valueRequired\":true,\"valueName\":\"search_term_string\"}}],\"inLanguage\":\"fr-FR\"},{\"@type\":\"Organization\",\"@id\":\"https:\/\/tuchundstoff.shop\/#organization\",\"name\":\"TuchundStoff\",\"url\":\"https:\/\/tuchundstoff.shop\/\",\"logo\":{\"@type\":\"ImageObject\",\"inLanguage\":\"fr-FR\",\"@id\":\"https:\/\/tuchundstoff.shop\/#\/schema\/logo\/image\/\",\"url\":\"https:\/\/tuchundstoff.shop\/wp-content\/uploads\/2021\/11\/Tus-Logo22-QfA-shop-V2-1.png\",\"contentUrl\":\"https:\/\/tuchundstoff.shop\/wp-content\/uploads\/2021\/11\/Tus-Logo22-QfA-shop-V2-1.png\",\"width\":485,\"height\":110,\"caption\":\"TuchundStoff\"},\"image\":{\"@id\":\"https:\/\/tuchundstoff.shop\/#\/schema\/logo\/image\/\"}}]}<\/script>\n<!-- \/ Yoast SEO plugin. -->","yoast_head_json":{"title":"Laine diamant serg\u00e9 blanc\/brun cendr\u00e9 gris - TuchundStoff","description":"Laine diamant serg\u00e9 blanc\/brun cendr\u00e9 gris - Serg\u00e9 diamant\u00e9, fil card\u00e9 100 % laine de mouton, brun-cendr\u00e9 blanc\/cendr\u00e9, poids environ 330g\/m\/mtrm, largeur 150cm , avantage de prix gr\u00e2ce \u00e0 5 m\u00e8tres lin\u00e9aires !","robots":{"index":"index","follow":"follow","max-snippet":"max-snippet:-1","max-image-preview":"max-image-preview:large","max-video-preview":"max-video-preview:-1"},"canonical":"https:\/\/tuchundstoff.shop\/fr\/produkt\/laine-diamant-serge-blanc-brun-cendre-gris\/","og_locale":"fr_FR","og_type":"article","og_title":"Laine diamant serg\u00e9 blanc\/brun cendr\u00e9 gris - TuchundStoff","og_description":"Laine diamant serg\u00e9 blanc\/brun cendr\u00e9 gris - Serg\u00e9 diamant\u00e9, fil card\u00e9 100 % laine de mouton, brun-cendr\u00e9 blanc\/cendr\u00e9, poids environ 330g\/m\/mtrm, largeur 150cm , avantage de prix gr\u00e2ce \u00e0 5 m\u00e8tres lin\u00e9aires !","og_url":"https:\/\/tuchundstoff.shop\/fr\/produkt\/laine-diamant-serge-blanc-brun-cendre-gris\/","og_site_name":"TuchundStoff","og_image":[{"width":1200,"height":1200,"url":"https:\/\/tuchundstoff.shop\/wp-content\/uploads\/2020\/04\/DSC_0846.jpg","type":"image\/jpeg"}],"schema":{"@context":"https:\/\/schema.org","@graph":[{"@type":"WebPage","@id":"https:\/\/tuchundstoff.shop\/fr\/produkt\/laine-diamant-serge-blanc-brun-cendre-gris\/","url":"https:\/\/tuchundstoff.shop\/fr\/produkt\/laine-diamant-serge-blanc-brun-cendre-gris\/","name":"Laine diamant serg\u00e9 blanc\/brun cendr\u00e9 gris - TuchundStoff","isPartOf":{"@id":"https:\/\/tuchundstoff.shop\/#website"},"primaryImageOfPage":{"@id":"https:\/\/tuchundstoff.shop\/fr\/produkt\/laine-diamant-serge-blanc-brun-cendre-gris\/#primaryimage"},"image":{"@id":"https:\/\/tuchundstoff.shop\/fr\/produkt\/laine-diamant-serge-blanc-brun-cendre-gris\/#primaryimage"},"thumbnailUrl":"https:\/\/tuchundstoff.shop\/wp-content\/uploads\/2020\/04\/DSC_0846.jpg","datePublished":"2020-04-09T08:26:55+00:00","description":"Laine diamant serg\u00e9 blanc\/brun cendr\u00e9 gris - Serg\u00e9 diamant\u00e9, fil card\u00e9 100 % laine de mouton, brun-cendr\u00e9 blanc\/cendr\u00e9, poids environ 330g\/m\/mtrm, largeur 150cm , avantage de prix gr\u00e2ce \u00e0 5 m\u00e8tres lin\u00e9aires !","breadcrumb":{"@id":"https:\/\/tuchundstoff.shop\/fr\/produkt\/laine-diamant-serge-blanc-brun-cendre-gris\/#breadcrumb"},"inLanguage":"fr-FR","potentialAction":[{"@type":"ReadAction","target":["https:\/\/tuchundstoff.shop\/fr\/produkt\/laine-diamant-serge-blanc-brun-cendre-gris\/"]}]},{"@type":"ImageObject","inLanguage":"fr-FR","@id":"https:\/\/tuchundstoff.shop\/fr\/produkt\/laine-diamant-serge-blanc-brun-cendre-gris\/#primaryimage","url":"https:\/\/tuchundstoff.shop\/wp-content\/uploads\/2020\/04\/DSC_0846.jpg","contentUrl":"https:\/\/tuchundstoff.shop\/wp-content\/uploads\/2020\/04\/DSC_0846.jpg","width":1200,"height":1200},{"@type":"BreadcrumbList","@id":"https:\/\/tuchundstoff.shop\/fr\/produkt\/laine-diamant-serge-blanc-brun-cendre-gris\/#breadcrumb","itemListElement":[{"@type":"ListItem","position":1,"name":"Startseite","item":"https:\/\/tuchundstoff.shop\/fr\/des-tissus-de-qualite-pour-une-mode-contemporaine-et-une-histoire-vecue-100-naturel\/"},{"@type":"ListItem","position":2,"name":"Boutique","item":"https:\/\/tuchundstoff.shop\/fr\/boutique\/"},{"@type":"ListItem","position":3,"name":"Laine diamant serg\u00e9 blanc\/brun cendr\u00e9 gris"}]},{"@type":"WebSite","@id":"https:\/\/tuchundstoff.shop\/#website","url":"https:\/\/tuchundstoff.shop\/","name":"TuchundStoff","description":"Qualit\u00e4tsstoffe f\u00fcr zeitgen\u00f6ssische Mode und gelebte Geschichte \u2013 100% Natur","publisher":{"@id":"https:\/\/tuchundstoff.shop\/#organization"},"potentialAction":[{"@type":"SearchAction","target":{"@type":"EntryPoint","urlTemplate":"https:\/\/tuchundstoff.shop\/?s={search_term_string}"},"query-input":{"@type":"PropertyValueSpecification","valueRequired":true,"valueName":"search_term_string"}}],"inLanguage":"fr-FR"},{"@type":"Organization","@id":"https:\/\/tuchundstoff.shop\/#organization","name":"TuchundStoff","url":"https:\/\/tuchundstoff.shop\/","logo":{"@type":"ImageObject","inLanguage":"fr-FR","@id":"https:\/\/tuchundstoff.shop\/#\/schema\/logo\/image\/","url":"https:\/\/tuchundstoff.shop\/wp-content\/uploads\/2021\/11\/Tus-Logo22-QfA-shop-V2-1.png","contentUrl":"https:\/\/tuchundstoff.shop\/wp-content\/uploads\/2021\/11\/Tus-Logo22-QfA-shop-V2-1.png","width":485,"height":110,"caption":"TuchundStoff"},"image":{"@id":"https:\/\/tuchundstoff.shop\/#\/schema\/logo\/image\/"}}]}},"_links":{"self":[{"href":"https:\/\/tuchundstoff.shop\/fr\/wp-json\/wp\/v2\/product\/19203","targetHints":{"allow":["GET"]}}],"collection":[{"href":"https:\/\/tuchundstoff.shop\/fr\/wp-json\/wp\/v2\/product"}],"about":[{"href":"https:\/\/tuchundstoff.shop\/fr\/wp-json\/wp\/v2\/types\/product"}],"replies":[{"embeddable":true,"href":"https:\/\/tuchundstoff.shop\/fr\/wp-json\/wp\/v2\/comments?post=19203"}],"wp:featuredmedia":[{"embeddable":true,"href":"https:\/\/tuchundstoff.shop\/fr\/wp-json\/wp\/v2\/media\/7628"}],"wp:attachment":[{"href":"https:\/\/tuchundstoff.shop\/fr\/wp-json\/wp\/v2\/media?parent=19203"}],"wp:term":[{"taxonomy":"product_brand","embeddable":true,"href":"https:\/\/tuchundstoff.shop\/fr\/wp-json\/wp\/v2\/product_brand?post=19203"},{"taxonomy":"product_cat","embeddable":true,"href":"https:\/\/tuchundstoff.shop\/fr\/wp-json\/wp\/v2\/product_cat?post=19203"},{"taxonomy":"product_tag","embeddable":true,"href":"https:\/\/tuchundstoff.shop\/fr\/wp-json\/wp\/v2\/product_tag?post=19203"}],"curies":[{"name":"wp","href":"https:\/\/api.w.org\/{rel}","templated":true}]}}