{"id":19202,"date":"2020-04-07T19:10:40","date_gmt":"2020-04-07T17:10:40","guid":{"rendered":"https:\/\/tuchundstoff.shop\/produkt\/rouge-cerise-oiseau-en-laine-diamant-diamant-rose-flamant-rose\/"},"modified":"2020-04-07T19:10:40","modified_gmt":"2020-04-07T17:10:40","slug":"rouge-cerise-oiseau-en-laine-diamant-diamant-rose-flamant-rose","status":"publish","type":"product","link":"https:\/\/tuchundstoff.shop\/fr\/produkt\/rouge-cerise-oiseau-en-laine-diamant-diamant-rose-flamant-rose\/","title":{"rendered":"Rouge cerise oiseau en laine diamant diamant \/ rose flamant rose"},"content":{"rendered":"<p>Serg\u00e9 diamant\u00e9, laine card\u00e9e 100 % mouton, environ 450 g\/m.m., largeur 150 cm, rouge cerise de warp bird \/ rose<br \/>\nflamant rose weft Poids moyen pour les tuniques et robes ou comme garniture.<\/p>\n","protected":false},"excerpt":{"rendered":"<p>Serg\u00e9 diamant\u00e9, laine card\u00e9e 100 % laine de mouton, rouge cerise d\u2019oiseau\/rose<br \/>\nflamant rose. Poids environ 330g\/m\u00e8tre de course, largeur 150cm<br \/>\n. Avantage de prix pour 5 m\u00e8tres lin\u00e9aires !<\/p>\n","protected":false},"featured_media":7618,"comment_status":"open","ping_status":"closed","template":"","meta":{"_seopress_robots_primary_cat":"0","_seopress_titles_title":"","_seopress_titles_desc":"","_seopress_robots_index":"","ngg_post_thumbnail":0},"product_brand":[],"product_cat":[699,704],"product_tag":[1238,1493,1112,1116,1190,1217],"class_list":{"0":"post-19202","1":"product","2":"type-product","3":"status-publish","4":"has-post-thumbnail","6":"product_cat-laine","7":"product_cat-diamant-serge","8":"product_tag-serge-drhombe-fr","9":"product_tag-garniture","10":"product_tag-pantalons","11":"product_tag-tunique","12":"product_tag-laine","13":"product_tag-serge-de-diamant","14":"pa_gewicht-330g-ml-220g-m-fr","15":"resize-featured-image","16":"sales-flash-overlay","17":"woocommerce-text-align-center","18":"woocommerce-image-align-center","19":"do-quantity-buttons","21":"first","22":"outofstock","23":"taxable","24":"shipping-taxable","25":"purchasable","26":"product-type-simple"},"_links":{"self":[{"href":"https:\/\/tuchundstoff.shop\/fr\/wp-json\/wp\/v2\/product\/19202","targetHints":{"allow":["GET"]}}],"collection":[{"href":"https:\/\/tuchundstoff.shop\/fr\/wp-json\/wp\/v2\/product"}],"about":[{"href":"https:\/\/tuchundstoff.shop\/fr\/wp-json\/wp\/v2\/types\/product"}],"replies":[{"embeddable":true,"href":"https:\/\/tuchundstoff.shop\/fr\/wp-json\/wp\/v2\/comments?post=19202"}],"wp:featuredmedia":[{"embeddable":true,"href":"https:\/\/tuchundstoff.shop\/fr\/wp-json\/wp\/v2\/media\/7618"}],"wp:attachment":[{"href":"https:\/\/tuchundstoff.shop\/fr\/wp-json\/wp\/v2\/media?parent=19202"}],"wp:term":[{"taxonomy":"product_brand","embeddable":true,"href":"https:\/\/tuchundstoff.shop\/fr\/wp-json\/wp\/v2\/product_brand?post=19202"},{"taxonomy":"product_cat","embeddable":true,"href":"https:\/\/tuchundstoff.shop\/fr\/wp-json\/wp\/v2\/product_cat?post=19202"},{"taxonomy":"product_tag","embeddable":true,"href":"https:\/\/tuchundstoff.shop\/fr\/wp-json\/wp\/v2\/product_tag?post=19202"}],"curies":[{"name":"wp","href":"https:\/\/api.w.org\/{rel}","templated":true}]}}