{"id":19201,"date":"2020-04-07T19:36:07","date_gmt":"2020-04-07T17:36:07","guid":{"rendered":"https:\/\/tuchundstoff.shop\/produkt\/serge-en-laine-diamant-blanc-naturel-perle-beige\/"},"modified":"2020-04-07T19:36:07","modified_gmt":"2020-04-07T17:36:07","slug":"serge-en-laine-diamant-blanc-naturel-perle-beige","status":"publish","type":"product","link":"https:\/\/tuchundstoff.shop\/fr\/produkt\/serge-en-laine-diamant-blanc-naturel-perle-beige\/","title":{"rendered":"Serg\u00e9 en laine diamant blanc naturel\/perle beige"},"content":{"rendered":"<p>Serg\u00e9 diamant\u00e9, laine card\u00e9e 100 % mouton, environ 450 g\/m.m., largeur 150 cm, blanc\/nacre trame naturelle beige<br \/>\nPoids moyen pour les tuniques et robes ou comme garniture.<\/p>\n","protected":false},"excerpt":{"rendered":"<p>Serg\u00e9 diamant\u00e9, fil card\u00e9 100 % laine de mouton, beige<br \/>\nblanc naturel\/nacre. Poids d\u2019environ 330 g\/m.m., largeur 150 cm<br \/>\n. Avantage de prix \u00e0 partir de 5 m\u00e8tres lin\u00e9aires !<\/p>\n","protected":false},"featured_media":7624,"comment_status":"open","ping_status":"closed","template":"","meta":{"ngg_post_thumbnail":0},"product_brand":[],"product_cat":[699,704],"product_tag":[1493,1112,1116,1190,1217,1238],"class_list":{"0":"post-19201","1":"product","2":"type-product","3":"status-publish","4":"has-post-thumbnail","6":"product_cat-laine","7":"product_cat-diamant-serge","8":"product_tag-garniture","9":"product_tag-pantalons","10":"product_tag-tunique","11":"product_tag-laine","12":"product_tag-serge-de-diamant","13":"product_tag-serge-drhombe-fr","14":"pa_gewicht-330g-ml-220g-m-fr","15":"resize-featured-image","16":"sales-flash-overlay","17":"woocommerce-text-align-center","18":"woocommerce-image-align-center","19":"do-quantity-buttons","21":"first","22":"outofstock","23":"taxable","24":"shipping-taxable","25":"purchasable","26":"product-type-simple"},"yoast_head":"<!-- This site is optimized with the Yoast SEO plugin v27.2 - https:\/\/yoast.com\/product\/yoast-seo-wordpress\/ -->\n<title>Serg\u00e9 en laine diamant blanc naturel\/perle beige - TuchundStoff<\/title>\n<meta name=\"description\" content=\"Serg\u00e9 en laine diamant blanc naturel\/perle beige - Serg\u00e9 diamant\u00e9, fil card\u00e9 100 % laine de mouton, beige blanc naturel\/nacre. Poids d\u2019environ 330 g\/m.m., largeur 150 cm . Avantage de prix \u00e0 partir de 5 m\u00e8tres lin\u00e9aires !\" \/>\n<meta name=\"robots\" content=\"index, follow, max-snippet:-1, max-image-preview:large, max-video-preview:-1\" \/>\n<link rel=\"canonical\" href=\"https:\/\/tuchundstoff.shop\/produkt\/serge-en-laine-diamant-blanc-naturel-perle-beige\/\" \/>\n<meta property=\"og:locale\" content=\"fr_FR\" \/>\n<meta property=\"og:type\" content=\"article\" \/>\n<meta property=\"og:title\" content=\"Serg\u00e9 en laine diamant blanc naturel\/perle beige - TuchundStoff\" \/>\n<meta property=\"og:description\" content=\"Serg\u00e9 en laine diamant blanc naturel\/perle beige - Serg\u00e9 diamant\u00e9, fil card\u00e9 100 % laine de mouton, beige blanc naturel\/nacre. Poids d\u2019environ 330 g\/m.m., largeur 150 cm . Avantage de prix \u00e0 partir de 5 m\u00e8tres lin\u00e9aires !\" \/>\n<meta property=\"og:url\" content=\"https:\/\/tuchundstoff.shop\/produkt\/serge-en-laine-diamant-blanc-naturel-perle-beige\/\" \/>\n<meta property=\"og:site_name\" content=\"TuchundStoff\" \/>\n<script type=\"application\/ld+json\" class=\"yoast-schema-graph\">{\"@context\":\"https:\/\/schema.org\",\"@graph\":[{\"@type\":\"WebPage\",\"@id\":\"https:\/\/tuchundstoff.shop\/produkt\/serge-en-laine-diamant-blanc-naturel-perle-beige\/\",\"url\":\"https:\/\/tuchundstoff.shop\/produkt\/serge-en-laine-diamant-blanc-naturel-perle-beige\/\",\"name\":\"Serg\u00e9 en laine diamant blanc naturel\/perle beige - TuchundStoff\",\"isPartOf\":{\"@id\":\"https:\/\/tuchundstoff.shop\/#website\"},\"primaryImageOfPage\":{\"@id\":\"https:\/\/tuchundstoff.shop\/produkt\/serge-en-laine-diamant-blanc-naturel-perle-beige\/#primaryimage\"},\"image\":{\"@id\":\"https:\/\/tuchundstoff.shop\/produkt\/serge-en-laine-diamant-blanc-naturel-perle-beige\/#primaryimage\"},\"thumbnailUrl\":\"https:\/\/tuchundstoff.shop\/wp-content\/uploads\/2020\/04\/DSC_0842.jpg\",\"datePublished\":\"2020-04-07T17:36:07+00:00\",\"description\":\"Serg\u00e9 en laine diamant blanc naturel\/perle beige - Serg\u00e9 diamant\u00e9, fil card\u00e9 100 % laine de mouton, beige blanc naturel\/nacre. Poids d\u2019environ 330 g\/m.m., largeur 150 cm . Avantage de prix \u00e0 partir de 5 m\u00e8tres lin\u00e9aires !\",\"breadcrumb\":{\"@id\":\"https:\/\/tuchundstoff.shop\/produkt\/serge-en-laine-diamant-blanc-naturel-perle-beige\/#breadcrumb\"},\"inLanguage\":\"fr-FR\",\"potentialAction\":[{\"@type\":\"ReadAction\",\"target\":[\"https:\/\/tuchundstoff.shop\/produkt\/serge-en-laine-diamant-blanc-naturel-perle-beige\/\"]}]},{\"@type\":\"ImageObject\",\"inLanguage\":\"fr-FR\",\"@id\":\"https:\/\/tuchundstoff.shop\/produkt\/serge-en-laine-diamant-blanc-naturel-perle-beige\/#primaryimage\",\"url\":\"https:\/\/tuchundstoff.shop\/wp-content\/uploads\/2020\/04\/DSC_0842.jpg\",\"contentUrl\":\"https:\/\/tuchundstoff.shop\/wp-content\/uploads\/2020\/04\/DSC_0842.jpg\",\"width\":1200,\"height\":1200},{\"@type\":\"BreadcrumbList\",\"@id\":\"https:\/\/tuchundstoff.shop\/produkt\/serge-en-laine-diamant-blanc-naturel-perle-beige\/#breadcrumb\",\"itemListElement\":[{\"@type\":\"ListItem\",\"position\":1,\"name\":\"Startseite\",\"item\":\"https:\/\/tuchundstoff.shop\/fr\/des-tissus-de-qualite-pour-une-mode-contemporaine-et-une-histoire-vecue-100-naturel\/\"},{\"@type\":\"ListItem\",\"position\":2,\"name\":\"Boutique\",\"item\":\"https:\/\/tuchundstoff.shop\/fr\/boutique\/\"},{\"@type\":\"ListItem\",\"position\":3,\"name\":\"Serg\u00e9 en laine diamant blanc naturel\/perle beige\"}]},{\"@type\":\"WebSite\",\"@id\":\"https:\/\/tuchundstoff.shop\/#website\",\"url\":\"https:\/\/tuchundstoff.shop\/\",\"name\":\"TuchundStoff\",\"description\":\"Qualit\u00e4tsstoffe f\u00fcr zeitgen\u00f6ssische Mode und gelebte Geschichte \u2013 100% Natur\",\"publisher\":{\"@id\":\"https:\/\/tuchundstoff.shop\/#organization\"},\"potentialAction\":[{\"@type\":\"SearchAction\",\"target\":{\"@type\":\"EntryPoint\",\"urlTemplate\":\"https:\/\/tuchundstoff.shop\/?s={search_term_string}\"},\"query-input\":{\"@type\":\"PropertyValueSpecification\",\"valueRequired\":true,\"valueName\":\"search_term_string\"}}],\"inLanguage\":\"fr-FR\"},{\"@type\":\"Organization\",\"@id\":\"https:\/\/tuchundstoff.shop\/#organization\",\"name\":\"TuchundStoff\",\"url\":\"https:\/\/tuchundstoff.shop\/\",\"logo\":{\"@type\":\"ImageObject\",\"inLanguage\":\"fr-FR\",\"@id\":\"https:\/\/tuchundstoff.shop\/#\/schema\/logo\/image\/\",\"url\":\"https:\/\/tuchundstoff.shop\/wp-content\/uploads\/2021\/11\/Tus-Logo22-QfA-shop-V2-1.png\",\"contentUrl\":\"https:\/\/tuchundstoff.shop\/wp-content\/uploads\/2021\/11\/Tus-Logo22-QfA-shop-V2-1.png\",\"width\":485,\"height\":110,\"caption\":\"TuchundStoff\"},\"image\":{\"@id\":\"https:\/\/tuchundstoff.shop\/#\/schema\/logo\/image\/\"}}]}<\/script>\n<!-- \/ Yoast SEO plugin. -->","yoast_head_json":{"title":"Serg\u00e9 en laine diamant blanc naturel\/perle beige - TuchundStoff","description":"Serg\u00e9 en laine diamant blanc naturel\/perle beige - Serg\u00e9 diamant\u00e9, fil card\u00e9 100 % laine de mouton, beige blanc naturel\/nacre. Poids d\u2019environ 330 g\/m.m., largeur 150 cm . Avantage de prix \u00e0 partir de 5 m\u00e8tres lin\u00e9aires !","robots":{"index":"index","follow":"follow","max-snippet":"max-snippet:-1","max-image-preview":"max-image-preview:large","max-video-preview":"max-video-preview:-1"},"canonical":"https:\/\/tuchundstoff.shop\/produkt\/serge-en-laine-diamant-blanc-naturel-perle-beige\/","og_locale":"fr_FR","og_type":"article","og_title":"Serg\u00e9 en laine diamant blanc naturel\/perle beige - TuchundStoff","og_description":"Serg\u00e9 en laine diamant blanc naturel\/perle beige - Serg\u00e9 diamant\u00e9, fil card\u00e9 100 % laine de mouton, beige blanc naturel\/nacre. Poids d\u2019environ 330 g\/m.m., largeur 150 cm . Avantage de prix \u00e0 partir de 5 m\u00e8tres lin\u00e9aires !","og_url":"https:\/\/tuchundstoff.shop\/produkt\/serge-en-laine-diamant-blanc-naturel-perle-beige\/","og_site_name":"TuchundStoff","schema":{"@context":"https:\/\/schema.org","@graph":[{"@type":"WebPage","@id":"https:\/\/tuchundstoff.shop\/produkt\/serge-en-laine-diamant-blanc-naturel-perle-beige\/","url":"https:\/\/tuchundstoff.shop\/produkt\/serge-en-laine-diamant-blanc-naturel-perle-beige\/","name":"Serg\u00e9 en laine diamant blanc naturel\/perle beige - TuchundStoff","isPartOf":{"@id":"https:\/\/tuchundstoff.shop\/#website"},"primaryImageOfPage":{"@id":"https:\/\/tuchundstoff.shop\/produkt\/serge-en-laine-diamant-blanc-naturel-perle-beige\/#primaryimage"},"image":{"@id":"https:\/\/tuchundstoff.shop\/produkt\/serge-en-laine-diamant-blanc-naturel-perle-beige\/#primaryimage"},"thumbnailUrl":"https:\/\/tuchundstoff.shop\/wp-content\/uploads\/2020\/04\/DSC_0842.jpg","datePublished":"2020-04-07T17:36:07+00:00","description":"Serg\u00e9 en laine diamant blanc naturel\/perle beige - Serg\u00e9 diamant\u00e9, fil card\u00e9 100 % laine de mouton, beige blanc naturel\/nacre. Poids d\u2019environ 330 g\/m.m., largeur 150 cm . Avantage de prix \u00e0 partir de 5 m\u00e8tres lin\u00e9aires !","breadcrumb":{"@id":"https:\/\/tuchundstoff.shop\/produkt\/serge-en-laine-diamant-blanc-naturel-perle-beige\/#breadcrumb"},"inLanguage":"fr-FR","potentialAction":[{"@type":"ReadAction","target":["https:\/\/tuchundstoff.shop\/produkt\/serge-en-laine-diamant-blanc-naturel-perle-beige\/"]}]},{"@type":"ImageObject","inLanguage":"fr-FR","@id":"https:\/\/tuchundstoff.shop\/produkt\/serge-en-laine-diamant-blanc-naturel-perle-beige\/#primaryimage","url":"https:\/\/tuchundstoff.shop\/wp-content\/uploads\/2020\/04\/DSC_0842.jpg","contentUrl":"https:\/\/tuchundstoff.shop\/wp-content\/uploads\/2020\/04\/DSC_0842.jpg","width":1200,"height":1200},{"@type":"BreadcrumbList","@id":"https:\/\/tuchundstoff.shop\/produkt\/serge-en-laine-diamant-blanc-naturel-perle-beige\/#breadcrumb","itemListElement":[{"@type":"ListItem","position":1,"name":"Startseite","item":"https:\/\/tuchundstoff.shop\/fr\/des-tissus-de-qualite-pour-une-mode-contemporaine-et-une-histoire-vecue-100-naturel\/"},{"@type":"ListItem","position":2,"name":"Boutique","item":"https:\/\/tuchundstoff.shop\/fr\/boutique\/"},{"@type":"ListItem","position":3,"name":"Serg\u00e9 en laine diamant blanc naturel\/perle beige"}]},{"@type":"WebSite","@id":"https:\/\/tuchundstoff.shop\/#website","url":"https:\/\/tuchundstoff.shop\/","name":"TuchundStoff","description":"Qualit\u00e4tsstoffe f\u00fcr zeitgen\u00f6ssische Mode und gelebte Geschichte \u2013 100% Natur","publisher":{"@id":"https:\/\/tuchundstoff.shop\/#organization"},"potentialAction":[{"@type":"SearchAction","target":{"@type":"EntryPoint","urlTemplate":"https:\/\/tuchundstoff.shop\/?s={search_term_string}"},"query-input":{"@type":"PropertyValueSpecification","valueRequired":true,"valueName":"search_term_string"}}],"inLanguage":"fr-FR"},{"@type":"Organization","@id":"https:\/\/tuchundstoff.shop\/#organization","name":"TuchundStoff","url":"https:\/\/tuchundstoff.shop\/","logo":{"@type":"ImageObject","inLanguage":"fr-FR","@id":"https:\/\/tuchundstoff.shop\/#\/schema\/logo\/image\/","url":"https:\/\/tuchundstoff.shop\/wp-content\/uploads\/2021\/11\/Tus-Logo22-QfA-shop-V2-1.png","contentUrl":"https:\/\/tuchundstoff.shop\/wp-content\/uploads\/2021\/11\/Tus-Logo22-QfA-shop-V2-1.png","width":485,"height":110,"caption":"TuchundStoff"},"image":{"@id":"https:\/\/tuchundstoff.shop\/#\/schema\/logo\/image\/"}}]}},"_links":{"self":[{"href":"https:\/\/tuchundstoff.shop\/fr\/wp-json\/wp\/v2\/product\/19201","targetHints":{"allow":["GET"]}}],"collection":[{"href":"https:\/\/tuchundstoff.shop\/fr\/wp-json\/wp\/v2\/product"}],"about":[{"href":"https:\/\/tuchundstoff.shop\/fr\/wp-json\/wp\/v2\/types\/product"}],"replies":[{"embeddable":true,"href":"https:\/\/tuchundstoff.shop\/fr\/wp-json\/wp\/v2\/comments?post=19201"}],"wp:featuredmedia":[{"embeddable":true,"href":"https:\/\/tuchundstoff.shop\/fr\/wp-json\/wp\/v2\/media\/7624"}],"wp:attachment":[{"href":"https:\/\/tuchundstoff.shop\/fr\/wp-json\/wp\/v2\/media?parent=19201"}],"wp:term":[{"taxonomy":"product_brand","embeddable":true,"href":"https:\/\/tuchundstoff.shop\/fr\/wp-json\/wp\/v2\/product_brand?post=19201"},{"taxonomy":"product_cat","embeddable":true,"href":"https:\/\/tuchundstoff.shop\/fr\/wp-json\/wp\/v2\/product_cat?post=19201"},{"taxonomy":"product_tag","embeddable":true,"href":"https:\/\/tuchundstoff.shop\/fr\/wp-json\/wp\/v2\/product_tag?post=19201"}],"curies":[{"name":"wp","href":"https:\/\/api.w.org\/{rel}","templated":true}]}}