{"id":19198,"date":"2020-03-30T18:33:43","date_gmt":"2020-03-30T16:33:43","guid":{"rendered":"https:\/\/tuchundstoff.shop\/produkt\/laine-soie-bleu-cosmos-260g-rm\/"},"modified":"2020-03-30T18:33:43","modified_gmt":"2020-03-30T16:33:43","slug":"laine-soie-bleu-cosmos-260g-rm","status":"publish","type":"product","link":"https:\/\/tuchundstoff.shop\/fr\/produkt\/laine-soie-bleu-cosmos-260g-rm\/","title":{"rendered":"Laine\/soie bleu cosmos 260g\/rm"},"content":{"rendered":"<p>sous-robe en laine\/soie en tissage uni, par-robe l\u00e9g\u00e8re, tunique<\/p>\n","protected":false},"excerpt":{"rendered":"<p>60 % laine \/ 40 % soie l\u00e9g\u00e8rement drap\u00e9, rafra\u00eechissant en \u00e9t\u00e9, se r\u00e9chauffant en hiver<\/p>\n","protected":false},"featured_media":7600,"comment_status":"open","ping_status":"closed","template":"","meta":{"_seopress_robots_primary_cat":"166","_seopress_titles_title":"","_seopress_titles_desc":"","_seopress_robots_index":"","ngg_post_thumbnail":0},"product_brand":[],"product_cat":[699],"product_tag":[1115,1256,847,1112,1114],"class_list":{"0":"post-19198","1":"product","2":"type-product","3":"status-publish","4":"has-post-thumbnail","6":"product_cat-laine","7":"product_tag-robe-a-bretelles","8":"product_tag-laine-soie","9":"product_tag-underdress-fr","10":"product_tag-pantalons","11":"product_tag-tunique-legere","12":"pa_gewicht-260-g-lfm-173-g-m-fr","13":"resize-featured-image","14":"sales-flash-overlay","15":"woocommerce-text-align-center","16":"woocommerce-image-align-center","17":"do-quantity-buttons","19":"first","20":"instock","21":"taxable","22":"shipping-taxable","23":"purchasable","24":"product-type-simple"},"_links":{"self":[{"href":"https:\/\/tuchundstoff.shop\/fr\/wp-json\/wp\/v2\/product\/19198","targetHints":{"allow":["GET"]}}],"collection":[{"href":"https:\/\/tuchundstoff.shop\/fr\/wp-json\/wp\/v2\/product"}],"about":[{"href":"https:\/\/tuchundstoff.shop\/fr\/wp-json\/wp\/v2\/types\/product"}],"replies":[{"embeddable":true,"href":"https:\/\/tuchundstoff.shop\/fr\/wp-json\/wp\/v2\/comments?post=19198"}],"wp:featuredmedia":[{"embeddable":true,"href":"https:\/\/tuchundstoff.shop\/fr\/wp-json\/wp\/v2\/media\/7600"}],"wp:attachment":[{"href":"https:\/\/tuchundstoff.shop\/fr\/wp-json\/wp\/v2\/media?parent=19198"}],"wp:term":[{"taxonomy":"product_brand","embeddable":true,"href":"https:\/\/tuchundstoff.shop\/fr\/wp-json\/wp\/v2\/product_brand?post=19198"},{"taxonomy":"product_cat","embeddable":true,"href":"https:\/\/tuchundstoff.shop\/fr\/wp-json\/wp\/v2\/product_cat?post=19198"},{"taxonomy":"product_tag","embeddable":true,"href":"https:\/\/tuchundstoff.shop\/fr\/wp-json\/wp\/v2\/product_tag?post=19198"}],"curies":[{"name":"wp","href":"https:\/\/api.w.org\/{rel}","templated":true}]}}