{"id":19194,"date":"2020-03-19T16:14:58","date_gmt":"2020-03-19T15:14:58","guid":{"rendered":"https:\/\/tuchundstoff.shop\/produkt\/tissu-tachete-330g-rm-bleu-profond\/"},"modified":"2020-03-19T16:14:58","modified_gmt":"2020-03-19T15:14:58","slug":"tissu-tachete-330g-rm-bleu-profond","status":"publish","type":"product","link":"https:\/\/tuchundstoff.shop\/fr\/produkt\/tissu-tachete-330g-rm-bleu-profond\/","title":{"rendered":"Tissu tachet\u00e9 330g\/rm bleu profond"},"content":{"rendered":"<p>Loden en tissu l\u00e9ger, laine vierge 100 %, 330g\/rm, largeur 150cm<br \/>\n. Respirant, coupe-vent, anti-salet\u00e9<br \/>\net r\u00e9sistant \u00e0 l\u2019eau. Id\u00e9al pour pantalon, tunique, veste.<\/p>\n","protected":false},"excerpt":{"rendered":"<p>Loden en tissu l\u00e9ger, 100 % laine vierge, 330g\/rm, largeur 150 cm<\/p>\n","protected":false},"featured_media":0,"comment_status":"open","ping_status":"closed","template":"","meta":{"ngg_post_thumbnail":0},"product_brand":[],"product_cat":[697],"product_tag":[],"class_list":{"0":"post-19194","1":"product","2":"type-product","3":"status-publish","5":"product_cat-non-categorise","6":"sales-flash-overlay","7":"woocommerce-text-align-center","8":"woocommerce-image-align-center","9":"do-quantity-buttons","11":"first","12":"instock","13":"taxable","14":"shipping-taxable","15":"purchasable","16":"product-type-simple"},"yoast_head":"<!-- This site is optimized with the Yoast SEO plugin v27.2 - https:\/\/yoast.com\/product\/yoast-seo-wordpress\/ -->\n<title>Tissu tachet\u00e9 330g\/rm bleu profond - TuchundStoff<\/title>\n<meta name=\"description\" content=\"Tissu tachet\u00e9 330g\/rm bleu profond - Loden en tissu l\u00e9ger, 100 % laine vierge, 330g\/rm, largeur 150 cm\" \/>\n<meta name=\"robots\" content=\"index, follow, max-snippet:-1, max-image-preview:large, max-video-preview:-1\" \/>\n<link rel=\"canonical\" href=\"https:\/\/tuchundstoff.shop\/fr\/produkt\/tissu-tachete-330g-rm-bleu-profond\/\" \/>\n<meta property=\"og:locale\" content=\"fr_FR\" \/>\n<meta property=\"og:type\" content=\"article\" \/>\n<meta property=\"og:title\" content=\"Tissu tachet\u00e9 330g\/rm bleu profond - TuchundStoff\" \/>\n<meta property=\"og:description\" content=\"Tissu tachet\u00e9 330g\/rm bleu profond - Loden en tissu l\u00e9ger, 100 % laine vierge, 330g\/rm, largeur 150 cm\" \/>\n<meta property=\"og:url\" content=\"https:\/\/tuchundstoff.shop\/fr\/produkt\/tissu-tachete-330g-rm-bleu-profond\/\" \/>\n<meta property=\"og:site_name\" content=\"TuchundStoff\" \/>\n<script type=\"application\/ld+json\" class=\"yoast-schema-graph\">{\"@context\":\"https:\/\/schema.org\",\"@graph\":[{\"@type\":\"WebPage\",\"@id\":\"https:\/\/tuchundstoff.shop\/fr\/produkt\/tissu-tachete-330g-rm-bleu-profond\/\",\"url\":\"https:\/\/tuchundstoff.shop\/fr\/produkt\/tissu-tachete-330g-rm-bleu-profond\/\",\"name\":\"Tissu tachet\u00e9 330g\/rm bleu profond - TuchundStoff\",\"isPartOf\":{\"@id\":\"https:\/\/tuchundstoff.shop\/#website\"},\"datePublished\":\"2020-03-19T15:14:58+00:00\",\"description\":\"Tissu tachet\u00e9 330g\/rm bleu profond - Loden en tissu l\u00e9ger, 100 % laine vierge, 330g\/rm, largeur 150 cm\",\"breadcrumb\":{\"@id\":\"https:\/\/tuchundstoff.shop\/fr\/produkt\/tissu-tachete-330g-rm-bleu-profond\/#breadcrumb\"},\"inLanguage\":\"fr-FR\",\"potentialAction\":[{\"@type\":\"ReadAction\",\"target\":[\"https:\/\/tuchundstoff.shop\/fr\/produkt\/tissu-tachete-330g-rm-bleu-profond\/\"]}]},{\"@type\":\"BreadcrumbList\",\"@id\":\"https:\/\/tuchundstoff.shop\/fr\/produkt\/tissu-tachete-330g-rm-bleu-profond\/#breadcrumb\",\"itemListElement\":[{\"@type\":\"ListItem\",\"position\":1,\"name\":\"Startseite\",\"item\":\"https:\/\/tuchundstoff.shop\/fr\/des-tissus-de-qualite-pour-une-mode-contemporaine-et-une-histoire-vecue-100-naturel\/\"},{\"@type\":\"ListItem\",\"position\":2,\"name\":\"Boutique\",\"item\":\"https:\/\/tuchundstoff.shop\/fr\/boutique\/\"},{\"@type\":\"ListItem\",\"position\":3,\"name\":\"Tissu tachet\u00e9 330g\/rm bleu profond\"}]},{\"@type\":\"WebSite\",\"@id\":\"https:\/\/tuchundstoff.shop\/#website\",\"url\":\"https:\/\/tuchundstoff.shop\/\",\"name\":\"TuchundStoff\",\"description\":\"Qualit\u00e4tsstoffe f\u00fcr zeitgen\u00f6ssische Mode und gelebte Geschichte \u2013 100% Natur\",\"publisher\":{\"@id\":\"https:\/\/tuchundstoff.shop\/#organization\"},\"potentialAction\":[{\"@type\":\"SearchAction\",\"target\":{\"@type\":\"EntryPoint\",\"urlTemplate\":\"https:\/\/tuchundstoff.shop\/?s={search_term_string}\"},\"query-input\":{\"@type\":\"PropertyValueSpecification\",\"valueRequired\":true,\"valueName\":\"search_term_string\"}}],\"inLanguage\":\"fr-FR\"},{\"@type\":\"Organization\",\"@id\":\"https:\/\/tuchundstoff.shop\/#organization\",\"name\":\"TuchundStoff\",\"url\":\"https:\/\/tuchundstoff.shop\/\",\"logo\":{\"@type\":\"ImageObject\",\"inLanguage\":\"fr-FR\",\"@id\":\"https:\/\/tuchundstoff.shop\/#\/schema\/logo\/image\/\",\"url\":\"https:\/\/tuchundstoff.shop\/wp-content\/uploads\/2021\/11\/Tus-Logo22-QfA-shop-V2-1.png\",\"contentUrl\":\"https:\/\/tuchundstoff.shop\/wp-content\/uploads\/2021\/11\/Tus-Logo22-QfA-shop-V2-1.png\",\"width\":485,\"height\":110,\"caption\":\"TuchundStoff\"},\"image\":{\"@id\":\"https:\/\/tuchundstoff.shop\/#\/schema\/logo\/image\/\"}}]}<\/script>\n<!-- \/ Yoast SEO plugin. -->","yoast_head_json":{"title":"Tissu tachet\u00e9 330g\/rm bleu profond - TuchundStoff","description":"Tissu tachet\u00e9 330g\/rm bleu profond - Loden en tissu l\u00e9ger, 100 % laine vierge, 330g\/rm, largeur 150 cm","robots":{"index":"index","follow":"follow","max-snippet":"max-snippet:-1","max-image-preview":"max-image-preview:large","max-video-preview":"max-video-preview:-1"},"canonical":"https:\/\/tuchundstoff.shop\/fr\/produkt\/tissu-tachete-330g-rm-bleu-profond\/","og_locale":"fr_FR","og_type":"article","og_title":"Tissu tachet\u00e9 330g\/rm bleu profond - TuchundStoff","og_description":"Tissu tachet\u00e9 330g\/rm bleu profond - Loden en tissu l\u00e9ger, 100 % laine vierge, 330g\/rm, largeur 150 cm","og_url":"https:\/\/tuchundstoff.shop\/fr\/produkt\/tissu-tachete-330g-rm-bleu-profond\/","og_site_name":"TuchundStoff","schema":{"@context":"https:\/\/schema.org","@graph":[{"@type":"WebPage","@id":"https:\/\/tuchundstoff.shop\/fr\/produkt\/tissu-tachete-330g-rm-bleu-profond\/","url":"https:\/\/tuchundstoff.shop\/fr\/produkt\/tissu-tachete-330g-rm-bleu-profond\/","name":"Tissu tachet\u00e9 330g\/rm bleu profond - TuchundStoff","isPartOf":{"@id":"https:\/\/tuchundstoff.shop\/#website"},"datePublished":"2020-03-19T15:14:58+00:00","description":"Tissu tachet\u00e9 330g\/rm bleu profond - Loden en tissu l\u00e9ger, 100 % laine vierge, 330g\/rm, largeur 150 cm","breadcrumb":{"@id":"https:\/\/tuchundstoff.shop\/fr\/produkt\/tissu-tachete-330g-rm-bleu-profond\/#breadcrumb"},"inLanguage":"fr-FR","potentialAction":[{"@type":"ReadAction","target":["https:\/\/tuchundstoff.shop\/fr\/produkt\/tissu-tachete-330g-rm-bleu-profond\/"]}]},{"@type":"BreadcrumbList","@id":"https:\/\/tuchundstoff.shop\/fr\/produkt\/tissu-tachete-330g-rm-bleu-profond\/#breadcrumb","itemListElement":[{"@type":"ListItem","position":1,"name":"Startseite","item":"https:\/\/tuchundstoff.shop\/fr\/des-tissus-de-qualite-pour-une-mode-contemporaine-et-une-histoire-vecue-100-naturel\/"},{"@type":"ListItem","position":2,"name":"Boutique","item":"https:\/\/tuchundstoff.shop\/fr\/boutique\/"},{"@type":"ListItem","position":3,"name":"Tissu tachet\u00e9 330g\/rm bleu profond"}]},{"@type":"WebSite","@id":"https:\/\/tuchundstoff.shop\/#website","url":"https:\/\/tuchundstoff.shop\/","name":"TuchundStoff","description":"Qualit\u00e4tsstoffe f\u00fcr zeitgen\u00f6ssische Mode und gelebte Geschichte \u2013 100% Natur","publisher":{"@id":"https:\/\/tuchundstoff.shop\/#organization"},"potentialAction":[{"@type":"SearchAction","target":{"@type":"EntryPoint","urlTemplate":"https:\/\/tuchundstoff.shop\/?s={search_term_string}"},"query-input":{"@type":"PropertyValueSpecification","valueRequired":true,"valueName":"search_term_string"}}],"inLanguage":"fr-FR"},{"@type":"Organization","@id":"https:\/\/tuchundstoff.shop\/#organization","name":"TuchundStoff","url":"https:\/\/tuchundstoff.shop\/","logo":{"@type":"ImageObject","inLanguage":"fr-FR","@id":"https:\/\/tuchundstoff.shop\/#\/schema\/logo\/image\/","url":"https:\/\/tuchundstoff.shop\/wp-content\/uploads\/2021\/11\/Tus-Logo22-QfA-shop-V2-1.png","contentUrl":"https:\/\/tuchundstoff.shop\/wp-content\/uploads\/2021\/11\/Tus-Logo22-QfA-shop-V2-1.png","width":485,"height":110,"caption":"TuchundStoff"},"image":{"@id":"https:\/\/tuchundstoff.shop\/#\/schema\/logo\/image\/"}}]}},"_links":{"self":[{"href":"https:\/\/tuchundstoff.shop\/fr\/wp-json\/wp\/v2\/product\/19194","targetHints":{"allow":["GET"]}}],"collection":[{"href":"https:\/\/tuchundstoff.shop\/fr\/wp-json\/wp\/v2\/product"}],"about":[{"href":"https:\/\/tuchundstoff.shop\/fr\/wp-json\/wp\/v2\/types\/product"}],"replies":[{"embeddable":true,"href":"https:\/\/tuchundstoff.shop\/fr\/wp-json\/wp\/v2\/comments?post=19194"}],"wp:attachment":[{"href":"https:\/\/tuchundstoff.shop\/fr\/wp-json\/wp\/v2\/media?parent=19194"}],"wp:term":[{"taxonomy":"product_brand","embeddable":true,"href":"https:\/\/tuchundstoff.shop\/fr\/wp-json\/wp\/v2\/product_brand?post=19194"},{"taxonomy":"product_cat","embeddable":true,"href":"https:\/\/tuchundstoff.shop\/fr\/wp-json\/wp\/v2\/product_cat?post=19194"},{"taxonomy":"product_tag","embeddable":true,"href":"https:\/\/tuchundstoff.shop\/fr\/wp-json\/wp\/v2\/product_tag?post=19194"}],"curies":[{"name":"wp","href":"https:\/\/api.w.org\/{rel}","templated":true}]}}