{"id":18832,"date":"2026-03-10T16:16:38","date_gmt":"2026-03-10T15:16:38","guid":{"rendered":"https:\/\/tuchundstoff.shop\/?post_type=product&#038;p=18832"},"modified":"2026-04-02T19:27:42","modified_gmt":"2026-04-02T17:27:42","slug":"laine-serge-de-diamants-or-jaune-rouge-cardinal-kopie-3","status":"publish","type":"product","link":"https:\/\/tuchundstoff.shop\/fr\/produkt\/laine-serge-de-diamants-or-jaune-rouge-cardinal-kopie-3\/","title":{"rendered":"Laine serg\u00e9 diamant or jaune \/ vert kiwi"},"content":{"rendered":"<p>Serg\u00e9 diamant, 100% laine de mouton card\u00e9e, environ 360g\/ml, largeur 150cm,&nbsp;<br \/>\nPoids moyen&nbsp;<\/p>\n<p>Id\u00e9al pour les tuniques, les pantalons, les jupes et les robes. Ainsi que des rideaux ou des diviseurs <\/p>\n<p>&nbsp;<\/p>\n<p>Dans la limite des stocks disponibles !<\/p>\n","protected":false},"excerpt":{"rendered":"<p>Serg\u00e9 diamant\u00e9, 100% laine de mouton card\u00e9e,<br \/>\nPoids env. 360\/ml, largeur 150cm<\/p>\n","protected":false},"featured_media":18835,"comment_status":"open","ping_status":"closed","template":"","meta":{"ngg_post_thumbnail":0},"product_brand":[],"product_cat":[699,704],"product_tag":[1493,2227,1112,1116,1190,1217,1238],"class_list":{"0":"post-18832","1":"product","2":"type-product","3":"status-publish","4":"has-post-thumbnail","6":"product_cat-laine","7":"product_cat-diamant-serge","8":"product_tag-garniture","9":"product_tag-rideau","10":"product_tag-pantalons","11":"product_tag-tunique","12":"product_tag-laine","13":"product_tag-serge-de-diamant","14":"product_tag-serge-drhombe-fr","15":"pa_gewicht-360g-lfm-240g-m-fr","16":"resize-featured-image","17":"sales-flash-overlay","18":"woocommerce-text-align-center","19":"woocommerce-image-align-center","20":"do-quantity-buttons","21":"wc-has-gallery","23":"first","24":"instock","25":"taxable","26":"shipping-taxable","27":"purchasable","28":"product-type-simple"},"yoast_head":"<!-- This site is optimized with the Yoast SEO plugin v27.2 - https:\/\/yoast.com\/product\/yoast-seo-wordpress\/ -->\n<title>Laine serg\u00e9 diamant or jaune \/ vert kiwi - TuchundStoff<\/title>\n<meta name=\"description\" content=\"Laine serg\u00e9 diamant or jaune \/ vert kiwi - Serg\u00e9 diamant\u00e9, 100% laine de mouton card\u00e9e, Poids env. 360\/ml, largeur 150cm\" \/>\n<meta name=\"robots\" content=\"index, follow, max-snippet:-1, max-image-preview:large, max-video-preview:-1\" \/>\n<link rel=\"canonical\" href=\"https:\/\/tuchundstoff.shop\/fr\/produkt\/laine-serge-de-diamants-or-jaune-rouge-cardinal-kopie-3\/\" \/>\n<meta property=\"og:locale\" content=\"fr_FR\" \/>\n<meta property=\"og:type\" content=\"article\" \/>\n<meta property=\"og:title\" content=\"Laine serg\u00e9 diamant or jaune \/ vert kiwi - TuchundStoff\" \/>\n<meta property=\"og:description\" content=\"Laine serg\u00e9 diamant or jaune \/ vert kiwi - Serg\u00e9 diamant\u00e9, 100% laine de mouton card\u00e9e, Poids env. 360\/ml, largeur 150cm\" \/>\n<meta property=\"og:url\" content=\"https:\/\/tuchundstoff.shop\/fr\/produkt\/laine-serge-de-diamants-or-jaune-rouge-cardinal-kopie-3\/\" \/>\n<meta property=\"og:site_name\" content=\"TuchundStoff\" \/>\n<meta property=\"article:modified_time\" content=\"2026-04-02T17:27:42+00:00\" \/>\n<meta property=\"og:image\" content=\"https:\/\/tuchundstoff.shop\/wp-content\/uploads\/2026\/03\/4486-08-5623-1.jpeg\" \/>\n\t<meta property=\"og:image:width\" content=\"1200\" \/>\n\t<meta property=\"og:image:height\" content=\"1600\" \/>\n\t<meta property=\"og:image:type\" content=\"image\/jpeg\" \/>\n<script type=\"application\/ld+json\" class=\"yoast-schema-graph\">{\"@context\":\"https:\/\/schema.org\",\"@graph\":[{\"@type\":\"WebPage\",\"@id\":\"https:\/\/tuchundstoff.shop\/fr\/produkt\/laine-serge-de-diamants-or-jaune-rouge-cardinal-kopie-3\/\",\"url\":\"https:\/\/tuchundstoff.shop\/fr\/produkt\/laine-serge-de-diamants-or-jaune-rouge-cardinal-kopie-3\/\",\"name\":\"Laine serg\u00e9 diamant or jaune \/ vert kiwi - TuchundStoff\",\"isPartOf\":{\"@id\":\"https:\/\/tuchundstoff.shop\/#website\"},\"primaryImageOfPage\":{\"@id\":\"https:\/\/tuchundstoff.shop\/fr\/produkt\/laine-serge-de-diamants-or-jaune-rouge-cardinal-kopie-3\/#primaryimage\"},\"image\":{\"@id\":\"https:\/\/tuchundstoff.shop\/fr\/produkt\/laine-serge-de-diamants-or-jaune-rouge-cardinal-kopie-3\/#primaryimage\"},\"thumbnailUrl\":\"https:\/\/tuchundstoff.shop\/wp-content\/uploads\/2026\/03\/4486-08-5623-1.jpeg\",\"datePublished\":\"2026-03-10T15:16:38+00:00\",\"dateModified\":\"2026-04-02T17:27:42+00:00\",\"description\":\"Laine serg\u00e9 diamant or jaune \/ vert kiwi - Serg\u00e9 diamant\u00e9, 100% laine de mouton card\u00e9e, Poids env. 360\/ml, largeur 150cm\",\"breadcrumb\":{\"@id\":\"https:\/\/tuchundstoff.shop\/fr\/produkt\/laine-serge-de-diamants-or-jaune-rouge-cardinal-kopie-3\/#breadcrumb\"},\"inLanguage\":\"fr-FR\",\"potentialAction\":[{\"@type\":\"ReadAction\",\"target\":[\"https:\/\/tuchundstoff.shop\/fr\/produkt\/laine-serge-de-diamants-or-jaune-rouge-cardinal-kopie-3\/\"]}]},{\"@type\":\"ImageObject\",\"inLanguage\":\"fr-FR\",\"@id\":\"https:\/\/tuchundstoff.shop\/fr\/produkt\/laine-serge-de-diamants-or-jaune-rouge-cardinal-kopie-3\/#primaryimage\",\"url\":\"https:\/\/tuchundstoff.shop\/wp-content\/uploads\/2026\/03\/4486-08-5623-1.jpeg\",\"contentUrl\":\"https:\/\/tuchundstoff.shop\/wp-content\/uploads\/2026\/03\/4486-08-5623-1.jpeg\",\"width\":1200,\"height\":1600},{\"@type\":\"BreadcrumbList\",\"@id\":\"https:\/\/tuchundstoff.shop\/fr\/produkt\/laine-serge-de-diamants-or-jaune-rouge-cardinal-kopie-3\/#breadcrumb\",\"itemListElement\":[{\"@type\":\"ListItem\",\"position\":1,\"name\":\"Startseite\",\"item\":\"https:\/\/tuchundstoff.shop\/fr\/des-tissus-de-qualite-pour-une-mode-contemporaine-et-une-histoire-vecue-100-naturel\/\"},{\"@type\":\"ListItem\",\"position\":2,\"name\":\"Boutique\",\"item\":\"https:\/\/tuchundstoff.shop\/fr\/boutique\/\"},{\"@type\":\"ListItem\",\"position\":3,\"name\":\"Laine serg\u00e9 diamant or jaune \/ vert kiwi\"}]},{\"@type\":\"WebSite\",\"@id\":\"https:\/\/tuchundstoff.shop\/#website\",\"url\":\"https:\/\/tuchundstoff.shop\/\",\"name\":\"TuchundStoff\",\"description\":\"Qualit\u00e4tsstoffe f\u00fcr zeitgen\u00f6ssische Mode und gelebte Geschichte \u2013 100% Natur\",\"publisher\":{\"@id\":\"https:\/\/tuchundstoff.shop\/#organization\"},\"potentialAction\":[{\"@type\":\"SearchAction\",\"target\":{\"@type\":\"EntryPoint\",\"urlTemplate\":\"https:\/\/tuchundstoff.shop\/?s={search_term_string}\"},\"query-input\":{\"@type\":\"PropertyValueSpecification\",\"valueRequired\":true,\"valueName\":\"search_term_string\"}}],\"inLanguage\":\"fr-FR\"},{\"@type\":\"Organization\",\"@id\":\"https:\/\/tuchundstoff.shop\/#organization\",\"name\":\"TuchundStoff\",\"url\":\"https:\/\/tuchundstoff.shop\/\",\"logo\":{\"@type\":\"ImageObject\",\"inLanguage\":\"fr-FR\",\"@id\":\"https:\/\/tuchundstoff.shop\/#\/schema\/logo\/image\/\",\"url\":\"https:\/\/tuchundstoff.shop\/wp-content\/uploads\/2021\/11\/Tus-Logo22-QfA-shop-V2-1.png\",\"contentUrl\":\"https:\/\/tuchundstoff.shop\/wp-content\/uploads\/2021\/11\/Tus-Logo22-QfA-shop-V2-1.png\",\"width\":485,\"height\":110,\"caption\":\"TuchundStoff\"},\"image\":{\"@id\":\"https:\/\/tuchundstoff.shop\/#\/schema\/logo\/image\/\"}}]}<\/script>\n<!-- \/ Yoast SEO plugin. -->","yoast_head_json":{"title":"Laine serg\u00e9 diamant or jaune \/ vert kiwi - TuchundStoff","description":"Laine serg\u00e9 diamant or jaune \/ vert kiwi - Serg\u00e9 diamant\u00e9, 100% laine de mouton card\u00e9e, Poids env. 360\/ml, largeur 150cm","robots":{"index":"index","follow":"follow","max-snippet":"max-snippet:-1","max-image-preview":"max-image-preview:large","max-video-preview":"max-video-preview:-1"},"canonical":"https:\/\/tuchundstoff.shop\/fr\/produkt\/laine-serge-de-diamants-or-jaune-rouge-cardinal-kopie-3\/","og_locale":"fr_FR","og_type":"article","og_title":"Laine serg\u00e9 diamant or jaune \/ vert kiwi - TuchundStoff","og_description":"Laine serg\u00e9 diamant or jaune \/ vert kiwi - Serg\u00e9 diamant\u00e9, 100% laine de mouton card\u00e9e, Poids env. 360\/ml, largeur 150cm","og_url":"https:\/\/tuchundstoff.shop\/fr\/produkt\/laine-serge-de-diamants-or-jaune-rouge-cardinal-kopie-3\/","og_site_name":"TuchundStoff","article_modified_time":"2026-04-02T17:27:42+00:00","og_image":[{"width":1200,"height":1600,"url":"https:\/\/tuchundstoff.shop\/wp-content\/uploads\/2026\/03\/4486-08-5623-1.jpeg","type":"image\/jpeg"}],"schema":{"@context":"https:\/\/schema.org","@graph":[{"@type":"WebPage","@id":"https:\/\/tuchundstoff.shop\/fr\/produkt\/laine-serge-de-diamants-or-jaune-rouge-cardinal-kopie-3\/","url":"https:\/\/tuchundstoff.shop\/fr\/produkt\/laine-serge-de-diamants-or-jaune-rouge-cardinal-kopie-3\/","name":"Laine serg\u00e9 diamant or jaune \/ vert kiwi - TuchundStoff","isPartOf":{"@id":"https:\/\/tuchundstoff.shop\/#website"},"primaryImageOfPage":{"@id":"https:\/\/tuchundstoff.shop\/fr\/produkt\/laine-serge-de-diamants-or-jaune-rouge-cardinal-kopie-3\/#primaryimage"},"image":{"@id":"https:\/\/tuchundstoff.shop\/fr\/produkt\/laine-serge-de-diamants-or-jaune-rouge-cardinal-kopie-3\/#primaryimage"},"thumbnailUrl":"https:\/\/tuchundstoff.shop\/wp-content\/uploads\/2026\/03\/4486-08-5623-1.jpeg","datePublished":"2026-03-10T15:16:38+00:00","dateModified":"2026-04-02T17:27:42+00:00","description":"Laine serg\u00e9 diamant or jaune \/ vert kiwi - Serg\u00e9 diamant\u00e9, 100% laine de mouton card\u00e9e, Poids env. 360\/ml, largeur 150cm","breadcrumb":{"@id":"https:\/\/tuchundstoff.shop\/fr\/produkt\/laine-serge-de-diamants-or-jaune-rouge-cardinal-kopie-3\/#breadcrumb"},"inLanguage":"fr-FR","potentialAction":[{"@type":"ReadAction","target":["https:\/\/tuchundstoff.shop\/fr\/produkt\/laine-serge-de-diamants-or-jaune-rouge-cardinal-kopie-3\/"]}]},{"@type":"ImageObject","inLanguage":"fr-FR","@id":"https:\/\/tuchundstoff.shop\/fr\/produkt\/laine-serge-de-diamants-or-jaune-rouge-cardinal-kopie-3\/#primaryimage","url":"https:\/\/tuchundstoff.shop\/wp-content\/uploads\/2026\/03\/4486-08-5623-1.jpeg","contentUrl":"https:\/\/tuchundstoff.shop\/wp-content\/uploads\/2026\/03\/4486-08-5623-1.jpeg","width":1200,"height":1600},{"@type":"BreadcrumbList","@id":"https:\/\/tuchundstoff.shop\/fr\/produkt\/laine-serge-de-diamants-or-jaune-rouge-cardinal-kopie-3\/#breadcrumb","itemListElement":[{"@type":"ListItem","position":1,"name":"Startseite","item":"https:\/\/tuchundstoff.shop\/fr\/des-tissus-de-qualite-pour-une-mode-contemporaine-et-une-histoire-vecue-100-naturel\/"},{"@type":"ListItem","position":2,"name":"Boutique","item":"https:\/\/tuchundstoff.shop\/fr\/boutique\/"},{"@type":"ListItem","position":3,"name":"Laine serg\u00e9 diamant or jaune \/ vert kiwi"}]},{"@type":"WebSite","@id":"https:\/\/tuchundstoff.shop\/#website","url":"https:\/\/tuchundstoff.shop\/","name":"TuchundStoff","description":"Qualit\u00e4tsstoffe f\u00fcr zeitgen\u00f6ssische Mode und gelebte Geschichte \u2013 100% Natur","publisher":{"@id":"https:\/\/tuchundstoff.shop\/#organization"},"potentialAction":[{"@type":"SearchAction","target":{"@type":"EntryPoint","urlTemplate":"https:\/\/tuchundstoff.shop\/?s={search_term_string}"},"query-input":{"@type":"PropertyValueSpecification","valueRequired":true,"valueName":"search_term_string"}}],"inLanguage":"fr-FR"},{"@type":"Organization","@id":"https:\/\/tuchundstoff.shop\/#organization","name":"TuchundStoff","url":"https:\/\/tuchundstoff.shop\/","logo":{"@type":"ImageObject","inLanguage":"fr-FR","@id":"https:\/\/tuchundstoff.shop\/#\/schema\/logo\/image\/","url":"https:\/\/tuchundstoff.shop\/wp-content\/uploads\/2021\/11\/Tus-Logo22-QfA-shop-V2-1.png","contentUrl":"https:\/\/tuchundstoff.shop\/wp-content\/uploads\/2021\/11\/Tus-Logo22-QfA-shop-V2-1.png","width":485,"height":110,"caption":"TuchundStoff"},"image":{"@id":"https:\/\/tuchundstoff.shop\/#\/schema\/logo\/image\/"}}]}},"_links":{"self":[{"href":"https:\/\/tuchundstoff.shop\/fr\/wp-json\/wp\/v2\/product\/18832","targetHints":{"allow":["GET"]}}],"collection":[{"href":"https:\/\/tuchundstoff.shop\/fr\/wp-json\/wp\/v2\/product"}],"about":[{"href":"https:\/\/tuchundstoff.shop\/fr\/wp-json\/wp\/v2\/types\/product"}],"replies":[{"embeddable":true,"href":"https:\/\/tuchundstoff.shop\/fr\/wp-json\/wp\/v2\/comments?post=18832"}],"wp:featuredmedia":[{"embeddable":true,"href":"https:\/\/tuchundstoff.shop\/fr\/wp-json\/wp\/v2\/media\/18835"}],"wp:attachment":[{"href":"https:\/\/tuchundstoff.shop\/fr\/wp-json\/wp\/v2\/media?parent=18832"}],"wp:term":[{"taxonomy":"product_brand","embeddable":true,"href":"https:\/\/tuchundstoff.shop\/fr\/wp-json\/wp\/v2\/product_brand?post=18832"},{"taxonomy":"product_cat","embeddable":true,"href":"https:\/\/tuchundstoff.shop\/fr\/wp-json\/wp\/v2\/product_cat?post=18832"},{"taxonomy":"product_tag","embeddable":true,"href":"https:\/\/tuchundstoff.shop\/fr\/wp-json\/wp\/v2\/product_tag?post=18832"}],"curies":[{"name":"wp","href":"https:\/\/api.w.org\/{rel}","templated":true}]}}