{"id":18609,"date":"2026-02-28T14:47:47","date_gmt":"2026-02-28T13:47:47","guid":{"rendered":"https:\/\/tuchundstoff.shop\/?post_type=product&#038;p=18609"},"modified":"2026-05-01T02:22:10","modified_gmt":"2026-05-01T00:22:10","slug":"laine-soie-fleur-seche-violet-260-g-rm-kopie-3","status":"publish","type":"product","link":"https:\/\/tuchundstoff.shop\/fr\/produkt\/laine-soie-fleur-seche-violet-260-g-rm-kopie-3\/","title":{"rendered":"M\u00e9lange de laine et de soie, M\u00e9diterran\u00e9e Vert Olive"},"content":{"rendered":"<p><strong>Le m\u00e9lange de laine avec de la soie dans la couleur vert olive m\u00e9diterran\u00e9en<\/strong> est un tissu plus l\u00e9ger au m\u00e8tre dans une teinte naturelle et calme de vert. Mediterranean Olive Green para\u00eet \u00e0 la fois doux, terreux et frais, sans para\u00eetre trop criard. La couleur va particuli\u00e8rement bien avec les v\u00eatements raffin\u00e9s, les robes l\u00e9g\u00e8res, les tuniques, les ch\u00e2les et les projets de couture historiques avec un effet de couleur naturel.  <\/p>\n<p>Le tissu est <strong>compos\u00e9 de 50 % de laine, 40 % de viscose et 10 % de soie<\/strong>, mesure <strong>150 cm de large<\/strong> et p\u00e8se <strong>260 g\/m<\/strong> ou <strong>173 g\/m\u00b2<\/strong>. Le m\u00e9lange de laine, de viscose et de soie donne au tissu un aspect plus fin et plus doux que de nombreux tissus robustes en laine. Il tombe facilement, repose confortablement sur la peau et est donc particuli\u00e8rement adapt\u00e9 lorsqu\u2019un v\u00eatement doit para\u00eetre confortable, flexible et un peu plus noble.  <\/p>\n<h3>M\u00e9lange de laine avec soie vert olive m\u00e9diterran\u00e9en : utilisation et combinaison<\/h3>\n<p>En raison de sa l\u00e9g\u00e8ret\u00e9, ce m\u00e9lange de laine convient parfaitement aux <strong>robes, sous-v\u00eatements et over-clothes l\u00e9gers<\/strong>. Le tissu peut \u00e9galement convenir aux <strong>tuniques, doublures, ch\u00e2les, voiles, robes \u00e0 bretelles, v\u00eatements raffin\u00e9s et v\u00eatements historiques<\/strong> . Le tissage simple offre une surface simple et calme qui peut \u00eatre utilis\u00e9e de diff\u00e9rentes mani\u00e8res.  <\/p>\n<p>La couleur <strong>vert olive m\u00e9diterran\u00e9en<\/strong> s\u2019accorde bien avec le lin, la laine, le loden et les tons naturels. Il est particuli\u00e8rement beau avec des tons blanc cass\u00e9, lin naturel, brun, brun fonc\u00e9, gris, noir, rouge rouille ou bleu att\u00e9nu\u00e9. Cela rend le tissu adapt\u00e9 aux pi\u00e8ces individuelles naturelles ainsi qu\u2019aux combinaisons avec des tissus ext\u00e9rieurs plus r\u00e9sistants.  <\/p>\n<p>Le tissu est un bon choix si vous voulez qu\u2019un projet soit l\u00e9ger, agr\u00e9able et de haute qualit\u00e9. En raison de la composition des mat\u00e9riaux, il est tr\u00e8s int\u00e9ressant pour les v\u00eatements historiques, les LARP, les reconstitutions, les sous-v\u00eatements fins, les tuniques l\u00e9g\u00e8res et les couches de doublure. Le vert olive m\u00e9diterran\u00e9en a un effet de couleur calme et naturel, et peut se r\u00e9v\u00e9ler particuli\u00e8rement sur les robes, ch\u00e2les, voiles ou surv\u00eatements l\u00e9gers.  <\/p>\n<p>Vous pouvez trouver des tissus plus adapt\u00e9s dans la cat\u00e9gorie <a href=\"https:\/\/tuchundstoff.shop\/fr\/cat\u00e9gories-de-produits\/melanges-de-fibres\/\">M\u00e9langes de fibres<\/a>. Vous pouvez trouver des conseils sur le traitement correct des tissus en laine dans nos <a href=\"https:\/\/tuchundstoff.shop\/fr\/instructions-dentretien\/\">instructions d\u2019entretien<\/a>. <\/p>\n<details>\n<summary><strong>Plus d\u2019informations<\/strong><\/summary>\n<p><strong>Mat\u00e9riau :<\/strong> 50 % Laine, 40 % Viscose, 10 % Soie<br \/>\n<strong>Largeur :<\/strong> 150 cm<br \/>\n<strong>Poids :<\/strong> 260 g\/m \/ 173 g\/m\u00b2<br \/>\n <strong>Tissage :<\/strong> Tissage<br \/>\n uni<strong>Couleur :<\/strong> Vert<br \/>\n olive m\u00e9diterran\u00e9en<strong>Unit\u00e9 de vente :<\/strong> au m\u00e8tre<\/p>\n<\/details>\n","protected":false},"excerpt":{"rendered":"<p>La <strong>laine claire se m\u00e9lange \u00e0 la soie dans un vert olive m\u00e9diterran\u00e9en naturel.<\/strong><br \/>\n150 cm de large, 260 g\/m de poids et disponible au m\u00e8tre.<br \/>\n<strong>Avantage de prix gr\u00e2ce \u00e0 5 m\u00e8tres de course.<\/strong><\/p>\n<details>\n<summary><strong>Plus d\u2019informations<\/strong><\/summary>\n<p>Tissu fin pour robes, sous-v\u00eatements, surv\u00eatements l\u00e9gers, tuniques, doublures, ch\u00e2les, voiles et v\u00eatements historiques.<\/p>\n<\/details>\n","protected":false},"featured_media":18617,"comment_status":"open","ping_status":"closed","template":"","meta":{"_seopress_robots_primary_cat":"0","_seopress_titles_title":"M\u00e9lange de laine avec soie m\u00e9diterran\u00e9enne vert olive 260g au m\u00e8tre | %%nomsite\u00a0%%","_seopress_titles_desc":"M\u00e9lange de laine avec soie dans la couleur vert olive m\u00e9diterran\u00e9en, 150 cm de large, 260 g\/m\/mtr, pour les robes, tuniques, doublures et v\u00eatements \u2013 achetez en ligne d\u00e8s maintenant !","_seopress_robots_index":"","ngg_post_thumbnail":0},"product_brand":[],"product_cat":[1574,699],"product_tag":[847,1112,1114,1115,1256],"class_list":{"0":"post-18609","1":"product","2":"type-product","3":"status-publish","4":"has-post-thumbnail","6":"product_cat-melanges-de-fibres","7":"product_cat-laine","8":"product_tag-underdress-fr","9":"product_tag-pantalons","10":"product_tag-tunique-legere","11":"product_tag-robe-a-bretelles","12":"product_tag-laine-soie","13":"pa_gewicht-260-g-lfm-173-g-m-fr","14":"resize-featured-image","15":"sales-flash-overlay","16":"woocommerce-text-align-center","17":"woocommerce-image-align-center","18":"do-quantity-buttons","19":"wc-has-gallery","21":"first","22":"instock","23":"taxable","24":"shipping-taxable","25":"purchasable","26":"product-type-simple"},"_links":{"self":[{"href":"https:\/\/tuchundstoff.shop\/fr\/wp-json\/wp\/v2\/product\/18609","targetHints":{"allow":["GET"]}}],"collection":[{"href":"https:\/\/tuchundstoff.shop\/fr\/wp-json\/wp\/v2\/product"}],"about":[{"href":"https:\/\/tuchundstoff.shop\/fr\/wp-json\/wp\/v2\/types\/product"}],"replies":[{"embeddable":true,"href":"https:\/\/tuchundstoff.shop\/fr\/wp-json\/wp\/v2\/comments?post=18609"}],"wp:featuredmedia":[{"embeddable":true,"href":"https:\/\/tuchundstoff.shop\/fr\/wp-json\/wp\/v2\/media\/18617"}],"wp:attachment":[{"href":"https:\/\/tuchundstoff.shop\/fr\/wp-json\/wp\/v2\/media?parent=18609"}],"wp:term":[{"taxonomy":"product_brand","embeddable":true,"href":"https:\/\/tuchundstoff.shop\/fr\/wp-json\/wp\/v2\/product_brand?post=18609"},{"taxonomy":"product_cat","embeddable":true,"href":"https:\/\/tuchundstoff.shop\/fr\/wp-json\/wp\/v2\/product_cat?post=18609"},{"taxonomy":"product_tag","embeddable":true,"href":"https:\/\/tuchundstoff.shop\/fr\/wp-json\/wp\/v2\/product_tag?post=18609"}],"curies":[{"name":"wp","href":"https:\/\/api.w.org\/{rel}","templated":true}]}}