{"id":18445,"date":"2026-02-20T16:30:57","date_gmt":"2026-02-20T15:30:57","guid":{"rendered":"https:\/\/tuchundstoff.shop\/?post_type=product&#038;p=18445"},"modified":"2026-04-23T01:29:58","modified_gmt":"2026-04-22T23:29:58","slug":"cavalerie-twill-blanc-pale-kopie-2","status":"publish","type":"product","link":"https:\/\/tuchundstoff.shop\/fr\/produkt\/cavalerie-twill-blanc-pale-kopie-2\/","title":{"rendered":"Cavalerie Twill Noir"},"content":{"rendered":"<p>Twill de cavalerie \/ justaucorps en laine peign\u00e9e noir<\/p>\n","protected":false},"excerpt":{"rendered":"<p>Avantage de prix avec 5 m\u00e8tres lin\u00e9aires !<\/p>\n<p>&nbsp;<\/p>\n","protected":false},"featured_media":18436,"comment_status":"open","ping_status":"closed","template":"","meta":{"ngg_post_thumbnail":0},"product_brand":[],"product_cat":[1574,2117,2166],"product_tag":[2210,2211,2214,1112,2215,2217,2219,2220,2208],"class_list":{"0":"post-18445","1":"product","2":"type-product","3":"status-publish","4":"has-post-thumbnail","6":"product_cat-melanges-de-fibres","7":"product_cat-uniforme","8":"product_cat-serge-de-cavalerie","9":"product_tag-guerre-des-etoiles","10":"product_tag-starwars","11":"product_tag-501e-legion","12":"product_tag-pantalons","13":"product_tag-starwarsofficer","14":"product_tag-cavalerie-twill","15":"product_tag-fil-de-laine-peignee","16":"product_tag-maillot","17":"product_tag-twill","18":"pa_gewicht-520-g-lrm-346-g-m2","19":"resize-featured-image","20":"sales-flash-overlay","21":"woocommerce-text-align-center","22":"woocommerce-image-align-center","23":"do-quantity-buttons","24":"wc-has-gallery","26":"first","27":"instock","28":"taxable","29":"shipping-taxable","30":"purchasable","31":"product-type-simple"},"yoast_head":"<!-- This site is optimized with the Yoast SEO plugin v27.2 - https:\/\/yoast.com\/product\/yoast-seo-wordpress\/ -->\n<title>Cavalerie Twill Noir - TuchundStoff<\/title>\n<meta name=\"description\" content=\"Cavalerie Twill Noir - Avantage de prix avec 5 m\u00e8tres lin\u00e9aires ! &nbsp;\" \/>\n<meta name=\"robots\" content=\"index, follow, max-snippet:-1, max-image-preview:large, max-video-preview:-1\" \/>\n<link rel=\"canonical\" href=\"https:\/\/tuchundstoff.shop\/fr\/produkt\/cavalerie-twill-blanc-pale-kopie-2\/\" \/>\n<meta property=\"og:locale\" content=\"fr_FR\" \/>\n<meta property=\"og:type\" content=\"article\" \/>\n<meta property=\"og:title\" content=\"Cavalerie Twill Noir - TuchundStoff\" \/>\n<meta property=\"og:description\" content=\"Cavalerie Twill Noir - Avantage de prix avec 5 m\u00e8tres lin\u00e9aires ! &nbsp;\" \/>\n<meta property=\"og:url\" content=\"https:\/\/tuchundstoff.shop\/fr\/produkt\/cavalerie-twill-blanc-pale-kopie-2\/\" \/>\n<meta property=\"og:site_name\" content=\"TuchundStoff\" \/>\n<meta property=\"article:modified_time\" content=\"2026-04-22T23:29:58+00:00\" \/>\n<meta property=\"og:image\" content=\"https:\/\/tuchundstoff.shop\/wp-content\/uploads\/2026\/02\/Kaallerie-twill-Star-wars.jpeg\" \/>\n\t<meta property=\"og:image:width\" content=\"1200\" \/>\n\t<meta property=\"og:image:height\" content=\"1600\" \/>\n\t<meta property=\"og:image:type\" content=\"image\/jpeg\" \/>\n<script type=\"application\/ld+json\" class=\"yoast-schema-graph\">{\"@context\":\"https:\/\/schema.org\",\"@graph\":[{\"@type\":\"WebPage\",\"@id\":\"https:\/\/tuchundstoff.shop\/fr\/produkt\/cavalerie-twill-blanc-pale-kopie-2\/\",\"url\":\"https:\/\/tuchundstoff.shop\/fr\/produkt\/cavalerie-twill-blanc-pale-kopie-2\/\",\"name\":\"Cavalerie Twill Noir - TuchundStoff\",\"isPartOf\":{\"@id\":\"https:\/\/tuchundstoff.shop\/#website\"},\"primaryImageOfPage\":{\"@id\":\"https:\/\/tuchundstoff.shop\/fr\/produkt\/cavalerie-twill-blanc-pale-kopie-2\/#primaryimage\"},\"image\":{\"@id\":\"https:\/\/tuchundstoff.shop\/fr\/produkt\/cavalerie-twill-blanc-pale-kopie-2\/#primaryimage\"},\"thumbnailUrl\":\"https:\/\/tuchundstoff.shop\/wp-content\/uploads\/2026\/02\/Kaallerie-twill-Star-wars.jpeg\",\"datePublished\":\"2026-02-20T15:30:57+00:00\",\"dateModified\":\"2026-04-22T23:29:58+00:00\",\"description\":\"Cavalerie Twill Noir - Avantage de prix avec 5 m\u00e8tres lin\u00e9aires ! &nbsp;\",\"breadcrumb\":{\"@id\":\"https:\/\/tuchundstoff.shop\/fr\/produkt\/cavalerie-twill-blanc-pale-kopie-2\/#breadcrumb\"},\"inLanguage\":\"fr-FR\",\"potentialAction\":[{\"@type\":\"ReadAction\",\"target\":[\"https:\/\/tuchundstoff.shop\/fr\/produkt\/cavalerie-twill-blanc-pale-kopie-2\/\"]}]},{\"@type\":\"ImageObject\",\"inLanguage\":\"fr-FR\",\"@id\":\"https:\/\/tuchundstoff.shop\/fr\/produkt\/cavalerie-twill-blanc-pale-kopie-2\/#primaryimage\",\"url\":\"https:\/\/tuchundstoff.shop\/wp-content\/uploads\/2026\/02\/Kaallerie-twill-Star-wars.jpeg\",\"contentUrl\":\"https:\/\/tuchundstoff.shop\/wp-content\/uploads\/2026\/02\/Kaallerie-twill-Star-wars.jpeg\",\"width\":1200,\"height\":1600,\"caption\":\"Serge Kallerie\"},{\"@type\":\"BreadcrumbList\",\"@id\":\"https:\/\/tuchundstoff.shop\/fr\/produkt\/cavalerie-twill-blanc-pale-kopie-2\/#breadcrumb\",\"itemListElement\":[{\"@type\":\"ListItem\",\"position\":1,\"name\":\"Startseite\",\"item\":\"https:\/\/tuchundstoff.shop\/fr\/\"},{\"@type\":\"ListItem\",\"position\":2,\"name\":\"Boutique\",\"item\":\"https:\/\/tuchundstoff.shop\/fr\/boutique\/\"},{\"@type\":\"ListItem\",\"position\":3,\"name\":\"Cavalerie Twill Noir\"}]},{\"@type\":\"WebSite\",\"@id\":\"https:\/\/tuchundstoff.shop\/#website\",\"url\":\"https:\/\/tuchundstoff.shop\/\",\"name\":\"TuchundStoff\",\"description\":\"Qualit\u00e4tsstoffe f\u00fcr zeitgen\u00f6ssische Mode und gelebte Geschichte \u2013 100% Natur\",\"publisher\":{\"@id\":\"https:\/\/tuchundstoff.shop\/#organization\"},\"potentialAction\":[{\"@type\":\"SearchAction\",\"target\":{\"@type\":\"EntryPoint\",\"urlTemplate\":\"https:\/\/tuchundstoff.shop\/?s={search_term_string}\"},\"query-input\":{\"@type\":\"PropertyValueSpecification\",\"valueRequired\":true,\"valueName\":\"search_term_string\"}}],\"inLanguage\":\"fr-FR\"},{\"@type\":\"Organization\",\"@id\":\"https:\/\/tuchundstoff.shop\/#organization\",\"name\":\"TuchundStoff\",\"url\":\"https:\/\/tuchundstoff.shop\/\",\"logo\":{\"@type\":\"ImageObject\",\"inLanguage\":\"fr-FR\",\"@id\":\"https:\/\/tuchundstoff.shop\/#\/schema\/logo\/image\/\",\"url\":\"https:\/\/tuchundstoff.shop\/wp-content\/uploads\/2021\/11\/Tus-Logo22-QfA-shop-V2-1.png\",\"contentUrl\":\"https:\/\/tuchundstoff.shop\/wp-content\/uploads\/2021\/11\/Tus-Logo22-QfA-shop-V2-1.png\",\"width\":485,\"height\":110,\"caption\":\"TuchundStoff\"},\"image\":{\"@id\":\"https:\/\/tuchundstoff.shop\/#\/schema\/logo\/image\/\"}}]}<\/script>\n<!-- \/ Yoast SEO plugin. -->","yoast_head_json":{"title":"Cavalerie Twill Noir - TuchundStoff","description":"Cavalerie Twill Noir - Avantage de prix avec 5 m\u00e8tres lin\u00e9aires ! &nbsp;","robots":{"index":"index","follow":"follow","max-snippet":"max-snippet:-1","max-image-preview":"max-image-preview:large","max-video-preview":"max-video-preview:-1"},"canonical":"https:\/\/tuchundstoff.shop\/fr\/produkt\/cavalerie-twill-blanc-pale-kopie-2\/","og_locale":"fr_FR","og_type":"article","og_title":"Cavalerie Twill Noir - TuchundStoff","og_description":"Cavalerie Twill Noir - Avantage de prix avec 5 m\u00e8tres lin\u00e9aires ! &nbsp;","og_url":"https:\/\/tuchundstoff.shop\/fr\/produkt\/cavalerie-twill-blanc-pale-kopie-2\/","og_site_name":"TuchundStoff","article_modified_time":"2026-04-22T23:29:58+00:00","og_image":[{"width":1200,"height":1600,"url":"https:\/\/tuchundstoff.shop\/wp-content\/uploads\/2026\/02\/Kaallerie-twill-Star-wars.jpeg","type":"image\/jpeg"}],"schema":{"@context":"https:\/\/schema.org","@graph":[{"@type":"WebPage","@id":"https:\/\/tuchundstoff.shop\/fr\/produkt\/cavalerie-twill-blanc-pale-kopie-2\/","url":"https:\/\/tuchundstoff.shop\/fr\/produkt\/cavalerie-twill-blanc-pale-kopie-2\/","name":"Cavalerie Twill Noir - TuchundStoff","isPartOf":{"@id":"https:\/\/tuchundstoff.shop\/#website"},"primaryImageOfPage":{"@id":"https:\/\/tuchundstoff.shop\/fr\/produkt\/cavalerie-twill-blanc-pale-kopie-2\/#primaryimage"},"image":{"@id":"https:\/\/tuchundstoff.shop\/fr\/produkt\/cavalerie-twill-blanc-pale-kopie-2\/#primaryimage"},"thumbnailUrl":"https:\/\/tuchundstoff.shop\/wp-content\/uploads\/2026\/02\/Kaallerie-twill-Star-wars.jpeg","datePublished":"2026-02-20T15:30:57+00:00","dateModified":"2026-04-22T23:29:58+00:00","description":"Cavalerie Twill Noir - Avantage de prix avec 5 m\u00e8tres lin\u00e9aires ! &nbsp;","breadcrumb":{"@id":"https:\/\/tuchundstoff.shop\/fr\/produkt\/cavalerie-twill-blanc-pale-kopie-2\/#breadcrumb"},"inLanguage":"fr-FR","potentialAction":[{"@type":"ReadAction","target":["https:\/\/tuchundstoff.shop\/fr\/produkt\/cavalerie-twill-blanc-pale-kopie-2\/"]}]},{"@type":"ImageObject","inLanguage":"fr-FR","@id":"https:\/\/tuchundstoff.shop\/fr\/produkt\/cavalerie-twill-blanc-pale-kopie-2\/#primaryimage","url":"https:\/\/tuchundstoff.shop\/wp-content\/uploads\/2026\/02\/Kaallerie-twill-Star-wars.jpeg","contentUrl":"https:\/\/tuchundstoff.shop\/wp-content\/uploads\/2026\/02\/Kaallerie-twill-Star-wars.jpeg","width":1200,"height":1600,"caption":"Serge Kallerie"},{"@type":"BreadcrumbList","@id":"https:\/\/tuchundstoff.shop\/fr\/produkt\/cavalerie-twill-blanc-pale-kopie-2\/#breadcrumb","itemListElement":[{"@type":"ListItem","position":1,"name":"Startseite","item":"https:\/\/tuchundstoff.shop\/fr\/"},{"@type":"ListItem","position":2,"name":"Boutique","item":"https:\/\/tuchundstoff.shop\/fr\/boutique\/"},{"@type":"ListItem","position":3,"name":"Cavalerie Twill Noir"}]},{"@type":"WebSite","@id":"https:\/\/tuchundstoff.shop\/#website","url":"https:\/\/tuchundstoff.shop\/","name":"TuchundStoff","description":"Qualit\u00e4tsstoffe f\u00fcr zeitgen\u00f6ssische Mode und gelebte Geschichte \u2013 100% Natur","publisher":{"@id":"https:\/\/tuchundstoff.shop\/#organization"},"potentialAction":[{"@type":"SearchAction","target":{"@type":"EntryPoint","urlTemplate":"https:\/\/tuchundstoff.shop\/?s={search_term_string}"},"query-input":{"@type":"PropertyValueSpecification","valueRequired":true,"valueName":"search_term_string"}}],"inLanguage":"fr-FR"},{"@type":"Organization","@id":"https:\/\/tuchundstoff.shop\/#organization","name":"TuchundStoff","url":"https:\/\/tuchundstoff.shop\/","logo":{"@type":"ImageObject","inLanguage":"fr-FR","@id":"https:\/\/tuchundstoff.shop\/#\/schema\/logo\/image\/","url":"https:\/\/tuchundstoff.shop\/wp-content\/uploads\/2021\/11\/Tus-Logo22-QfA-shop-V2-1.png","contentUrl":"https:\/\/tuchundstoff.shop\/wp-content\/uploads\/2021\/11\/Tus-Logo22-QfA-shop-V2-1.png","width":485,"height":110,"caption":"TuchundStoff"},"image":{"@id":"https:\/\/tuchundstoff.shop\/#\/schema\/logo\/image\/"}}]}},"_links":{"self":[{"href":"https:\/\/tuchundstoff.shop\/fr\/wp-json\/wp\/v2\/product\/18445","targetHints":{"allow":["GET"]}}],"collection":[{"href":"https:\/\/tuchundstoff.shop\/fr\/wp-json\/wp\/v2\/product"}],"about":[{"href":"https:\/\/tuchundstoff.shop\/fr\/wp-json\/wp\/v2\/types\/product"}],"replies":[{"embeddable":true,"href":"https:\/\/tuchundstoff.shop\/fr\/wp-json\/wp\/v2\/comments?post=18445"}],"wp:featuredmedia":[{"embeddable":true,"href":"https:\/\/tuchundstoff.shop\/fr\/wp-json\/wp\/v2\/media\/18436"}],"wp:attachment":[{"href":"https:\/\/tuchundstoff.shop\/fr\/wp-json\/wp\/v2\/media?parent=18445"}],"wp:term":[{"taxonomy":"product_brand","embeddable":true,"href":"https:\/\/tuchundstoff.shop\/fr\/wp-json\/wp\/v2\/product_brand?post=18445"},{"taxonomy":"product_cat","embeddable":true,"href":"https:\/\/tuchundstoff.shop\/fr\/wp-json\/wp\/v2\/product_cat?post=18445"},{"taxonomy":"product_tag","embeddable":true,"href":"https:\/\/tuchundstoff.shop\/fr\/wp-json\/wp\/v2\/product_tag?post=18445"}],"curies":[{"name":"wp","href":"https:\/\/api.w.org\/{rel}","templated":true}]}}