{"id":18433,"date":"2026-02-19T09:29:03","date_gmt":"2026-02-19T08:29:03","guid":{"rendered":"https:\/\/tuchundstoff.shop\/?post_type=product&#038;p=18433"},"modified":"2026-05-06T11:53:45","modified_gmt":"2026-05-06T09:53:45","slug":"laine-laine-de-soie-chevrons-blancs-260g-rm-kopie","status":"publish","type":"product","link":"https:\/\/tuchundstoff.shop\/fr\/produkt\/laine-laine-de-soie-chevrons-blancs-260g-rm-kopie\/","title":{"rendered":"Cavalerie Twill blanc p\u00e2le"},"content":{"rendered":"<p><strong>Le serg\u00e9 de cavalerie dans la couleur blanc blanchiment<\/strong> est un tissu en serge unie ou tricot worsted par m\u00e8tres. Le tissu est compos\u00e9 de <strong>45 % de WV et 55 % de PES<\/strong>, mesure <strong>150 cm de large<\/strong> et p\u00e8se <strong>respectivement 520 g\/<\/strong> m et <strong>346 g\/m\u00b2<\/strong>. <\/p>\n<p>Le <strong>blanc<\/strong> clair et d\u00e9color\u00e9 para\u00eet clair, propre et tr\u00e8s facile \u00e0 combiner. La couleur s\u2019accorde particuli\u00e8rement bien avec les pi\u00e8ces d\u2019uniforme, les pantalons, les vestes et les projets de couture d\u2019inspiration historique o\u00f9 l\u2019on recherche un tissu ferme, lumineux et soign\u00e9. <\/p>\n<p>La structure en serg\u00e9 donne au tissu un aspect classique, lisse et r\u00e9sistant. La serge de cavalerie est particuli\u00e8rement adapt\u00e9e lorsqu\u2019un v\u00eatement doit \u00eatre stable, mais doit rester portable. La surface para\u00eet plus calme et soign\u00e9e que celle de nombreux tissus de laine plus grossiers et s\u2019accorde donc bien avec des d\u00e9coupes claires, des pi\u00e8ces uniformes et des d\u00e9tails soigneusement travaill\u00e9s.  <\/p>\n<h3>Cavalry Twill Bleach White : Utilisations et combinaisons<\/h3>\n<p>Ce tissu convient particuli\u00e8rement aux <strong>pi\u00e8ces d\u2019uniforme, pantalons et vestes<\/strong>. La serge de cavalerie peut \u00e9galement \u00eatre un choix adapt\u00e9 pour <strong>des v\u00eatements historiques, des reconstitutions, des LARP, des projets de costumes, des garnitures et des v\u00eatements ext\u00e9rieurs pleins<\/strong> . Le poids de 520 g\/m donne au tissu un aspect plus stable que les v\u00eatements l\u00e9gers et convient parfaitement aux projets n\u00e9cessitant plus d\u2019adh\u00e9rence et de soutien.  <\/p>\n<p>La <strong>couleur blanc d\u00e9color\u00e9<\/strong> peut tr\u00e8s bien \u00eatre combin\u00e9e avec le noir, le gris, le bleu royal, le vert olive, le rouge, le jaune dor\u00e9, l\u2019argent ou des tons naturels. Surtout pour les pi\u00e8ces d\u2019uniforme, vestes, pantalons et garniture, la couleur claire peut \u00eatre tr\u00e8s efficace. Il convient \u00e0 la fois comme couleur principale et comme contraste marqu\u00e9 avec des tissus plus fonc\u00e9s ou plus forts.  <\/p>\n<p>Vous pouvez trouver plus de tissus assortis dans la cat\u00e9gorie <a href=\"https:\/\/tuchundstoff.shop\/fr\/cat\u00e9gories-de-produits\/uniforme\/serge-de-cavalerie\/\">Serg\u00e9e de cavalerie<\/a>. Vous pouvez trouver des informations sur le traitement correct des tissus et m\u00e9langes de laine dans nos <a href=\"https:\/\/tuchundstoff.shop\/fr\/instructions-dentretien\/\">instructions d\u2019entretien<\/a>. <\/p>\n<details>\n<summary><strong>Plus d\u2019informations<\/strong><\/summary>\n<p><strong>Mat\u00e9riau :<\/strong> 45 % WV \/ 55 % PES<br \/>\n<strong>Largeur :<\/strong> 150 cm<br \/>\n<strong>Poids :<\/strong> 520 g\/m \/ 346 g\/m\u00b2<br \/>\n<strong>Reliure :<\/strong> Serg\u00e9 de cavalerie \/ Tricot Peign\u00e9<br \/>\n<strong>Couleur :<\/strong> Blanc<br \/>\n Blanchiment<strong>Unit\u00e9 de vente :<\/strong> Au m\u00e8tre<\/p>\n<\/details>\n","protected":false},"excerpt":{"rendered":"<p><strong>Serg\u00e9 de cavalerie \/ tricot peign\u00e9 en blanc p\u00e2le \u00e9clatant.<\/strong><br \/>\n150 cm de large, 520 g\/m de poids et disponible au m\u00e8tre.<br \/>\n<strong>Avantage de prix gr\u00e2ce \u00e0 5 m\u00e8tres de course.<\/strong><\/p>\n<details>\n<summary><strong>Plus d\u2019informations<\/strong><\/summary>\n<p>Tissu serg\u00e9 lisse et r\u00e9sistant pour les pi\u00e8ces d\u2019uniforme, pantalons, vestes, v\u00eatements historiques et projets o\u00f9 l\u2019on recherche un tissu soign\u00e9 et r\u00e9sistant.<\/p>\n<\/details>\n","protected":false},"featured_media":18436,"comment_status":"open","ping_status":"closed","template":"","meta":{"_seopress_robots_primary_cat":"2164","_seopress_titles_title":"Cavalerie Serg\u00e9e Blanchiment Blanc 520g au m\u00e8tre | %%nomsite\u00a0%%","_seopress_titles_desc":"Serg\u00e9 de cavalerie en blanc blanc, 150 cm de large, 520 g\/m, pour les pi\u00e8ces d\u2019uniforme, pantalons, vestes et v\u00eatements \u2013 achetez en ligne d\u00e8s maintenant !","_seopress_robots_index":"","ngg_post_thumbnail":0},"product_brand":[],"product_cat":[2117,2166,1574],"product_tag":[2217,2219,2220,2208,2210,1112,2211,2214,2215],"class_list":{"0":"post-18433","1":"product","2":"type-product","3":"status-publish","4":"has-post-thumbnail","6":"product_cat-uniforme","7":"product_cat-serge-de-cavalerie","8":"product_cat-melanges-de-fibres","9":"product_tag-cavalerie-twill","10":"product_tag-fil-de-laine-peignee","11":"product_tag-maillot","12":"product_tag-twill","13":"product_tag-guerre-des-etoiles","14":"product_tag-pantalons","15":"product_tag-starwars","16":"product_tag-501e-legion","17":"product_tag-starwarsofficer","18":"pa_gewicht-520-g-lrm-346-g-m2","19":"resize-featured-image","20":"sales-flash-overlay","21":"woocommerce-text-align-center","22":"woocommerce-image-align-center","23":"do-quantity-buttons","24":"wc-has-gallery","26":"first","27":"instock","28":"taxable","29":"shipping-taxable","30":"purchasable","31":"product-type-simple"},"_links":{"self":[{"href":"https:\/\/tuchundstoff.shop\/fr\/wp-json\/wp\/v2\/product\/18433","targetHints":{"allow":["GET"]}}],"collection":[{"href":"https:\/\/tuchundstoff.shop\/fr\/wp-json\/wp\/v2\/product"}],"about":[{"href":"https:\/\/tuchundstoff.shop\/fr\/wp-json\/wp\/v2\/types\/product"}],"replies":[{"embeddable":true,"href":"https:\/\/tuchundstoff.shop\/fr\/wp-json\/wp\/v2\/comments?post=18433"}],"wp:featuredmedia":[{"embeddable":true,"href":"https:\/\/tuchundstoff.shop\/fr\/wp-json\/wp\/v2\/media\/18436"}],"wp:attachment":[{"href":"https:\/\/tuchundstoff.shop\/fr\/wp-json\/wp\/v2\/media?parent=18433"}],"wp:term":[{"taxonomy":"product_brand","embeddable":true,"href":"https:\/\/tuchundstoff.shop\/fr\/wp-json\/wp\/v2\/product_brand?post=18433"},{"taxonomy":"product_cat","embeddable":true,"href":"https:\/\/tuchundstoff.shop\/fr\/wp-json\/wp\/v2\/product_cat?post=18433"},{"taxonomy":"product_tag","embeddable":true,"href":"https:\/\/tuchundstoff.shop\/fr\/wp-json\/wp\/v2\/product_tag?post=18433"}],"curies":[{"name":"wp","href":"https:\/\/api.w.org\/{rel}","templated":true}]}}