{"id":18357,"date":"2024-08-28T06:50:39","date_gmt":"2024-08-28T04:50:39","guid":{"rendered":"https:\/\/tuchundstoff.shop\/produkt\/tissu-structure-480g-lfm-brun-sable-coquillage\/"},"modified":"2026-04-28T01:30:51","modified_gmt":"2026-04-27T23:30:51","slug":"tissu-structure-480g-lfm-brun-sable-coquillage","status":"publish","type":"product","link":"https:\/\/tuchundstoff.shop\/fr\/produkt\/tissu-structure-480g-lfm-brun-sable-coquillage\/","title":{"rendered":"Tissu Structure 480g\/lfm brun sable coquillage"},"content":{"rendered":"<p data-start=\"618\" data-end=\"950\"><strong data-start=\"618\" data-end=\"652\">La structure tissu de la couleur shell brown<\/strong> sable est un tissu de laine structur\u00e9 au m\u00e8tre dans une tonalit\u00e9 brun-beige naturelle claire. Le marron sable shell para\u00eet calme, doux et facile \u00e0 combiner, similaire \u00e0 un sable clair ou \u00e0 un ton naturel. Le tissu est compos\u00e9 de <strong data-start=\"870\" data-end=\"889\">laine vierge \u00e0 100 %,<\/strong> mesure <strong data-start=\"895\" data-end=\"911\">150 cm de large<\/strong> et p\u00e8se <strong data-start=\"936\" data-end=\"949\">480 g\/m\u00e8tre de courant<\/strong>.  <\/p>\n<p data-start=\"952\" data-end=\"1316\">En raison de la structure visible, le tissu para\u00eet plus vivant et artisanal qu\u2019un tissu en laine lisse. Il convient parfaitement aux <strong data-start=\"1076\" data-end=\"1172\">tuniques, robes, pantalons, vestes, tabards, garniture, accessoires et v\u00eatements historiques<\/strong>. En raison de sa structure, il est particuli\u00e8rement adapt\u00e9 lorsqu\u2019un v\u00eatement ne doit pas para\u00eetre compl\u00e8tement lisse, mais plus naturel et de caract\u00e8re.  <\/p>\n<p data-start=\"1318\" data-end=\"1694\">La laine vierge est <strong data-start=\"1337\" data-end=\"1394\">respirante, coupe-vent, anti-salet\u00e9 et hydrofuge<\/strong>. La couleur <strong data-start=\"1406\" data-end=\"1426\">shell marron sable<\/strong> peut bien \u00eatre combin\u00e9e avec des tissus simples en laine, du lin, du loden et des tons naturels. Elle est particuli\u00e8rement belle avec des tons blanc cass\u00e9, lin naturel, brun, gris, vert fonc\u00e9, noir ou bleu att\u00e9nu\u00e9. Notre <strong data-start=\"1677\" data-end=\"1693\">mousseline en laine<\/strong> est particuli\u00e8rement adapt\u00e9e comme tissu de doublure.   <\/p>\n<p data-start=\"1696\" data-end=\"1872\"><span style=\"font-size: inherit; font-family: -apple-system, system-ui, BlinkMacSystemFont, 'Segoe UI', Helvetica, Arial, sans-serif, 'Apple Color Emoji', 'Segoe UI Emoji', 'Segoe UI Symbol';\">Vous pouvez trouver plus de tissus en laine assortis dans la <\/span><a style=\"font-size: inherit; font-family: -apple-system, system-ui, BlinkMacSystemFont, 'Segoe UI', Helvetica, Arial, sans-serif, 'Apple Color Emoji', 'Segoe UI Emoji', 'Segoe UI Symbol';\" href=\"https:\/\/tuchundstoff.shop\/fr\/cat\u00e9gories-de-produits\/laine\/tissu-loden\/\">cat\u00e9gorie <strong data-start=\"2097\" data-end=\"2113\">Cloth &amp; Loden<\/strong><\/a><span style=\"font-size: inherit; font-family: -apple-system, system-ui, BlinkMacSystemFont, 'Segoe UI', Helvetica, Arial, sans-serif, 'Apple Color Emoji', 'Segoe UI Emoji', 'Segoe UI Symbol';\">. Pour un traitement correct de la laine vierge, il vaut aussi la peine de jeter un \u0153il \u00e0 notre  <\/span><a style=\"font-size: inherit; font-family: -apple-system, system-ui, BlinkMacSystemFont, 'Segoe UI', Helvetica, Arial, sans-serif, 'Apple Color Emoji', 'Segoe UI Emoji', 'Segoe UI Symbol';\" href=\"https:\/\/tuchundstoff.shop\/fr\/instructions-dentretien\/\"><strong data-start=\"2198\" data-end=\"2216\">Instructions de soin<\/strong><\/a><span style=\"font-size: inherit; font-family: -apple-system, system-ui, BlinkMacSystemFont, 'Segoe UI', Helvetica, Arial, sans-serif, 'Apple Color Emoji', 'Segoe UI Emoji', 'Segoe UI Symbol';\">&#8230;<\/span><\/p>\n","protected":false},"excerpt":{"rendered":"<p>Avantage de prix avec 5 m\u00e8tres lin\u00e9aires !<\/p>\n<p>Tissu en laine textur\u00e9e en coquillage clair, brun sable au m\u00e8tre.<br data-start=\"358\" data-end=\"361\">100 % laine vierge, 150 cm de large et 480 g\/m de poids.<br data-start=\"412\" data-end=\"415\">Respirant, coupe-vent, r\u00e9sistant \u00e0 la salet\u00e9 et \u00e0 l\u2019eau \u2013 adapt\u00e9 aux tuniques, robes, pantalons, vestes, tabards, ornements et v\u00eatements historiques.<\/p>\n","protected":false},"featured_media":18358,"comment_status":"open","ping_status":"closed","template":"","meta":{"_seopress_robots_primary_cat":"166","_seopress_titles_title":"Structure en tissu Coquille Sable Laine vierge brune au m\u00e8tre | %%nomsite\u00a0%%","_seopress_titles_desc":"Structure tissule de couleur coquille marron sable, faite de laine 100 % vierge. 150 cm de large, 480 g\/mtr, textur\u00e9e, coupe-vent et r\u00e9sistante \u00e0 l\u2019eau.","_seopress_robots_index":"","ngg_post_thumbnail":0},"product_brand":[],"product_cat":[1913,699,717,719,1766,1778],"product_tag":[1249,1116,1250,1190,1252,1211,1253,1215,1440,1218,1459,1223,1460,1230,1485,1231,1496,1239,1243,1112],"class_list":{"0":"post-18357","1":"product","2":"type-product","3":"status-publish","4":"has-post-thumbnail","6":"product_cat-leger-au-milieu-avec-structure","7":"product_cat-laine","8":"product_cat-tissu-loden","9":"product_cat-moyen-leger","10":"product_cat-offres","11":"product_cat-encore-plus-de-textiles","12":"product_tag-cap","13":"product_tag-tunique","14":"product_tag-uniforme","15":"product_tag-laine","16":"product_tag-pourpoint","17":"product_tag-cappa-fr","18":"product_tag-blason","19":"product_tag-cotte-fr","20":"product_tag-cutaway-fr","21":"product_tag-doublet-fr-2","22":"product_tag-loden-fr-2","23":"product_tag-cagoules","24":"product_tag-tissage-simple","25":"product_tag-jube-a-rabat","26":"product_tag-tissu","27":"product_tag-goller","28":"product_tag-gardecorps-fr","29":"product_tag-manteau-rectangulaire","30":"product_tag-pantalon-medieval","31":"product_tag-pantalons","32":"pa_gewicht-480g-rm-320g-m","33":"resize-featured-image","34":"sales-flash-overlay","35":"woocommerce-text-align-center","36":"woocommerce-image-align-center","37":"do-quantity-buttons","38":"wc-has-gallery","40":"first","41":"instock","42":"sale","43":"taxable","44":"shipping-taxable","45":"purchasable","46":"product-type-simple"},"_links":{"self":[{"href":"https:\/\/tuchundstoff.shop\/fr\/wp-json\/wp\/v2\/product\/18357","targetHints":{"allow":["GET"]}}],"collection":[{"href":"https:\/\/tuchundstoff.shop\/fr\/wp-json\/wp\/v2\/product"}],"about":[{"href":"https:\/\/tuchundstoff.shop\/fr\/wp-json\/wp\/v2\/types\/product"}],"replies":[{"embeddable":true,"href":"https:\/\/tuchundstoff.shop\/fr\/wp-json\/wp\/v2\/comments?post=18357"}],"wp:featuredmedia":[{"embeddable":true,"href":"https:\/\/tuchundstoff.shop\/fr\/wp-json\/wp\/v2\/media\/18358"}],"wp:attachment":[{"href":"https:\/\/tuchundstoff.shop\/fr\/wp-json\/wp\/v2\/media?parent=18357"}],"wp:term":[{"taxonomy":"product_brand","embeddable":true,"href":"https:\/\/tuchundstoff.shop\/fr\/wp-json\/wp\/v2\/product_brand?post=18357"},{"taxonomy":"product_cat","embeddable":true,"href":"https:\/\/tuchundstoff.shop\/fr\/wp-json\/wp\/v2\/product_cat?post=18357"},{"taxonomy":"product_tag","embeddable":true,"href":"https:\/\/tuchundstoff.shop\/fr\/wp-json\/wp\/v2\/product_tag?post=18357"}],"curies":[{"name":"wp","href":"https:\/\/api.w.org\/{rel}","templated":true}]}}