{"id":17916,"date":"2019-03-06T16:07:58","date_gmt":"2019-03-06T15:07:58","guid":{"rendered":"https:\/\/tuchundstoff.shop\/produkt\/serge-diagonal-laine-merinos-beige\/"},"modified":"2019-03-06T16:07:58","modified_gmt":"2019-03-06T15:07:58","slug":"serge-diagonal-laine-merinos-beige","status":"publish","type":"product","link":"https:\/\/tuchundstoff.shop\/fr\/produkt\/serge-diagonal-laine-merinos-beige\/","title":{"rendered":"Serg\u00e9 diagonal laine m\u00e9rinos Beige"},"content":{"rendered":"<p>Serg\u00e9 diagonal, 100% laine m\u00e9rinos, 360g\/lfm, largeur 150cm<br \/>\nPoids moyen, l&rsquo;armure serg\u00e9e assure une bonne extensibilit\u00e9.<br \/>\nId\u00e9al pour les pantalons, les tuniques l\u00e9g\u00e8res, etc.<\/p>\n","protected":false},"excerpt":{"rendered":"<p>Prix avantageux \u00e0 partir de 5 m\u00e8tres lin\u00e9aires !<\/p>\n<p>Twill diagonal, 100% laine m\u00e9rinos<br \/>\n360g\/lfm, largeur 150cm<\/p>\n","protected":false},"featured_media":7679,"comment_status":"open","ping_status":"closed","template":"","meta":{"_seopress_robots_primary_cat":"0","_seopress_titles_title":"","_seopress_titles_desc":"","_seopress_robots_index":"","ngg_post_thumbnail":0},"product_brand":[],"product_cat":[699,703],"product_tag":[1186,1190,1994,846,1112,1116,1181,1182,1183],"class_list":{"0":"post-17916","1":"product","2":"type-product","3":"status-publish","4":"has-post-thumbnail","6":"product_cat-laine","7":"product_cat-serge-diagonal","8":"product_tag-diagonal","9":"product_tag-laine","10":"product_tag-laine-merinos","11":"product_tag-846","12":"product_tag-pantalons","13":"product_tag-tunique","14":"product_tag-2-2-fr","15":"product_tag-serge-diagonal","16":"product_tag-k2-2-fr","17":"pa_gewicht-360g-lfm-240g-m-fr","18":"resize-featured-image","19":"sales-flash-overlay","20":"woocommerce-text-align-center","21":"woocommerce-image-align-center","22":"do-quantity-buttons","24":"first","25":"outofstock","26":"taxable","27":"shipping-taxable","28":"purchasable","29":"product-type-simple"},"_links":{"self":[{"href":"https:\/\/tuchundstoff.shop\/fr\/wp-json\/wp\/v2\/product\/17916","targetHints":{"allow":["GET"]}}],"collection":[{"href":"https:\/\/tuchundstoff.shop\/fr\/wp-json\/wp\/v2\/product"}],"about":[{"href":"https:\/\/tuchundstoff.shop\/fr\/wp-json\/wp\/v2\/types\/product"}],"replies":[{"embeddable":true,"href":"https:\/\/tuchundstoff.shop\/fr\/wp-json\/wp\/v2\/comments?post=17916"}],"wp:featuredmedia":[{"embeddable":true,"href":"https:\/\/tuchundstoff.shop\/fr\/wp-json\/wp\/v2\/media\/7679"}],"wp:attachment":[{"href":"https:\/\/tuchundstoff.shop\/fr\/wp-json\/wp\/v2\/media?parent=17916"}],"wp:term":[{"taxonomy":"product_brand","embeddable":true,"href":"https:\/\/tuchundstoff.shop\/fr\/wp-json\/wp\/v2\/product_brand?post=17916"},{"taxonomy":"product_cat","embeddable":true,"href":"https:\/\/tuchundstoff.shop\/fr\/wp-json\/wp\/v2\/product_cat?post=17916"},{"taxonomy":"product_tag","embeddable":true,"href":"https:\/\/tuchundstoff.shop\/fr\/wp-json\/wp\/v2\/product_tag?post=17916"}],"curies":[{"name":"wp","href":"https:\/\/api.w.org\/{rel}","templated":true}]}}