{"id":17562,"date":"2025-07-30T11:54:22","date_gmt":"2025-07-30T09:54:22","guid":{"rendered":"https:\/\/tuchundstoff.shop\/?post_type=product&#038;p=17562"},"modified":"2026-05-02T09:41:12","modified_gmt":"2026-05-02T07:41:12","slug":"drap-loden-680g-lfm-ecorce-chine-kopie-2","status":"publish","type":"product","link":"https:\/\/tuchundstoff.shop\/fr\/produkt\/drap-loden-680g-lfm-ecorce-chine-kopie-2\/","title":{"rendered":"Tissu loden 750\/m marbr\u00e9 horizon bleu"},"content":{"rendered":"<p><strong>Tuchloden, dans la couleur bleu Horizon tachet\u00e9,<\/strong> est un tissu de laine \u00e9pais fabriqu\u00e9 \u00e0 <strong>100 % de laine vierge<\/strong> par m\u00e8tres. La teinte bleut\u00e9e tachet\u00e9e para\u00eet calme, sobremise et naturelle sans para\u00eetre trop sombre ou criarde. Le tissu tachet\u00e9 donne plus de profondeur au tissu qu\u2019un bleu enti\u00e8rement monochrome et le rend particuli\u00e8rement int\u00e9ressant pour les grandes surfaces. En tant que <strong>tissu (bleu horizon tachet\u00e9 750 g),<\/strong> le tissu apporte beaucoup de substance pour les uniformes, manteaux, capes, couvertures et projets d\u2019ameublement robustes. Elle mesure <strong>150 cm de large<\/strong> et p\u00e8se <strong>750 g\/mtr.<\/strong>    <\/p>\n<p>Avec un poids de 750 g\/mtr, ce loden en tissu est l\u2019un des tissus de laine les plus lourds. Il convient parfaitement aux projets n\u00e9cessitant stabilit\u00e9, chaleur et un effet tissu r\u00e9sistant. La surface tachet\u00e9e donne au tissu un aspect plus naturel et moins lisse, ce qui convient particuli\u00e8rement aux v\u00eatements historiques, aux repr\u00e9sentations d\u2019uniformes, aux LARP, aux reconstitutions et aux projets de laine rustique.  <\/p>\n<h3>Tissu Loden Horizon Blue Tachet\u00e9 750g : utilisation et combinaison<\/h3>\n<p>Le tissu en laine convient parfaitement aux <strong>uniformes, manteaux et capes<\/strong>. Ce loden en tissu \u00e9pais peut \u00e9galement convenir aux <strong>couvertures, housses de si\u00e8ge, couvre-paniers vivants, vestes, casquettes, cols, pourpoints, v\u00eatements ext\u00e9rieurs robustes, LARP, reconstitutions et v\u00eatements historiques<\/strong> . Surtout avec les pelages, les capes et les zones plus larges, le bleu de l\u2019horizon marbr\u00e9 se distingue magnifiquement, car la couleur reste calme et reste vive gr\u00e2ce \u00e0 la marbre.  <\/p>\n<p>La laine est <strong>respirante, coupe-vent et r\u00e9sistante \u00e0 la salet\u00e9 et \u00e0 l\u2019eau<\/strong>. Cela rend le tissu parfaitement adapt\u00e9 aux pi\u00e8ces et projets de v\u00eatements qui non seulement sont beaux, mais sont aussi pratiques \u00e0 utiliser. C\u2019est particuli\u00e8rement int\u00e9ressant pour les manteaux, capes, couvertures ou couvertures, car le tissu para\u00eet solide, chaud et r\u00e9sistant aux intemp\u00e9ries sans \u00eatre d\u00e9crit comme imperm\u00e9able.  <\/p>\n<p>La couleur <strong>bleu horizon tachet\u00e9e<\/strong> peut tr\u00e8s bien \u00eatre combin\u00e9e avec la laine, le lun, le lin et d\u2019autres tons naturels. Elle est particuli\u00e8rement belle avec des tons blanc cass\u00e9, lin naturel, blanc cr\u00e9meux, gris, noir, brun fonc\u00e9, rouge rouille, moutarde miel ou vert att\u00e9nu\u00e9. En tant que teinte bleu tachet\u00e9e, le bleu horizon convient aussi bien aux v\u00eatements principaux calmes qu\u2019aux combinaisons robustes avec des tissus plus l\u00e9gers ou chauds.  <\/p>\n<p>Vous pouvez trouver plus de tissus en laine assortis dans la cat\u00e9gorie <a href=\"https:\/\/tuchundstoff.shop\/fr\/cat\u00e9gories-de-produits\/laine\/tissu-loden\/\">Tissu &amp; Loden<\/a>. Vous pouvez trouver des conseils sur le traitement correct des tissus en laine dans nos <a href=\"https:\/\/tuchundstoff.shop\/fr\/instructions-dentretien\/\">instructions d\u2019entretien<\/a>. <\/p>\n<details>\n<summary><strong>Plus d\u2019informations<\/strong><\/summary>\n<p><strong>Mat\u00e9riau :<\/strong> 100 % laine vierge<br \/>\n<strong>Largeur :<\/strong> 150 cm<br \/>\n<strong>Poids :<\/strong> 750 g\/m \/ environ 500 g\/m\u00b2<br \/>\n<strong>Reliure :<\/strong> Tissage simple<br \/>\n<strong>Type de tissu :<\/strong> loden en tissu \u00e9pais<br \/>\n<strong>Couleur :<\/strong> Horizon bleu tachet\u00e9<br \/>\n<strong>Caract\u00e9ristiques :<\/strong> respirant, coupe-vent, anti-salet\u00e9 et hydrofuge<br \/>\n<strong>Unit\u00e9 commerciale :<\/strong> Vendu au m\u00e8tre<\/p>\n<\/details>\n","protected":false},"excerpt":{"rendered":"<p><strong>Tissu \u00e9pais en laine 100 % vierge marbr\u00e9e bleu horizon.<\/strong><br \/>\n150 cm de large, 750 g\/m de poids et disponible au m\u00e8tre.<br \/>\n<strong>Avantage de prix gr\u00e2ce \u00e0 5 m\u00e8tres de course.<\/strong><\/p>\n<details>\n<summary><strong>Plus d\u2019informations<\/strong><\/summary>\n<p>Tissu en laine marbr\u00e9e pour uniformes, manteaux, capes, couvertures, housses de si\u00e8ge, tiroirs pour maison et v\u00eatements historiques robustes.<\/p>\n<\/details>\n","protected":false},"featured_media":17568,"comment_status":"open","ping_status":"closed","template":"","meta":{"_seopress_robots_primary_cat":"166","_seopress_titles_title":"Tuchloden Horizon Blue 750g au m\u00e8tre | %%nomsite\u00a0%%","_seopress_titles_desc":"Tissu de couleur bleu marbr\u00e9 par l\u2019horizon, 750 g par m\u00e8tre, fait \u00e0 100 % de laine vierge, 150 cm de large, pour les manteaux \u2013 achetez en ligne d\u00e8s maintenant !","_seopress_robots_index":"","ngg_post_thumbnail":0},"product_brand":[],"product_cat":[1778,2117,699,717,721],"product_tag":[1190,2114,1216,1233,1239,1249,1250,1459,1460,1483,1494],"class_list":{"0":"post-17562","1":"product","2":"type-product","3":"status-publish","4":"has-post-thumbnail","6":"product_cat-encore-plus-de-textiles","7":"product_cat-uniforme","8":"product_cat-laine","9":"product_cat-tissu-loden","10":"product_cat-lourd","11":"product_tag-laine","12":"product_tag-ww1-fr","13":"product_tag-couvrier","14":"product_tag-manteau","15":"product_tag-manteau-rectangulaire","16":"product_tag-cap","17":"product_tag-uniforme","18":"product_tag-loden-fr-2","19":"product_tag-tissage-simple","20":"product_tag-housse-de-siege","21":"product_tag-couverture","22":"pa_gewicht-750g-ml-500g-m2","23":"resize-featured-image","24":"sales-flash-overlay","25":"woocommerce-text-align-center","26":"woocommerce-image-align-center","27":"do-quantity-buttons","28":"wc-has-gallery","30":"first","31":"instock","32":"taxable","33":"shipping-taxable","34":"purchasable","35":"product-type-simple"},"_links":{"self":[{"href":"https:\/\/tuchundstoff.shop\/fr\/wp-json\/wp\/v2\/product\/17562","targetHints":{"allow":["GET"]}}],"collection":[{"href":"https:\/\/tuchundstoff.shop\/fr\/wp-json\/wp\/v2\/product"}],"about":[{"href":"https:\/\/tuchundstoff.shop\/fr\/wp-json\/wp\/v2\/types\/product"}],"replies":[{"embeddable":true,"href":"https:\/\/tuchundstoff.shop\/fr\/wp-json\/wp\/v2\/comments?post=17562"}],"wp:featuredmedia":[{"embeddable":true,"href":"https:\/\/tuchundstoff.shop\/fr\/wp-json\/wp\/v2\/media\/17568"}],"wp:attachment":[{"href":"https:\/\/tuchundstoff.shop\/fr\/wp-json\/wp\/v2\/media?parent=17562"}],"wp:term":[{"taxonomy":"product_brand","embeddable":true,"href":"https:\/\/tuchundstoff.shop\/fr\/wp-json\/wp\/v2\/product_brand?post=17562"},{"taxonomy":"product_cat","embeddable":true,"href":"https:\/\/tuchundstoff.shop\/fr\/wp-json\/wp\/v2\/product_cat?post=17562"},{"taxonomy":"product_tag","embeddable":true,"href":"https:\/\/tuchundstoff.shop\/fr\/wp-json\/wp\/v2\/product_tag?post=17562"}],"curies":[{"name":"wp","href":"https:\/\/api.w.org\/{rel}","templated":true}]}}