{"id":16224,"date":"2025-03-03T07:24:17","date_gmt":"2025-03-03T06:24:17","guid":{"rendered":"https:\/\/tuchundstoff.shop\/?post_type=product&#038;p=16224"},"modified":"2026-05-01T04:57:49","modified_gmt":"2026-05-01T02:57:49","slug":"chiffon-330g-ml-saumon-lotus-rouge-kopie-kopie-kopie-kopie","status":"publish","type":"product","link":"https:\/\/tuchundstoff.shop\/fr\/produkt\/chiffon-330g-ml-saumon-lotus-rouge-kopie-kopie-kopie-kopie\/","title":{"rendered":"Tissu 330g\/m Porcelain Blue"},"content":{"rendered":"<p><strong>Cloth Porcelain Blue 330g<\/strong> est un tissu l\u00e9ger en laine compos\u00e9 \u00e0 <strong>100 % de laine m\u00e9rinos<\/strong> au m\u00e8tre dans une teinte claire et claire de bleu. Porcelain Blue para\u00eet frais, calme et \u00e9l\u00e9gant sans para\u00eetre trop criard. La couleur convient particuli\u00e8rement aux v\u00eatements, robes, tuniques, pantalons, cagoules, ornements et v\u00eatements \u00e0 l\u2019effet color\u00e9 vif et convivial. Ce <strong>tissu porcelain bleu 330g<\/strong> mesure <strong>150 cm de large<\/strong> et p\u00e8se <strong>330 g\/m<\/strong>.   <\/p>\n<p>En raison de sa l\u00e9g\u00e8ret\u00e9, ce ch\u00e2le convient particuli\u00e8rement aux projets o\u00f9 l\u2019on recherche un tissu en laine qui para\u00eet naturel mais pas trop lourd. Le tissu tombe doucement et, selon la description actuelle, n\u2019est pas trop chaud en \u00e9t\u00e9. Cela la rend confortable pour des v\u00eatements qui doivent rester flexibles tout en conservant les avantages typiques de la laine.  <\/p>\n<h3>Cloth Porcelain Blue 330g : utilisations et combinaisons<\/h3>\n<p>Le tissu en laine convient parfaitement aux <strong>robes, sous-v\u00eatements chauds et pantalons<\/strong>. Ce ch\u00e2le l\u00e9ger peut \u00e9galement convenir pour <strong>des tuniques, vestes fines, cotte, surkot, cagoule, garnitures l\u00e9g\u00e8res, v\u00eatements historiques l\u00e9gers, LARP et reconstitutions<\/strong> . Le bleu porcelaine se distingue surtout pour les tuniques, les robes et les v\u00eatements plus l\u00e9gers, car la couleur para\u00eet claire et peut bien s\u2019accorder avec des tissus naturels.  <\/p>\n<p>Le tissu est <strong>respirant, coupe-vent, anti-salet\u00e9 et r\u00e9sistant \u00e0 l\u2019eau<\/strong>. Cela en fait un choix id\u00e9al pour des v\u00eatements qui non seulement sont beaux, mais aussi pratiques \u00e0 porter. Pour les v\u00eatements m\u00e9di\u00e9vaux, les repr\u00e9sentations historiques et les v\u00eatements naturels \u00e0 l\u2019aspect laine, un tissu l\u00e9ger en laine \u00e0 330 g\/m est polyvalent.  <\/p>\n<p>La <strong>couleur bleu porcelaine<\/strong> peut tr\u00e8s bien \u00eatre combin\u00e9e avec des tissus simples en laine, du lin, du loden et des tons naturels. Il est particuli\u00e8rement beau avec du blanc cass\u00e9, du lin naturel, du blanc cr\u00e8me, du gris, du noir, du brun fonc\u00e9, du vert sapin, du rouge rouille ou du jaune dor\u00e9. En tant que bleu clair, le bleu porcelaine convient aussi bien aux v\u00eatements principaux adapt\u00e9s qu\u2019aux garnitures et aux combinaisons avec des tissus plus r\u00e9sistants.  <\/p>\n<p>Vous pouvez trouver plus de tissus en laine assortis dans la cat\u00e9gorie <a href=\"https:\/\/tuchundstoff.shop\/fr\/cat\u00e9gories-de-produits\/laine\/tissu-loden\/\">Tissu &amp; Loden<\/a>. Vous pouvez trouver des conseils sur le traitement correct des tissus en laine dans nos <a href=\"https:\/\/tuchundstoff.shop\/fr\/instructions-dentretien\/\">instructions d\u2019entretien<\/a>. <\/p>\n<details>\n<summary><strong>Plus d\u2019informations<\/strong><\/summary>\n<p><strong>Mat\u00e9riau :<\/strong> 100 % laine m\u00e9rinos<br \/><strong>Largeur :<\/strong> 150 cm<br \/><strong>Poids :<\/strong> 330 g\/m \/ 220 g\/m\u00b2<br \/><strong>Type de tissu :<\/strong> Tissu l\u00e9ger\/laine<br \/><strong>Caract\u00e9ristiques :<\/strong> respirant, coupe-vent, anti-salet\u00e9 et hydrofuge<br \/><strong>Couleur :<\/strong> Porcelain Blue<br \/><strong>Unit\u00e9 commerciale :<\/strong> Vendu au m\u00e8tre<\/p>\n<\/details>\n","protected":false},"excerpt":{"rendered":"<p><strong>Tissu l\u00e9ger en laine m\u00e9rinos 100 % en porcelaine p\u00e2le.<\/strong><br \/>150 cm de large, 330 g\/m de poids et disponible au m\u00e8tre.<br \/><strong>Avantage de prix gr\u00e2ce \u00e0 5 m\u00e8tres de course.<\/strong><\/p>\n<details>\n<summary><strong>Plus d\u2019informations<\/strong><\/summary>\n<p>Respirant, coupe-vent, anti-salet\u00e9 et r\u00e9pulsif \u00e0 l\u2019eau. Doucement tombantes et pas trop chaudes en \u00e9t\u00e9 \u2013 adapt\u00e9es aux robes, sous-v\u00eatements chauds, pantalons, tuniques et vestes fines. <\/p>\n<\/details>\n","protected":false},"featured_media":17518,"comment_status":"open","ping_status":"closed","template":"","meta":{"_seopress_robots_primary_cat":"0","_seopress_titles_title":"Porcelaine en tissu bleu 330g au m\u00e8tre | %%nomsite\u00a0%%","_seopress_titles_desc":"Tissu Porcelain Blue 330g au m\u00e8tre en laine m\u00e9rinos, 150 cm de large, pour robes, pantalons, tuniques, cagoule et v\u00eatements \u2013 achetez en ligne d\u00e8s maintenant !","_seopress_robots_index":"","ngg_post_thumbnail":0},"product_brand":[],"product_cat":[699,717,718],"product_tag":[1113,1251,1114,1443,1115,1444,1116,1459,1190,1460,1210,1495,1213,846,1227,848,1236,1242,1112,1246],"class_list":{"0":"post-16224","1":"product","2":"type-product","3":"status-publish","4":"has-post-thumbnail","6":"product_cat-laine","7":"product_cat-tissu-loden","8":"product_cat-leger","9":"product_tag-veste","10":"product_tag-vilborg-fr","11":"product_tag-tunique-legere","12":"product_tag-herjolfsnes-fr","13":"product_tag-robe-a-bretelles","14":"product_tag-houppelande-fr","15":"product_tag-tunique","16":"product_tag-loden-fr-2","17":"product_tag-laine","18":"product_tag-tissage-simple","19":"product_tag-bliaut-fr","20":"product_tag-thorsberg-pantalons","21":"product_tag-cotehardie-fr","22":"product_tag-846","23":"product_tag-fenetre-de-lenfer","24":"product_tag-dress-fr","25":"product_tag-peplos-fr","26":"product_tag-pantalon-rus","27":"product_tag-pantalons","28":"product_tag-surcot-fr","29":"pa_gewicht-330g-ml-220g-m-fr","30":"resize-featured-image","31":"sales-flash-overlay","32":"woocommerce-text-align-center","33":"woocommerce-image-align-center","34":"do-quantity-buttons","35":"wc-has-gallery","37":"first","38":"instock","39":"taxable","40":"shipping-taxable","41":"purchasable","42":"product-type-simple"},"_links":{"self":[{"href":"https:\/\/tuchundstoff.shop\/fr\/wp-json\/wp\/v2\/product\/16224","targetHints":{"allow":["GET"]}}],"collection":[{"href":"https:\/\/tuchundstoff.shop\/fr\/wp-json\/wp\/v2\/product"}],"about":[{"href":"https:\/\/tuchundstoff.shop\/fr\/wp-json\/wp\/v2\/types\/product"}],"replies":[{"embeddable":true,"href":"https:\/\/tuchundstoff.shop\/fr\/wp-json\/wp\/v2\/comments?post=16224"}],"wp:featuredmedia":[{"embeddable":true,"href":"https:\/\/tuchundstoff.shop\/fr\/wp-json\/wp\/v2\/media\/17518"}],"wp:attachment":[{"href":"https:\/\/tuchundstoff.shop\/fr\/wp-json\/wp\/v2\/media?parent=16224"}],"wp:term":[{"taxonomy":"product_brand","embeddable":true,"href":"https:\/\/tuchundstoff.shop\/fr\/wp-json\/wp\/v2\/product_brand?post=16224"},{"taxonomy":"product_cat","embeddable":true,"href":"https:\/\/tuchundstoff.shop\/fr\/wp-json\/wp\/v2\/product_cat?post=16224"},{"taxonomy":"product_tag","embeddable":true,"href":"https:\/\/tuchundstoff.shop\/fr\/wp-json\/wp\/v2\/product_tag?post=16224"}],"curies":[{"name":"wp","href":"https:\/\/api.w.org\/{rel}","templated":true}]}}