{"id":16028,"date":"2023-05-17T11:27:39","date_gmt":"2023-05-17T09:27:39","guid":{"rendered":"https:\/\/tuchundstoff.shop\/produkt\/foulard-480g-lfm-bleu-du-soir\/"},"modified":"2026-04-12T02:20:03","modified_gmt":"2026-04-12T00:20:03","slug":"foulard-480g-lfm-bleu-du-soir","status":"publish","type":"product","link":"https:\/\/tuchundstoff.shop\/fr\/produkt\/foulard-480g-lfm-bleu-du-soir\/","title":{"rendered":"Ch\u00e2le 480g\/m Bleu du soir"},"content":{"rendered":"<p>Tissu mi-light, respirant, coupe-vent, anti-salissures et imperm\u00e9able<br \/>\nPour uniforme, pantalon, tunique chaude, tabard et cape l\u00e9g\u00e8re<\/p>\n","protected":false},"excerpt":{"rendered":"<p>Avantage de prix avec 5 m\u00e8tres lin\u00e9aires !<\/p>\n<p>100% laine vierge, moyennement l\u00e9ger, largeur de bande 150cm<\/p>\n","protected":false},"featured_media":13119,"comment_status":"open","ping_status":"closed","template":"","meta":{"ngg_post_thumbnail":0},"product_brand":[],"product_cat":[1778,699,717,719,2117],"product_tag":[1231,1496,1239,1243,1112,1249,2097,1116,1250,2098,1190,1252,2099,1211,1253,2100,1215,1440,2101,1218,1459,1223,1460,1230,1485,846],"class_list":{"0":"post-16028","1":"product","2":"type-product","3":"status-publish","4":"has-post-thumbnail","6":"product_cat-encore-plus-de-textiles","7":"product_cat-laine","8":"product_cat-tissu-loden","9":"product_cat-moyen-leger","10":"product_cat-uniforme","11":"product_tag-goller","12":"product_tag-gardecorps-fr","13":"product_tag-manteau-rectangulaire","14":"product_tag-pantalon-medieval","15":"product_tag-pantalons","16":"product_tag-cap","17":"product_tag-napolionik-fr","18":"product_tag-tunique","19":"product_tag-uniforme","20":"product_tag-hanovre","21":"product_tag-laine","22":"product_tag-pourpoint","23":"product_tag-prussien","24":"product_tag-cappa-fr","25":"product_tag-blason","26":"product_tag-saxon-fr","27":"product_tag-cotte-fr","28":"product_tag-cutaway-fr","29":"product_tag-hussards","30":"product_tag-doublet-fr-2","31":"product_tag-loden-fr-2","32":"product_tag-cagoules","33":"product_tag-tissage-simple","34":"product_tag-jube-a-rabat","35":"product_tag-tissu","36":"product_tag-846","37":"pa_gewicht-480g-rm-320g-m","38":"resize-featured-image","39":"sales-flash-overlay","40":"woocommerce-text-align-center","41":"woocommerce-image-align-center","42":"do-quantity-buttons","43":"wc-has-gallery","45":"first","46":"instock","47":"taxable","48":"shipping-taxable","49":"purchasable","50":"product-type-simple"},"yoast_head":"<!-- This site is optimized with the Yoast SEO plugin v27.2 - https:\/\/yoast.com\/product\/yoast-seo-wordpress\/ -->\n<title>Ch\u00e2le 480g\/m Bleu du soir - TuchundStoff<\/title>\n<meta name=\"description\" content=\"Ch\u00e2le 480g\/m Bleu du soir - Avantage de prix avec 5 m\u00e8tres lin\u00e9aires ! 100% laine vierge, moyennement l\u00e9ger, largeur de bande 150cm\" \/>\n<meta name=\"robots\" content=\"index, follow, max-snippet:-1, max-image-preview:large, max-video-preview:-1\" \/>\n<link rel=\"canonical\" href=\"https:\/\/tuchundstoff.shop\/fr\/produkt\/foulard-480g-lfm-bleu-du-soir\/\" \/>\n<meta property=\"og:locale\" content=\"fr_FR\" \/>\n<meta property=\"og:type\" content=\"article\" \/>\n<meta property=\"og:title\" content=\"Ch\u00e2le 480g\/m Bleu du soir - TuchundStoff\" \/>\n<meta property=\"og:description\" content=\"Ch\u00e2le 480g\/m Bleu du soir - Avantage de prix avec 5 m\u00e8tres lin\u00e9aires ! 100% laine vierge, moyennement l\u00e9ger, largeur de bande 150cm\" \/>\n<meta property=\"og:url\" content=\"https:\/\/tuchundstoff.shop\/fr\/produkt\/foulard-480g-lfm-bleu-du-soir\/\" \/>\n<meta property=\"og:site_name\" content=\"TuchundStoff\" \/>\n<meta property=\"article:modified_time\" content=\"2026-04-12T00:20:03+00:00\" \/>\n<meta property=\"og:image\" content=\"https:\/\/tuchundstoff.shop\/wp-content\/uploads\/2023\/05\/4364-H-U02831A_DSC_2150.jpg\" \/>\n\t<meta property=\"og:image:width\" content=\"1200\" \/>\n\t<meta property=\"og:image:height\" content=\"1200\" \/>\n\t<meta property=\"og:image:type\" content=\"image\/jpeg\" \/>\n<script type=\"application\/ld+json\" class=\"yoast-schema-graph\">{\"@context\":\"https:\/\/schema.org\",\"@graph\":[{\"@type\":\"WebPage\",\"@id\":\"https:\/\/tuchundstoff.shop\/fr\/produkt\/foulard-480g-lfm-bleu-du-soir\/\",\"url\":\"https:\/\/tuchundstoff.shop\/fr\/produkt\/foulard-480g-lfm-bleu-du-soir\/\",\"name\":\"Ch\u00e2le 480g\/m Bleu du soir - TuchundStoff\",\"isPartOf\":{\"@id\":\"https:\/\/tuchundstoff.shop\/#website\"},\"primaryImageOfPage\":{\"@id\":\"https:\/\/tuchundstoff.shop\/fr\/produkt\/foulard-480g-lfm-bleu-du-soir\/#primaryimage\"},\"image\":{\"@id\":\"https:\/\/tuchundstoff.shop\/fr\/produkt\/foulard-480g-lfm-bleu-du-soir\/#primaryimage\"},\"thumbnailUrl\":\"https:\/\/tuchundstoff.shop\/wp-content\/uploads\/2023\/05\/4364-H-U02831A_DSC_2150.jpg\",\"datePublished\":\"2023-05-17T09:27:39+00:00\",\"dateModified\":\"2026-04-12T00:20:03+00:00\",\"description\":\"Ch\u00e2le 480g\/m Bleu du soir - Avantage de prix avec 5 m\u00e8tres lin\u00e9aires ! 100% laine vierge, moyennement l\u00e9ger, largeur de bande 150cm\",\"breadcrumb\":{\"@id\":\"https:\/\/tuchundstoff.shop\/fr\/produkt\/foulard-480g-lfm-bleu-du-soir\/#breadcrumb\"},\"inLanguage\":\"fr-FR\",\"potentialAction\":[{\"@type\":\"ReadAction\",\"target\":[\"https:\/\/tuchundstoff.shop\/fr\/produkt\/foulard-480g-lfm-bleu-du-soir\/\"]}]},{\"@type\":\"ImageObject\",\"inLanguage\":\"fr-FR\",\"@id\":\"https:\/\/tuchundstoff.shop\/fr\/produkt\/foulard-480g-lfm-bleu-du-soir\/#primaryimage\",\"url\":\"https:\/\/tuchundstoff.shop\/wp-content\/uploads\/2023\/05\/4364-H-U02831A_DSC_2150.jpg\",\"contentUrl\":\"https:\/\/tuchundstoff.shop\/wp-content\/uploads\/2023\/05\/4364-H-U02831A_DSC_2150.jpg\",\"width\":1200,\"height\":1200},{\"@type\":\"BreadcrumbList\",\"@id\":\"https:\/\/tuchundstoff.shop\/fr\/produkt\/foulard-480g-lfm-bleu-du-soir\/#breadcrumb\",\"itemListElement\":[{\"@type\":\"ListItem\",\"position\":1,\"name\":\"Startseite\",\"item\":\"https:\/\/tuchundstoff.shop\/fr\/des-tissus-de-qualite-pour-une-mode-contemporaine-et-une-histoire-vecue-100-naturel\/\"},{\"@type\":\"ListItem\",\"position\":2,\"name\":\"Boutique\",\"item\":\"https:\/\/tuchundstoff.shop\/fr\/boutique\/\"},{\"@type\":\"ListItem\",\"position\":3,\"name\":\"Ch\u00e2le 480g\/m Bleu du soir\"}]},{\"@type\":\"WebSite\",\"@id\":\"https:\/\/tuchundstoff.shop\/#website\",\"url\":\"https:\/\/tuchundstoff.shop\/\",\"name\":\"TuchundStoff\",\"description\":\"Qualit\u00e4tsstoffe f\u00fcr zeitgen\u00f6ssische Mode und gelebte Geschichte \u2013 100% Natur\",\"publisher\":{\"@id\":\"https:\/\/tuchundstoff.shop\/#organization\"},\"potentialAction\":[{\"@type\":\"SearchAction\",\"target\":{\"@type\":\"EntryPoint\",\"urlTemplate\":\"https:\/\/tuchundstoff.shop\/?s={search_term_string}\"},\"query-input\":{\"@type\":\"PropertyValueSpecification\",\"valueRequired\":true,\"valueName\":\"search_term_string\"}}],\"inLanguage\":\"fr-FR\"},{\"@type\":\"Organization\",\"@id\":\"https:\/\/tuchundstoff.shop\/#organization\",\"name\":\"TuchundStoff\",\"url\":\"https:\/\/tuchundstoff.shop\/\",\"logo\":{\"@type\":\"ImageObject\",\"inLanguage\":\"fr-FR\",\"@id\":\"https:\/\/tuchundstoff.shop\/#\/schema\/logo\/image\/\",\"url\":\"https:\/\/tuchundstoff.shop\/wp-content\/uploads\/2021\/11\/Tus-Logo22-QfA-shop-V2-1.png\",\"contentUrl\":\"https:\/\/tuchundstoff.shop\/wp-content\/uploads\/2021\/11\/Tus-Logo22-QfA-shop-V2-1.png\",\"width\":485,\"height\":110,\"caption\":\"TuchundStoff\"},\"image\":{\"@id\":\"https:\/\/tuchundstoff.shop\/#\/schema\/logo\/image\/\"}}]}<\/script>\n<!-- \/ Yoast SEO plugin. -->","yoast_head_json":{"title":"Ch\u00e2le 480g\/m Bleu du soir - TuchundStoff","description":"Ch\u00e2le 480g\/m Bleu du soir - Avantage de prix avec 5 m\u00e8tres lin\u00e9aires ! 100% laine vierge, moyennement l\u00e9ger, largeur de bande 150cm","robots":{"index":"index","follow":"follow","max-snippet":"max-snippet:-1","max-image-preview":"max-image-preview:large","max-video-preview":"max-video-preview:-1"},"canonical":"https:\/\/tuchundstoff.shop\/fr\/produkt\/foulard-480g-lfm-bleu-du-soir\/","og_locale":"fr_FR","og_type":"article","og_title":"Ch\u00e2le 480g\/m Bleu du soir - TuchundStoff","og_description":"Ch\u00e2le 480g\/m Bleu du soir - Avantage de prix avec 5 m\u00e8tres lin\u00e9aires ! 100% laine vierge, moyennement l\u00e9ger, largeur de bande 150cm","og_url":"https:\/\/tuchundstoff.shop\/fr\/produkt\/foulard-480g-lfm-bleu-du-soir\/","og_site_name":"TuchundStoff","article_modified_time":"2026-04-12T00:20:03+00:00","og_image":[{"width":1200,"height":1200,"url":"https:\/\/tuchundstoff.shop\/wp-content\/uploads\/2023\/05\/4364-H-U02831A_DSC_2150.jpg","type":"image\/jpeg"}],"schema":{"@context":"https:\/\/schema.org","@graph":[{"@type":"WebPage","@id":"https:\/\/tuchundstoff.shop\/fr\/produkt\/foulard-480g-lfm-bleu-du-soir\/","url":"https:\/\/tuchundstoff.shop\/fr\/produkt\/foulard-480g-lfm-bleu-du-soir\/","name":"Ch\u00e2le 480g\/m Bleu du soir - TuchundStoff","isPartOf":{"@id":"https:\/\/tuchundstoff.shop\/#website"},"primaryImageOfPage":{"@id":"https:\/\/tuchundstoff.shop\/fr\/produkt\/foulard-480g-lfm-bleu-du-soir\/#primaryimage"},"image":{"@id":"https:\/\/tuchundstoff.shop\/fr\/produkt\/foulard-480g-lfm-bleu-du-soir\/#primaryimage"},"thumbnailUrl":"https:\/\/tuchundstoff.shop\/wp-content\/uploads\/2023\/05\/4364-H-U02831A_DSC_2150.jpg","datePublished":"2023-05-17T09:27:39+00:00","dateModified":"2026-04-12T00:20:03+00:00","description":"Ch\u00e2le 480g\/m Bleu du soir - Avantage de prix avec 5 m\u00e8tres lin\u00e9aires ! 100% laine vierge, moyennement l\u00e9ger, largeur de bande 150cm","breadcrumb":{"@id":"https:\/\/tuchundstoff.shop\/fr\/produkt\/foulard-480g-lfm-bleu-du-soir\/#breadcrumb"},"inLanguage":"fr-FR","potentialAction":[{"@type":"ReadAction","target":["https:\/\/tuchundstoff.shop\/fr\/produkt\/foulard-480g-lfm-bleu-du-soir\/"]}]},{"@type":"ImageObject","inLanguage":"fr-FR","@id":"https:\/\/tuchundstoff.shop\/fr\/produkt\/foulard-480g-lfm-bleu-du-soir\/#primaryimage","url":"https:\/\/tuchundstoff.shop\/wp-content\/uploads\/2023\/05\/4364-H-U02831A_DSC_2150.jpg","contentUrl":"https:\/\/tuchundstoff.shop\/wp-content\/uploads\/2023\/05\/4364-H-U02831A_DSC_2150.jpg","width":1200,"height":1200},{"@type":"BreadcrumbList","@id":"https:\/\/tuchundstoff.shop\/fr\/produkt\/foulard-480g-lfm-bleu-du-soir\/#breadcrumb","itemListElement":[{"@type":"ListItem","position":1,"name":"Startseite","item":"https:\/\/tuchundstoff.shop\/fr\/des-tissus-de-qualite-pour-une-mode-contemporaine-et-une-histoire-vecue-100-naturel\/"},{"@type":"ListItem","position":2,"name":"Boutique","item":"https:\/\/tuchundstoff.shop\/fr\/boutique\/"},{"@type":"ListItem","position":3,"name":"Ch\u00e2le 480g\/m Bleu du soir"}]},{"@type":"WebSite","@id":"https:\/\/tuchundstoff.shop\/#website","url":"https:\/\/tuchundstoff.shop\/","name":"TuchundStoff","description":"Qualit\u00e4tsstoffe f\u00fcr zeitgen\u00f6ssische Mode und gelebte Geschichte \u2013 100% Natur","publisher":{"@id":"https:\/\/tuchundstoff.shop\/#organization"},"potentialAction":[{"@type":"SearchAction","target":{"@type":"EntryPoint","urlTemplate":"https:\/\/tuchundstoff.shop\/?s={search_term_string}"},"query-input":{"@type":"PropertyValueSpecification","valueRequired":true,"valueName":"search_term_string"}}],"inLanguage":"fr-FR"},{"@type":"Organization","@id":"https:\/\/tuchundstoff.shop\/#organization","name":"TuchundStoff","url":"https:\/\/tuchundstoff.shop\/","logo":{"@type":"ImageObject","inLanguage":"fr-FR","@id":"https:\/\/tuchundstoff.shop\/#\/schema\/logo\/image\/","url":"https:\/\/tuchundstoff.shop\/wp-content\/uploads\/2021\/11\/Tus-Logo22-QfA-shop-V2-1.png","contentUrl":"https:\/\/tuchundstoff.shop\/wp-content\/uploads\/2021\/11\/Tus-Logo22-QfA-shop-V2-1.png","width":485,"height":110,"caption":"TuchundStoff"},"image":{"@id":"https:\/\/tuchundstoff.shop\/#\/schema\/logo\/image\/"}}]}},"_links":{"self":[{"href":"https:\/\/tuchundstoff.shop\/fr\/wp-json\/wp\/v2\/product\/16028","targetHints":{"allow":["GET"]}}],"collection":[{"href":"https:\/\/tuchundstoff.shop\/fr\/wp-json\/wp\/v2\/product"}],"about":[{"href":"https:\/\/tuchundstoff.shop\/fr\/wp-json\/wp\/v2\/types\/product"}],"replies":[{"embeddable":true,"href":"https:\/\/tuchundstoff.shop\/fr\/wp-json\/wp\/v2\/comments?post=16028"}],"wp:featuredmedia":[{"embeddable":true,"href":"https:\/\/tuchundstoff.shop\/fr\/wp-json\/wp\/v2\/media\/13119"}],"wp:attachment":[{"href":"https:\/\/tuchundstoff.shop\/fr\/wp-json\/wp\/v2\/media?parent=16028"}],"wp:term":[{"taxonomy":"product_brand","embeddable":true,"href":"https:\/\/tuchundstoff.shop\/fr\/wp-json\/wp\/v2\/product_brand?post=16028"},{"taxonomy":"product_cat","embeddable":true,"href":"https:\/\/tuchundstoff.shop\/fr\/wp-json\/wp\/v2\/product_cat?post=16028"},{"taxonomy":"product_tag","embeddable":true,"href":"https:\/\/tuchundstoff.shop\/fr\/wp-json\/wp\/v2\/product_tag?post=16028"}],"curies":[{"name":"wp","href":"https:\/\/api.w.org\/{rel}","templated":true}]}}