{"id":16005,"date":"2021-09-16T19:32:42","date_gmt":"2021-09-16T17:32:42","guid":{"rendered":"https:\/\/tuchundstoff.shop\/produkt\/livre-dechantillons-drap-loden-moyennement-12\/"},"modified":"2021-09-16T19:32:42","modified_gmt":"2021-09-16T17:32:42","slug":"livre-dechantillons-drap-loden-moyennement-12","status":"publish","type":"product","link":"https:\/\/tuchundstoff.shop\/fr\/produkt\/livre-dechantillons-drap-loden-moyennement-12\/","title":{"rendered":"Livre d&rsquo;\u00e9chantillons Drap &amp; Loden Moyennement 1+2"},"content":{"rendered":"<p>Le livre d&rsquo;\u00e9chantillons de tissus et de lodens l\u00e9gers contient des \u00e9chantillons de tissus au toucher et de couleurs d&rsquo;environ 18&#215;14 cm de notre programme standard actuel, qui sont d&rsquo;une densit\u00e9 moyenne (environ 480 g\/ml). Id\u00e9al pour choisir la couleur qui convient le mieux \u00e0 votre type !<br \/>\nSi nous ajoutons de nouveaux tissus de cette cat\u00e9gorie \u00e0 notre gamme standard, ils sont disponibles en tant que livraison compl\u00e9mentaire.<\/p>\n","protected":false},"excerpt":{"rendered":"<p>Le livre d&rsquo;\u00e9chantillons de tissus et de lodens l\u00e9gers contient des \u00e9chantillons d&rsquo;environ 18&#215;14 cm de poign\u00e9es et de couleurs de tissus l\u00e9gers (environ 480g\/m\u00e8tre lin\u00e9aire) de notre programme standard actuel.<\/p>\n","protected":false},"featured_media":9681,"comment_status":"open","ping_status":"closed","template":"","meta":{"ngg_post_thumbnail":0},"product_brand":[],"product_cat":[699,1773],"product_tag":[2021,1235,1247,1459,1485],"class_list":{"0":"post-16005","1":"product","2":"type-product","3":"status-publish","4":"has-post-thumbnail","6":"product_cat-laine","7":"product_cat-echantillons-bons-plus","8":"product_tag-livre-dechantillons","9":"product_tag-exemple","10":"product_tag-loden-fr","11":"product_tag-loden-fr-2","12":"product_tag-tissu","13":"resize-featured-image","14":"sales-flash-overlay","15":"woocommerce-text-align-center","16":"woocommerce-image-align-center","17":"do-quantity-buttons","19":"first","20":"outofstock","21":"sale","22":"taxable","23":"shipping-taxable","24":"purchasable","25":"product-type-simple"},"yoast_head":"<!-- This site is optimized with the Yoast SEO plugin v27.2 - https:\/\/yoast.com\/product\/yoast-seo-wordpress\/ -->\n<title>Livre d&#039;\u00e9chantillons Drap &amp; Loden Moyennement 1+2 - TuchundStoff<\/title>\n<meta name=\"description\" content=\"Livre d&#039;\u00e9chantillons Drap &amp; Loden Moyennement 1+2 - Le livre d&#039;\u00e9chantillons de tissus et de lodens l\u00e9gers contient des \u00e9chantillons d&#039;environ 18x14 cm de poign\u00e9es et de couleurs de tissus l\u00e9gers (environ 480g\/m\u00e8tre lin\u00e9aire) de notre programme standard actuel.\" \/>\n<meta name=\"robots\" content=\"index, follow, max-snippet:-1, max-image-preview:large, max-video-preview:-1\" \/>\n<link rel=\"canonical\" href=\"https:\/\/tuchundstoff.shop\/produkt\/livre-dechantillons-drap-loden-moyennement-12\/\" \/>\n<meta property=\"og:locale\" content=\"fr_FR\" \/>\n<meta property=\"og:type\" content=\"article\" \/>\n<meta property=\"og:title\" content=\"Livre d&#039;\u00e9chantillons Drap &amp; Loden Moyennement 1+2 - TuchundStoff\" \/>\n<meta property=\"og:description\" content=\"Livre d&#039;\u00e9chantillons Drap &amp; Loden Moyennement 1+2 - Le livre d&#039;\u00e9chantillons de tissus et de lodens l\u00e9gers contient des \u00e9chantillons d&#039;environ 18x14 cm de poign\u00e9es et de couleurs de tissus l\u00e9gers (environ 480g\/m\u00e8tre lin\u00e9aire) de notre programme standard actuel.\" \/>\n<meta property=\"og:url\" content=\"https:\/\/tuchundstoff.shop\/produkt\/livre-dechantillons-drap-loden-moyennement-12\/\" \/>\n<meta property=\"og:site_name\" content=\"TuchundStoff\" \/>\n<script type=\"application\/ld+json\" class=\"yoast-schema-graph\">{\"@context\":\"https:\/\/schema.org\",\"@graph\":[{\"@type\":\"WebPage\",\"@id\":\"https:\/\/tuchundstoff.shop\/produkt\/livre-dechantillons-drap-loden-moyennement-12\/\",\"url\":\"https:\/\/tuchundstoff.shop\/produkt\/livre-dechantillons-drap-loden-moyennement-12\/\",\"name\":\"Livre d'\u00e9chantillons Drap &amp; Loden Moyennement 1+2 - TuchundStoff\",\"isPartOf\":{\"@id\":\"https:\/\/tuchundstoff.shop\/#website\"},\"primaryImageOfPage\":{\"@id\":\"https:\/\/tuchundstoff.shop\/produkt\/livre-dechantillons-drap-loden-moyennement-12\/#primaryimage\"},\"image\":{\"@id\":\"https:\/\/tuchundstoff.shop\/produkt\/livre-dechantillons-drap-loden-moyennement-12\/#primaryimage\"},\"thumbnailUrl\":\"https:\/\/tuchundstoff.shop\/wp-content\/uploads\/2021\/09\/DSC_1767_MB480.jpg\",\"datePublished\":\"2021-09-16T17:32:42+00:00\",\"description\":\"Livre d'\u00e9chantillons Drap &amp; Loden Moyennement 1+2 - Le livre d'\u00e9chantillons de tissus et de lodens l\u00e9gers contient des \u00e9chantillons d'environ 18x14 cm de poign\u00e9es et de couleurs de tissus l\u00e9gers (environ 480g\/m\u00e8tre lin\u00e9aire) de notre programme standard actuel.\",\"breadcrumb\":{\"@id\":\"https:\/\/tuchundstoff.shop\/produkt\/livre-dechantillons-drap-loden-moyennement-12\/#breadcrumb\"},\"inLanguage\":\"fr-FR\",\"potentialAction\":[{\"@type\":\"ReadAction\",\"target\":[\"https:\/\/tuchundstoff.shop\/produkt\/livre-dechantillons-drap-loden-moyennement-12\/\"]}]},{\"@type\":\"ImageObject\",\"inLanguage\":\"fr-FR\",\"@id\":\"https:\/\/tuchundstoff.shop\/produkt\/livre-dechantillons-drap-loden-moyennement-12\/#primaryimage\",\"url\":\"https:\/\/tuchundstoff.shop\/wp-content\/uploads\/2021\/09\/DSC_1767_MB480.jpg\",\"contentUrl\":\"https:\/\/tuchundstoff.shop\/wp-content\/uploads\/2021\/09\/DSC_1767_MB480.jpg\",\"width\":1200,\"height\":1200,\"caption\":\"Musterbuch Mittelleicht\"},{\"@type\":\"BreadcrumbList\",\"@id\":\"https:\/\/tuchundstoff.shop\/produkt\/livre-dechantillons-drap-loden-moyennement-12\/#breadcrumb\",\"itemListElement\":[{\"@type\":\"ListItem\",\"position\":1,\"name\":\"Startseite\",\"item\":\"https:\/\/tuchundstoff.shop\/fr\/des-tissus-de-qualite-pour-une-mode-contemporaine-et-une-histoire-vecue-100-naturel\/\"},{\"@type\":\"ListItem\",\"position\":2,\"name\":\"Boutique\",\"item\":\"https:\/\/tuchundstoff.shop\/fr\/boutique\/\"},{\"@type\":\"ListItem\",\"position\":3,\"name\":\"Livre d&rsquo;\u00e9chantillons Drap &amp; Loden Moyennement 1+2\"}]},{\"@type\":\"WebSite\",\"@id\":\"https:\/\/tuchundstoff.shop\/#website\",\"url\":\"https:\/\/tuchundstoff.shop\/\",\"name\":\"TuchundStoff\",\"description\":\"Qualit\u00e4tsstoffe f\u00fcr zeitgen\u00f6ssische Mode und gelebte Geschichte \u2013 100% Natur\",\"publisher\":{\"@id\":\"https:\/\/tuchundstoff.shop\/#organization\"},\"potentialAction\":[{\"@type\":\"SearchAction\",\"target\":{\"@type\":\"EntryPoint\",\"urlTemplate\":\"https:\/\/tuchundstoff.shop\/?s={search_term_string}\"},\"query-input\":{\"@type\":\"PropertyValueSpecification\",\"valueRequired\":true,\"valueName\":\"search_term_string\"}}],\"inLanguage\":\"fr-FR\"},{\"@type\":\"Organization\",\"@id\":\"https:\/\/tuchundstoff.shop\/#organization\",\"name\":\"TuchundStoff\",\"url\":\"https:\/\/tuchundstoff.shop\/\",\"logo\":{\"@type\":\"ImageObject\",\"inLanguage\":\"fr-FR\",\"@id\":\"https:\/\/tuchundstoff.shop\/#\/schema\/logo\/image\/\",\"url\":\"https:\/\/tuchundstoff.shop\/wp-content\/uploads\/2021\/11\/Tus-Logo22-QfA-shop-V2-1.png\",\"contentUrl\":\"https:\/\/tuchundstoff.shop\/wp-content\/uploads\/2021\/11\/Tus-Logo22-QfA-shop-V2-1.png\",\"width\":485,\"height\":110,\"caption\":\"TuchundStoff\"},\"image\":{\"@id\":\"https:\/\/tuchundstoff.shop\/#\/schema\/logo\/image\/\"}}]}<\/script>\n<!-- \/ Yoast SEO plugin. -->","yoast_head_json":{"title":"Livre d'\u00e9chantillons Drap &amp; Loden Moyennement 1+2 - TuchundStoff","description":"Livre d'\u00e9chantillons Drap &amp; Loden Moyennement 1+2 - Le livre d'\u00e9chantillons de tissus et de lodens l\u00e9gers contient des \u00e9chantillons d'environ 18x14 cm de poign\u00e9es et de couleurs de tissus l\u00e9gers (environ 480g\/m\u00e8tre lin\u00e9aire) de notre programme standard actuel.","robots":{"index":"index","follow":"follow","max-snippet":"max-snippet:-1","max-image-preview":"max-image-preview:large","max-video-preview":"max-video-preview:-1"},"canonical":"https:\/\/tuchundstoff.shop\/produkt\/livre-dechantillons-drap-loden-moyennement-12\/","og_locale":"fr_FR","og_type":"article","og_title":"Livre d'\u00e9chantillons Drap &amp; Loden Moyennement 1+2 - TuchundStoff","og_description":"Livre d'\u00e9chantillons Drap &amp; Loden Moyennement 1+2 - Le livre d'\u00e9chantillons de tissus et de lodens l\u00e9gers contient des \u00e9chantillons d'environ 18x14 cm de poign\u00e9es et de couleurs de tissus l\u00e9gers (environ 480g\/m\u00e8tre lin\u00e9aire) de notre programme standard actuel.","og_url":"https:\/\/tuchundstoff.shop\/produkt\/livre-dechantillons-drap-loden-moyennement-12\/","og_site_name":"TuchundStoff","schema":{"@context":"https:\/\/schema.org","@graph":[{"@type":"WebPage","@id":"https:\/\/tuchundstoff.shop\/produkt\/livre-dechantillons-drap-loden-moyennement-12\/","url":"https:\/\/tuchundstoff.shop\/produkt\/livre-dechantillons-drap-loden-moyennement-12\/","name":"Livre d'\u00e9chantillons Drap &amp; Loden Moyennement 1+2 - TuchundStoff","isPartOf":{"@id":"https:\/\/tuchundstoff.shop\/#website"},"primaryImageOfPage":{"@id":"https:\/\/tuchundstoff.shop\/produkt\/livre-dechantillons-drap-loden-moyennement-12\/#primaryimage"},"image":{"@id":"https:\/\/tuchundstoff.shop\/produkt\/livre-dechantillons-drap-loden-moyennement-12\/#primaryimage"},"thumbnailUrl":"https:\/\/tuchundstoff.shop\/wp-content\/uploads\/2021\/09\/DSC_1767_MB480.jpg","datePublished":"2021-09-16T17:32:42+00:00","description":"Livre d'\u00e9chantillons Drap &amp; Loden Moyennement 1+2 - Le livre d'\u00e9chantillons de tissus et de lodens l\u00e9gers contient des \u00e9chantillons d'environ 18x14 cm de poign\u00e9es et de couleurs de tissus l\u00e9gers (environ 480g\/m\u00e8tre lin\u00e9aire) de notre programme standard actuel.","breadcrumb":{"@id":"https:\/\/tuchundstoff.shop\/produkt\/livre-dechantillons-drap-loden-moyennement-12\/#breadcrumb"},"inLanguage":"fr-FR","potentialAction":[{"@type":"ReadAction","target":["https:\/\/tuchundstoff.shop\/produkt\/livre-dechantillons-drap-loden-moyennement-12\/"]}]},{"@type":"ImageObject","inLanguage":"fr-FR","@id":"https:\/\/tuchundstoff.shop\/produkt\/livre-dechantillons-drap-loden-moyennement-12\/#primaryimage","url":"https:\/\/tuchundstoff.shop\/wp-content\/uploads\/2021\/09\/DSC_1767_MB480.jpg","contentUrl":"https:\/\/tuchundstoff.shop\/wp-content\/uploads\/2021\/09\/DSC_1767_MB480.jpg","width":1200,"height":1200,"caption":"Musterbuch Mittelleicht"},{"@type":"BreadcrumbList","@id":"https:\/\/tuchundstoff.shop\/produkt\/livre-dechantillons-drap-loden-moyennement-12\/#breadcrumb","itemListElement":[{"@type":"ListItem","position":1,"name":"Startseite","item":"https:\/\/tuchundstoff.shop\/fr\/des-tissus-de-qualite-pour-une-mode-contemporaine-et-une-histoire-vecue-100-naturel\/"},{"@type":"ListItem","position":2,"name":"Boutique","item":"https:\/\/tuchundstoff.shop\/fr\/boutique\/"},{"@type":"ListItem","position":3,"name":"Livre d&rsquo;\u00e9chantillons Drap &amp; Loden Moyennement 1+2"}]},{"@type":"WebSite","@id":"https:\/\/tuchundstoff.shop\/#website","url":"https:\/\/tuchundstoff.shop\/","name":"TuchundStoff","description":"Qualit\u00e4tsstoffe f\u00fcr zeitgen\u00f6ssische Mode und gelebte Geschichte \u2013 100% Natur","publisher":{"@id":"https:\/\/tuchundstoff.shop\/#organization"},"potentialAction":[{"@type":"SearchAction","target":{"@type":"EntryPoint","urlTemplate":"https:\/\/tuchundstoff.shop\/?s={search_term_string}"},"query-input":{"@type":"PropertyValueSpecification","valueRequired":true,"valueName":"search_term_string"}}],"inLanguage":"fr-FR"},{"@type":"Organization","@id":"https:\/\/tuchundstoff.shop\/#organization","name":"TuchundStoff","url":"https:\/\/tuchundstoff.shop\/","logo":{"@type":"ImageObject","inLanguage":"fr-FR","@id":"https:\/\/tuchundstoff.shop\/#\/schema\/logo\/image\/","url":"https:\/\/tuchundstoff.shop\/wp-content\/uploads\/2021\/11\/Tus-Logo22-QfA-shop-V2-1.png","contentUrl":"https:\/\/tuchundstoff.shop\/wp-content\/uploads\/2021\/11\/Tus-Logo22-QfA-shop-V2-1.png","width":485,"height":110,"caption":"TuchundStoff"},"image":{"@id":"https:\/\/tuchundstoff.shop\/#\/schema\/logo\/image\/"}}]}},"_links":{"self":[{"href":"https:\/\/tuchundstoff.shop\/fr\/wp-json\/wp\/v2\/product\/16005","targetHints":{"allow":["GET"]}}],"collection":[{"href":"https:\/\/tuchundstoff.shop\/fr\/wp-json\/wp\/v2\/product"}],"about":[{"href":"https:\/\/tuchundstoff.shop\/fr\/wp-json\/wp\/v2\/types\/product"}],"replies":[{"embeddable":true,"href":"https:\/\/tuchundstoff.shop\/fr\/wp-json\/wp\/v2\/comments?post=16005"}],"wp:featuredmedia":[{"embeddable":true,"href":"https:\/\/tuchundstoff.shop\/fr\/wp-json\/wp\/v2\/media\/9681"}],"wp:attachment":[{"href":"https:\/\/tuchundstoff.shop\/fr\/wp-json\/wp\/v2\/media?parent=16005"}],"wp:term":[{"taxonomy":"product_brand","embeddable":true,"href":"https:\/\/tuchundstoff.shop\/fr\/wp-json\/wp\/v2\/product_brand?post=16005"},{"taxonomy":"product_cat","embeddable":true,"href":"https:\/\/tuchundstoff.shop\/fr\/wp-json\/wp\/v2\/product_cat?post=16005"},{"taxonomy":"product_tag","embeddable":true,"href":"https:\/\/tuchundstoff.shop\/fr\/wp-json\/wp\/v2\/product_tag?post=16005"}],"curies":[{"name":"wp","href":"https:\/\/api.w.org\/{rel}","templated":true}]}}