{"id":16001,"date":"2020-11-26T15:20:20","date_gmt":"2020-11-26T14:20:20","guid":{"rendered":"https:\/\/tuchundstoff.shop\/produkt\/laine-blanc-laine-260g-lfm-chevron\/"},"modified":"2026-04-12T02:13:51","modified_gmt":"2026-04-12T00:13:51","slug":"laine-blanc-laine-260g-lfm-chevron","status":"publish","type":"product","link":"https:\/\/tuchundstoff.shop\/fr\/produkt\/laine-blanc-laine-260g-lfm-chevron\/","title":{"rendered":"Laine blanche 260g\/m ar\u00eate de poisson"},"content":{"rendered":"<p>Tissage en ar\u00eate de poisson 100 % laine vierge pour la robe nuisette, par-robe l\u00e9g\u00e8re, tunique, tissu<br \/>\ndoublure tr\u00e8s joli et facile \u00e0 tomber<\/p>\n","protected":false},"excerpt":{"rendered":"<p>Prix avantageux \u00e0 partir de 5 m\u00e8tres lin\u00e9aires !<\/p>\n<p>100 % laine vierge, facile \u00e0 tomber<\/p>\n","protected":false},"featured_media":7910,"comment_status":"open","ping_status":"closed","template":"","meta":{"ngg_post_thumbnail":0},"product_brand":[],"product_cat":[699,708,715,1766],"product_tag":[1112,1114,1115,1244,847],"class_list":{"0":"post-16001","1":"product","2":"type-product","3":"status-publish","4":"has-post-thumbnail","6":"product_cat-laine","7":"product_cat-herringbon-lacet","8":"product_cat-nature-blanc","9":"product_cat-offres","10":"product_tag-pantalons","11":"product_tag-tunique-legere","12":"product_tag-robe-a-bretelles","13":"product_tag-laine-vierge","14":"product_tag-underdress-fr","15":"pa_gewicht-260-g-lfm-173-g-m-fr","16":"resize-featured-image","17":"sales-flash-overlay","18":"woocommerce-text-align-center","19":"woocommerce-image-align-center","20":"do-quantity-buttons","21":"wc-has-gallery","23":"first","24":"instock","25":"sale","26":"taxable","27":"shipping-taxable","28":"purchasable","29":"product-type-simple"},"yoast_head":"<!-- This site is optimized with the Yoast SEO plugin v27.2 - https:\/\/yoast.com\/product\/yoast-seo-wordpress\/ -->\n<title>Laine blanche 260g\/m ar\u00eate de poisson - TuchundStoff<\/title>\n<meta name=\"description\" content=\"Laine blanche 260g\/m ar\u00eate de poisson - Prix avantageux \u00e0 partir de 5 m\u00e8tres lin\u00e9aires ! 100 % laine vierge, facile \u00e0 tomber\" \/>\n<meta name=\"robots\" content=\"index, follow, max-snippet:-1, max-image-preview:large, max-video-preview:-1\" \/>\n<link rel=\"canonical\" href=\"https:\/\/tuchundstoff.shop\/fr\/produkt\/laine-blanc-laine-260g-lfm-chevron\/\" \/>\n<meta property=\"og:locale\" content=\"fr_FR\" \/>\n<meta property=\"og:type\" content=\"article\" \/>\n<meta property=\"og:title\" content=\"Laine blanche 260g\/m ar\u00eate de poisson - TuchundStoff\" \/>\n<meta property=\"og:description\" content=\"Laine blanche 260g\/m ar\u00eate de poisson - Prix avantageux \u00e0 partir de 5 m\u00e8tres lin\u00e9aires ! 100 % laine vierge, facile \u00e0 tomber\" \/>\n<meta property=\"og:url\" content=\"https:\/\/tuchundstoff.shop\/fr\/produkt\/laine-blanc-laine-260g-lfm-chevron\/\" \/>\n<meta property=\"og:site_name\" content=\"TuchundStoff\" \/>\n<meta property=\"article:modified_time\" content=\"2026-04-12T00:13:51+00:00\" \/>\n<meta property=\"og:image\" content=\"https:\/\/tuchundstoff.shop\/wp-content\/uploads\/2021\/01\/DSC_1441_1224-U-0.jpg\" \/>\n\t<meta property=\"og:image:width\" content=\"1200\" \/>\n\t<meta property=\"og:image:height\" content=\"1200\" \/>\n\t<meta property=\"og:image:type\" content=\"image\/jpeg\" \/>\n<script type=\"application\/ld+json\" class=\"yoast-schema-graph\">{\"@context\":\"https:\/\/schema.org\",\"@graph\":[{\"@type\":\"WebPage\",\"@id\":\"https:\/\/tuchundstoff.shop\/fr\/produkt\/laine-blanc-laine-260g-lfm-chevron\/\",\"url\":\"https:\/\/tuchundstoff.shop\/fr\/produkt\/laine-blanc-laine-260g-lfm-chevron\/\",\"name\":\"Laine blanche 260g\/m ar\u00eate de poisson - TuchundStoff\",\"isPartOf\":{\"@id\":\"https:\/\/tuchundstoff.shop\/#website\"},\"primaryImageOfPage\":{\"@id\":\"https:\/\/tuchundstoff.shop\/fr\/produkt\/laine-blanc-laine-260g-lfm-chevron\/#primaryimage\"},\"image\":{\"@id\":\"https:\/\/tuchundstoff.shop\/fr\/produkt\/laine-blanc-laine-260g-lfm-chevron\/#primaryimage\"},\"thumbnailUrl\":\"https:\/\/tuchundstoff.shop\/wp-content\/uploads\/2021\/01\/DSC_1441_1224-U-0.jpg\",\"datePublished\":\"2020-11-26T14:20:20+00:00\",\"dateModified\":\"2026-04-12T00:13:51+00:00\",\"description\":\"Laine blanche 260g\/m ar\u00eate de poisson - Prix avantageux \u00e0 partir de 5 m\u00e8tres lin\u00e9aires ! 100 % laine vierge, facile \u00e0 tomber\",\"breadcrumb\":{\"@id\":\"https:\/\/tuchundstoff.shop\/fr\/produkt\/laine-blanc-laine-260g-lfm-chevron\/#breadcrumb\"},\"inLanguage\":\"fr-FR\",\"potentialAction\":[{\"@type\":\"ReadAction\",\"target\":[\"https:\/\/tuchundstoff.shop\/fr\/produkt\/laine-blanc-laine-260g-lfm-chevron\/\"]}]},{\"@type\":\"ImageObject\",\"inLanguage\":\"fr-FR\",\"@id\":\"https:\/\/tuchundstoff.shop\/fr\/produkt\/laine-blanc-laine-260g-lfm-chevron\/#primaryimage\",\"url\":\"https:\/\/tuchundstoff.shop\/wp-content\/uploads\/2021\/01\/DSC_1441_1224-U-0.jpg\",\"contentUrl\":\"https:\/\/tuchundstoff.shop\/wp-content\/uploads\/2021\/01\/DSC_1441_1224-U-0.jpg\",\"width\":1200,\"height\":1200,\"caption\":\"1224\/U0\"},{\"@type\":\"BreadcrumbList\",\"@id\":\"https:\/\/tuchundstoff.shop\/fr\/produkt\/laine-blanc-laine-260g-lfm-chevron\/#breadcrumb\",\"itemListElement\":[{\"@type\":\"ListItem\",\"position\":1,\"name\":\"Startseite\",\"item\":\"https:\/\/tuchundstoff.shop\/fr\/des-tissus-de-qualite-pour-une-mode-contemporaine-et-une-histoire-vecue-100-naturel\/\"},{\"@type\":\"ListItem\",\"position\":2,\"name\":\"Boutique\",\"item\":\"https:\/\/tuchundstoff.shop\/fr\/boutique\/\"},{\"@type\":\"ListItem\",\"position\":3,\"name\":\"Laine blanche 260g\/m ar\u00eate de poisson\"}]},{\"@type\":\"WebSite\",\"@id\":\"https:\/\/tuchundstoff.shop\/#website\",\"url\":\"https:\/\/tuchundstoff.shop\/\",\"name\":\"TuchundStoff\",\"description\":\"Qualit\u00e4tsstoffe f\u00fcr zeitgen\u00f6ssische Mode und gelebte Geschichte \u2013 100% Natur\",\"publisher\":{\"@id\":\"https:\/\/tuchundstoff.shop\/#organization\"},\"potentialAction\":[{\"@type\":\"SearchAction\",\"target\":{\"@type\":\"EntryPoint\",\"urlTemplate\":\"https:\/\/tuchundstoff.shop\/?s={search_term_string}\"},\"query-input\":{\"@type\":\"PropertyValueSpecification\",\"valueRequired\":true,\"valueName\":\"search_term_string\"}}],\"inLanguage\":\"fr-FR\"},{\"@type\":\"Organization\",\"@id\":\"https:\/\/tuchundstoff.shop\/#organization\",\"name\":\"TuchundStoff\",\"url\":\"https:\/\/tuchundstoff.shop\/\",\"logo\":{\"@type\":\"ImageObject\",\"inLanguage\":\"fr-FR\",\"@id\":\"https:\/\/tuchundstoff.shop\/#\/schema\/logo\/image\/\",\"url\":\"https:\/\/tuchundstoff.shop\/wp-content\/uploads\/2021\/11\/Tus-Logo22-QfA-shop-V2-1.png\",\"contentUrl\":\"https:\/\/tuchundstoff.shop\/wp-content\/uploads\/2021\/11\/Tus-Logo22-QfA-shop-V2-1.png\",\"width\":485,\"height\":110,\"caption\":\"TuchundStoff\"},\"image\":{\"@id\":\"https:\/\/tuchundstoff.shop\/#\/schema\/logo\/image\/\"}}]}<\/script>\n<!-- \/ Yoast SEO plugin. -->","yoast_head_json":{"title":"Laine blanche 260g\/m ar\u00eate de poisson - TuchundStoff","description":"Laine blanche 260g\/m ar\u00eate de poisson - Prix avantageux \u00e0 partir de 5 m\u00e8tres lin\u00e9aires ! 100 % laine vierge, facile \u00e0 tomber","robots":{"index":"index","follow":"follow","max-snippet":"max-snippet:-1","max-image-preview":"max-image-preview:large","max-video-preview":"max-video-preview:-1"},"canonical":"https:\/\/tuchundstoff.shop\/fr\/produkt\/laine-blanc-laine-260g-lfm-chevron\/","og_locale":"fr_FR","og_type":"article","og_title":"Laine blanche 260g\/m ar\u00eate de poisson - TuchundStoff","og_description":"Laine blanche 260g\/m ar\u00eate de poisson - Prix avantageux \u00e0 partir de 5 m\u00e8tres lin\u00e9aires ! 100 % laine vierge, facile \u00e0 tomber","og_url":"https:\/\/tuchundstoff.shop\/fr\/produkt\/laine-blanc-laine-260g-lfm-chevron\/","og_site_name":"TuchundStoff","article_modified_time":"2026-04-12T00:13:51+00:00","og_image":[{"width":1200,"height":1200,"url":"https:\/\/tuchundstoff.shop\/wp-content\/uploads\/2021\/01\/DSC_1441_1224-U-0.jpg","type":"image\/jpeg"}],"schema":{"@context":"https:\/\/schema.org","@graph":[{"@type":"WebPage","@id":"https:\/\/tuchundstoff.shop\/fr\/produkt\/laine-blanc-laine-260g-lfm-chevron\/","url":"https:\/\/tuchundstoff.shop\/fr\/produkt\/laine-blanc-laine-260g-lfm-chevron\/","name":"Laine blanche 260g\/m ar\u00eate de poisson - TuchundStoff","isPartOf":{"@id":"https:\/\/tuchundstoff.shop\/#website"},"primaryImageOfPage":{"@id":"https:\/\/tuchundstoff.shop\/fr\/produkt\/laine-blanc-laine-260g-lfm-chevron\/#primaryimage"},"image":{"@id":"https:\/\/tuchundstoff.shop\/fr\/produkt\/laine-blanc-laine-260g-lfm-chevron\/#primaryimage"},"thumbnailUrl":"https:\/\/tuchundstoff.shop\/wp-content\/uploads\/2021\/01\/DSC_1441_1224-U-0.jpg","datePublished":"2020-11-26T14:20:20+00:00","dateModified":"2026-04-12T00:13:51+00:00","description":"Laine blanche 260g\/m ar\u00eate de poisson - Prix avantageux \u00e0 partir de 5 m\u00e8tres lin\u00e9aires ! 100 % laine vierge, facile \u00e0 tomber","breadcrumb":{"@id":"https:\/\/tuchundstoff.shop\/fr\/produkt\/laine-blanc-laine-260g-lfm-chevron\/#breadcrumb"},"inLanguage":"fr-FR","potentialAction":[{"@type":"ReadAction","target":["https:\/\/tuchundstoff.shop\/fr\/produkt\/laine-blanc-laine-260g-lfm-chevron\/"]}]},{"@type":"ImageObject","inLanguage":"fr-FR","@id":"https:\/\/tuchundstoff.shop\/fr\/produkt\/laine-blanc-laine-260g-lfm-chevron\/#primaryimage","url":"https:\/\/tuchundstoff.shop\/wp-content\/uploads\/2021\/01\/DSC_1441_1224-U-0.jpg","contentUrl":"https:\/\/tuchundstoff.shop\/wp-content\/uploads\/2021\/01\/DSC_1441_1224-U-0.jpg","width":1200,"height":1200,"caption":"1224\/U0"},{"@type":"BreadcrumbList","@id":"https:\/\/tuchundstoff.shop\/fr\/produkt\/laine-blanc-laine-260g-lfm-chevron\/#breadcrumb","itemListElement":[{"@type":"ListItem","position":1,"name":"Startseite","item":"https:\/\/tuchundstoff.shop\/fr\/des-tissus-de-qualite-pour-une-mode-contemporaine-et-une-histoire-vecue-100-naturel\/"},{"@type":"ListItem","position":2,"name":"Boutique","item":"https:\/\/tuchundstoff.shop\/fr\/boutique\/"},{"@type":"ListItem","position":3,"name":"Laine blanche 260g\/m ar\u00eate de poisson"}]},{"@type":"WebSite","@id":"https:\/\/tuchundstoff.shop\/#website","url":"https:\/\/tuchundstoff.shop\/","name":"TuchundStoff","description":"Qualit\u00e4tsstoffe f\u00fcr zeitgen\u00f6ssische Mode und gelebte Geschichte \u2013 100% Natur","publisher":{"@id":"https:\/\/tuchundstoff.shop\/#organization"},"potentialAction":[{"@type":"SearchAction","target":{"@type":"EntryPoint","urlTemplate":"https:\/\/tuchundstoff.shop\/?s={search_term_string}"},"query-input":{"@type":"PropertyValueSpecification","valueRequired":true,"valueName":"search_term_string"}}],"inLanguage":"fr-FR"},{"@type":"Organization","@id":"https:\/\/tuchundstoff.shop\/#organization","name":"TuchundStoff","url":"https:\/\/tuchundstoff.shop\/","logo":{"@type":"ImageObject","inLanguage":"fr-FR","@id":"https:\/\/tuchundstoff.shop\/#\/schema\/logo\/image\/","url":"https:\/\/tuchundstoff.shop\/wp-content\/uploads\/2021\/11\/Tus-Logo22-QfA-shop-V2-1.png","contentUrl":"https:\/\/tuchundstoff.shop\/wp-content\/uploads\/2021\/11\/Tus-Logo22-QfA-shop-V2-1.png","width":485,"height":110,"caption":"TuchundStoff"},"image":{"@id":"https:\/\/tuchundstoff.shop\/#\/schema\/logo\/image\/"}}]}},"_links":{"self":[{"href":"https:\/\/tuchundstoff.shop\/fr\/wp-json\/wp\/v2\/product\/16001","targetHints":{"allow":["GET"]}}],"collection":[{"href":"https:\/\/tuchundstoff.shop\/fr\/wp-json\/wp\/v2\/product"}],"about":[{"href":"https:\/\/tuchundstoff.shop\/fr\/wp-json\/wp\/v2\/types\/product"}],"replies":[{"embeddable":true,"href":"https:\/\/tuchundstoff.shop\/fr\/wp-json\/wp\/v2\/comments?post=16001"}],"wp:featuredmedia":[{"embeddable":true,"href":"https:\/\/tuchundstoff.shop\/fr\/wp-json\/wp\/v2\/media\/7910"}],"wp:attachment":[{"href":"https:\/\/tuchundstoff.shop\/fr\/wp-json\/wp\/v2\/media?parent=16001"}],"wp:term":[{"taxonomy":"product_brand","embeddable":true,"href":"https:\/\/tuchundstoff.shop\/fr\/wp-json\/wp\/v2\/product_brand?post=16001"},{"taxonomy":"product_cat","embeddable":true,"href":"https:\/\/tuchundstoff.shop\/fr\/wp-json\/wp\/v2\/product_cat?post=16001"},{"taxonomy":"product_tag","embeddable":true,"href":"https:\/\/tuchundstoff.shop\/fr\/wp-json\/wp\/v2\/product_tag?post=16001"}],"curies":[{"name":"wp","href":"https:\/\/api.w.org\/{rel}","templated":true}]}}