{"id":15978,"date":"2020-04-26T12:59:30","date_gmt":"2020-04-26T10:59:30","guid":{"rendered":"https:\/\/tuchundstoff.shop\/produkt\/laine-vierge-peignee-armure-satin-blanc-290g-lfm\/"},"modified":"2025-07-30T15:35:05","modified_gmt":"2025-07-30T13:35:05","slug":"laine-vierge-peignee-armure-satin-blanc-290g-lfm","status":"publish","type":"product","link":"https:\/\/tuchundstoff.shop\/fr\/produkt\/laine-vierge-peignee-armure-satin-blanc-290g-lfm\/","title":{"rendered":"Laine vierge peign\u00e9e armure satin blanc 290g\/lfm"},"content":{"rendered":"<p>L&rsquo;armure satin donne une surface lisse qui brille comme du satin. Ce tissu au tomb\u00e9 lourd est souvent utilis\u00e9 pour les doublures ou les v\u00eatements tombant lourdement.<br \/>\nL&rsquo;armure satin se caract\u00e9rise par une surface lisse et brillante et un envers mat, ce qui est typique du satin. C&rsquo;est pourquoi l&rsquo;armure satin est souvent appel\u00e9e \u00ab\u00a0armure satin\u00a0\u00bb.  <\/p>\n","protected":false},"excerpt":{"rendered":"<p>Prix avantageux \u00e0 partir de 5 m\u00e8tres lin\u00e9aires !<\/p>\n<p>Laine vierge peign\u00e9e, armure satin, 290g\/ml, largeur 150cm, blanc \u00e9cru<\/p>\n","protected":false},"featured_media":7699,"comment_status":"open","ping_status":"closed","template":"","meta":{"ngg_post_thumbnail":0},"product_brand":[],"product_cat":[699,2117,715],"product_tag":[2097,2149,1112,1116,1186,1190,1250],"class_list":{"0":"post-15978","1":"product","2":"type-product","3":"status-publish","4":"has-post-thumbnail","6":"product_cat-laine","7":"product_cat-uniforme","8":"product_cat-nature-blanc","9":"product_tag-napolionik-fr","10":"product_tag-alimentation","11":"product_tag-pantalons","12":"product_tag-tunique","13":"product_tag-diagonal","14":"product_tag-laine","15":"product_tag-uniforme","16":"pa_gewicht-290g-lfm-193g-m-fr","17":"resize-featured-image","18":"sales-flash-overlay","19":"woocommerce-text-align-center","20":"woocommerce-image-align-center","21":"do-quantity-buttons","23":"first","24":"outofstock","25":"taxable","26":"shipping-taxable","27":"purchasable","28":"product-type-simple"},"yoast_head":"<!-- This site is optimized with the Yoast SEO plugin v27.2 - https:\/\/yoast.com\/product\/yoast-seo-wordpress\/ -->\n<title>Laine vierge peign\u00e9e armure satin blanc 290g\/lfm - TuchundStoff<\/title>\n<meta name=\"description\" content=\"Laine vierge peign\u00e9e armure satin blanc 290g\/lfm - Prix avantageux \u00e0 partir de 5 m\u00e8tres lin\u00e9aires ! Laine vierge peign\u00e9e, armure satin, 290g\/ml, largeur 150cm, blanc \u00e9cru\" \/>\n<meta name=\"robots\" content=\"index, follow, max-snippet:-1, max-image-preview:large, max-video-preview:-1\" \/>\n<link rel=\"canonical\" href=\"https:\/\/tuchundstoff.shop\/fr\/produkt\/laine-vierge-peignee-armure-satin-blanc-290g-lfm\/\" \/>\n<meta property=\"og:locale\" content=\"fr_FR\" \/>\n<meta property=\"og:type\" content=\"article\" \/>\n<meta property=\"og:title\" content=\"Laine vierge peign\u00e9e armure satin blanc 290g\/lfm - TuchundStoff\" \/>\n<meta property=\"og:description\" content=\"Laine vierge peign\u00e9e armure satin blanc 290g\/lfm - Prix avantageux \u00e0 partir de 5 m\u00e8tres lin\u00e9aires ! Laine vierge peign\u00e9e, armure satin, 290g\/ml, largeur 150cm, blanc \u00e9cru\" \/>\n<meta property=\"og:url\" content=\"https:\/\/tuchundstoff.shop\/fr\/produkt\/laine-vierge-peignee-armure-satin-blanc-290g-lfm\/\" \/>\n<meta property=\"og:site_name\" content=\"TuchundStoff\" \/>\n<meta property=\"article:modified_time\" content=\"2025-07-30T13:35:05+00:00\" \/>\n<meta property=\"og:image\" content=\"https:\/\/tuchundstoff.shop\/wp-content\/uploads\/2020\/04\/DSC_1092_1425-0.jpg\" \/>\n\t<meta property=\"og:image:width\" content=\"1200\" \/>\n\t<meta property=\"og:image:height\" content=\"1200\" \/>\n\t<meta property=\"og:image:type\" content=\"image\/jpeg\" \/>\n<script type=\"application\/ld+json\" class=\"yoast-schema-graph\">{\"@context\":\"https:\/\/schema.org\",\"@graph\":[{\"@type\":\"WebPage\",\"@id\":\"https:\/\/tuchundstoff.shop\/fr\/produkt\/laine-vierge-peignee-armure-satin-blanc-290g-lfm\/\",\"url\":\"https:\/\/tuchundstoff.shop\/fr\/produkt\/laine-vierge-peignee-armure-satin-blanc-290g-lfm\/\",\"name\":\"Laine vierge peign\u00e9e armure satin blanc 290g\/lfm - TuchundStoff\",\"isPartOf\":{\"@id\":\"https:\/\/tuchundstoff.shop\/#website\"},\"primaryImageOfPage\":{\"@id\":\"https:\/\/tuchundstoff.shop\/fr\/produkt\/laine-vierge-peignee-armure-satin-blanc-290g-lfm\/#primaryimage\"},\"image\":{\"@id\":\"https:\/\/tuchundstoff.shop\/fr\/produkt\/laine-vierge-peignee-armure-satin-blanc-290g-lfm\/#primaryimage\"},\"thumbnailUrl\":\"https:\/\/tuchundstoff.shop\/wp-content\/uploads\/2020\/04\/DSC_1092_1425-0.jpg\",\"datePublished\":\"2020-04-26T10:59:30+00:00\",\"dateModified\":\"2025-07-30T13:35:05+00:00\",\"description\":\"Laine vierge peign\u00e9e armure satin blanc 290g\/lfm - Prix avantageux \u00e0 partir de 5 m\u00e8tres lin\u00e9aires ! Laine vierge peign\u00e9e, armure satin, 290g\/ml, largeur 150cm, blanc \u00e9cru\",\"breadcrumb\":{\"@id\":\"https:\/\/tuchundstoff.shop\/fr\/produkt\/laine-vierge-peignee-armure-satin-blanc-290g-lfm\/#breadcrumb\"},\"inLanguage\":\"fr-FR\",\"potentialAction\":[{\"@type\":\"ReadAction\",\"target\":[\"https:\/\/tuchundstoff.shop\/fr\/produkt\/laine-vierge-peignee-armure-satin-blanc-290g-lfm\/\"]}]},{\"@type\":\"ImageObject\",\"inLanguage\":\"fr-FR\",\"@id\":\"https:\/\/tuchundstoff.shop\/fr\/produkt\/laine-vierge-peignee-armure-satin-blanc-290g-lfm\/#primaryimage\",\"url\":\"https:\/\/tuchundstoff.shop\/wp-content\/uploads\/2020\/04\/DSC_1092_1425-0.jpg\",\"contentUrl\":\"https:\/\/tuchundstoff.shop\/wp-content\/uploads\/2020\/04\/DSC_1092_1425-0.jpg\",\"width\":1200,\"height\":1200,\"caption\":\"1425\/0\"},{\"@type\":\"BreadcrumbList\",\"@id\":\"https:\/\/tuchundstoff.shop\/fr\/produkt\/laine-vierge-peignee-armure-satin-blanc-290g-lfm\/#breadcrumb\",\"itemListElement\":[{\"@type\":\"ListItem\",\"position\":1,\"name\":\"Startseite\",\"item\":\"https:\/\/tuchundstoff.shop\/fr\/des-tissus-de-qualite-pour-une-mode-contemporaine-et-une-histoire-vecue-100-naturel\/\"},{\"@type\":\"ListItem\",\"position\":2,\"name\":\"Boutique\",\"item\":\"https:\/\/tuchundstoff.shop\/fr\/boutique\/\"},{\"@type\":\"ListItem\",\"position\":3,\"name\":\"Laine vierge peign\u00e9e armure satin blanc 290g\/lfm\"}]},{\"@type\":\"WebSite\",\"@id\":\"https:\/\/tuchundstoff.shop\/#website\",\"url\":\"https:\/\/tuchundstoff.shop\/\",\"name\":\"TuchundStoff\",\"description\":\"Qualit\u00e4tsstoffe f\u00fcr zeitgen\u00f6ssische Mode und gelebte Geschichte \u2013 100% Natur\",\"publisher\":{\"@id\":\"https:\/\/tuchundstoff.shop\/#organization\"},\"potentialAction\":[{\"@type\":\"SearchAction\",\"target\":{\"@type\":\"EntryPoint\",\"urlTemplate\":\"https:\/\/tuchundstoff.shop\/?s={search_term_string}\"},\"query-input\":{\"@type\":\"PropertyValueSpecification\",\"valueRequired\":true,\"valueName\":\"search_term_string\"}}],\"inLanguage\":\"fr-FR\"},{\"@type\":\"Organization\",\"@id\":\"https:\/\/tuchundstoff.shop\/#organization\",\"name\":\"TuchundStoff\",\"url\":\"https:\/\/tuchundstoff.shop\/\",\"logo\":{\"@type\":\"ImageObject\",\"inLanguage\":\"fr-FR\",\"@id\":\"https:\/\/tuchundstoff.shop\/#\/schema\/logo\/image\/\",\"url\":\"https:\/\/tuchundstoff.shop\/wp-content\/uploads\/2021\/11\/Tus-Logo22-QfA-shop-V2-1.png\",\"contentUrl\":\"https:\/\/tuchundstoff.shop\/wp-content\/uploads\/2021\/11\/Tus-Logo22-QfA-shop-V2-1.png\",\"width\":485,\"height\":110,\"caption\":\"TuchundStoff\"},\"image\":{\"@id\":\"https:\/\/tuchundstoff.shop\/#\/schema\/logo\/image\/\"}}]}<\/script>\n<!-- \/ Yoast SEO plugin. -->","yoast_head_json":{"title":"Laine vierge peign\u00e9e armure satin blanc 290g\/lfm - TuchundStoff","description":"Laine vierge peign\u00e9e armure satin blanc 290g\/lfm - Prix avantageux \u00e0 partir de 5 m\u00e8tres lin\u00e9aires ! Laine vierge peign\u00e9e, armure satin, 290g\/ml, largeur 150cm, blanc \u00e9cru","robots":{"index":"index","follow":"follow","max-snippet":"max-snippet:-1","max-image-preview":"max-image-preview:large","max-video-preview":"max-video-preview:-1"},"canonical":"https:\/\/tuchundstoff.shop\/fr\/produkt\/laine-vierge-peignee-armure-satin-blanc-290g-lfm\/","og_locale":"fr_FR","og_type":"article","og_title":"Laine vierge peign\u00e9e armure satin blanc 290g\/lfm - TuchundStoff","og_description":"Laine vierge peign\u00e9e armure satin blanc 290g\/lfm - Prix avantageux \u00e0 partir de 5 m\u00e8tres lin\u00e9aires ! Laine vierge peign\u00e9e, armure satin, 290g\/ml, largeur 150cm, blanc \u00e9cru","og_url":"https:\/\/tuchundstoff.shop\/fr\/produkt\/laine-vierge-peignee-armure-satin-blanc-290g-lfm\/","og_site_name":"TuchundStoff","article_modified_time":"2025-07-30T13:35:05+00:00","og_image":[{"width":1200,"height":1200,"url":"https:\/\/tuchundstoff.shop\/wp-content\/uploads\/2020\/04\/DSC_1092_1425-0.jpg","type":"image\/jpeg"}],"schema":{"@context":"https:\/\/schema.org","@graph":[{"@type":"WebPage","@id":"https:\/\/tuchundstoff.shop\/fr\/produkt\/laine-vierge-peignee-armure-satin-blanc-290g-lfm\/","url":"https:\/\/tuchundstoff.shop\/fr\/produkt\/laine-vierge-peignee-armure-satin-blanc-290g-lfm\/","name":"Laine vierge peign\u00e9e armure satin blanc 290g\/lfm - TuchundStoff","isPartOf":{"@id":"https:\/\/tuchundstoff.shop\/#website"},"primaryImageOfPage":{"@id":"https:\/\/tuchundstoff.shop\/fr\/produkt\/laine-vierge-peignee-armure-satin-blanc-290g-lfm\/#primaryimage"},"image":{"@id":"https:\/\/tuchundstoff.shop\/fr\/produkt\/laine-vierge-peignee-armure-satin-blanc-290g-lfm\/#primaryimage"},"thumbnailUrl":"https:\/\/tuchundstoff.shop\/wp-content\/uploads\/2020\/04\/DSC_1092_1425-0.jpg","datePublished":"2020-04-26T10:59:30+00:00","dateModified":"2025-07-30T13:35:05+00:00","description":"Laine vierge peign\u00e9e armure satin blanc 290g\/lfm - Prix avantageux \u00e0 partir de 5 m\u00e8tres lin\u00e9aires ! Laine vierge peign\u00e9e, armure satin, 290g\/ml, largeur 150cm, blanc \u00e9cru","breadcrumb":{"@id":"https:\/\/tuchundstoff.shop\/fr\/produkt\/laine-vierge-peignee-armure-satin-blanc-290g-lfm\/#breadcrumb"},"inLanguage":"fr-FR","potentialAction":[{"@type":"ReadAction","target":["https:\/\/tuchundstoff.shop\/fr\/produkt\/laine-vierge-peignee-armure-satin-blanc-290g-lfm\/"]}]},{"@type":"ImageObject","inLanguage":"fr-FR","@id":"https:\/\/tuchundstoff.shop\/fr\/produkt\/laine-vierge-peignee-armure-satin-blanc-290g-lfm\/#primaryimage","url":"https:\/\/tuchundstoff.shop\/wp-content\/uploads\/2020\/04\/DSC_1092_1425-0.jpg","contentUrl":"https:\/\/tuchundstoff.shop\/wp-content\/uploads\/2020\/04\/DSC_1092_1425-0.jpg","width":1200,"height":1200,"caption":"1425\/0"},{"@type":"BreadcrumbList","@id":"https:\/\/tuchundstoff.shop\/fr\/produkt\/laine-vierge-peignee-armure-satin-blanc-290g-lfm\/#breadcrumb","itemListElement":[{"@type":"ListItem","position":1,"name":"Startseite","item":"https:\/\/tuchundstoff.shop\/fr\/des-tissus-de-qualite-pour-une-mode-contemporaine-et-une-histoire-vecue-100-naturel\/"},{"@type":"ListItem","position":2,"name":"Boutique","item":"https:\/\/tuchundstoff.shop\/fr\/boutique\/"},{"@type":"ListItem","position":3,"name":"Laine vierge peign\u00e9e armure satin blanc 290g\/lfm"}]},{"@type":"WebSite","@id":"https:\/\/tuchundstoff.shop\/#website","url":"https:\/\/tuchundstoff.shop\/","name":"TuchundStoff","description":"Qualit\u00e4tsstoffe f\u00fcr zeitgen\u00f6ssische Mode und gelebte Geschichte \u2013 100% Natur","publisher":{"@id":"https:\/\/tuchundstoff.shop\/#organization"},"potentialAction":[{"@type":"SearchAction","target":{"@type":"EntryPoint","urlTemplate":"https:\/\/tuchundstoff.shop\/?s={search_term_string}"},"query-input":{"@type":"PropertyValueSpecification","valueRequired":true,"valueName":"search_term_string"}}],"inLanguage":"fr-FR"},{"@type":"Organization","@id":"https:\/\/tuchundstoff.shop\/#organization","name":"TuchundStoff","url":"https:\/\/tuchundstoff.shop\/","logo":{"@type":"ImageObject","inLanguage":"fr-FR","@id":"https:\/\/tuchundstoff.shop\/#\/schema\/logo\/image\/","url":"https:\/\/tuchundstoff.shop\/wp-content\/uploads\/2021\/11\/Tus-Logo22-QfA-shop-V2-1.png","contentUrl":"https:\/\/tuchundstoff.shop\/wp-content\/uploads\/2021\/11\/Tus-Logo22-QfA-shop-V2-1.png","width":485,"height":110,"caption":"TuchundStoff"},"image":{"@id":"https:\/\/tuchundstoff.shop\/#\/schema\/logo\/image\/"}}]}},"_links":{"self":[{"href":"https:\/\/tuchundstoff.shop\/fr\/wp-json\/wp\/v2\/product\/15978","targetHints":{"allow":["GET"]}}],"collection":[{"href":"https:\/\/tuchundstoff.shop\/fr\/wp-json\/wp\/v2\/product"}],"about":[{"href":"https:\/\/tuchundstoff.shop\/fr\/wp-json\/wp\/v2\/types\/product"}],"replies":[{"embeddable":true,"href":"https:\/\/tuchundstoff.shop\/fr\/wp-json\/wp\/v2\/comments?post=15978"}],"wp:featuredmedia":[{"embeddable":true,"href":"https:\/\/tuchundstoff.shop\/fr\/wp-json\/wp\/v2\/media\/7699"}],"wp:attachment":[{"href":"https:\/\/tuchundstoff.shop\/fr\/wp-json\/wp\/v2\/media?parent=15978"}],"wp:term":[{"taxonomy":"product_brand","embeddable":true,"href":"https:\/\/tuchundstoff.shop\/fr\/wp-json\/wp\/v2\/product_brand?post=15978"},{"taxonomy":"product_cat","embeddable":true,"href":"https:\/\/tuchundstoff.shop\/fr\/wp-json\/wp\/v2\/product_cat?post=15978"},{"taxonomy":"product_tag","embeddable":true,"href":"https:\/\/tuchundstoff.shop\/fr\/wp-json\/wp\/v2\/product_tag?post=15978"}],"curies":[{"name":"wp","href":"https:\/\/api.w.org\/{rel}","templated":true}]}}