{"id":15874,"date":"2024-07-29T10:23:44","date_gmt":"2024-07-29T08:23:44","guid":{"rendered":"https:\/\/tuchundstoff.shop\/produkt\/100-laine-vierge-de-qualite-inegale-230-g-ml\/"},"modified":"2026-04-12T02:05:04","modified_gmt":"2026-04-12T00:05:04","slug":"100-laine-vierge-de-qualite-inegale-230-g-ml","status":"publish","type":"product","link":"https:\/\/tuchundstoff.shop\/fr\/produkt\/100-laine-vierge-de-qualite-inegale-230-g-ml\/","title":{"rendered":"100% laine vierge de qualit\u00e9 in\u00e9gale 230 g\/ml"},"content":{"rendered":"<p>100% laine vierge avec 230 g\/ml pour une largeur de 150 cm. Grade de poisson in\u00e9gal en blanc. <\/p>\n<p>Parfait pour les teinturiers\/trices, les sous-robes, les sur-robes, les doublures et les empires &#8230; un tissu au tomb\u00e9 magnifique.<\/p>\n<p>(dans la limite des stocks disponibles !)<\/p>\n<p>&nbsp;<\/p>\n","protected":false},"excerpt":{"rendered":"<p>100% laine vierge blanc laine<\/p>\n","protected":false},"featured_media":15876,"comment_status":"open","ping_status":"closed","template":"","meta":{"ngg_post_thumbnail":0},"product_brand":[],"product_cat":[699,708,1766,1778],"product_tag":[],"class_list":{"0":"post-15874","1":"product","2":"type-product","3":"status-publish","4":"has-post-thumbnail","6":"product_cat-laine","7":"product_cat-herringbon-lacet","8":"product_cat-offres","9":"product_cat-encore-plus-de-textiles","10":"pa_gewicht-230-g-lfm-153-g-qm-fr","11":"resize-featured-image","12":"sales-flash-overlay","13":"woocommerce-text-align-center","14":"woocommerce-image-align-center","15":"do-quantity-buttons","16":"wc-has-gallery","18":"first","19":"instock","20":"taxable","21":"shipping-taxable","22":"purchasable","23":"product-type-simple"},"yoast_head":"<!-- This site is optimized with the Yoast SEO plugin v27.2 - https:\/\/yoast.com\/product\/yoast-seo-wordpress\/ -->\n<title>100% laine vierge de qualit\u00e9 in\u00e9gale 230 g\/ml - TuchundStoff<\/title>\n<meta name=\"description\" content=\"100% laine vierge de qualit\u00e9 in\u00e9gale 230 g\/ml - 100% laine vierge blanc laine\" \/>\n<meta name=\"robots\" content=\"index, follow, max-snippet:-1, max-image-preview:large, max-video-preview:-1\" \/>\n<link rel=\"canonical\" href=\"https:\/\/tuchundstoff.shop\/fr\/produkt\/100-laine-vierge-de-qualite-inegale-230-g-ml\/\" \/>\n<meta property=\"og:locale\" content=\"fr_FR\" \/>\n<meta property=\"og:type\" content=\"article\" \/>\n<meta property=\"og:title\" content=\"100% laine vierge de qualit\u00e9 in\u00e9gale 230 g\/ml - TuchundStoff\" \/>\n<meta property=\"og:description\" content=\"100% laine vierge de qualit\u00e9 in\u00e9gale 230 g\/ml - 100% laine vierge blanc laine\" \/>\n<meta property=\"og:url\" content=\"https:\/\/tuchundstoff.shop\/fr\/produkt\/100-laine-vierge-de-qualite-inegale-230-g-ml\/\" \/>\n<meta property=\"og:site_name\" content=\"TuchundStoff\" \/>\n<meta property=\"article:modified_time\" content=\"2026-04-12T00:05:04+00:00\" \/>\n<meta property=\"og:image\" content=\"https:\/\/tuchundstoff.shop\/wp-content\/uploads\/2024\/07\/IMG_50401-scaled.jpg\" \/>\n\t<meta property=\"og:image:width\" content=\"1920\" \/>\n\t<meta property=\"og:image:height\" content=\"2560\" \/>\n\t<meta property=\"og:image:type\" content=\"image\/jpeg\" \/>\n<script type=\"application\/ld+json\" class=\"yoast-schema-graph\">{\"@context\":\"https:\/\/schema.org\",\"@graph\":[{\"@type\":\"WebPage\",\"@id\":\"https:\/\/tuchundstoff.shop\/fr\/produkt\/100-laine-vierge-de-qualite-inegale-230-g-ml\/\",\"url\":\"https:\/\/tuchundstoff.shop\/fr\/produkt\/100-laine-vierge-de-qualite-inegale-230-g-ml\/\",\"name\":\"100% laine vierge de qualit\u00e9 in\u00e9gale 230 g\/ml - TuchundStoff\",\"isPartOf\":{\"@id\":\"https:\/\/tuchundstoff.shop\/#website\"},\"primaryImageOfPage\":{\"@id\":\"https:\/\/tuchundstoff.shop\/fr\/produkt\/100-laine-vierge-de-qualite-inegale-230-g-ml\/#primaryimage\"},\"image\":{\"@id\":\"https:\/\/tuchundstoff.shop\/fr\/produkt\/100-laine-vierge-de-qualite-inegale-230-g-ml\/#primaryimage\"},\"thumbnailUrl\":\"https:\/\/tuchundstoff.shop\/wp-content\/uploads\/2024\/07\/IMG_50401-scaled.jpg\",\"datePublished\":\"2024-07-29T08:23:44+00:00\",\"dateModified\":\"2026-04-12T00:05:04+00:00\",\"description\":\"100% laine vierge de qualit\u00e9 in\u00e9gale 230 g\/ml - 100% laine vierge blanc laine\",\"breadcrumb\":{\"@id\":\"https:\/\/tuchundstoff.shop\/fr\/produkt\/100-laine-vierge-de-qualite-inegale-230-g-ml\/#breadcrumb\"},\"inLanguage\":\"fr-FR\",\"potentialAction\":[{\"@type\":\"ReadAction\",\"target\":[\"https:\/\/tuchundstoff.shop\/fr\/produkt\/100-laine-vierge-de-qualite-inegale-230-g-ml\/\"]}]},{\"@type\":\"ImageObject\",\"inLanguage\":\"fr-FR\",\"@id\":\"https:\/\/tuchundstoff.shop\/fr\/produkt\/100-laine-vierge-de-qualite-inegale-230-g-ml\/#primaryimage\",\"url\":\"https:\/\/tuchundstoff.shop\/wp-content\/uploads\/2024\/07\/IMG_50401-scaled.jpg\",\"contentUrl\":\"https:\/\/tuchundstoff.shop\/wp-content\/uploads\/2024\/07\/IMG_50401-scaled.jpg\",\"width\":1920,\"height\":2560},{\"@type\":\"BreadcrumbList\",\"@id\":\"https:\/\/tuchundstoff.shop\/fr\/produkt\/100-laine-vierge-de-qualite-inegale-230-g-ml\/#breadcrumb\",\"itemListElement\":[{\"@type\":\"ListItem\",\"position\":1,\"name\":\"Startseite\",\"item\":\"https:\/\/tuchundstoff.shop\/fr\/des-tissus-de-qualite-pour-une-mode-contemporaine-et-une-histoire-vecue-100-naturel\/\"},{\"@type\":\"ListItem\",\"position\":2,\"name\":\"Boutique\",\"item\":\"https:\/\/tuchundstoff.shop\/fr\/boutique\/\"},{\"@type\":\"ListItem\",\"position\":3,\"name\":\"100% laine vierge de qualit\u00e9 in\u00e9gale 230 g\/ml\"}]},{\"@type\":\"WebSite\",\"@id\":\"https:\/\/tuchundstoff.shop\/#website\",\"url\":\"https:\/\/tuchundstoff.shop\/\",\"name\":\"TuchundStoff\",\"description\":\"Qualit\u00e4tsstoffe f\u00fcr zeitgen\u00f6ssische Mode und gelebte Geschichte \u2013 100% Natur\",\"publisher\":{\"@id\":\"https:\/\/tuchundstoff.shop\/#organization\"},\"potentialAction\":[{\"@type\":\"SearchAction\",\"target\":{\"@type\":\"EntryPoint\",\"urlTemplate\":\"https:\/\/tuchundstoff.shop\/?s={search_term_string}\"},\"query-input\":{\"@type\":\"PropertyValueSpecification\",\"valueRequired\":true,\"valueName\":\"search_term_string\"}}],\"inLanguage\":\"fr-FR\"},{\"@type\":\"Organization\",\"@id\":\"https:\/\/tuchundstoff.shop\/#organization\",\"name\":\"TuchundStoff\",\"url\":\"https:\/\/tuchundstoff.shop\/\",\"logo\":{\"@type\":\"ImageObject\",\"inLanguage\":\"fr-FR\",\"@id\":\"https:\/\/tuchundstoff.shop\/#\/schema\/logo\/image\/\",\"url\":\"https:\/\/tuchundstoff.shop\/wp-content\/uploads\/2021\/11\/Tus-Logo22-QfA-shop-V2-1.png\",\"contentUrl\":\"https:\/\/tuchundstoff.shop\/wp-content\/uploads\/2021\/11\/Tus-Logo22-QfA-shop-V2-1.png\",\"width\":485,\"height\":110,\"caption\":\"TuchundStoff\"},\"image\":{\"@id\":\"https:\/\/tuchundstoff.shop\/#\/schema\/logo\/image\/\"}}]}<\/script>\n<!-- \/ Yoast SEO plugin. -->","yoast_head_json":{"title":"100% laine vierge de qualit\u00e9 in\u00e9gale 230 g\/ml - TuchundStoff","description":"100% laine vierge de qualit\u00e9 in\u00e9gale 230 g\/ml - 100% laine vierge blanc laine","robots":{"index":"index","follow":"follow","max-snippet":"max-snippet:-1","max-image-preview":"max-image-preview:large","max-video-preview":"max-video-preview:-1"},"canonical":"https:\/\/tuchundstoff.shop\/fr\/produkt\/100-laine-vierge-de-qualite-inegale-230-g-ml\/","og_locale":"fr_FR","og_type":"article","og_title":"100% laine vierge de qualit\u00e9 in\u00e9gale 230 g\/ml - TuchundStoff","og_description":"100% laine vierge de qualit\u00e9 in\u00e9gale 230 g\/ml - 100% laine vierge blanc laine","og_url":"https:\/\/tuchundstoff.shop\/fr\/produkt\/100-laine-vierge-de-qualite-inegale-230-g-ml\/","og_site_name":"TuchundStoff","article_modified_time":"2026-04-12T00:05:04+00:00","og_image":[{"width":1920,"height":2560,"url":"https:\/\/tuchundstoff.shop\/wp-content\/uploads\/2024\/07\/IMG_50401-scaled.jpg","type":"image\/jpeg"}],"schema":{"@context":"https:\/\/schema.org","@graph":[{"@type":"WebPage","@id":"https:\/\/tuchundstoff.shop\/fr\/produkt\/100-laine-vierge-de-qualite-inegale-230-g-ml\/","url":"https:\/\/tuchundstoff.shop\/fr\/produkt\/100-laine-vierge-de-qualite-inegale-230-g-ml\/","name":"100% laine vierge de qualit\u00e9 in\u00e9gale 230 g\/ml - TuchundStoff","isPartOf":{"@id":"https:\/\/tuchundstoff.shop\/#website"},"primaryImageOfPage":{"@id":"https:\/\/tuchundstoff.shop\/fr\/produkt\/100-laine-vierge-de-qualite-inegale-230-g-ml\/#primaryimage"},"image":{"@id":"https:\/\/tuchundstoff.shop\/fr\/produkt\/100-laine-vierge-de-qualite-inegale-230-g-ml\/#primaryimage"},"thumbnailUrl":"https:\/\/tuchundstoff.shop\/wp-content\/uploads\/2024\/07\/IMG_50401-scaled.jpg","datePublished":"2024-07-29T08:23:44+00:00","dateModified":"2026-04-12T00:05:04+00:00","description":"100% laine vierge de qualit\u00e9 in\u00e9gale 230 g\/ml - 100% laine vierge blanc laine","breadcrumb":{"@id":"https:\/\/tuchundstoff.shop\/fr\/produkt\/100-laine-vierge-de-qualite-inegale-230-g-ml\/#breadcrumb"},"inLanguage":"fr-FR","potentialAction":[{"@type":"ReadAction","target":["https:\/\/tuchundstoff.shop\/fr\/produkt\/100-laine-vierge-de-qualite-inegale-230-g-ml\/"]}]},{"@type":"ImageObject","inLanguage":"fr-FR","@id":"https:\/\/tuchundstoff.shop\/fr\/produkt\/100-laine-vierge-de-qualite-inegale-230-g-ml\/#primaryimage","url":"https:\/\/tuchundstoff.shop\/wp-content\/uploads\/2024\/07\/IMG_50401-scaled.jpg","contentUrl":"https:\/\/tuchundstoff.shop\/wp-content\/uploads\/2024\/07\/IMG_50401-scaled.jpg","width":1920,"height":2560},{"@type":"BreadcrumbList","@id":"https:\/\/tuchundstoff.shop\/fr\/produkt\/100-laine-vierge-de-qualite-inegale-230-g-ml\/#breadcrumb","itemListElement":[{"@type":"ListItem","position":1,"name":"Startseite","item":"https:\/\/tuchundstoff.shop\/fr\/des-tissus-de-qualite-pour-une-mode-contemporaine-et-une-histoire-vecue-100-naturel\/"},{"@type":"ListItem","position":2,"name":"Boutique","item":"https:\/\/tuchundstoff.shop\/fr\/boutique\/"},{"@type":"ListItem","position":3,"name":"100% laine vierge de qualit\u00e9 in\u00e9gale 230 g\/ml"}]},{"@type":"WebSite","@id":"https:\/\/tuchundstoff.shop\/#website","url":"https:\/\/tuchundstoff.shop\/","name":"TuchundStoff","description":"Qualit\u00e4tsstoffe f\u00fcr zeitgen\u00f6ssische Mode und gelebte Geschichte \u2013 100% Natur","publisher":{"@id":"https:\/\/tuchundstoff.shop\/#organization"},"potentialAction":[{"@type":"SearchAction","target":{"@type":"EntryPoint","urlTemplate":"https:\/\/tuchundstoff.shop\/?s={search_term_string}"},"query-input":{"@type":"PropertyValueSpecification","valueRequired":true,"valueName":"search_term_string"}}],"inLanguage":"fr-FR"},{"@type":"Organization","@id":"https:\/\/tuchundstoff.shop\/#organization","name":"TuchundStoff","url":"https:\/\/tuchundstoff.shop\/","logo":{"@type":"ImageObject","inLanguage":"fr-FR","@id":"https:\/\/tuchundstoff.shop\/#\/schema\/logo\/image\/","url":"https:\/\/tuchundstoff.shop\/wp-content\/uploads\/2021\/11\/Tus-Logo22-QfA-shop-V2-1.png","contentUrl":"https:\/\/tuchundstoff.shop\/wp-content\/uploads\/2021\/11\/Tus-Logo22-QfA-shop-V2-1.png","width":485,"height":110,"caption":"TuchundStoff"},"image":{"@id":"https:\/\/tuchundstoff.shop\/#\/schema\/logo\/image\/"}}]}},"_links":{"self":[{"href":"https:\/\/tuchundstoff.shop\/fr\/wp-json\/wp\/v2\/product\/15874","targetHints":{"allow":["GET"]}}],"collection":[{"href":"https:\/\/tuchundstoff.shop\/fr\/wp-json\/wp\/v2\/product"}],"about":[{"href":"https:\/\/tuchundstoff.shop\/fr\/wp-json\/wp\/v2\/types\/product"}],"replies":[{"embeddable":true,"href":"https:\/\/tuchundstoff.shop\/fr\/wp-json\/wp\/v2\/comments?post=15874"}],"wp:featuredmedia":[{"embeddable":true,"href":"https:\/\/tuchundstoff.shop\/fr\/wp-json\/wp\/v2\/media\/15876"}],"wp:attachment":[{"href":"https:\/\/tuchundstoff.shop\/fr\/wp-json\/wp\/v2\/media?parent=15874"}],"wp:term":[{"taxonomy":"product_brand","embeddable":true,"href":"https:\/\/tuchundstoff.shop\/fr\/wp-json\/wp\/v2\/product_brand?post=15874"},{"taxonomy":"product_cat","embeddable":true,"href":"https:\/\/tuchundstoff.shop\/fr\/wp-json\/wp\/v2\/product_cat?post=15874"},{"taxonomy":"product_tag","embeddable":true,"href":"https:\/\/tuchundstoff.shop\/fr\/wp-json\/wp\/v2\/product_tag?post=15874"}],"curies":[{"name":"wp","href":"https:\/\/api.w.org\/{rel}","templated":true}]}}