{"id":14154,"date":"2023-12-28T13:22:15","date_gmt":"2023-12-28T12:22:15","guid":{"rendered":"https:\/\/tuchundstoff.shop\/?post_type=product&#038;p=14154"},"modified":"2026-04-12T02:18:57","modified_gmt":"2026-04-12T00:18:57","slug":"laine-soie-bleu-cosmos-260-g-rm-kopie-kopie-kopie","status":"publish","type":"product","link":"https:\/\/tuchundstoff.shop\/fr\/produkt\/laine-soie-bleu-cosmos-260-g-rm-kopie-kopie-kopie\/","title":{"rendered":"M\u00e9lange de laine et de soie, rouge carmin, 260g\/ml"},"content":{"rendered":"<p>M\u00e9lange de laine et de soie en armure toile. Robe \/ sur-robe en \u00e9t\u00e9, sous-robe en hiver. <\/p>\n","protected":false},"excerpt":{"rendered":"<p>Prix avantageux \u00e0 partir de 5 m\u00e8tres lin\u00e9aires !<\/p>\n<p>M\u00e9lange de laine et de soie, tr\u00e8s beau tomb\u00e9 l\u00e9ger, agr\u00e9able sur la peau. Rafra\u00eechissant en \u00e9t\u00e9, chaud en hiver. <\/p>\n","protected":false},"featured_media":14159,"comment_status":"open","ping_status":"closed","template":"","meta":{"ngg_post_thumbnail":0},"product_brand":[],"product_cat":[1574,699],"product_tag":[1114,1115,1256,1969,1970,847,1112],"class_list":{"0":"post-14154","1":"product","2":"type-product","3":"status-publish","4":"has-post-thumbnail","6":"product_cat-melanges-de-fibres","7":"product_cat-laine","8":"product_tag-tunique-legere","9":"product_tag-robe-a-bretelles","10":"product_tag-laine-soie","11":"product_tag-sur-robe","12":"product_tag-robe-dete","13":"product_tag-underdress-fr","14":"product_tag-pantalons","15":"pa_gewicht-260-g-lfm-173-g-m-fr","16":"resize-featured-image","17":"sales-flash-overlay","18":"woocommerce-text-align-center","19":"woocommerce-image-align-center","20":"do-quantity-buttons","21":"wc-has-gallery","23":"first","24":"instock","25":"taxable","26":"shipping-taxable","27":"purchasable","28":"product-type-simple"},"yoast_head":"<!-- This site is optimized with the Yoast SEO plugin v27.2 - https:\/\/yoast.com\/product\/yoast-seo-wordpress\/ -->\n<title>M\u00e9lange de laine et de soie, rouge carmin, 260g\/ml - TuchundStoff<\/title>\n<meta name=\"description\" content=\"M\u00e9lange de laine et de soie, rouge carmin, 260g\/ml - Prix avantageux \u00e0 partir de 5 m\u00e8tres lin\u00e9aires ! M\u00e9lange de laine et de soie, tr\u00e8s beau tomb\u00e9 l\u00e9ger, agr\u00e9able sur la peau. Rafra\u00eechissant en \u00e9t\u00e9, chaud en hiver.\" \/>\n<meta name=\"robots\" content=\"index, follow, max-snippet:-1, max-image-preview:large, max-video-preview:-1\" \/>\n<link rel=\"canonical\" href=\"https:\/\/tuchundstoff.shop\/fr\/produkt\/laine-soie-bleu-cosmos-260-g-rm-kopie-kopie-kopie\/\" \/>\n<meta property=\"og:locale\" content=\"fr_FR\" \/>\n<meta property=\"og:type\" content=\"article\" \/>\n<meta property=\"og:title\" content=\"M\u00e9lange de laine et de soie, rouge carmin, 260g\/ml - TuchundStoff\" \/>\n<meta property=\"og:description\" content=\"M\u00e9lange de laine et de soie, rouge carmin, 260g\/ml - Prix avantageux \u00e0 partir de 5 m\u00e8tres lin\u00e9aires ! M\u00e9lange de laine et de soie, tr\u00e8s beau tomb\u00e9 l\u00e9ger, agr\u00e9able sur la peau. Rafra\u00eechissant en \u00e9t\u00e9, chaud en hiver.\" \/>\n<meta property=\"og:url\" content=\"https:\/\/tuchundstoff.shop\/fr\/produkt\/laine-soie-bleu-cosmos-260-g-rm-kopie-kopie-kopie\/\" \/>\n<meta property=\"og:site_name\" content=\"TuchundStoff\" \/>\n<meta property=\"article:modified_time\" content=\"2026-04-12T00:18:57+00:00\" \/>\n<meta property=\"og:image\" content=\"https:\/\/tuchundstoff.shop\/wp-content\/uploads\/2023\/12\/DSC_2280_5043-015912.jpg\" \/>\n\t<meta property=\"og:image:width\" content=\"1200\" \/>\n\t<meta property=\"og:image:height\" content=\"1200\" \/>\n\t<meta property=\"og:image:type\" content=\"image\/jpeg\" \/>\n<script type=\"application\/ld+json\" class=\"yoast-schema-graph\">{\"@context\":\"https:\/\/schema.org\",\"@graph\":[{\"@type\":\"WebPage\",\"@id\":\"https:\/\/tuchundstoff.shop\/fr\/produkt\/laine-soie-bleu-cosmos-260-g-rm-kopie-kopie-kopie\/\",\"url\":\"https:\/\/tuchundstoff.shop\/fr\/produkt\/laine-soie-bleu-cosmos-260-g-rm-kopie-kopie-kopie\/\",\"name\":\"M\u00e9lange de laine et de soie, rouge carmin, 260g\/ml - TuchundStoff\",\"isPartOf\":{\"@id\":\"https:\/\/tuchundstoff.shop\/#website\"},\"primaryImageOfPage\":{\"@id\":\"https:\/\/tuchundstoff.shop\/fr\/produkt\/laine-soie-bleu-cosmos-260-g-rm-kopie-kopie-kopie\/#primaryimage\"},\"image\":{\"@id\":\"https:\/\/tuchundstoff.shop\/fr\/produkt\/laine-soie-bleu-cosmos-260-g-rm-kopie-kopie-kopie\/#primaryimage\"},\"thumbnailUrl\":\"https:\/\/tuchundstoff.shop\/wp-content\/uploads\/2023\/12\/DSC_2280_5043-015912.jpg\",\"datePublished\":\"2023-12-28T12:22:15+00:00\",\"dateModified\":\"2026-04-12T00:18:57+00:00\",\"description\":\"M\u00e9lange de laine et de soie, rouge carmin, 260g\/ml - Prix avantageux \u00e0 partir de 5 m\u00e8tres lin\u00e9aires ! M\u00e9lange de laine et de soie, tr\u00e8s beau tomb\u00e9 l\u00e9ger, agr\u00e9able sur la peau. Rafra\u00eechissant en \u00e9t\u00e9, chaud en hiver.\",\"breadcrumb\":{\"@id\":\"https:\/\/tuchundstoff.shop\/fr\/produkt\/laine-soie-bleu-cosmos-260-g-rm-kopie-kopie-kopie\/#breadcrumb\"},\"inLanguage\":\"fr-FR\",\"potentialAction\":[{\"@type\":\"ReadAction\",\"target\":[\"https:\/\/tuchundstoff.shop\/fr\/produkt\/laine-soie-bleu-cosmos-260-g-rm-kopie-kopie-kopie\/\"]}]},{\"@type\":\"ImageObject\",\"inLanguage\":\"fr-FR\",\"@id\":\"https:\/\/tuchundstoff.shop\/fr\/produkt\/laine-soie-bleu-cosmos-260-g-rm-kopie-kopie-kopie\/#primaryimage\",\"url\":\"https:\/\/tuchundstoff.shop\/wp-content\/uploads\/2023\/12\/DSC_2280_5043-015912.jpg\",\"contentUrl\":\"https:\/\/tuchundstoff.shop\/wp-content\/uploads\/2023\/12\/DSC_2280_5043-015912.jpg\",\"width\":1200,\"height\":1200,\"caption\":\"5043\/015912\"},{\"@type\":\"BreadcrumbList\",\"@id\":\"https:\/\/tuchundstoff.shop\/fr\/produkt\/laine-soie-bleu-cosmos-260-g-rm-kopie-kopie-kopie\/#breadcrumb\",\"itemListElement\":[{\"@type\":\"ListItem\",\"position\":1,\"name\":\"Startseite\",\"item\":\"https:\/\/tuchundstoff.shop\/fr\/des-tissus-de-qualite-pour-une-mode-contemporaine-et-une-histoire-vecue-100-naturel\/\"},{\"@type\":\"ListItem\",\"position\":2,\"name\":\"Boutique\",\"item\":\"https:\/\/tuchundstoff.shop\/fr\/boutique\/\"},{\"@type\":\"ListItem\",\"position\":3,\"name\":\"M\u00e9lange de laine et de soie, rouge carmin, 260g\/ml\"}]},{\"@type\":\"WebSite\",\"@id\":\"https:\/\/tuchundstoff.shop\/#website\",\"url\":\"https:\/\/tuchundstoff.shop\/\",\"name\":\"TuchundStoff\",\"description\":\"Qualit\u00e4tsstoffe f\u00fcr zeitgen\u00f6ssische Mode und gelebte Geschichte \u2013 100% Natur\",\"publisher\":{\"@id\":\"https:\/\/tuchundstoff.shop\/#organization\"},\"potentialAction\":[{\"@type\":\"SearchAction\",\"target\":{\"@type\":\"EntryPoint\",\"urlTemplate\":\"https:\/\/tuchundstoff.shop\/?s={search_term_string}\"},\"query-input\":{\"@type\":\"PropertyValueSpecification\",\"valueRequired\":true,\"valueName\":\"search_term_string\"}}],\"inLanguage\":\"fr-FR\"},{\"@type\":\"Organization\",\"@id\":\"https:\/\/tuchundstoff.shop\/#organization\",\"name\":\"TuchundStoff\",\"url\":\"https:\/\/tuchundstoff.shop\/\",\"logo\":{\"@type\":\"ImageObject\",\"inLanguage\":\"fr-FR\",\"@id\":\"https:\/\/tuchundstoff.shop\/#\/schema\/logo\/image\/\",\"url\":\"https:\/\/tuchundstoff.shop\/wp-content\/uploads\/2021\/11\/Tus-Logo22-QfA-shop-V2-1.png\",\"contentUrl\":\"https:\/\/tuchundstoff.shop\/wp-content\/uploads\/2021\/11\/Tus-Logo22-QfA-shop-V2-1.png\",\"width\":485,\"height\":110,\"caption\":\"TuchundStoff\"},\"image\":{\"@id\":\"https:\/\/tuchundstoff.shop\/#\/schema\/logo\/image\/\"}}]}<\/script>\n<!-- \/ Yoast SEO plugin. -->","yoast_head_json":{"title":"M\u00e9lange de laine et de soie, rouge carmin, 260g\/ml - TuchundStoff","description":"M\u00e9lange de laine et de soie, rouge carmin, 260g\/ml - Prix avantageux \u00e0 partir de 5 m\u00e8tres lin\u00e9aires ! M\u00e9lange de laine et de soie, tr\u00e8s beau tomb\u00e9 l\u00e9ger, agr\u00e9able sur la peau. Rafra\u00eechissant en \u00e9t\u00e9, chaud en hiver.","robots":{"index":"index","follow":"follow","max-snippet":"max-snippet:-1","max-image-preview":"max-image-preview:large","max-video-preview":"max-video-preview:-1"},"canonical":"https:\/\/tuchundstoff.shop\/fr\/produkt\/laine-soie-bleu-cosmos-260-g-rm-kopie-kopie-kopie\/","og_locale":"fr_FR","og_type":"article","og_title":"M\u00e9lange de laine et de soie, rouge carmin, 260g\/ml - TuchundStoff","og_description":"M\u00e9lange de laine et de soie, rouge carmin, 260g\/ml - Prix avantageux \u00e0 partir de 5 m\u00e8tres lin\u00e9aires ! M\u00e9lange de laine et de soie, tr\u00e8s beau tomb\u00e9 l\u00e9ger, agr\u00e9able sur la peau. Rafra\u00eechissant en \u00e9t\u00e9, chaud en hiver.","og_url":"https:\/\/tuchundstoff.shop\/fr\/produkt\/laine-soie-bleu-cosmos-260-g-rm-kopie-kopie-kopie\/","og_site_name":"TuchundStoff","article_modified_time":"2026-04-12T00:18:57+00:00","og_image":[{"width":1200,"height":1200,"url":"https:\/\/tuchundstoff.shop\/wp-content\/uploads\/2023\/12\/DSC_2280_5043-015912.jpg","type":"image\/jpeg"}],"schema":{"@context":"https:\/\/schema.org","@graph":[{"@type":"WebPage","@id":"https:\/\/tuchundstoff.shop\/fr\/produkt\/laine-soie-bleu-cosmos-260-g-rm-kopie-kopie-kopie\/","url":"https:\/\/tuchundstoff.shop\/fr\/produkt\/laine-soie-bleu-cosmos-260-g-rm-kopie-kopie-kopie\/","name":"M\u00e9lange de laine et de soie, rouge carmin, 260g\/ml - TuchundStoff","isPartOf":{"@id":"https:\/\/tuchundstoff.shop\/#website"},"primaryImageOfPage":{"@id":"https:\/\/tuchundstoff.shop\/fr\/produkt\/laine-soie-bleu-cosmos-260-g-rm-kopie-kopie-kopie\/#primaryimage"},"image":{"@id":"https:\/\/tuchundstoff.shop\/fr\/produkt\/laine-soie-bleu-cosmos-260-g-rm-kopie-kopie-kopie\/#primaryimage"},"thumbnailUrl":"https:\/\/tuchundstoff.shop\/wp-content\/uploads\/2023\/12\/DSC_2280_5043-015912.jpg","datePublished":"2023-12-28T12:22:15+00:00","dateModified":"2026-04-12T00:18:57+00:00","description":"M\u00e9lange de laine et de soie, rouge carmin, 260g\/ml - Prix avantageux \u00e0 partir de 5 m\u00e8tres lin\u00e9aires ! M\u00e9lange de laine et de soie, tr\u00e8s beau tomb\u00e9 l\u00e9ger, agr\u00e9able sur la peau. Rafra\u00eechissant en \u00e9t\u00e9, chaud en hiver.","breadcrumb":{"@id":"https:\/\/tuchundstoff.shop\/fr\/produkt\/laine-soie-bleu-cosmos-260-g-rm-kopie-kopie-kopie\/#breadcrumb"},"inLanguage":"fr-FR","potentialAction":[{"@type":"ReadAction","target":["https:\/\/tuchundstoff.shop\/fr\/produkt\/laine-soie-bleu-cosmos-260-g-rm-kopie-kopie-kopie\/"]}]},{"@type":"ImageObject","inLanguage":"fr-FR","@id":"https:\/\/tuchundstoff.shop\/fr\/produkt\/laine-soie-bleu-cosmos-260-g-rm-kopie-kopie-kopie\/#primaryimage","url":"https:\/\/tuchundstoff.shop\/wp-content\/uploads\/2023\/12\/DSC_2280_5043-015912.jpg","contentUrl":"https:\/\/tuchundstoff.shop\/wp-content\/uploads\/2023\/12\/DSC_2280_5043-015912.jpg","width":1200,"height":1200,"caption":"5043\/015912"},{"@type":"BreadcrumbList","@id":"https:\/\/tuchundstoff.shop\/fr\/produkt\/laine-soie-bleu-cosmos-260-g-rm-kopie-kopie-kopie\/#breadcrumb","itemListElement":[{"@type":"ListItem","position":1,"name":"Startseite","item":"https:\/\/tuchundstoff.shop\/fr\/des-tissus-de-qualite-pour-une-mode-contemporaine-et-une-histoire-vecue-100-naturel\/"},{"@type":"ListItem","position":2,"name":"Boutique","item":"https:\/\/tuchundstoff.shop\/fr\/boutique\/"},{"@type":"ListItem","position":3,"name":"M\u00e9lange de laine et de soie, rouge carmin, 260g\/ml"}]},{"@type":"WebSite","@id":"https:\/\/tuchundstoff.shop\/#website","url":"https:\/\/tuchundstoff.shop\/","name":"TuchundStoff","description":"Qualit\u00e4tsstoffe f\u00fcr zeitgen\u00f6ssische Mode und gelebte Geschichte \u2013 100% Natur","publisher":{"@id":"https:\/\/tuchundstoff.shop\/#organization"},"potentialAction":[{"@type":"SearchAction","target":{"@type":"EntryPoint","urlTemplate":"https:\/\/tuchundstoff.shop\/?s={search_term_string}"},"query-input":{"@type":"PropertyValueSpecification","valueRequired":true,"valueName":"search_term_string"}}],"inLanguage":"fr-FR"},{"@type":"Organization","@id":"https:\/\/tuchundstoff.shop\/#organization","name":"TuchundStoff","url":"https:\/\/tuchundstoff.shop\/","logo":{"@type":"ImageObject","inLanguage":"fr-FR","@id":"https:\/\/tuchundstoff.shop\/#\/schema\/logo\/image\/","url":"https:\/\/tuchundstoff.shop\/wp-content\/uploads\/2021\/11\/Tus-Logo22-QfA-shop-V2-1.png","contentUrl":"https:\/\/tuchundstoff.shop\/wp-content\/uploads\/2021\/11\/Tus-Logo22-QfA-shop-V2-1.png","width":485,"height":110,"caption":"TuchundStoff"},"image":{"@id":"https:\/\/tuchundstoff.shop\/#\/schema\/logo\/image\/"}}]}},"_links":{"self":[{"href":"https:\/\/tuchundstoff.shop\/fr\/wp-json\/wp\/v2\/product\/14154","targetHints":{"allow":["GET"]}}],"collection":[{"href":"https:\/\/tuchundstoff.shop\/fr\/wp-json\/wp\/v2\/product"}],"about":[{"href":"https:\/\/tuchundstoff.shop\/fr\/wp-json\/wp\/v2\/types\/product"}],"replies":[{"embeddable":true,"href":"https:\/\/tuchundstoff.shop\/fr\/wp-json\/wp\/v2\/comments?post=14154"}],"wp:featuredmedia":[{"embeddable":true,"href":"https:\/\/tuchundstoff.shop\/fr\/wp-json\/wp\/v2\/media\/14159"}],"wp:attachment":[{"href":"https:\/\/tuchundstoff.shop\/fr\/wp-json\/wp\/v2\/media?parent=14154"}],"wp:term":[{"taxonomy":"product_brand","embeddable":true,"href":"https:\/\/tuchundstoff.shop\/fr\/wp-json\/wp\/v2\/product_brand?post=14154"},{"taxonomy":"product_cat","embeddable":true,"href":"https:\/\/tuchundstoff.shop\/fr\/wp-json\/wp\/v2\/product_cat?post=14154"},{"taxonomy":"product_tag","embeddable":true,"href":"https:\/\/tuchundstoff.shop\/fr\/wp-json\/wp\/v2\/product_tag?post=14154"}],"curies":[{"name":"wp","href":"https:\/\/api.w.org\/{rel}","templated":true}]}}