{"id":13807,"date":"2023-09-11T18:16:17","date_gmt":"2023-09-11T16:16:17","guid":{"rendered":"https:\/\/tuchundstoff.shop\/?post_type=product&#038;p=13807"},"modified":"2026-04-23T16:23:37","modified_gmt":"2026-04-23T14:23:37","slug":"laine-soie-bleu-cosmos-260-g-rm-kopie-kopie","status":"publish","type":"product","link":"https:\/\/tuchundstoff.shop\/fr\/produkt\/laine-soie-bleu-cosmos-260-g-rm-kopie-kopie\/","title":{"rendered":"M\u00e9lange de laine avec soie, jaune dor\u00e9, 260g\/m"},"content":{"rendered":"<p>La laine se m\u00e9lange \u00e0 la soie en tissage uni. En robe d\u2019\u00e9t\u00e9 \/ overdress, en sous-v\u00eatements d\u2019hiver.<\/p>\n","protected":false},"excerpt":{"rendered":"<p>Avantage de prix avec 5 m\u00e8tres lin\u00e9aires !<\/p>\n<p>La laine se m\u00e9lange \u00e0 la soie, tr\u00e8s agr\u00e9able et facile \u00e0 tomber, agr\u00e9able pour la peau. Refroidissement en \u00e9t\u00e9, r\u00e9chauffement en hiver.<\/p>\n","protected":false},"featured_media":13795,"comment_status":"open","ping_status":"closed","template":"","meta":{"_seopress_robots_primary_cat":"0","_seopress_titles_title":"","_seopress_titles_desc":"","_seopress_robots_index":"","ngg_post_thumbnail":0},"product_brand":[],"product_cat":[1574,699],"product_tag":[1114,1115,1256,1969,1970,847,1112],"class_list":{"0":"post-13807","1":"product","2":"type-product","3":"status-publish","4":"has-post-thumbnail","6":"product_cat-melanges-de-fibres","7":"product_cat-laine","8":"product_tag-tunique-legere","9":"product_tag-robe-a-bretelles","10":"product_tag-laine-soie","11":"product_tag-sur-robe","12":"product_tag-robe-dete","13":"product_tag-underdress-fr","14":"product_tag-pantalons","15":"pa_gewicht-260-g-lfm-173-g-m-fr","16":"resize-featured-image","17":"sales-flash-overlay","18":"woocommerce-text-align-center","19":"woocommerce-image-align-center","20":"do-quantity-buttons","21":"wc-has-gallery","23":"first","24":"instock","25":"taxable","26":"shipping-taxable","27":"purchasable","28":"product-type-simple"},"_links":{"self":[{"href":"https:\/\/tuchundstoff.shop\/fr\/wp-json\/wp\/v2\/product\/13807","targetHints":{"allow":["GET"]}}],"collection":[{"href":"https:\/\/tuchundstoff.shop\/fr\/wp-json\/wp\/v2\/product"}],"about":[{"href":"https:\/\/tuchundstoff.shop\/fr\/wp-json\/wp\/v2\/types\/product"}],"replies":[{"embeddable":true,"href":"https:\/\/tuchundstoff.shop\/fr\/wp-json\/wp\/v2\/comments?post=13807"}],"wp:featuredmedia":[{"embeddable":true,"href":"https:\/\/tuchundstoff.shop\/fr\/wp-json\/wp\/v2\/media\/13795"}],"wp:attachment":[{"href":"https:\/\/tuchundstoff.shop\/fr\/wp-json\/wp\/v2\/media?parent=13807"}],"wp:term":[{"taxonomy":"product_brand","embeddable":true,"href":"https:\/\/tuchundstoff.shop\/fr\/wp-json\/wp\/v2\/product_brand?post=13807"},{"taxonomy":"product_cat","embeddable":true,"href":"https:\/\/tuchundstoff.shop\/fr\/wp-json\/wp\/v2\/product_cat?post=13807"},{"taxonomy":"product_tag","embeddable":true,"href":"https:\/\/tuchundstoff.shop\/fr\/wp-json\/wp\/v2\/product_tag?post=13807"}],"curies":[{"name":"wp","href":"https:\/\/api.w.org\/{rel}","templated":true}]}}