{"id":13440,"date":"2023-06-24T12:59:18","date_gmt":"2023-06-24T10:59:18","guid":{"rendered":"https:\/\/tuchundstoff.shop\/?post_type=product&#038;p=13440"},"modified":"2026-04-23T16:18:25","modified_gmt":"2026-04-23T14:18:25","slug":"laine-diamant-serge-blanc-naturel-pur-kopie-kopie-kopie-kopie-kopie","status":"publish","type":"product","link":"https:\/\/tuchundstoff.shop\/fr\/produkt\/laine-diamant-serge-blanc-naturel-pur-kopie-kopie-kopie-kopie-kopie\/","title":{"rendered":"Laine Diamant Serg\u00e9 Laine Blanc\/Bleu marine"},"content":{"rendered":"<p>Serg\u00e9 diamant\u00e9, fil card\u00e9 100 % laine de mouton, environ 450 g\/m.m., largeur 150 cm, blanc<br \/>\nnaturel Poids moyen, id\u00e9al pour teindre des tuniques et des robes, etc.<\/p>\n","protected":false},"excerpt":{"rendered":"<p>Serg\u00e9 diamant\u00e9, fil card\u00e9 100 % laine de mouton, blanc<br \/>\nnaturel. Poids environ 450g\/m\u00e8tre de passage, largeur 150cm<br \/>\n. Avantage de prix avec 5 m\u00e8tres de course !<\/p>\n","protected":false},"featured_media":13381,"comment_status":"open","ping_status":"closed","template":"","meta":{"_seopress_robots_primary_cat":"0","_seopress_titles_title":"","_seopress_titles_desc":"","_seopress_robots_index":"","ngg_post_thumbnail":0},"product_brand":[],"product_cat":[704,699],"product_tag":[1112,1116,1186,1190,1221,1238],"class_list":{"0":"post-13440","1":"product","2":"type-product","3":"status-publish","4":"has-post-thumbnail","6":"product_cat-diamant-serge","7":"product_cat-laine","8":"product_tag-pantalons","9":"product_tag-tunique","10":"product_tag-diagonal","11":"product_tag-laine","12":"product_tag-colorer","13":"product_tag-serge-drhombe-fr","14":"pa_gewicht-450g-lfm-300g-m-fr","15":"resize-featured-image","16":"sales-flash-overlay","17":"woocommerce-text-align-center","18":"woocommerce-image-align-center","19":"do-quantity-buttons","20":"wc-has-gallery","22":"first","23":"instock","24":"taxable","25":"shipping-taxable","26":"purchasable","27":"product-type-simple"},"_links":{"self":[{"href":"https:\/\/tuchundstoff.shop\/fr\/wp-json\/wp\/v2\/product\/13440","targetHints":{"allow":["GET"]}}],"collection":[{"href":"https:\/\/tuchundstoff.shop\/fr\/wp-json\/wp\/v2\/product"}],"about":[{"href":"https:\/\/tuchundstoff.shop\/fr\/wp-json\/wp\/v2\/types\/product"}],"replies":[{"embeddable":true,"href":"https:\/\/tuchundstoff.shop\/fr\/wp-json\/wp\/v2\/comments?post=13440"}],"wp:featuredmedia":[{"embeddable":true,"href":"https:\/\/tuchundstoff.shop\/fr\/wp-json\/wp\/v2\/media\/13381"}],"wp:attachment":[{"href":"https:\/\/tuchundstoff.shop\/fr\/wp-json\/wp\/v2\/media?parent=13440"}],"wp:term":[{"taxonomy":"product_brand","embeddable":true,"href":"https:\/\/tuchundstoff.shop\/fr\/wp-json\/wp\/v2\/product_brand?post=13440"},{"taxonomy":"product_cat","embeddable":true,"href":"https:\/\/tuchundstoff.shop\/fr\/wp-json\/wp\/v2\/product_cat?post=13440"},{"taxonomy":"product_tag","embeddable":true,"href":"https:\/\/tuchundstoff.shop\/fr\/wp-json\/wp\/v2\/product_tag?post=13440"}],"curies":[{"name":"wp","href":"https:\/\/api.w.org\/{rel}","templated":true}]}}