{"id":13204,"date":"2023-05-26T05:33:20","date_gmt":"2023-05-26T03:33:20","guid":{"rendered":"https:\/\/tuchundstoff.shop\/?post_type=product&#038;p=13204"},"modified":"2026-04-23T16:02:08","modified_gmt":"2026-04-23T14:02:08","slug":"mousseline-de-laine-110g-rm-laine-blanche-kopie-kopie-kopie-kopie-kopie-kopie","status":"publish","type":"product","link":"https:\/\/tuchundstoff.shop\/fr\/produkt\/mousseline-de-laine-110g-rm-laine-blanche-kopie-kopie-kopie-kopie-kopie-kopie\/","title":{"rendered":"Mousseline laine 110g\/m ChaudEnsoleill\u00e9 Jaune"},"content":{"rendered":"<p>100 % laine vierge pure. Tissage simple. Cette mousseline tr\u00e8s l\u00e9g\u00e8re et finement tiss\u00e9e est id\u00e9ale pour le voile l\u00e9ger ou la toge. Refroidissement en \u00e9t\u00e9 parce que la sueur est absorb\u00e9e, r\u00e9chauffement en hiver.<\/p>\n","protected":false},"excerpt":{"rendered":"<p>Avantage de prix avec 5 m\u00e8tres lin\u00e9aires !<\/p>\n<p>100 % laine vierge pure. Tissage simple. La mousseline est merveilleuse pour les bonnets, foulards, voiles, laine vierge, turbans, sous-v\u00eatements. Refroidissement en \u00e9t\u00e9 parce que la sueur est absorb\u00e9e, r\u00e9chauffement en hiver.<\/p>\n","protected":false},"featured_media":7566,"comment_status":"open","ping_status":"closed","template":"","meta":{"_seopress_robots_primary_cat":"0","_seopress_titles_title":"","_seopress_titles_desc":"","_seopress_robots_index":"","ngg_post_thumbnail":0},"product_brand":[],"product_cat":[699,712],"product_tag":[1244,1248,1476,1948,1962,847,849,852],"class_list":{"0":"post-13204","1":"product","2":"type-product","3":"status-publish","4":"has-post-thumbnail","6":"product_cat-laine","7":"product_cat-mousseline","8":"product_tag-laine-vierge","9":"product_tag-turban-fr","10":"product_tag-voile","11":"product_tag-toga-fr","12":"product_tag-romen-fr","13":"product_tag-underdress-fr","14":"product_tag-headscarf-fr","15":"product_tag-bonnet-fr","16":"pa_gewicht-110g-lfm-74g-m-fr","17":"resize-featured-image","18":"sales-flash-overlay","19":"woocommerce-text-align-center","20":"woocommerce-image-align-center","21":"do-quantity-buttons","23":"first","24":"onbackorder","25":"taxable","26":"shipping-taxable","27":"purchasable","28":"product-type-simple"},"_links":{"self":[{"href":"https:\/\/tuchundstoff.shop\/fr\/wp-json\/wp\/v2\/product\/13204","targetHints":{"allow":["GET"]}}],"collection":[{"href":"https:\/\/tuchundstoff.shop\/fr\/wp-json\/wp\/v2\/product"}],"about":[{"href":"https:\/\/tuchundstoff.shop\/fr\/wp-json\/wp\/v2\/types\/product"}],"replies":[{"embeddable":true,"href":"https:\/\/tuchundstoff.shop\/fr\/wp-json\/wp\/v2\/comments?post=13204"}],"wp:featuredmedia":[{"embeddable":true,"href":"https:\/\/tuchundstoff.shop\/fr\/wp-json\/wp\/v2\/media\/7566"}],"wp:attachment":[{"href":"https:\/\/tuchundstoff.shop\/fr\/wp-json\/wp\/v2\/media?parent=13204"}],"wp:term":[{"taxonomy":"product_brand","embeddable":true,"href":"https:\/\/tuchundstoff.shop\/fr\/wp-json\/wp\/v2\/product_brand?post=13204"},{"taxonomy":"product_cat","embeddable":true,"href":"https:\/\/tuchundstoff.shop\/fr\/wp-json\/wp\/v2\/product_cat?post=13204"},{"taxonomy":"product_tag","embeddable":true,"href":"https:\/\/tuchundstoff.shop\/fr\/wp-json\/wp\/v2\/product_tag?post=13204"}],"curies":[{"name":"wp","href":"https:\/\/api.w.org\/{rel}","templated":true}]}}