{"id":13154,"date":"2023-05-16T16:23:29","date_gmt":"2023-05-16T14:23:29","guid":{"rendered":"https:\/\/tuchundstoff.shop\/?post_type=product&#038;p=13154"},"modified":"2026-04-12T02:22:44","modified_gmt":"2026-04-12T00:22:44","slug":"mousseline-de-laine-110g-rm-laine-blanche-kopie-kopie","status":"publish","type":"product","link":"https:\/\/tuchundstoff.shop\/fr\/produkt\/mousseline-de-laine-110g-rm-laine-blanche-kopie-kopie\/","title":{"rendered":"Mousseline de laine 110g\/lfm rouge imp\u00e9rial"},"content":{"rendered":"<p>100% pure laine vierge. Tissage simple. Cette mousseline tr\u00e8s l\u00e9g\u00e8re et finement tiss\u00e9e est id\u00e9ale pour le voile l\u00e9ger ou la toge l\u00e9g\u00e8re. Rafra\u00eechissement en \u00e9t\u00e9 parce que la sueur est absorb\u00e9e, r\u00e9chauffement en hiver.<\/p>\n","protected":false},"excerpt":{"rendered":"<p>Prix avantageux \u00e0 partir de 5 m\u00e8tres lin\u00e9aires !<\/p>\n<p>100% pure laine vierge. Tissage simple. La mousseline est merveilleuse pour le bonnet, le foulard, le voile, la laine vierge, le turban, le sous-v\u00eatement. Rafra\u00eechissement en \u00e9t\u00e9 parce que la sueur est absorb\u00e9e, r\u00e9chauffement en hiver.<\/p>\n","protected":false},"featured_media":13056,"comment_status":"open","ping_status":"closed","template":"","meta":{"ngg_post_thumbnail":0},"product_brand":[],"product_cat":[699,712],"product_tag":[847,849,852,1244,1248,1476,1948],"class_list":{"0":"post-13154","1":"product","2":"type-product","3":"status-publish","4":"has-post-thumbnail","6":"product_cat-laine","7":"product_cat-mousseline","8":"product_tag-underdress-fr","9":"product_tag-headscarf-fr","10":"product_tag-bonnet-fr","11":"product_tag-laine-vierge","12":"product_tag-turban-fr","13":"product_tag-voile","14":"product_tag-toga-fr","15":"pa_gewicht-110g-lfm-74g-m-fr","16":"resize-featured-image","17":"sales-flash-overlay","18":"woocommerce-text-align-center","19":"woocommerce-image-align-center","20":"do-quantity-buttons","21":"wc-has-gallery","23":"first","24":"instock","25":"taxable","26":"shipping-taxable","27":"purchasable","28":"product-type-simple"},"yoast_head":"<!-- This site is optimized with the Yoast SEO plugin v27.2 - https:\/\/yoast.com\/product\/yoast-seo-wordpress\/ -->\n<title>Mousseline de laine 110g\/lfm rouge imp\u00e9rial - TuchundStoff<\/title>\n<meta name=\"description\" content=\"Mousseline de laine 110g\/lfm rouge imp\u00e9rial - Prix avantageux \u00e0 partir de 5 m\u00e8tres lin\u00e9aires ! 100% pure laine vierge. Tissage simple. La mousseline est merveilleuse pour le bonnet, le foulard, le voile, la laine vierge, le turban, le sous-v\u00eatement. Rafra\u00eechissement en \u00e9t\u00e9 parce que la sueur est absorb\u00e9e, r\u00e9chauffement en hiver.\" \/>\n<meta name=\"robots\" content=\"index, follow, max-snippet:-1, max-image-preview:large, max-video-preview:-1\" \/>\n<link rel=\"canonical\" href=\"https:\/\/tuchundstoff.shop\/fr\/produkt\/mousseline-de-laine-110g-rm-laine-blanche-kopie-kopie\/\" \/>\n<meta property=\"og:locale\" content=\"fr_FR\" \/>\n<meta property=\"og:type\" content=\"article\" \/>\n<meta property=\"og:title\" content=\"Mousseline de laine 110g\/lfm rouge imp\u00e9rial - TuchundStoff\" \/>\n<meta property=\"og:description\" content=\"Mousseline de laine 110g\/lfm rouge imp\u00e9rial - Prix avantageux \u00e0 partir de 5 m\u00e8tres lin\u00e9aires ! 100% pure laine vierge. Tissage simple. La mousseline est merveilleuse pour le bonnet, le foulard, le voile, la laine vierge, le turban, le sous-v\u00eatement. Rafra\u00eechissement en \u00e9t\u00e9 parce que la sueur est absorb\u00e9e, r\u00e9chauffement en hiver.\" \/>\n<meta property=\"og:url\" content=\"https:\/\/tuchundstoff.shop\/fr\/produkt\/mousseline-de-laine-110g-rm-laine-blanche-kopie-kopie\/\" \/>\n<meta property=\"og:site_name\" content=\"TuchundStoff\" \/>\n<meta property=\"article:modified_time\" content=\"2026-04-12T00:22:44+00:00\" \/>\n<meta property=\"og:image\" content=\"https:\/\/tuchundstoff.shop\/wp-content\/uploads\/2023\/05\/1231-U11633_DSC_2143.jpg\" \/>\n\t<meta property=\"og:image:width\" content=\"1200\" \/>\n\t<meta property=\"og:image:height\" content=\"1200\" \/>\n\t<meta property=\"og:image:type\" content=\"image\/jpeg\" \/>\n<script type=\"application\/ld+json\" class=\"yoast-schema-graph\">{\"@context\":\"https:\/\/schema.org\",\"@graph\":[{\"@type\":\"WebPage\",\"@id\":\"https:\/\/tuchundstoff.shop\/fr\/produkt\/mousseline-de-laine-110g-rm-laine-blanche-kopie-kopie\/\",\"url\":\"https:\/\/tuchundstoff.shop\/fr\/produkt\/mousseline-de-laine-110g-rm-laine-blanche-kopie-kopie\/\",\"name\":\"Mousseline de laine 110g\/lfm rouge imp\u00e9rial - TuchundStoff\",\"isPartOf\":{\"@id\":\"https:\/\/tuchundstoff.shop\/#website\"},\"primaryImageOfPage\":{\"@id\":\"https:\/\/tuchundstoff.shop\/fr\/produkt\/mousseline-de-laine-110g-rm-laine-blanche-kopie-kopie\/#primaryimage\"},\"image\":{\"@id\":\"https:\/\/tuchundstoff.shop\/fr\/produkt\/mousseline-de-laine-110g-rm-laine-blanche-kopie-kopie\/#primaryimage\"},\"thumbnailUrl\":\"https:\/\/tuchundstoff.shop\/wp-content\/uploads\/2023\/05\/1231-U11633_DSC_2143.jpg\",\"datePublished\":\"2023-05-16T14:23:29+00:00\",\"dateModified\":\"2026-04-12T00:22:44+00:00\",\"description\":\"Mousseline de laine 110g\/lfm rouge imp\u00e9rial - Prix avantageux \u00e0 partir de 5 m\u00e8tres lin\u00e9aires ! 100% pure laine vierge. Tissage simple. La mousseline est merveilleuse pour le bonnet, le foulard, le voile, la laine vierge, le turban, le sous-v\u00eatement. Rafra\u00eechissement en \u00e9t\u00e9 parce que la sueur est absorb\u00e9e, r\u00e9chauffement en hiver.\",\"breadcrumb\":{\"@id\":\"https:\/\/tuchundstoff.shop\/fr\/produkt\/mousseline-de-laine-110g-rm-laine-blanche-kopie-kopie\/#breadcrumb\"},\"inLanguage\":\"fr-FR\",\"potentialAction\":[{\"@type\":\"ReadAction\",\"target\":[\"https:\/\/tuchundstoff.shop\/fr\/produkt\/mousseline-de-laine-110g-rm-laine-blanche-kopie-kopie\/\"]}]},{\"@type\":\"ImageObject\",\"inLanguage\":\"fr-FR\",\"@id\":\"https:\/\/tuchundstoff.shop\/fr\/produkt\/mousseline-de-laine-110g-rm-laine-blanche-kopie-kopie\/#primaryimage\",\"url\":\"https:\/\/tuchundstoff.shop\/wp-content\/uploads\/2023\/05\/1231-U11633_DSC_2143.jpg\",\"contentUrl\":\"https:\/\/tuchundstoff.shop\/wp-content\/uploads\/2023\/05\/1231-U11633_DSC_2143.jpg\",\"width\":1200,\"height\":1200},{\"@type\":\"BreadcrumbList\",\"@id\":\"https:\/\/tuchundstoff.shop\/fr\/produkt\/mousseline-de-laine-110g-rm-laine-blanche-kopie-kopie\/#breadcrumb\",\"itemListElement\":[{\"@type\":\"ListItem\",\"position\":1,\"name\":\"Startseite\",\"item\":\"https:\/\/tuchundstoff.shop\/fr\/des-tissus-de-qualite-pour-une-mode-contemporaine-et-une-histoire-vecue-100-naturel\/\"},{\"@type\":\"ListItem\",\"position\":2,\"name\":\"Boutique\",\"item\":\"https:\/\/tuchundstoff.shop\/fr\/boutique\/\"},{\"@type\":\"ListItem\",\"position\":3,\"name\":\"Mousseline de laine 110g\/lfm rouge imp\u00e9rial\"}]},{\"@type\":\"WebSite\",\"@id\":\"https:\/\/tuchundstoff.shop\/#website\",\"url\":\"https:\/\/tuchundstoff.shop\/\",\"name\":\"TuchundStoff\",\"description\":\"Qualit\u00e4tsstoffe f\u00fcr zeitgen\u00f6ssische Mode und gelebte Geschichte \u2013 100% Natur\",\"publisher\":{\"@id\":\"https:\/\/tuchundstoff.shop\/#organization\"},\"potentialAction\":[{\"@type\":\"SearchAction\",\"target\":{\"@type\":\"EntryPoint\",\"urlTemplate\":\"https:\/\/tuchundstoff.shop\/?s={search_term_string}\"},\"query-input\":{\"@type\":\"PropertyValueSpecification\",\"valueRequired\":true,\"valueName\":\"search_term_string\"}}],\"inLanguage\":\"fr-FR\"},{\"@type\":\"Organization\",\"@id\":\"https:\/\/tuchundstoff.shop\/#organization\",\"name\":\"TuchundStoff\",\"url\":\"https:\/\/tuchundstoff.shop\/\",\"logo\":{\"@type\":\"ImageObject\",\"inLanguage\":\"fr-FR\",\"@id\":\"https:\/\/tuchundstoff.shop\/#\/schema\/logo\/image\/\",\"url\":\"https:\/\/tuchundstoff.shop\/wp-content\/uploads\/2021\/11\/Tus-Logo22-QfA-shop-V2-1.png\",\"contentUrl\":\"https:\/\/tuchundstoff.shop\/wp-content\/uploads\/2021\/11\/Tus-Logo22-QfA-shop-V2-1.png\",\"width\":485,\"height\":110,\"caption\":\"TuchundStoff\"},\"image\":{\"@id\":\"https:\/\/tuchundstoff.shop\/#\/schema\/logo\/image\/\"}}]}<\/script>\n<!-- \/ Yoast SEO plugin. -->","yoast_head_json":{"title":"Mousseline de laine 110g\/lfm rouge imp\u00e9rial - TuchundStoff","description":"Mousseline de laine 110g\/lfm rouge imp\u00e9rial - Prix avantageux \u00e0 partir de 5 m\u00e8tres lin\u00e9aires ! 100% pure laine vierge. Tissage simple. La mousseline est merveilleuse pour le bonnet, le foulard, le voile, la laine vierge, le turban, le sous-v\u00eatement. Rafra\u00eechissement en \u00e9t\u00e9 parce que la sueur est absorb\u00e9e, r\u00e9chauffement en hiver.","robots":{"index":"index","follow":"follow","max-snippet":"max-snippet:-1","max-image-preview":"max-image-preview:large","max-video-preview":"max-video-preview:-1"},"canonical":"https:\/\/tuchundstoff.shop\/fr\/produkt\/mousseline-de-laine-110g-rm-laine-blanche-kopie-kopie\/","og_locale":"fr_FR","og_type":"article","og_title":"Mousseline de laine 110g\/lfm rouge imp\u00e9rial - TuchundStoff","og_description":"Mousseline de laine 110g\/lfm rouge imp\u00e9rial - Prix avantageux \u00e0 partir de 5 m\u00e8tres lin\u00e9aires ! 100% pure laine vierge. Tissage simple. La mousseline est merveilleuse pour le bonnet, le foulard, le voile, la laine vierge, le turban, le sous-v\u00eatement. Rafra\u00eechissement en \u00e9t\u00e9 parce que la sueur est absorb\u00e9e, r\u00e9chauffement en hiver.","og_url":"https:\/\/tuchundstoff.shop\/fr\/produkt\/mousseline-de-laine-110g-rm-laine-blanche-kopie-kopie\/","og_site_name":"TuchundStoff","article_modified_time":"2026-04-12T00:22:44+00:00","og_image":[{"width":1200,"height":1200,"url":"https:\/\/tuchundstoff.shop\/wp-content\/uploads\/2023\/05\/1231-U11633_DSC_2143.jpg","type":"image\/jpeg"}],"schema":{"@context":"https:\/\/schema.org","@graph":[{"@type":"WebPage","@id":"https:\/\/tuchundstoff.shop\/fr\/produkt\/mousseline-de-laine-110g-rm-laine-blanche-kopie-kopie\/","url":"https:\/\/tuchundstoff.shop\/fr\/produkt\/mousseline-de-laine-110g-rm-laine-blanche-kopie-kopie\/","name":"Mousseline de laine 110g\/lfm rouge imp\u00e9rial - TuchundStoff","isPartOf":{"@id":"https:\/\/tuchundstoff.shop\/#website"},"primaryImageOfPage":{"@id":"https:\/\/tuchundstoff.shop\/fr\/produkt\/mousseline-de-laine-110g-rm-laine-blanche-kopie-kopie\/#primaryimage"},"image":{"@id":"https:\/\/tuchundstoff.shop\/fr\/produkt\/mousseline-de-laine-110g-rm-laine-blanche-kopie-kopie\/#primaryimage"},"thumbnailUrl":"https:\/\/tuchundstoff.shop\/wp-content\/uploads\/2023\/05\/1231-U11633_DSC_2143.jpg","datePublished":"2023-05-16T14:23:29+00:00","dateModified":"2026-04-12T00:22:44+00:00","description":"Mousseline de laine 110g\/lfm rouge imp\u00e9rial - Prix avantageux \u00e0 partir de 5 m\u00e8tres lin\u00e9aires ! 100% pure laine vierge. Tissage simple. La mousseline est merveilleuse pour le bonnet, le foulard, le voile, la laine vierge, le turban, le sous-v\u00eatement. Rafra\u00eechissement en \u00e9t\u00e9 parce que la sueur est absorb\u00e9e, r\u00e9chauffement en hiver.","breadcrumb":{"@id":"https:\/\/tuchundstoff.shop\/fr\/produkt\/mousseline-de-laine-110g-rm-laine-blanche-kopie-kopie\/#breadcrumb"},"inLanguage":"fr-FR","potentialAction":[{"@type":"ReadAction","target":["https:\/\/tuchundstoff.shop\/fr\/produkt\/mousseline-de-laine-110g-rm-laine-blanche-kopie-kopie\/"]}]},{"@type":"ImageObject","inLanguage":"fr-FR","@id":"https:\/\/tuchundstoff.shop\/fr\/produkt\/mousseline-de-laine-110g-rm-laine-blanche-kopie-kopie\/#primaryimage","url":"https:\/\/tuchundstoff.shop\/wp-content\/uploads\/2023\/05\/1231-U11633_DSC_2143.jpg","contentUrl":"https:\/\/tuchundstoff.shop\/wp-content\/uploads\/2023\/05\/1231-U11633_DSC_2143.jpg","width":1200,"height":1200},{"@type":"BreadcrumbList","@id":"https:\/\/tuchundstoff.shop\/fr\/produkt\/mousseline-de-laine-110g-rm-laine-blanche-kopie-kopie\/#breadcrumb","itemListElement":[{"@type":"ListItem","position":1,"name":"Startseite","item":"https:\/\/tuchundstoff.shop\/fr\/des-tissus-de-qualite-pour-une-mode-contemporaine-et-une-histoire-vecue-100-naturel\/"},{"@type":"ListItem","position":2,"name":"Boutique","item":"https:\/\/tuchundstoff.shop\/fr\/boutique\/"},{"@type":"ListItem","position":3,"name":"Mousseline de laine 110g\/lfm rouge imp\u00e9rial"}]},{"@type":"WebSite","@id":"https:\/\/tuchundstoff.shop\/#website","url":"https:\/\/tuchundstoff.shop\/","name":"TuchundStoff","description":"Qualit\u00e4tsstoffe f\u00fcr zeitgen\u00f6ssische Mode und gelebte Geschichte \u2013 100% Natur","publisher":{"@id":"https:\/\/tuchundstoff.shop\/#organization"},"potentialAction":[{"@type":"SearchAction","target":{"@type":"EntryPoint","urlTemplate":"https:\/\/tuchundstoff.shop\/?s={search_term_string}"},"query-input":{"@type":"PropertyValueSpecification","valueRequired":true,"valueName":"search_term_string"}}],"inLanguage":"fr-FR"},{"@type":"Organization","@id":"https:\/\/tuchundstoff.shop\/#organization","name":"TuchundStoff","url":"https:\/\/tuchundstoff.shop\/","logo":{"@type":"ImageObject","inLanguage":"fr-FR","@id":"https:\/\/tuchundstoff.shop\/#\/schema\/logo\/image\/","url":"https:\/\/tuchundstoff.shop\/wp-content\/uploads\/2021\/11\/Tus-Logo22-QfA-shop-V2-1.png","contentUrl":"https:\/\/tuchundstoff.shop\/wp-content\/uploads\/2021\/11\/Tus-Logo22-QfA-shop-V2-1.png","width":485,"height":110,"caption":"TuchundStoff"},"image":{"@id":"https:\/\/tuchundstoff.shop\/#\/schema\/logo\/image\/"}}]}},"_links":{"self":[{"href":"https:\/\/tuchundstoff.shop\/fr\/wp-json\/wp\/v2\/product\/13154","targetHints":{"allow":["GET"]}}],"collection":[{"href":"https:\/\/tuchundstoff.shop\/fr\/wp-json\/wp\/v2\/product"}],"about":[{"href":"https:\/\/tuchundstoff.shop\/fr\/wp-json\/wp\/v2\/types\/product"}],"replies":[{"embeddable":true,"href":"https:\/\/tuchundstoff.shop\/fr\/wp-json\/wp\/v2\/comments?post=13154"}],"wp:featuredmedia":[{"embeddable":true,"href":"https:\/\/tuchundstoff.shop\/fr\/wp-json\/wp\/v2\/media\/13056"}],"wp:attachment":[{"href":"https:\/\/tuchundstoff.shop\/fr\/wp-json\/wp\/v2\/media?parent=13154"}],"wp:term":[{"taxonomy":"product_brand","embeddable":true,"href":"https:\/\/tuchundstoff.shop\/fr\/wp-json\/wp\/v2\/product_brand?post=13154"},{"taxonomy":"product_cat","embeddable":true,"href":"https:\/\/tuchundstoff.shop\/fr\/wp-json\/wp\/v2\/product_cat?post=13154"},{"taxonomy":"product_tag","embeddable":true,"href":"https:\/\/tuchundstoff.shop\/fr\/wp-json\/wp\/v2\/product_tag?post=13154"}],"curies":[{"name":"wp","href":"https:\/\/api.w.org\/{rel}","templated":true}]}}