{"id":8279,"date":"2019-04-08T15:40:38","date_gmt":"2019-04-08T13:40:38","guid":{"rendered":"https:\/\/tuchundstoff.de\/politique-dannulation\/"},"modified":"2026-02-05T15:31:39","modified_gmt":"2026-02-05T14:31:39","slug":"politique-dannulation","status":"publish","type":"page","link":"https:\/\/tuchundstoff.shop\/fr\/politique-dannulation\/","title":{"rendered":"Politique d&rsquo;annulation"},"content":{"rendered":"\n<p>Vous avez le droit de r\u00e9silier ce contrat dans un d\u00e9lai de quatorze jours sans donner de raison. Le d\u00e9lai de r\u00e9vocation est de quatorze jours \u00e0 compter du jour o\u00f9 vous ou un tiers d\u00e9sign\u00e9 par vous, qui n&rsquo;est pas le transporteur, avez pris ou pris possession des marchandises.<\/p>\n\n<p>Pour exercer votre droit de r\u00e9tractation, vous devez nous contacter :<\/p>\n\n<p><strong>TuchundStoff<\/strong><strong><br\/><\/strong><strong>Lucia Hohl<\/strong><strong><br\/><\/strong><strong>Am Hegbach 22<\/strong><strong><br\/><\/strong><strong>64546 M\u00f6rfelden-Walldorf<\/strong><strong><br\/><\/strong><strong>T\u00e9l. : +49 (0) 6105 21466<\/strong><strong><br\/><\/strong><strong>Courriel : kurier@tuchundstoff.de<\/strong><\/p>\n\n<p>de votre d\u00e9cision de vous r\u00e9tracter du pr\u00e9sent contrat au moyen d&rsquo;une d\u00e9claration d\u00e9nu\u00e9e d&rsquo;ambigu\u00eft\u00e9 (par exemple, une lettre envoy\u00e9e par la poste ou un courrier \u00e9lectronique). Pour ce faire, vous pouvez utiliser le mod\u00e8le de formulaire de r\u00e9tractation ci-joint, qui n&rsquo;est toutefois pas obligatoire.  Pour respecter le d\u00e9lai de r\u00e9tractation, il suffit que vous envoyiez la notification de l&rsquo;exercice du droit de r\u00e9tractation avant l&rsquo;expiration du d\u00e9lai de r\u00e9tractation.<\/p>\n\n<h2 class=\"wp-block-heading\">Cons\u00e9quences de la r\u00e9vocation<\/h2>\n\n<p>Si vous r\u00e9siliez le pr\u00e9sent contrat, nous devons rembourser tous les paiements que nous avons re\u00e7us de votre part, y compris les frais de livraison (\u00e0 l&rsquo;exception des frais suppl\u00e9mentaires r\u00e9sultant du fait que vous avez choisi un type de livraison autre que la livraison standard la moins ch\u00e8re que nous proposons), sans d\u00e9lai et au plus tard dans les quatorze jours suivant le jour o\u00f9 nous avons re\u00e7u la notification de votre r\u00e9siliation du pr\u00e9sent contrat.<\/p>\n\n<p>Pour ce remboursement, nous utilisons le m\u00eame moyen de paiement que celui que vous avez utilis\u00e9 pour la transaction initiale, sauf accord contraire expr\u00e8s avec vous ; en aucun cas, ce remboursement ne vous sera factur\u00e9. Nous pouvons refuser le remboursement tant que nous n&rsquo;avons pas re\u00e7u les marchandises ou tant que vous n&rsquo;avez pas fourni la preuve que vous avez renvoy\u00e9 les marchandises, la date la plus proche \u00e9tant retenue.<\/p>\n\n<p>Vous devez nous retourner ou nous remettre les marchandises imm\u00e9diatement et, en tout \u00e9tat de cause, au plus tard dans les quatorze jours \u00e0 compter de la date \u00e0 laquelle vous nous avez notifi\u00e9 l&rsquo;annulation du pr\u00e9sent contrat. Le d\u00e9lai est respect\u00e9 si vous envoyez les marchandises avant l&rsquo;expiration du d\u00e9lai de quatorze jours. Les frais directs de renvoi des marchandises sont \u00e0 votre charge. Vous ne devez payer pour toute perte de valeur des marchandises que si cette perte de valeur est due \u00e0 une manipulation des marchandises qui n&rsquo;est pas n\u00e9cessaire pour tester la qualit\u00e9, les caract\u00e9ristiques et le fonctionnement des marchandises.<\/p>\n\n<h2 class=\"wp-block-heading\">Motifs d&rsquo;exclusion ou d&rsquo;extinction<\/h2>\n\n<p>Le droit de r\u00e9tractation ne s&rsquo;applique pas aux contrats de fourniture de biens qui ne sont pas pr\u00e9fabriqu\u00e9s et pour la fabrication desquels le choix ou la d\u00e9termination individuels du consommateur sont d\u00e9terminants ou qui sont clairement adapt\u00e9s aux besoins personnels du consommateur (par exemple, marchandises au m\u00e8tre, tissus sur mesure).<\/p>\n\n<hr class=\"wp-block-separator has-alpha-channel-opacity\"\/>\n\n<h2 class=\"wp-block-heading\">Mod\u00e8le de formulaire d&rsquo;annulation<\/h2>\n\n<p>(Si vous souhaitez annuler le contrat, veuillez remplir ce formulaire et nous l&rsquo;envoyer \ud83d\ude42<\/p>\n\n<p>A<strong>:TuchundStoff, Lucia Hohl, Am Hegbach 22, 64546 M\u00f6rfelden-WalldorfE-Mail : kurier@tuchundstoff.de<\/strong><\/p>\n\n<p>Par la pr\u00e9sente, je\/nous (<em>)<\/em> r\u00e9voque(ons)<em> le<\/em> contrat<em> que j&rsquo;ai\/nous avons (<\/em>) conclu pour l&rsquo;achat des marchandises suivantes (<em>)\/la fourniture du service suivant (<\/em>)<\/p>\n\n<p>Command\u00e9 le (<em>)\/re\u00e7u le (<\/em>) Nom du\/des consommateur(s) Adresse du\/des consommateur(s) Signature du\/des consommateur(s) (uniquement en cas de communication sur papier) Date<\/p>\n","protected":false},"excerpt":{"rendered":"<p>Vous avez le droit de r\u00e9silier ce contrat dans un d\u00e9lai de quatorze jours sans donner de raison. Le d\u00e9lai de r\u00e9vocation est de quatorze jours \u00e0 compter du jour o\u00f9 vous ou un tiers d\u00e9sign\u00e9 par vous, qui n&rsquo;est pas le transporteur, avez pris ou pris possession des marchandises. Pour exercer votre droit de r\u00e9tractation, vous devez nous contacter : TuchundStoffLucia HohlAm Hegbach 2264546 M\u00f6rfelden-WalldorfT\u00e9l. : +49 (0) 6105 &#8230; <\/p>\n<p class=\"read-more-container\"><a title=\"Politique d&rsquo;annulation\" class=\"read-more button\" href=\"https:\/\/tuchundstoff.shop\/fr\/politique-dannulation\/#more-8279\" aria-label=\"En savoir plus sur Politique d&rsquo;annulation\">Weiterlesen<\/a><\/p>\n","protected":false},"author":1,"featured_media":0,"parent":0,"menu_order":0,"comment_status":"closed","ping_status":"closed","template":"","meta":{"ngg_post_thumbnail":0,"footnotes":""},"class_list":["post-8279","page","type-page","status-publish"],"yoast_head":"<!-- This site is optimized with the Yoast SEO plugin v27.2 - https:\/\/yoast.com\/product\/yoast-seo-wordpress\/ -->\n<title>Politique d&#039;annulation - TuchundStoff<\/title>\n<meta name=\"robots\" content=\"index, follow, max-snippet:-1, max-image-preview:large, max-video-preview:-1\" \/>\n<link rel=\"canonical\" href=\"https:\/\/tuchundstoff.shop\/fr\/politique-dannulation\/\" \/>\n<meta property=\"og:locale\" content=\"fr_FR\" \/>\n<meta property=\"og:type\" content=\"article\" \/>\n<meta property=\"og:title\" content=\"Politique d&#039;annulation - TuchundStoff\" \/>\n<meta property=\"og:description\" content=\"Vous avez le droit de r\u00e9silier ce contrat dans un d\u00e9lai de quatorze jours sans donner de raison. Le d\u00e9lai de r\u00e9vocation est de quatorze jours \u00e0 compter du jour o\u00f9 vous ou un tiers d\u00e9sign\u00e9 par vous, qui n&rsquo;est pas le transporteur, avez pris ou pris possession des marchandises. Pour exercer votre droit de r\u00e9tractation, vous devez nous contacter : TuchundStoffLucia HohlAm Hegbach 2264546 M\u00f6rfelden-WalldorfT\u00e9l. : +49 (0) 6105 ... Weiterlesen\" \/>\n<meta property=\"og:url\" content=\"https:\/\/tuchundstoff.shop\/fr\/politique-dannulation\/\" \/>\n<meta property=\"og:site_name\" content=\"TuchundStoff\" \/>\n<meta property=\"article:modified_time\" content=\"2026-02-05T14:31:39+00:00\" \/>\n<script type=\"application\/ld+json\" class=\"yoast-schema-graph\">{\"@context\":\"https:\/\/schema.org\",\"@graph\":[{\"@type\":\"WebPage\",\"@id\":\"https:\/\/tuchundstoff.shop\/fr\/politique-dannulation\/\",\"url\":\"https:\/\/tuchundstoff.shop\/fr\/politique-dannulation\/\",\"name\":\"Politique d'annulation - TuchundStoff\",\"isPartOf\":{\"@id\":\"https:\/\/tuchundstoff.shop\/#website\"},\"datePublished\":\"2019-04-08T13:40:38+00:00\",\"dateModified\":\"2026-02-05T14:31:39+00:00\",\"breadcrumb\":{\"@id\":\"https:\/\/tuchundstoff.shop\/fr\/politique-dannulation\/#breadcrumb\"},\"inLanguage\":\"fr-FR\",\"potentialAction\":[{\"@type\":\"ReadAction\",\"target\":[\"https:\/\/tuchundstoff.shop\/fr\/politique-dannulation\/\"]}]},{\"@type\":\"BreadcrumbList\",\"@id\":\"https:\/\/tuchundstoff.shop\/fr\/politique-dannulation\/#breadcrumb\",\"itemListElement\":[{\"@type\":\"ListItem\",\"position\":1,\"name\":\"Startseite\",\"item\":\"https:\/\/tuchundstoff.shop\/fr\/des-tissus-de-qualite-pour-une-mode-contemporaine-et-une-histoire-vecue-100-naturel\/\"},{\"@type\":\"ListItem\",\"position\":2,\"name\":\"Politique d&#8217;annulation\"}]},{\"@type\":\"WebSite\",\"@id\":\"https:\/\/tuchundstoff.shop\/#website\",\"url\":\"https:\/\/tuchundstoff.shop\/\",\"name\":\"TuchundStoff\",\"description\":\"Qualit\u00e4tsstoffe f\u00fcr zeitgen\u00f6ssische Mode und gelebte Geschichte \u2013 100% Natur\",\"publisher\":{\"@id\":\"https:\/\/tuchundstoff.shop\/#organization\"},\"potentialAction\":[{\"@type\":\"SearchAction\",\"target\":{\"@type\":\"EntryPoint\",\"urlTemplate\":\"https:\/\/tuchundstoff.shop\/?s={search_term_string}\"},\"query-input\":{\"@type\":\"PropertyValueSpecification\",\"valueRequired\":true,\"valueName\":\"search_term_string\"}}],\"inLanguage\":\"fr-FR\"},{\"@type\":\"Organization\",\"@id\":\"https:\/\/tuchundstoff.shop\/#organization\",\"name\":\"TuchundStoff\",\"url\":\"https:\/\/tuchundstoff.shop\/\",\"logo\":{\"@type\":\"ImageObject\",\"inLanguage\":\"fr-FR\",\"@id\":\"https:\/\/tuchundstoff.shop\/#\/schema\/logo\/image\/\",\"url\":\"https:\/\/tuchundstoff.shop\/wp-content\/uploads\/2021\/11\/Tus-Logo22-QfA-shop-V2-1.png\",\"contentUrl\":\"https:\/\/tuchundstoff.shop\/wp-content\/uploads\/2021\/11\/Tus-Logo22-QfA-shop-V2-1.png\",\"width\":485,\"height\":110,\"caption\":\"TuchundStoff\"},\"image\":{\"@id\":\"https:\/\/tuchundstoff.shop\/#\/schema\/logo\/image\/\"}}]}<\/script>\n<!-- \/ Yoast SEO plugin. -->","yoast_head_json":{"title":"Politique d'annulation - TuchundStoff","robots":{"index":"index","follow":"follow","max-snippet":"max-snippet:-1","max-image-preview":"max-image-preview:large","max-video-preview":"max-video-preview:-1"},"canonical":"https:\/\/tuchundstoff.shop\/fr\/politique-dannulation\/","og_locale":"fr_FR","og_type":"article","og_title":"Politique d'annulation - TuchundStoff","og_description":"Vous avez le droit de r\u00e9silier ce contrat dans un d\u00e9lai de quatorze jours sans donner de raison. Le d\u00e9lai de r\u00e9vocation est de quatorze jours \u00e0 compter du jour o\u00f9 vous ou un tiers d\u00e9sign\u00e9 par vous, qui n&rsquo;est pas le transporteur, avez pris ou pris possession des marchandises. Pour exercer votre droit de r\u00e9tractation, vous devez nous contacter : TuchundStoffLucia HohlAm Hegbach 2264546 M\u00f6rfelden-WalldorfT\u00e9l. : +49 (0) 6105 ... Weiterlesen","og_url":"https:\/\/tuchundstoff.shop\/fr\/politique-dannulation\/","og_site_name":"TuchundStoff","article_modified_time":"2026-02-05T14:31:39+00:00","schema":{"@context":"https:\/\/schema.org","@graph":[{"@type":"WebPage","@id":"https:\/\/tuchundstoff.shop\/fr\/politique-dannulation\/","url":"https:\/\/tuchundstoff.shop\/fr\/politique-dannulation\/","name":"Politique d'annulation - TuchundStoff","isPartOf":{"@id":"https:\/\/tuchundstoff.shop\/#website"},"datePublished":"2019-04-08T13:40:38+00:00","dateModified":"2026-02-05T14:31:39+00:00","breadcrumb":{"@id":"https:\/\/tuchundstoff.shop\/fr\/politique-dannulation\/#breadcrumb"},"inLanguage":"fr-FR","potentialAction":[{"@type":"ReadAction","target":["https:\/\/tuchundstoff.shop\/fr\/politique-dannulation\/"]}]},{"@type":"BreadcrumbList","@id":"https:\/\/tuchundstoff.shop\/fr\/politique-dannulation\/#breadcrumb","itemListElement":[{"@type":"ListItem","position":1,"name":"Startseite","item":"https:\/\/tuchundstoff.shop\/fr\/des-tissus-de-qualite-pour-une-mode-contemporaine-et-une-histoire-vecue-100-naturel\/"},{"@type":"ListItem","position":2,"name":"Politique d&#8217;annulation"}]},{"@type":"WebSite","@id":"https:\/\/tuchundstoff.shop\/#website","url":"https:\/\/tuchundstoff.shop\/","name":"TuchundStoff","description":"Qualit\u00e4tsstoffe f\u00fcr zeitgen\u00f6ssische Mode und gelebte Geschichte \u2013 100% Natur","publisher":{"@id":"https:\/\/tuchundstoff.shop\/#organization"},"potentialAction":[{"@type":"SearchAction","target":{"@type":"EntryPoint","urlTemplate":"https:\/\/tuchundstoff.shop\/?s={search_term_string}"},"query-input":{"@type":"PropertyValueSpecification","valueRequired":true,"valueName":"search_term_string"}}],"inLanguage":"fr-FR"},{"@type":"Organization","@id":"https:\/\/tuchundstoff.shop\/#organization","name":"TuchundStoff","url":"https:\/\/tuchundstoff.shop\/","logo":{"@type":"ImageObject","inLanguage":"fr-FR","@id":"https:\/\/tuchundstoff.shop\/#\/schema\/logo\/image\/","url":"https:\/\/tuchundstoff.shop\/wp-content\/uploads\/2021\/11\/Tus-Logo22-QfA-shop-V2-1.png","contentUrl":"https:\/\/tuchundstoff.shop\/wp-content\/uploads\/2021\/11\/Tus-Logo22-QfA-shop-V2-1.png","width":485,"height":110,"caption":"TuchundStoff"},"image":{"@id":"https:\/\/tuchundstoff.shop\/#\/schema\/logo\/image\/"}}]}},"_links":{"self":[{"href":"https:\/\/tuchundstoff.shop\/fr\/wp-json\/wp\/v2\/pages\/8279","targetHints":{"allow":["GET"]}}],"collection":[{"href":"https:\/\/tuchundstoff.shop\/fr\/wp-json\/wp\/v2\/pages"}],"about":[{"href":"https:\/\/tuchundstoff.shop\/fr\/wp-json\/wp\/v2\/types\/page"}],"author":[{"embeddable":true,"href":"https:\/\/tuchundstoff.shop\/fr\/wp-json\/wp\/v2\/users\/1"}],"replies":[{"embeddable":true,"href":"https:\/\/tuchundstoff.shop\/fr\/wp-json\/wp\/v2\/comments?post=8279"}],"version-history":[{"count":3,"href":"https:\/\/tuchundstoff.shop\/fr\/wp-json\/wp\/v2\/pages\/8279\/revisions"}],"predecessor-version":[{"id":18301,"href":"https:\/\/tuchundstoff.shop\/fr\/wp-json\/wp\/v2\/pages\/8279\/revisions\/18301"}],"wp:attachment":[{"href":"https:\/\/tuchundstoff.shop\/fr\/wp-json\/wp\/v2\/media?parent=8279"}],"curies":[{"name":"wp","href":"https:\/\/api.w.org\/{rel}","templated":true}]}}