{"id":8079,"date":"2019-04-08T15:40:38","date_gmt":"2019-04-08T13:40:38","guid":{"rendered":"https:\/\/tuchundstoff.de\/frais-dexpedition\/"},"modified":"2026-03-29T04:32:46","modified_gmt":"2026-03-29T03:32:46","slug":"frais-dexpedition","status":"publish","type":"page","link":"https:\/\/tuchundstoff.shop\/fr\/frais-dexpedition\/","title":{"rendered":"Frais d&rsquo;exp\u00e9dition"},"content":{"rendered":"\n<p><strong><em><a href=\"https:\/\/www.dhl.de\/aktuelles\" target=\"_blank\" rel=\"noopener\">Informations actuelles<\/a> sur l\u2019impact des \u00e9v\u00e9nements nationaux et internationaux sur la navigation<\/em><\/strong><\/p>\n\n<p><strong>Nos tarifs forfaitaires pour l&rsquo;exp\u00e9dition et la manutention comprennent les frais d&rsquo;exp\u00e9dition et d&#8217;emballage.<\/strong><\/p>\n\n<p>Sauf demande expresse contraire, nous exp\u00e9dions avec Deutsche Post \/ DHL.<br\/>Pour les poids sup\u00e9rieurs \u00e0 10 kg ou les marchandises encombrantes, nous nous r\u00e9servons le droit de facturer les co\u00fbts r\u00e9els.<\/p>\n\n<ul class=\"wp-block-list\">\n<li><strong>Allemagne \u2013 Tarif forfaitaire de livraison 5,80 \u20ac plus 19 % de TVA = 7,50 \u20ac <\/strong><\/li>\n\n\n\n<li><strong>Europe<\/strong> \u2013  <strong>Frais forfaitaire de livraison 16,00 \u20ac &#8211; 19,00 \u20ac plus frais de port TVA. (TVA)<\/strong><\/li>\n\n\n\n<li><strong>Am\u00e9rique du Nord ; \u00c9tats-Unis &#8211; Frais forfaitaires de livraison 45,00 \u20ac + frais suppl\u00e9mentaires courants 20,00 \u20ac<br\/><\/strong><\/li>\n<\/ul>\n\n<p>Autres pays sur demande.<\/p>\n\n<p><a href=\"http:\/\/www.deutschepost.de\/preise\" target=\"_blank\" rel=\"noreferrer noopener\" aria-label=\"HIER (&#xF6;ffnet in neuem Tab)\">Liste des prix de DHL<\/a><\/p>\n\n<h2 class=\"wp-block-heading\"><strong>Changement important par rapport au 31.03.2026 : Frais d\u2019exp\u00e9dition \u00e9quitables et bas\u00e9s sur le poids<\/strong><\/h2>\n\n<p>Afin de rendre l\u2019exp\u00e9dition plus \u00e9quitable et plus transparente pour vous, nous passerons des frais d\u2019exp\u00e9dition fixes \u00e0 un calcul exact bas\u00e9 sur le poids r\u00e9el \u00e0 partir du 31.03.2026.<\/p>\n\n<ul class=\"wp-block-list\">\n<li><strong>Vous ne payez que pour ce que cela p\u00e8se vraiment :<\/strong> Au lieu d\u2019un tarif fixe rigide, nous facturons d\u00e9sormais exactement les frais de port que DHL facture pour le poids total de vos tissus command\u00e9s (carton inclus 600g). Les petites commandes restent bon march\u00e9, les grosses commandes sont calcul\u00e9es de mani\u00e8re \u00e9quitable et automatique selon les tarifs officiels DHL. <\/li>\n\n\n\n<li><strong>Toujours le meilleur tarif :<\/strong> Notre syst\u00e8me \u00e9value votre commande virtuellement en arri\u00e8re-plan et s\u00e9lectionne automatiquement le colis appropri\u00e9 pour votre pays de destination.<\/li>\n\n\n\n<li><strong>Transparence totale :<\/strong> Vous n\u2019avez rien \u00e0 calculer vous-m\u00eame. Les frais d\u2019exp\u00e9dition exacts pour votre commande individuelle sont toujours affich\u00e9s de mani\u00e8re transparente dans le panier avant de passer \u00e0 la caisse. <\/li>\n<\/ul>\n\n<p><em>Cette r\u00e9glementation s\u2019applique \u00e0 tous les envois \u00e0 l\u2019int\u00e9rieur de l\u2019Allemagne ainsi qu\u2019aux exp\u00e9ditions internationales.<\/em><\/p>\n\n<p><\/p>\n","protected":false},"excerpt":{"rendered":"<p>Informations actuelles sur l\u2019impact des \u00e9v\u00e9nements nationaux et internationaux sur la navigation Nos tarifs forfaitaires pour l&rsquo;exp\u00e9dition et la manutention comprennent les frais d&rsquo;exp\u00e9dition et d&#8217;emballage. Sauf demande expresse contraire, nous exp\u00e9dions avec Deutsche Post \/ DHL.Pour les poids sup\u00e9rieurs \u00e0 10 kg ou les marchandises encombrantes, nous nous r\u00e9servons le droit de facturer les co\u00fbts r\u00e9els. Autres pays sur demande. Liste des prix de DHL Changement important par rapport &#8230; <\/p>\n<p class=\"read-more-container\"><a title=\"Frais d&rsquo;exp\u00e9dition\" class=\"read-more button\" href=\"https:\/\/tuchundstoff.shop\/fr\/frais-dexpedition\/#more-8079\" aria-label=\"En savoir plus sur Frais d&rsquo;exp\u00e9dition\">Weiterlesen<\/a><\/p>\n","protected":false},"author":1,"featured_media":0,"parent":0,"menu_order":0,"comment_status":"closed","ping_status":"closed","template":"","meta":{"ngg_post_thumbnail":0,"footnotes":""},"class_list":["post-8079","page","type-page","status-publish"],"yoast_head":"<!-- This site is optimized with the Yoast SEO plugin v27.2 - https:\/\/yoast.com\/product\/yoast-seo-wordpress\/ -->\n<title>Frais d&#039;exp\u00e9dition - TuchundStoff<\/title>\n<meta name=\"robots\" content=\"index, follow, max-snippet:-1, max-image-preview:large, max-video-preview:-1\" \/>\n<link rel=\"canonical\" href=\"https:\/\/tuchundstoff.shop\/fr\/frais-dexpedition\/\" \/>\n<meta property=\"og:locale\" content=\"fr_FR\" \/>\n<meta property=\"og:type\" content=\"article\" \/>\n<meta property=\"og:title\" content=\"Frais d&#039;exp\u00e9dition - TuchundStoff\" \/>\n<meta property=\"og:description\" content=\"Informations actuelles sur l\u2019impact des \u00e9v\u00e9nements nationaux et internationaux sur la navigation Nos tarifs forfaitaires pour l&rsquo;exp\u00e9dition et la manutention comprennent les frais d&rsquo;exp\u00e9dition et d&#8217;emballage. Sauf demande expresse contraire, nous exp\u00e9dions avec Deutsche Post \/ DHL.Pour les poids sup\u00e9rieurs \u00e0 10 kg ou les marchandises encombrantes, nous nous r\u00e9servons le droit de facturer les co\u00fbts r\u00e9els. Autres pays sur demande. Liste des prix de DHL Changement important par rapport ... Weiterlesen\" \/>\n<meta property=\"og:url\" content=\"https:\/\/tuchundstoff.shop\/fr\/frais-dexpedition\/\" \/>\n<meta property=\"og:site_name\" content=\"TuchundStoff\" \/>\n<meta property=\"article:modified_time\" content=\"2026-03-29T02:32:46+00:00\" \/>\n<script type=\"application\/ld+json\" class=\"yoast-schema-graph\">{\"@context\":\"https:\/\/schema.org\",\"@graph\":[{\"@type\":\"WebPage\",\"@id\":\"https:\/\/tuchundstoff.shop\/fr\/frais-dexpedition\/\",\"url\":\"https:\/\/tuchundstoff.shop\/fr\/frais-dexpedition\/\",\"name\":\"Frais d'exp\u00e9dition - TuchundStoff\",\"isPartOf\":{\"@id\":\"https:\/\/tuchundstoff.shop\/#website\"},\"datePublished\":\"2019-04-08T13:40:38+00:00\",\"dateModified\":\"2026-03-29T02:32:46+00:00\",\"breadcrumb\":{\"@id\":\"https:\/\/tuchundstoff.shop\/fr\/frais-dexpedition\/#breadcrumb\"},\"inLanguage\":\"fr-FR\",\"potentialAction\":[{\"@type\":\"ReadAction\",\"target\":[\"https:\/\/tuchundstoff.shop\/fr\/frais-dexpedition\/\"]}]},{\"@type\":\"BreadcrumbList\",\"@id\":\"https:\/\/tuchundstoff.shop\/fr\/frais-dexpedition\/#breadcrumb\",\"itemListElement\":[{\"@type\":\"ListItem\",\"position\":1,\"name\":\"Startseite\",\"item\":\"https:\/\/tuchundstoff.shop\/fr\/des-tissus-de-qualite-pour-une-mode-contemporaine-et-une-histoire-vecue-100-naturel\/\"},{\"@type\":\"ListItem\",\"position\":2,\"name\":\"Frais d&#8217;exp\u00e9dition\"}]},{\"@type\":\"WebSite\",\"@id\":\"https:\/\/tuchundstoff.shop\/#website\",\"url\":\"https:\/\/tuchundstoff.shop\/\",\"name\":\"TuchundStoff\",\"description\":\"Qualit\u00e4tsstoffe f\u00fcr zeitgen\u00f6ssische Mode und gelebte Geschichte \u2013 100% Natur\",\"publisher\":{\"@id\":\"https:\/\/tuchundstoff.shop\/#organization\"},\"potentialAction\":[{\"@type\":\"SearchAction\",\"target\":{\"@type\":\"EntryPoint\",\"urlTemplate\":\"https:\/\/tuchundstoff.shop\/?s={search_term_string}\"},\"query-input\":{\"@type\":\"PropertyValueSpecification\",\"valueRequired\":true,\"valueName\":\"search_term_string\"}}],\"inLanguage\":\"fr-FR\"},{\"@type\":\"Organization\",\"@id\":\"https:\/\/tuchundstoff.shop\/#organization\",\"name\":\"TuchundStoff\",\"url\":\"https:\/\/tuchundstoff.shop\/\",\"logo\":{\"@type\":\"ImageObject\",\"inLanguage\":\"fr-FR\",\"@id\":\"https:\/\/tuchundstoff.shop\/#\/schema\/logo\/image\/\",\"url\":\"https:\/\/tuchundstoff.shop\/wp-content\/uploads\/2021\/11\/Tus-Logo22-QfA-shop-V2-1.png\",\"contentUrl\":\"https:\/\/tuchundstoff.shop\/wp-content\/uploads\/2021\/11\/Tus-Logo22-QfA-shop-V2-1.png\",\"width\":485,\"height\":110,\"caption\":\"TuchundStoff\"},\"image\":{\"@id\":\"https:\/\/tuchundstoff.shop\/#\/schema\/logo\/image\/\"}}]}<\/script>\n<!-- \/ Yoast SEO plugin. -->","yoast_head_json":{"title":"Frais d'exp\u00e9dition - TuchundStoff","robots":{"index":"index","follow":"follow","max-snippet":"max-snippet:-1","max-image-preview":"max-image-preview:large","max-video-preview":"max-video-preview:-1"},"canonical":"https:\/\/tuchundstoff.shop\/fr\/frais-dexpedition\/","og_locale":"fr_FR","og_type":"article","og_title":"Frais d'exp\u00e9dition - TuchundStoff","og_description":"Informations actuelles sur l\u2019impact des \u00e9v\u00e9nements nationaux et internationaux sur la navigation Nos tarifs forfaitaires pour l&rsquo;exp\u00e9dition et la manutention comprennent les frais d&rsquo;exp\u00e9dition et d&#8217;emballage. Sauf demande expresse contraire, nous exp\u00e9dions avec Deutsche Post \/ DHL.Pour les poids sup\u00e9rieurs \u00e0 10 kg ou les marchandises encombrantes, nous nous r\u00e9servons le droit de facturer les co\u00fbts r\u00e9els. Autres pays sur demande. Liste des prix de DHL Changement important par rapport ... Weiterlesen","og_url":"https:\/\/tuchundstoff.shop\/fr\/frais-dexpedition\/","og_site_name":"TuchundStoff","article_modified_time":"2026-03-29T02:32:46+00:00","schema":{"@context":"https:\/\/schema.org","@graph":[{"@type":"WebPage","@id":"https:\/\/tuchundstoff.shop\/fr\/frais-dexpedition\/","url":"https:\/\/tuchundstoff.shop\/fr\/frais-dexpedition\/","name":"Frais d'exp\u00e9dition - TuchundStoff","isPartOf":{"@id":"https:\/\/tuchundstoff.shop\/#website"},"datePublished":"2019-04-08T13:40:38+00:00","dateModified":"2026-03-29T02:32:46+00:00","breadcrumb":{"@id":"https:\/\/tuchundstoff.shop\/fr\/frais-dexpedition\/#breadcrumb"},"inLanguage":"fr-FR","potentialAction":[{"@type":"ReadAction","target":["https:\/\/tuchundstoff.shop\/fr\/frais-dexpedition\/"]}]},{"@type":"BreadcrumbList","@id":"https:\/\/tuchundstoff.shop\/fr\/frais-dexpedition\/#breadcrumb","itemListElement":[{"@type":"ListItem","position":1,"name":"Startseite","item":"https:\/\/tuchundstoff.shop\/fr\/des-tissus-de-qualite-pour-une-mode-contemporaine-et-une-histoire-vecue-100-naturel\/"},{"@type":"ListItem","position":2,"name":"Frais d&#8217;exp\u00e9dition"}]},{"@type":"WebSite","@id":"https:\/\/tuchundstoff.shop\/#website","url":"https:\/\/tuchundstoff.shop\/","name":"TuchundStoff","description":"Qualit\u00e4tsstoffe f\u00fcr zeitgen\u00f6ssische Mode und gelebte Geschichte \u2013 100% Natur","publisher":{"@id":"https:\/\/tuchundstoff.shop\/#organization"},"potentialAction":[{"@type":"SearchAction","target":{"@type":"EntryPoint","urlTemplate":"https:\/\/tuchundstoff.shop\/?s={search_term_string}"},"query-input":{"@type":"PropertyValueSpecification","valueRequired":true,"valueName":"search_term_string"}}],"inLanguage":"fr-FR"},{"@type":"Organization","@id":"https:\/\/tuchundstoff.shop\/#organization","name":"TuchundStoff","url":"https:\/\/tuchundstoff.shop\/","logo":{"@type":"ImageObject","inLanguage":"fr-FR","@id":"https:\/\/tuchundstoff.shop\/#\/schema\/logo\/image\/","url":"https:\/\/tuchundstoff.shop\/wp-content\/uploads\/2021\/11\/Tus-Logo22-QfA-shop-V2-1.png","contentUrl":"https:\/\/tuchundstoff.shop\/wp-content\/uploads\/2021\/11\/Tus-Logo22-QfA-shop-V2-1.png","width":485,"height":110,"caption":"TuchundStoff"},"image":{"@id":"https:\/\/tuchundstoff.shop\/#\/schema\/logo\/image\/"}}]}},"_links":{"self":[{"href":"https:\/\/tuchundstoff.shop\/fr\/wp-json\/wp\/v2\/pages\/8079","targetHints":{"allow":["GET"]}}],"collection":[{"href":"https:\/\/tuchundstoff.shop\/fr\/wp-json\/wp\/v2\/pages"}],"about":[{"href":"https:\/\/tuchundstoff.shop\/fr\/wp-json\/wp\/v2\/types\/page"}],"author":[{"embeddable":true,"href":"https:\/\/tuchundstoff.shop\/fr\/wp-json\/wp\/v2\/users\/1"}],"replies":[{"embeddable":true,"href":"https:\/\/tuchundstoff.shop\/fr\/wp-json\/wp\/v2\/comments?post=8079"}],"version-history":[{"count":5,"href":"https:\/\/tuchundstoff.shop\/fr\/wp-json\/wp\/v2\/pages\/8079\/revisions"}],"predecessor-version":[{"id":19110,"href":"https:\/\/tuchundstoff.shop\/fr\/wp-json\/wp\/v2\/pages\/8079\/revisions\/19110"}],"wp:attachment":[{"href":"https:\/\/tuchundstoff.shop\/fr\/wp-json\/wp\/v2\/media?parent=8079"}],"curies":[{"name":"wp","href":"https:\/\/api.w.org\/{rel}","templated":true}]}}