{"id":6643,"date":"2018-11-27T16:51:00","date_gmt":"2018-11-27T15:51:00","guid":{"rendered":"https:\/\/tuchundstoff.de\/informations\/conseils-litteratures\/"},"modified":"2026-04-23T18:15:16","modified_gmt":"2026-04-23T16:15:16","slug":"conseils-litteratures","status":"publish","type":"page","link":"https:\/\/tuchundstoff.shop\/fr\/conseils-litteratures\/","title":{"rendered":"Conseils de litt\u00e9rature"},"content":{"rendered":"\n<p>Confectionner une robe historique n\u2019est pas si difficile ! Des patrons simples pour d\u00e9butants sont disponibles chez <a href=\"https:\/\/www.burdastyle.de\/shop\/schnittmuster\/damen\/bekleidung\/historische-kostueme?page=1\" target=\"_blank\" rel=\"noreferrer noopener\">Burda<\/a>, par exemple. Des livres contenant des informations d\u00e9taill\u00e9es sur les costumes de votre classe choisie par \u00e9poque et r\u00e9gion se trouvent dans cette liste. On peut commander dans n\u2019importe quelle <a href=\"https:\/\/www.buchhandlung-finden.de\/\" target=\"_blank\" rel=\"noreferrer noopener\">bonne librairie locale<\/a> (ce n\u2019est pas oblig\u00e9 d\u2019\u00eatre le grand d\u00e9taillant internet !)   <\/p>\n\n<h2 class=\"wp-block-heading\">Allemand<\/h2>\n\n<p>Tissus color\u00e9s \u2013 M\u00e9tal brillant : Celtes anciens de la p\u00e9riode de Hallstatt par le Heuneburg Museum (\u00c9diteur)<\/p>\n\n<p>Confectionner ses propres v\u00eatements du Moyen \u00c2ge \u2013 costumes des Vikings par Carola Adler<\/p>\n\n<p>Confection de ses propres v\u00eatements du Moyen \u00c2ge \u2013 \u00e9quipement de base pour l\u2019homme von Zerkowski\/Fuhrmann<\/p>\n\n<p>Confection de ses propres v\u00eatements du Moyen \u00c2ge \u2013 \u00e9quipement de base pour l\u2019\u00e9pouse de Zerkowski\/Fuhrmann<\/p>\n\n<p>Comment fabriquer ses propres v\u00eatements m\u00e9di\u00e9vaux \u2013 Couvre-chef pour hommes et femmes par Susanne Leuner<\/p>\n\n<p>Les v\u00eatements au Moyen \u00c2ge : mat\u00e9riaux \u2013 Construction \u2013 Technique de couture par Katrin Kania<\/p>\n\n<p>V\u00eatements et armes du gothique ancien et haut 1150 \u2013 1320 par Ulrich Lehnart<\/p>\n\n<p>V\u00eatements et armes de la fin de la p\u00e9riode gothique : 1370-1420 par Ulrich Lehnart<\/p>\n\n<p id=\"title\">V\u00eatements et armes de la p\u00e9riode gothique tardive 1420-1480 par Ulrich Lehnart<\/p>\n\n<p>Couture m\u00e9di\u00e9vale par Sarah Thursfield<\/p>\n\n<p>La mode au Moyen \u00c2ge par Jan Keupp<\/p>\n\n<p>L\u2019art textile pr\u00e9historique en Europe centrale par Karina Gr\u00f6mer<\/p>\n\n<p>Textiles et costumes traditionnels \u00e0 Hedeby et Schleswig par Inga H\u00e4gg<\/p>\n\n<p>Vers 1504 \u2013 Les v\u00eatements \u2013 l\u2019\u00e9quipement de base d\u2019I.G. Gewand Bretten <a href=\"https:\/\/www.um1504.de\/\" target=\"_blank\" rel=\"noreferrer noopener\">sont \u00e9galement disponibles en ligne<\/a> !<\/p>\n\n<p>L\u2019art de teindre avec des tissus naturels par Nencki Lydie<\/p>\n\n<p>Bon mat\u00e9riel de l\u2019\u00e9poque hans\u00e9atique \u00e0 nos jours \u2013 magazine compagnon de l\u2019exposition au <a href=\"https:\/\/guterstoff.hansemuseum.eu\/#begleitmagazin\" target=\"_blank\" rel=\"noreferrer noopener\">Hansemuseum europ\u00e9en de L\u00fcbeck<\/a><\/p>\n\n<h2 class=\"wp-block-heading\">English<\/h2>\n\n<p>V\u00eatements m\u00e9di\u00e9vaux reconstruits par Else \u00d8sterg\u00e5rd<\/p>\n\n<p>Textiles et v\u00eatements 1150-1450 par Elisabeth Crowfoot u.a.<\/p>\n\n<p>L\u2019Assistant du tailleur m\u00e9di\u00e9val : V\u00eatements communs 1100-1480 par Sarah Thursfield<\/p>\n\n<p>Viking : V\u00eatement de habillage par Nille Glaesel<\/p>\n\n<p>Tiss\u00e9 dans la terre par Else \u00d8sterg\u00e5rd<\/p>\n\n<p>Patrons pour costumes de th\u00e9\u00e2tre : V\u00eatements : Moulures et accessoires de l\u2019\u00c9gypte ancienne jusqu\u2019en 1915<br\/>par Katherine Strand Holkeboer, Katherine Strand-Evans<\/p>\n\n<div style=\"height:100px\" aria-hidden=\"true\" class=\"wp-block-spacer\"><\/div>\n\n<p><strong>Soutenez le march\u00e9 local : <\/strong><a href=\"https:\/\/www.buchhandlung-finden.de\/\" target=\"_blank\" rel=\"noreferrer noopener\"><strong>Trouvez une librairie<\/strong><\/a><\/p>\n\n<p>Un grand merci pour leur aide \u00e0 la compilation de cette liste \u00e0 Birgit Lichte-Steeger, Che Nupet, Chris Ken Del, Hildegunst von Mythenmetz, Karin et Toni Wolmeringer, Milan Kl, Ramona Lachmann, Svala Rau\u00f0isdottir, Julia Haug, la Dre Melanie Burgemeister et tous ceux que nous avons d\u00e9sormais oubli\u00e9s.<\/p>\n\n<p>Nous attendons avec impatience d\u2019autres recommandations !<\/p>\n","protected":false},"excerpt":{"rendered":"<p>Confectionner une robe historique n\u2019est pas si difficile ! Des patrons simples pour d\u00e9butants sont disponibles chez Burda, par exemple. Des livres contenant des informations d\u00e9taill\u00e9es sur les costumes de votre classe choisie par \u00e9poque et r\u00e9gion se trouvent dans cette liste. On peut commander dans n\u2019importe quelle bonne librairie locale (ce n\u2019est pas oblig\u00e9 d\u2019\u00eatre le grand d\u00e9taillant internet !) Allemand Tissus color\u00e9s \u2013 M\u00e9tal brillant : Celtes anciens &#8230; <\/p>\n<p class=\"read-more-container\"><a title=\"Conseils de litt\u00e9rature\" class=\"read-more button\" href=\"https:\/\/tuchundstoff.shop\/fr\/conseils-litteratures\/#more-6643\" aria-label=\"En savoir plus sur Conseils de litt\u00e9rature\">Weiterlesen<\/a><\/p>\n","protected":false},"author":1,"featured_media":6645,"parent":0,"menu_order":3,"comment_status":"open","ping_status":"closed","template":"","meta":{"_seopress_robots_primary_cat":"0","_seopress_titles_title":"Conseils litt\u00e9raires pour la confection historique | Tissu et tissu","_seopress_titles_desc":"Nos recommandations de livres sur les motifs historiques, l\u2019artisanat et la science textile. Parfait pour la reconstitution, le LARP et les couturi\u00e8res enthousiastes.","_seopress_robots_index":"","ngg_post_thumbnail":0,"footnotes":""},"class_list":{"0":"post-6643","1":"page","2":"type-page","3":"status-publish","4":"has-post-thumbnail","6":"resize-featured-image"},"_links":{"self":[{"href":"https:\/\/tuchundstoff.shop\/fr\/wp-json\/wp\/v2\/pages\/6643","targetHints":{"allow":["GET"]}}],"collection":[{"href":"https:\/\/tuchundstoff.shop\/fr\/wp-json\/wp\/v2\/pages"}],"about":[{"href":"https:\/\/tuchundstoff.shop\/fr\/wp-json\/wp\/v2\/types\/page"}],"author":[{"embeddable":true,"href":"https:\/\/tuchundstoff.shop\/fr\/wp-json\/wp\/v2\/users\/1"}],"replies":[{"embeddable":true,"href":"https:\/\/tuchundstoff.shop\/fr\/wp-json\/wp\/v2\/comments?post=6643"}],"version-history":[{"count":4,"href":"https:\/\/tuchundstoff.shop\/fr\/wp-json\/wp\/v2\/pages\/6643\/revisions"}],"predecessor-version":[{"id":19373,"href":"https:\/\/tuchundstoff.shop\/fr\/wp-json\/wp\/v2\/pages\/6643\/revisions\/19373"}],"wp:featuredmedia":[{"embeddable":true,"href":"https:\/\/tuchundstoff.shop\/fr\/wp-json\/wp\/v2\/media\/6645"}],"wp:attachment":[{"href":"https:\/\/tuchundstoff.shop\/fr\/wp-json\/wp\/v2\/media?parent=6643"}],"curies":[{"name":"wp","href":"https:\/\/api.w.org\/{rel}","templated":true}]}}