{"id":6625,"date":"2019-08-10T00:52:34","date_gmt":"2019-08-09T22:52:34","guid":{"rendered":"https:\/\/tuchundstoff.de\/informations\/instructions-dentretien\/"},"modified":"2026-04-22T00:31:41","modified_gmt":"2026-04-21T22:31:41","slug":"instructions-dentretien","status":"publish","type":"page","link":"https:\/\/tuchundstoff.shop\/fr\/instructions-dentretien\/","title":{"rendered":"Conseils d&rsquo;entretien"},"content":{"rendered":"\n<h2 class=\"wp-block-heading\">La laine<\/h2>\n\n<p>La laine a la merveilleuse capacit\u00e9 de se r\u00e9g\u00e9n\u00e9rer. Comme cette propri\u00e9t\u00e9 se perd avec le temps en lavant m\u00eame avec des d\u00e9tergents lain\u00e9s, nous recommandons de laver les tissus lain\u00e9s le moins possible.  Un brossage et une a\u00e9ration suffisent g\u00e9n\u00e9ralement. Si n\u00e9cessaire, nos tissus en laine peuvent aussi \u00eatre lav\u00e9s en cycle de lavage avec de la lessive \u00e0 laine dans la machine \u00e0 15 degr\u00e9s. Ne tourne jamais !<br\/>S\u2019ils sont r\u00e9cents, il suffit de les tirer \u00e0 la main \u00e0 travers de l\u2019eau froide si n\u00e9cessaire.<br\/>Ne les suspendez pas au soleil pour les faire s\u00e9cher ou, mieux encore, ne les d\u00e9posez. <\/p>\n\n<h2 class=\"wp-block-heading\">Lin<\/h2>\n\n<p>Terminez le lin avant de le traiter pour le prot\u00e9ger de l\u2019effilochement. Ensuite, lavez \u00e0 60 degr\u00e9s (naturel) ou 40 degr\u00e9s (color\u00e9) dans la machine \u00e0 laver. Le lin fin ne doit \u00eatre lav\u00e9 que lors d\u2019un cycle d\u00e9licat.   Il en va de m\u00eame ici: ne pas s\u00e9cher au soleil!<\/p>\n","protected":false},"excerpt":{"rendered":"<p>La laine La laine a la merveilleuse capacit\u00e9 de se r\u00e9g\u00e9n\u00e9rer. Comme cette propri\u00e9t\u00e9 se perd avec le temps en lavant m\u00eame avec des d\u00e9tergents lain\u00e9s, nous recommandons de laver les tissus lain\u00e9s le moins possible. Un brossage et une a\u00e9ration suffisent g\u00e9n\u00e9ralement. Si n\u00e9cessaire, nos tissus en laine peuvent aussi \u00eatre lav\u00e9s en cycle de lavage avec de la lessive \u00e0 laine dans la machine \u00e0 15 degr\u00e9s. Ne &#8230; <\/p>\n<p class=\"read-more-container\"><a title=\"Conseils d&rsquo;entretien\" class=\"read-more button\" href=\"https:\/\/tuchundstoff.shop\/fr\/instructions-dentretien\/#more-6625\" aria-label=\"En savoir plus sur Conseils d&rsquo;entretien\">Weiterlesen<\/a><\/p>\n","protected":false},"author":1,"featured_media":0,"parent":0,"menu_order":2,"comment_status":"closed","ping_status":"closed","template":"","meta":{"ngg_post_thumbnail":0,"footnotes":""},"class_list":["post-6625","page","type-page","status-publish"],"yoast_head":"<!-- This site is optimized with the Yoast SEO plugin v27.2 - https:\/\/yoast.com\/product\/yoast-seo-wordpress\/ -->\n<title>Instructions d\u2019entretien pour la laine, le lin et le loden | Tissu et tissu<\/title>\n<meta name=\"description\" content=\"Cela maintient vos substances naturelles belles pendant longtemps. Conseils pr\u00e9cieux pour laver, s\u00e9cher et entretenir les tissus en laine, le lin pur et le loden de notre boutique.\" \/>\n<meta name=\"robots\" content=\"index, follow, max-snippet:-1, max-image-preview:large, max-video-preview:-1\" \/>\n<link rel=\"canonical\" href=\"https:\/\/tuchundstoff.shop\/fr\/instructions-dentretien\/\" \/>\n<meta property=\"og:locale\" content=\"fr_FR\" \/>\n<meta property=\"og:type\" content=\"article\" \/>\n<meta property=\"og:title\" content=\"Instructions d\u2019entretien pour la laine, le lin et le loden | Tissu et tissu\" \/>\n<meta property=\"og:description\" content=\"Cela maintient vos substances naturelles belles pendant longtemps. Conseils pr\u00e9cieux pour laver, s\u00e9cher et entretenir les tissus en laine, le lin pur et le loden de notre boutique.\" \/>\n<meta property=\"og:url\" content=\"https:\/\/tuchundstoff.shop\/fr\/instructions-dentretien\/\" \/>\n<meta property=\"og:site_name\" content=\"TuchundStoff\" \/>\n<meta property=\"article:modified_time\" content=\"2026-04-21T22:31:41+00:00\" \/>\n<script type=\"application\/ld+json\" class=\"yoast-schema-graph\">{\"@context\":\"https:\/\/schema.org\",\"@graph\":[{\"@type\":\"WebPage\",\"@id\":\"https:\/\/tuchundstoff.shop\/fr\/instructions-dentretien\/\",\"url\":\"https:\/\/tuchundstoff.shop\/fr\/instructions-dentretien\/\",\"name\":\"Instructions d\u2019entretien pour la laine, le lin et le loden | Tissu et tissu\",\"isPartOf\":{\"@id\":\"https:\/\/tuchundstoff.shop\/#website\"},\"datePublished\":\"2019-08-09T22:52:34+00:00\",\"dateModified\":\"2026-04-21T22:31:41+00:00\",\"description\":\"Cela maintient vos substances naturelles belles pendant longtemps. Conseils pr\u00e9cieux pour laver, s\u00e9cher et entretenir les tissus en laine, le lin pur et le loden de notre boutique.\",\"breadcrumb\":{\"@id\":\"https:\/\/tuchundstoff.shop\/fr\/instructions-dentretien\/#breadcrumb\"},\"inLanguage\":\"fr-FR\",\"potentialAction\":[{\"@type\":\"ReadAction\",\"target\":[\"https:\/\/tuchundstoff.shop\/fr\/instructions-dentretien\/\"]}]},{\"@type\":\"BreadcrumbList\",\"@id\":\"https:\/\/tuchundstoff.shop\/fr\/instructions-dentretien\/#breadcrumb\",\"itemListElement\":[{\"@type\":\"ListItem\",\"position\":1,\"name\":\"Startseite\",\"item\":\"https:\/\/tuchundstoff.shop\/fr\/\"},{\"@type\":\"ListItem\",\"position\":2,\"name\":\"Conseils d&#8217;entretien\"}]},{\"@type\":\"WebSite\",\"@id\":\"https:\/\/tuchundstoff.shop\/#website\",\"url\":\"https:\/\/tuchundstoff.shop\/\",\"name\":\"TuchundStoff\",\"description\":\"Qualit\u00e4tsstoffe f\u00fcr zeitgen\u00f6ssische Mode und gelebte Geschichte \u2013 100% Natur\",\"publisher\":{\"@id\":\"https:\/\/tuchundstoff.shop\/#organization\"},\"potentialAction\":[{\"@type\":\"SearchAction\",\"target\":{\"@type\":\"EntryPoint\",\"urlTemplate\":\"https:\/\/tuchundstoff.shop\/?s={search_term_string}\"},\"query-input\":{\"@type\":\"PropertyValueSpecification\",\"valueRequired\":true,\"valueName\":\"search_term_string\"}}],\"inLanguage\":\"fr-FR\"},{\"@type\":\"Organization\",\"@id\":\"https:\/\/tuchundstoff.shop\/#organization\",\"name\":\"TuchundStoff\",\"url\":\"https:\/\/tuchundstoff.shop\/\",\"logo\":{\"@type\":\"ImageObject\",\"inLanguage\":\"fr-FR\",\"@id\":\"https:\/\/tuchundstoff.shop\/#\/schema\/logo\/image\/\",\"url\":\"https:\/\/tuchundstoff.shop\/wp-content\/uploads\/2021\/11\/Tus-Logo22-QfA-shop-V2-1.png\",\"contentUrl\":\"https:\/\/tuchundstoff.shop\/wp-content\/uploads\/2021\/11\/Tus-Logo22-QfA-shop-V2-1.png\",\"width\":485,\"height\":110,\"caption\":\"TuchundStoff\"},\"image\":{\"@id\":\"https:\/\/tuchundstoff.shop\/#\/schema\/logo\/image\/\"}}]}<\/script>\n<!-- \/ Yoast SEO plugin. -->","yoast_head_json":{"title":"Instructions d\u2019entretien pour la laine, le lin et le loden | Tissu et tissu","description":"Cela maintient vos substances naturelles belles pendant longtemps. Conseils pr\u00e9cieux pour laver, s\u00e9cher et entretenir les tissus en laine, le lin pur et le loden de notre boutique.","robots":{"index":"index","follow":"follow","max-snippet":"max-snippet:-1","max-image-preview":"max-image-preview:large","max-video-preview":"max-video-preview:-1"},"canonical":"https:\/\/tuchundstoff.shop\/fr\/instructions-dentretien\/","og_locale":"fr_FR","og_type":"article","og_title":"Instructions d\u2019entretien pour la laine, le lin et le loden | Tissu et tissu","og_description":"Cela maintient vos substances naturelles belles pendant longtemps. Conseils pr\u00e9cieux pour laver, s\u00e9cher et entretenir les tissus en laine, le lin pur et le loden de notre boutique.","og_url":"https:\/\/tuchundstoff.shop\/fr\/instructions-dentretien\/","og_site_name":"TuchundStoff","article_modified_time":"2026-04-21T22:31:41+00:00","schema":{"@context":"https:\/\/schema.org","@graph":[{"@type":"WebPage","@id":"https:\/\/tuchundstoff.shop\/fr\/instructions-dentretien\/","url":"https:\/\/tuchundstoff.shop\/fr\/instructions-dentretien\/","name":"Instructions d\u2019entretien pour la laine, le lin et le loden | Tissu et tissu","isPartOf":{"@id":"https:\/\/tuchundstoff.shop\/#website"},"datePublished":"2019-08-09T22:52:34+00:00","dateModified":"2026-04-21T22:31:41+00:00","description":"Cela maintient vos substances naturelles belles pendant longtemps. Conseils pr\u00e9cieux pour laver, s\u00e9cher et entretenir les tissus en laine, le lin pur et le loden de notre boutique.","breadcrumb":{"@id":"https:\/\/tuchundstoff.shop\/fr\/instructions-dentretien\/#breadcrumb"},"inLanguage":"fr-FR","potentialAction":[{"@type":"ReadAction","target":["https:\/\/tuchundstoff.shop\/fr\/instructions-dentretien\/"]}]},{"@type":"BreadcrumbList","@id":"https:\/\/tuchundstoff.shop\/fr\/instructions-dentretien\/#breadcrumb","itemListElement":[{"@type":"ListItem","position":1,"name":"Startseite","item":"https:\/\/tuchundstoff.shop\/fr\/"},{"@type":"ListItem","position":2,"name":"Conseils d&#8217;entretien"}]},{"@type":"WebSite","@id":"https:\/\/tuchundstoff.shop\/#website","url":"https:\/\/tuchundstoff.shop\/","name":"TuchundStoff","description":"Qualit\u00e4tsstoffe f\u00fcr zeitgen\u00f6ssische Mode und gelebte Geschichte \u2013 100% Natur","publisher":{"@id":"https:\/\/tuchundstoff.shop\/#organization"},"potentialAction":[{"@type":"SearchAction","target":{"@type":"EntryPoint","urlTemplate":"https:\/\/tuchundstoff.shop\/?s={search_term_string}"},"query-input":{"@type":"PropertyValueSpecification","valueRequired":true,"valueName":"search_term_string"}}],"inLanguage":"fr-FR"},{"@type":"Organization","@id":"https:\/\/tuchundstoff.shop\/#organization","name":"TuchundStoff","url":"https:\/\/tuchundstoff.shop\/","logo":{"@type":"ImageObject","inLanguage":"fr-FR","@id":"https:\/\/tuchundstoff.shop\/#\/schema\/logo\/image\/","url":"https:\/\/tuchundstoff.shop\/wp-content\/uploads\/2021\/11\/Tus-Logo22-QfA-shop-V2-1.png","contentUrl":"https:\/\/tuchundstoff.shop\/wp-content\/uploads\/2021\/11\/Tus-Logo22-QfA-shop-V2-1.png","width":485,"height":110,"caption":"TuchundStoff"},"image":{"@id":"https:\/\/tuchundstoff.shop\/#\/schema\/logo\/image\/"}}]}},"_links":{"self":[{"href":"https:\/\/tuchundstoff.shop\/fr\/wp-json\/wp\/v2\/pages\/6625","targetHints":{"allow":["GET"]}}],"collection":[{"href":"https:\/\/tuchundstoff.shop\/fr\/wp-json\/wp\/v2\/pages"}],"about":[{"href":"https:\/\/tuchundstoff.shop\/fr\/wp-json\/wp\/v2\/types\/page"}],"author":[{"embeddable":true,"href":"https:\/\/tuchundstoff.shop\/fr\/wp-json\/wp\/v2\/users\/1"}],"replies":[{"embeddable":true,"href":"https:\/\/tuchundstoff.shop\/fr\/wp-json\/wp\/v2\/comments?post=6625"}],"version-history":[{"count":2,"href":"https:\/\/tuchundstoff.shop\/fr\/wp-json\/wp\/v2\/pages\/6625\/revisions"}],"predecessor-version":[{"id":19352,"href":"https:\/\/tuchundstoff.shop\/fr\/wp-json\/wp\/v2\/pages\/6625\/revisions\/19352"}],"wp:attachment":[{"href":"https:\/\/tuchundstoff.shop\/fr\/wp-json\/wp\/v2\/media?parent=6625"}],"curies":[{"name":"wp","href":"https:\/\/api.w.org\/{rel}","templated":true}]}}