{"id":6566,"date":"2018-04-04T15:06:37","date_gmt":"2018-04-04T13:06:37","guid":{"rendered":"https:\/\/tuchundstoff.de\/actuel\/pour-les-organisateurs\/"},"modified":"2025-03-23T21:50:31","modified_gmt":"2025-03-23T20:50:31","slug":"pour-les-organisateurs","status":"publish","type":"page","link":"https:\/\/tuchundstoff.shop\/fr\/a-propos-de-nous\/pour-les-organisateurs\/","title":{"rendered":"Pour les organisateurs"},"content":{"rendered":"\n<h2 class=\"wp-block-heading\">En tant que professionnels, nous sommes heureux de recevoir des invitations \u00e0 des \u00e9v\u00e9nements dans toute l&rsquo;Europe !<\/h2>\n\n\n\n<p>Les chances de trouver une date dans notre calendrier de tourn\u00e9e augmentent avec le nombre de visiteurs issus de notre principal groupe cible : les personnes en costume historique, les lares ou les reconstitueurs, qui ont des exigences avanc\u00e9es en mati\u00e8re de repr\u00e9sentation.<\/p>\n\n\n\n<h2 class=\"wp-block-heading\">Notre gamme de produits<\/h2>\n\n\n\n<p>Tissus et \u00e9toffes pour v\u00eatements, costumes et uniformes en fibres naturelles pures de la meilleure qualit\u00e9 \u00e0 des prix abordables.<\/p>\n\n\n\n<h2 class=\"wp-block-heading\">Location<\/h2>\n\n\n\n<p>Nous pr\u00e9f\u00e9rons \u00eatre pr\u00e8s du camp que pr\u00e8s de la sc\u00e8ne. L&rsquo;endroit doit \u00eatre accessible directement avec un transporteur et ne doit pas \u00eatre \u00e0 proximit\u00e9 d&rsquo;un forgeron ou autre \u00e0 cause de la suie. Comme le lin se d\u00e9colore facilement, nous pr\u00e9f\u00e9rons les emplacements \u00e9loign\u00e9s du soleil.<\/p>\n\n\n\n<h2 class=\"wp-block-heading\">\u00c9lectricit\u00e9 \/ eau<\/h2>\n\n\n\n<p>L&rsquo;\u00e9lectricit\u00e9 est agr\u00e9able, mais pas indispensable. Nous n&rsquo;avons pas besoin de raccordement \u00e0 l&rsquo;eau.<\/p>\n\n\n\n<h2 class=\"wp-block-heading\">Surface<\/h2>\n\n\n\n<p>Nous avons diff\u00e9rents stands autoportants que nous utilisons pour convenir \u00e0 l&rsquo;\u00e9v\u00e9nement:<\/p>\n\n\n\n<p><strong>Notre stand de tente m\u00e9di\u00e9vale<\/strong> (Photo ci-dessus)<strong> besoin je<\/strong><strong> ntotal&nbsp;<\/strong><strong> 8 mx 3 m&nbsp;<\/strong> (LxP) = 24 m2 de surface.<br>La tente mesure 6 mx 3 mx 3,5 m (LxPxH) incl. Entretoisement. Il y a aussi une table d&rsquo;action de 2m x 3m. Le support est ouvert \u00e0 l&rsquo;avant par d\u00e9faut, donc si un autre c\u00f4t\u00e9 peut \u00eatre ouvert, tant mieux. Le support n&rsquo;a pas d&rsquo;importance, il doit juste \u00eatre le plus plat possible.<\/p>\n\n\n\n<p><strong>Notre support de tente Viking<\/strong> (Image ci-dessous)<strong> mesure 4 mx 4 mx 2,5 m<\/strong> y compris contreventement, donc 16 m\u00e8tres carr\u00e9s. Ce support a besoin d&rsquo;une surface dans laquelle les chevilles peuvent \u00eatre martel\u00e9es.<\/p>\n\n\n\n<figure class=\"wp-block-image alignnone wp-image-6577 size-full\"><img loading=\"lazy\" decoding=\"async\" width=\"599\" height=\"449\" src=\"https:\/\/tuchundstoff.shop\/wp-content\/uploads\/2019\/10\/IMG_5432.jpg\" alt=\"\" class=\"wp-image-6577\" srcset=\"https:\/\/tuchundstoff.shop\/wp-content\/uploads\/2019\/10\/IMG_5432.jpg 599w, https:\/\/tuchundstoff.shop\/wp-content\/uploads\/2019\/10\/IMG_5432-240x180.jpg 240w, https:\/\/tuchundstoff.shop\/wp-content\/uploads\/2019\/10\/IMG_5432-416x312.jpg 416w\" sizes=\"auto, (max-width: 599px) 100vw, 599px\" \/><figcaption class=\"wp-element-caption\">Stand Viking<\/figcaption><\/figure>\n\n\n\n<p><strong><br>Notre stand d&rsquo;exposition<\/strong> est id\u00e9alement un stand clair avec lumi\u00e8re du jour, 7 x 3 m<\/p>\n\n\n\n<figure class=\"wp-block-image wp-image-10125 size-full\"><img loading=\"lazy\" decoding=\"async\" width=\"600\" height=\"450\" src=\"https:\/\/tuchundstoff.shop\/wp-content\/uploads\/2021\/12\/Messestand_7x3m.jpg\" alt=\"\" class=\"wp-image-10125\" srcset=\"https:\/\/tuchundstoff.shop\/wp-content\/uploads\/2021\/12\/Messestand_7x3m.jpg 600w, https:\/\/tuchundstoff.shop\/wp-content\/uploads\/2021\/12\/Messestand_7x3m-240x180.jpg 240w, https:\/\/tuchundstoff.shop\/wp-content\/uploads\/2021\/12\/Messestand_7x3m-416x312.jpg 416w\" sizes=\"auto, (max-width: 600px) 100vw, 600px\" \/><figcaption class=\"wp-element-caption\">Stand d&rsquo;exposition TuchundStoff 7x3m<\/figcaption><\/figure>\n\n\n<div class=\"wp-block-image wp-image-2163 size-medium\">\n<figure class=\"alignleft\"><img loading=\"lazy\" decoding=\"async\" width=\"400\" height=\"300\" src=\"https:\/\/tuchundstoff.de\/wp-content\/uploads\/2018\/04\/Gesucht-400x300.jpg\" alt=\"\" class=\"wp-image-6588\" srcset=\"https:\/\/tuchundstoff.shop\/wp-content\/uploads\/2018\/04\/Gesucht.jpg 400w, https:\/\/tuchundstoff.shop\/wp-content\/uploads\/2018\/04\/Gesucht-150x113.jpg 150w\" sizes=\"auto, (max-width: 400px) 100vw, 400px\" \/><figcaption class=\"wp-element-caption\">M\u00e9tier \u00e0 tisser plat historique<\/figcaption><\/figure>\n<\/div>\n\n\n<p><strong>Le m\u00e9tier<\/strong> Nous pouvons faire la d\u00e9monstration du tisserand sur des m\u00e9tiers \u00e0 tisser m\u00e9di\u00e9vaux fid\u00e8les si cela est demand\u00e9 par l&rsquo;organisateur. Cela n\u00e9cessite&nbsp; environ 2 x 2 m\u00e8tres d&rsquo;espace suppl\u00e9mentaire.<\/p>\n","protected":false},"excerpt":{"rendered":"<p>En tant que professionnels, nous sommes heureux de recevoir des invitations \u00e0 des \u00e9v\u00e9nements dans toute l&rsquo;Europe ! Les chances de trouver une date dans notre calendrier de tourn\u00e9e augmentent avec le nombre de visiteurs issus de notre principal groupe cible : les personnes en costume historique, les lares ou les reconstitueurs, qui ont des exigences avanc\u00e9es en mati\u00e8re de repr\u00e9sentation. Notre gamme de produits Tissus et \u00e9toffes pour v\u00eatements, &#8230; <\/p>\n<p class=\"read-more-container\"><a title=\"Pour les organisateurs\" class=\"read-more button\" href=\"https:\/\/tuchundstoff.shop\/fr\/a-propos-de-nous\/pour-les-organisateurs\/#more-6566\" aria-label=\"En savoir plus sur Pour les organisateurs\">Weiterlesen<\/a><\/p>\n","protected":false},"author":1,"featured_media":10128,"parent":6538,"menu_order":1,"comment_status":"closed","ping_status":"closed","template":"","meta":{"ngg_post_thumbnail":0,"footnotes":""},"class_list":{"0":"post-6566","1":"page","2":"type-page","3":"status-publish","4":"has-post-thumbnail","6":"resize-featured-image"},"yoast_head":"<!-- This site is optimized with the Yoast SEO plugin v27.2 - https:\/\/yoast.com\/product\/yoast-seo-wordpress\/ -->\n<title>Pour les organisateurs - TuchundStoff<\/title>\n<meta name=\"robots\" content=\"index, follow, max-snippet:-1, max-image-preview:large, max-video-preview:-1\" \/>\n<link rel=\"canonical\" href=\"https:\/\/tuchundstoff.shop\/fr\/a-propos-de-nous\/pour-les-organisateurs\/\" \/>\n<meta property=\"og:locale\" content=\"fr_FR\" \/>\n<meta property=\"og:type\" content=\"article\" \/>\n<meta property=\"og:title\" content=\"Pour les organisateurs - TuchundStoff\" \/>\n<meta property=\"og:description\" content=\"En tant que professionnels, nous sommes heureux de recevoir des invitations \u00e0 des \u00e9v\u00e9nements dans toute l&rsquo;Europe ! Les chances de trouver une date dans notre calendrier de tourn\u00e9e augmentent avec le nombre de visiteurs issus de notre principal groupe cible : les personnes en costume historique, les lares ou les reconstitueurs, qui ont des exigences avanc\u00e9es en mati\u00e8re de repr\u00e9sentation. Notre gamme de produits Tissus et \u00e9toffes pour v\u00eatements, ... Weiterlesen\" \/>\n<meta property=\"og:url\" content=\"https:\/\/tuchundstoff.shop\/fr\/a-propos-de-nous\/pour-les-organisateurs\/\" \/>\n<meta property=\"og:site_name\" content=\"TuchundStoff\" \/>\n<meta property=\"article:modified_time\" content=\"2025-03-23T20:50:31+00:00\" \/>\n<meta property=\"og:image\" content=\"https:\/\/tuchundstoff.shop\/wp-content\/uploads\/2021\/12\/hm2-scaled-e1638367583209.jpg\" \/>\n\t<meta property=\"og:image:width\" content=\"600\" \/>\n\t<meta property=\"og:image:height\" content=\"600\" \/>\n\t<meta property=\"og:image:type\" content=\"image\/jpeg\" \/>\n<script type=\"application\/ld+json\" class=\"yoast-schema-graph\">{\"@context\":\"https:\/\/schema.org\",\"@graph\":[{\"@type\":\"WebPage\",\"@id\":\"https:\/\/tuchundstoff.shop\/fr\/a-propos-de-nous\/pour-les-organisateurs\/\",\"url\":\"https:\/\/tuchundstoff.shop\/fr\/a-propos-de-nous\/pour-les-organisateurs\/\",\"name\":\"Pour les organisateurs - TuchundStoff\",\"isPartOf\":{\"@id\":\"https:\/\/tuchundstoff.shop\/#website\"},\"primaryImageOfPage\":{\"@id\":\"https:\/\/tuchundstoff.shop\/fr\/a-propos-de-nous\/pour-les-organisateurs\/#primaryimage\"},\"image\":{\"@id\":\"https:\/\/tuchundstoff.shop\/fr\/a-propos-de-nous\/pour-les-organisateurs\/#primaryimage\"},\"thumbnailUrl\":\"https:\/\/tuchundstoff.shop\/wp-content\/uploads\/2021\/12\/hm2-scaled-e1638367583209.jpg\",\"datePublished\":\"2018-04-04T13:06:37+00:00\",\"dateModified\":\"2025-03-23T20:50:31+00:00\",\"breadcrumb\":{\"@id\":\"https:\/\/tuchundstoff.shop\/fr\/a-propos-de-nous\/pour-les-organisateurs\/#breadcrumb\"},\"inLanguage\":\"fr-FR\",\"potentialAction\":[{\"@type\":\"ReadAction\",\"target\":[\"https:\/\/tuchundstoff.shop\/fr\/a-propos-de-nous\/pour-les-organisateurs\/\"]}]},{\"@type\":\"ImageObject\",\"inLanguage\":\"fr-FR\",\"@id\":\"https:\/\/tuchundstoff.shop\/fr\/a-propos-de-nous\/pour-les-organisateurs\/#primaryimage\",\"url\":\"https:\/\/tuchundstoff.shop\/wp-content\/uploads\/2021\/12\/hm2-scaled-e1638367583209.jpg\",\"contentUrl\":\"https:\/\/tuchundstoff.shop\/wp-content\/uploads\/2021\/12\/hm2-scaled-e1638367583209.jpg\",\"width\":600,\"height\":600,\"caption\":\"Support de tente en TuchundStoff\"},{\"@type\":\"BreadcrumbList\",\"@id\":\"https:\/\/tuchundstoff.shop\/fr\/a-propos-de-nous\/pour-les-organisateurs\/#breadcrumb\",\"itemListElement\":[{\"@type\":\"ListItem\",\"position\":1,\"name\":\"Startseite\",\"item\":\"https:\/\/tuchundstoff.shop\/fr\/des-tissus-de-qualite-pour-une-mode-contemporaine-et-une-histoire-vecue-100-naturel\/\"},{\"@type\":\"ListItem\",\"position\":2,\"name\":\"\u00c0 propos de nous\",\"item\":\"https:\/\/tuchundstoff.shop\/fr\/a-propos-de-nous\/\"},{\"@type\":\"ListItem\",\"position\":3,\"name\":\"Pour les organisateurs\"}]},{\"@type\":\"WebSite\",\"@id\":\"https:\/\/tuchundstoff.shop\/#website\",\"url\":\"https:\/\/tuchundstoff.shop\/\",\"name\":\"TuchundStoff\",\"description\":\"Qualit\u00e4tsstoffe f\u00fcr zeitgen\u00f6ssische Mode und gelebte Geschichte \u2013 100% Natur\",\"publisher\":{\"@id\":\"https:\/\/tuchundstoff.shop\/#organization\"},\"potentialAction\":[{\"@type\":\"SearchAction\",\"target\":{\"@type\":\"EntryPoint\",\"urlTemplate\":\"https:\/\/tuchundstoff.shop\/?s={search_term_string}\"},\"query-input\":{\"@type\":\"PropertyValueSpecification\",\"valueRequired\":true,\"valueName\":\"search_term_string\"}}],\"inLanguage\":\"fr-FR\"},{\"@type\":\"Organization\",\"@id\":\"https:\/\/tuchundstoff.shop\/#organization\",\"name\":\"TuchundStoff\",\"url\":\"https:\/\/tuchundstoff.shop\/\",\"logo\":{\"@type\":\"ImageObject\",\"inLanguage\":\"fr-FR\",\"@id\":\"https:\/\/tuchundstoff.shop\/#\/schema\/logo\/image\/\",\"url\":\"https:\/\/tuchundstoff.shop\/wp-content\/uploads\/2021\/11\/Tus-Logo22-QfA-shop-V2-1.png\",\"contentUrl\":\"https:\/\/tuchundstoff.shop\/wp-content\/uploads\/2021\/11\/Tus-Logo22-QfA-shop-V2-1.png\",\"width\":485,\"height\":110,\"caption\":\"TuchundStoff\"},\"image\":{\"@id\":\"https:\/\/tuchundstoff.shop\/#\/schema\/logo\/image\/\"}}]}<\/script>\n<!-- \/ Yoast SEO plugin. -->","yoast_head_json":{"title":"Pour les organisateurs - TuchundStoff","robots":{"index":"index","follow":"follow","max-snippet":"max-snippet:-1","max-image-preview":"max-image-preview:large","max-video-preview":"max-video-preview:-1"},"canonical":"https:\/\/tuchundstoff.shop\/fr\/a-propos-de-nous\/pour-les-organisateurs\/","og_locale":"fr_FR","og_type":"article","og_title":"Pour les organisateurs - TuchundStoff","og_description":"En tant que professionnels, nous sommes heureux de recevoir des invitations \u00e0 des \u00e9v\u00e9nements dans toute l&rsquo;Europe ! Les chances de trouver une date dans notre calendrier de tourn\u00e9e augmentent avec le nombre de visiteurs issus de notre principal groupe cible : les personnes en costume historique, les lares ou les reconstitueurs, qui ont des exigences avanc\u00e9es en mati\u00e8re de repr\u00e9sentation. Notre gamme de produits Tissus et \u00e9toffes pour v\u00eatements, ... Weiterlesen","og_url":"https:\/\/tuchundstoff.shop\/fr\/a-propos-de-nous\/pour-les-organisateurs\/","og_site_name":"TuchundStoff","article_modified_time":"2025-03-23T20:50:31+00:00","og_image":[{"width":600,"height":600,"url":"https:\/\/tuchundstoff.shop\/wp-content\/uploads\/2021\/12\/hm2-scaled-e1638367583209.jpg","type":"image\/jpeg"}],"schema":{"@context":"https:\/\/schema.org","@graph":[{"@type":"WebPage","@id":"https:\/\/tuchundstoff.shop\/fr\/a-propos-de-nous\/pour-les-organisateurs\/","url":"https:\/\/tuchundstoff.shop\/fr\/a-propos-de-nous\/pour-les-organisateurs\/","name":"Pour les organisateurs - TuchundStoff","isPartOf":{"@id":"https:\/\/tuchundstoff.shop\/#website"},"primaryImageOfPage":{"@id":"https:\/\/tuchundstoff.shop\/fr\/a-propos-de-nous\/pour-les-organisateurs\/#primaryimage"},"image":{"@id":"https:\/\/tuchundstoff.shop\/fr\/a-propos-de-nous\/pour-les-organisateurs\/#primaryimage"},"thumbnailUrl":"https:\/\/tuchundstoff.shop\/wp-content\/uploads\/2021\/12\/hm2-scaled-e1638367583209.jpg","datePublished":"2018-04-04T13:06:37+00:00","dateModified":"2025-03-23T20:50:31+00:00","breadcrumb":{"@id":"https:\/\/tuchundstoff.shop\/fr\/a-propos-de-nous\/pour-les-organisateurs\/#breadcrumb"},"inLanguage":"fr-FR","potentialAction":[{"@type":"ReadAction","target":["https:\/\/tuchundstoff.shop\/fr\/a-propos-de-nous\/pour-les-organisateurs\/"]}]},{"@type":"ImageObject","inLanguage":"fr-FR","@id":"https:\/\/tuchundstoff.shop\/fr\/a-propos-de-nous\/pour-les-organisateurs\/#primaryimage","url":"https:\/\/tuchundstoff.shop\/wp-content\/uploads\/2021\/12\/hm2-scaled-e1638367583209.jpg","contentUrl":"https:\/\/tuchundstoff.shop\/wp-content\/uploads\/2021\/12\/hm2-scaled-e1638367583209.jpg","width":600,"height":600,"caption":"Support de tente en TuchundStoff"},{"@type":"BreadcrumbList","@id":"https:\/\/tuchundstoff.shop\/fr\/a-propos-de-nous\/pour-les-organisateurs\/#breadcrumb","itemListElement":[{"@type":"ListItem","position":1,"name":"Startseite","item":"https:\/\/tuchundstoff.shop\/fr\/des-tissus-de-qualite-pour-une-mode-contemporaine-et-une-histoire-vecue-100-naturel\/"},{"@type":"ListItem","position":2,"name":"\u00c0 propos de nous","item":"https:\/\/tuchundstoff.shop\/fr\/a-propos-de-nous\/"},{"@type":"ListItem","position":3,"name":"Pour les organisateurs"}]},{"@type":"WebSite","@id":"https:\/\/tuchundstoff.shop\/#website","url":"https:\/\/tuchundstoff.shop\/","name":"TuchundStoff","description":"Qualit\u00e4tsstoffe f\u00fcr zeitgen\u00f6ssische Mode und gelebte Geschichte \u2013 100% Natur","publisher":{"@id":"https:\/\/tuchundstoff.shop\/#organization"},"potentialAction":[{"@type":"SearchAction","target":{"@type":"EntryPoint","urlTemplate":"https:\/\/tuchundstoff.shop\/?s={search_term_string}"},"query-input":{"@type":"PropertyValueSpecification","valueRequired":true,"valueName":"search_term_string"}}],"inLanguage":"fr-FR"},{"@type":"Organization","@id":"https:\/\/tuchundstoff.shop\/#organization","name":"TuchundStoff","url":"https:\/\/tuchundstoff.shop\/","logo":{"@type":"ImageObject","inLanguage":"fr-FR","@id":"https:\/\/tuchundstoff.shop\/#\/schema\/logo\/image\/","url":"https:\/\/tuchundstoff.shop\/wp-content\/uploads\/2021\/11\/Tus-Logo22-QfA-shop-V2-1.png","contentUrl":"https:\/\/tuchundstoff.shop\/wp-content\/uploads\/2021\/11\/Tus-Logo22-QfA-shop-V2-1.png","width":485,"height":110,"caption":"TuchundStoff"},"image":{"@id":"https:\/\/tuchundstoff.shop\/#\/schema\/logo\/image\/"}}]}},"_links":{"self":[{"href":"https:\/\/tuchundstoff.shop\/fr\/wp-json\/wp\/v2\/pages\/6566","targetHints":{"allow":["GET"]}}],"collection":[{"href":"https:\/\/tuchundstoff.shop\/fr\/wp-json\/wp\/v2\/pages"}],"about":[{"href":"https:\/\/tuchundstoff.shop\/fr\/wp-json\/wp\/v2\/types\/page"}],"author":[{"embeddable":true,"href":"https:\/\/tuchundstoff.shop\/fr\/wp-json\/wp\/v2\/users\/1"}],"replies":[{"embeddable":true,"href":"https:\/\/tuchundstoff.shop\/fr\/wp-json\/wp\/v2\/comments?post=6566"}],"version-history":[{"count":0,"href":"https:\/\/tuchundstoff.shop\/fr\/wp-json\/wp\/v2\/pages\/6566\/revisions"}],"up":[{"embeddable":true,"href":"https:\/\/tuchundstoff.shop\/fr\/wp-json\/wp\/v2\/pages\/6538"}],"wp:featuredmedia":[{"embeddable":true,"href":"https:\/\/tuchundstoff.shop\/fr\/wp-json\/wp\/v2\/media\/10128"}],"wp:attachment":[{"href":"https:\/\/tuchundstoff.shop\/fr\/wp-json\/wp\/v2\/media?parent=6566"}],"curies":[{"name":"wp","href":"https:\/\/api.w.org\/{rel}","templated":true}]}}